{"id":13162,"date":"2023-06-15T13:01:29","date_gmt":"2023-06-15T17:01:29","guid":{"rendered":"https:\/\/www.fiberwood.ca\/?page_id=13162"},"modified":"2025-05-15T14:33:40","modified_gmt":"2025-05-15T18:33:40","slug":"bulletins","status":"publish","type":"page","link":"https:\/\/www.fiberwood.ca\/fr\/abonnements\/bulletins\/","title":{"rendered":"Bulletin"},"content":{"rendered":"\t\t<div data-elementor-type=\"wp-page\" data-elementor-id=\"13162\" class=\"elementor elementor-13162 elementor-13163\" data-elementor-post-type=\"page\">\n\t\t\t\t\t\t<section class=\"elementor-section elementor-top-section elementor-element elementor-element-79912561 elementor-section-height-min-height elementor-section-items-stretch elementor-section-boxed elementor-section-height-default\" data-id=\"79912561\" data-element_type=\"section\" data-e-type=\"section\">\n\t\t\t\t\t\t<div class=\"elementor-container elementor-column-gap-default\">\n\t\t\t\t\t<div class=\"elementor-column elementor-col-50 elementor-top-column elementor-element elementor-element-568b7ae9\" data-id=\"568b7ae9\" data-element_type=\"column\" data-e-type=\"column\" data-settings=\"{&quot;background_background&quot;:&quot;classic&quot;}\">\n\t\t\t<div class=\"elementor-widget-wrap elementor-element-populated\">\n\t\t\t\t\t\t<div class=\"elementor-element elementor-element-7d5daba4 elementor-widget elementor-widget-heading\" data-id=\"7d5daba4\" data-element_type=\"widget\" data-e-type=\"widget\" data-widget_type=\"heading.default\">\n\t\t\t\t\t<h2 class=\"elementor-heading-title elementor-size-default\"><a href=\"https:\/\/www.fiberwood.ca\/fr\/abonnements\/bulletins\/\">Restez dans la Boucle !<\/a><\/h2>\t\t\t\t<\/div>\n\t\t\t\t<div class=\"elementor-element elementor-element-7aa3c8f elementor-widget elementor-widget-heading\" data-id=\"7aa3c8f\" data-element_type=\"widget\" data-e-type=\"widget\" data-widget_type=\"heading.default\">\n\t\t\t\t\t<h6 class=\"elementor-heading-title elementor-size-default\"><a href=\"https:\/\/www.fiberwood.ca\/fr\/abonnements\/bulletins\/\">Abonnez-vous \u00e0 notre Infolettre<\/a><\/h6>\t\t\t\t<\/div>\n\t\t\t\t<div class=\"elementor-element elementor-element-4e058e14 color-scheme-inherit text-left elementor-widget elementor-widget-text-editor\" data-id=\"4e058e14\" data-element_type=\"widget\" data-e-type=\"widget\" data-widget_type=\"text-editor.default\">\n\t\t\t\t\t\t\t\t\t<p>Recevez des actualit\u00e9s exclusives, des mises \u00e0 jour et des offres directement dans votre bo\u00eete de r\u00e9ception.<\/p>\t\t\t\t\t\t\t\t<\/div>\n\t\t\t\t<div class=\"elementor-element elementor-element-2f1b2b33 elementor-button-align-start elementor-mobile-button-align-stretch elementor-tablet-button-align-center elementor-widget elementor-widget-form\" data-id=\"2f1b2b33\" data-element_type=\"widget\" data-e-type=\"widget\" data-settings=\"{&quot;step_next_label&quot;:&quot;Next&quot;,&quot;step_previous_label&quot;:&quot;Previous&quot;,&quot;step_type&quot;:&quot;number_text&quot;,&quot;step_icon_shape&quot;:&quot;circle&quot;}\" data-widget_type=\"form.default\">\n\t\t\t\t\t\t\t<form class=\"elementor-form\" method=\"post\" id=\"bulltin_abonnement\" name=\"Bulltin | Abonnement\" aria-label=\"Bulltin | Abonnement\" novalidate=\"\">\n\t\t\t<input type=\"hidden\" name=\"post_id\" value=\"13162\"\/>\n\t\t\t<input type=\"hidden\" name=\"form_id\" value=\"2f1b2b33\"\/>\n\t\t\t<input type=\"hidden\" name=\"referer_title\" value=\"BulletinFiberWood\" \/>\n\n\t\t\t\t\t\t\t<input type=\"hidden\" name=\"queried_id\" value=\"13162\"\/>\n\t\t\t\n\t\t\t<div class=\"elementor-form-fields-wrapper elementor-labels-above\">\n\t\t\t\t\t\t\t\t<div class=\"elementor-field-type-text elementor-field-group elementor-column elementor-field-group-prenom elementor-col-50 elementor-field-required elementor-mark-required\">\n\t\t\t\t\t\t\t\t\t\t\t\t<label for=\"form-field-prenom\" class=\"elementor-field-label\">\n\t\t\t\t\t\t\t\tPr\u00e9nom\t\t\t\t\t\t\t<\/label>\n\t\t\t\t\t\t\t\t\t\t\t\t\t\t<input size=\"1\" type=\"text\" name=\"form_fields[prenom]\" id=\"form-field-prenom\" class=\"elementor-field elementor-size-md  elementor-field-textual\" required=\"required\">\n\t\t\t\t\t\t\t\t\t\t\t<\/div>\n\t\t\t\t\t\t\t\t<div class=\"elementor-field-type-text elementor-field-group elementor-column elementor-field-group-nom_de_famille elementor-col-50\">\n\t\t\t\t\t\t\t\t\t\t\t\t<label for=\"form-field-nom_de_famille\" class=\"elementor-field-label\">\n\t\t\t\t\t\t\t\tNom de famille\t\t\t\t\t\t\t<\/label>\n\t\t\t\t\t\t\t\t\t\t\t\t\t\t<input size=\"1\" type=\"text\" name=\"form_fields[nom_de_famille]\" id=\"form-field-nom_de_famille\" class=\"elementor-field elementor-size-md  elementor-field-textual\">\n\t\t\t\t\t\t\t\t\t\t\t<\/div>\n\t\t\t\t\t\t\t\t<div class=\"elementor-field-type-email elementor-field-group elementor-column elementor-field-group-email elementor-col-50 elementor-field-required elementor-mark-required\">\n\t\t\t\t\t\t\t\t\t\t\t\t<label for=\"form-field-email\" class=\"elementor-field-label\">\n\t\t\t\t\t\t\t\tE-mail\t\t\t\t\t\t\t<\/label>\n\t\t\t\t\t\t\t\t\t\t\t\t\t\t<input size=\"1\" type=\"email\" name=\"form_fields[email]\" id=\"form-field-email\" class=\"elementor-field elementor-size-md  elementor-field-textual\" required=\"required\">\n\t\t\t\t\t\t\t\t\t\t\t<\/div>\n\t\t\t\t\t\t\t\t<div class=\"elementor-field-type-checkbox elementor-field-group elementor-column elementor-field-group-categorie elementor-col-50\">\n\t\t\t\t\t\t\t\t\t\t\t\t<label for=\"form-field-categorie\" class=\"elementor-field-label\">\n\t\t\t\t\t\t\t\tCat\u00e9gorie\t\t\t\t\t\t\t<\/label>\n\t\t\t\t\t\t<div class=\"elementor-field-subgroup  elementor-subgroup-inline\"><span class=\"elementor-field-option\"><input type=\"checkbox\" value=\"Terrasse\" id=\"form-field-categorie-0\" name=\"form_fields[categorie][]\"> <label for=\"form-field-categorie-0\">Terrasse<\/label><\/span><span class=\"elementor-field-option\"><input type=\"checkbox\" value=\"Rev\u00eatement\" id=\"form-field-categorie-1\" name=\"form_fields[categorie][]\"> <label for=\"form-field-categorie-1\">Rev\u00eatement<\/label><\/span><span class=\"elementor-field-option\"><input type=\"checkbox\" value=\"Cabanon\" id=\"form-field-categorie-2\" name=\"form_fields[categorie][]\"> <label for=\"form-field-categorie-2\">Cabanon<\/label><\/span><span class=\"elementor-field-option\"><input type=\"checkbox\" value=\"Cl\u00f4ture\" id=\"form-field-categorie-3\" name=\"form_fields[categorie][]\"> <label for=\"form-field-categorie-3\">Cl\u00f4ture<\/label><\/span><\/div>\t\t\t\t<\/div>\n\t\t\t\t\t\t\t\t<div class=\"elementor-field-group elementor-column elementor-field-type-submit elementor-col-100 e-form__buttons\">\n\t\t\t\t\t<button class=\"elementor-button elementor-size-sm\" type=\"submit\" id=\"S&#039;abonner maintenant\">\n\t\t\t\t\t\t<span class=\"elementor-button-content-wrapper\">\n\t\t\t\t\t\t\t\t\t\t\t\t\t\t\t\t\t\t\t\t\t\t<span class=\"elementor-button-text\">S'abonner maintenant<\/span>\n\t\t\t\t\t\t\t\t\t\t\t\t\t<\/span>\n\t\t\t\t\t<\/button>\n\t\t\t\t<\/div>\n\t\t\t<\/div>\n\t\t<\/form>\n\t\t\t\t\t\t<\/div>\n\t\t\t\t<div class=\"elementor-element elementor-element-44113a7b elementor-icon-list--layout-inline elementor-align-center elementor-tablet-align-center elementor-list-item-link-full_width elementor-widget elementor-widget-icon-list\" data-id=\"44113a7b\" data-element_type=\"widget\" data-e-type=\"widget\" data-widget_type=\"icon-list.default\">\n\t\t\t\t\t\t\t<ul class=\"elementor-icon-list-items elementor-inline-items\">\n\t\t\t\t\t\t\t<li class=\"elementor-icon-list-item elementor-inline-item\">\n\t\t\t\t\t\t\t\t\t\t\t<a href=\"https:\/\/maps.app.goo.gl\/amupLezuyP25rq8T9\">\n\n\t\t\t\t\t\t\t\t\t\t\t<span class=\"elementor-icon-list-text\">829 Bd Industriel, Bois-des-Filion, QC, J6Z 4T3, Canada <\/span>\n\t\t\t\t\t\t\t\t\t\t\t<\/a>\n\t\t\t\t\t\t\t\t\t<\/li>\n\t\t\t\t\t\t\t\t<li class=\"elementor-icon-list-item elementor-inline-item\">\n\t\t\t\t\t\t\t\t\t\t\t<a href=\"https:\/\/www.fiberwood.ca\/fr\/contactez-nous\/\">\n\n\t\t\t\t\t\t\t\t\t\t\t<span class=\"elementor-icon-list-text\">Lundi-Vendredi 9:00 - 17:00<\/span>\n\t\t\t\t\t\t\t\t\t\t\t<\/a>\n\t\t\t\t\t\t\t\t\t<\/li>\n\t\t\t\t\t\t<\/ul>\n\t\t\t\t\t\t<\/div>\n\t\t\t\t\t<\/div>\n\t\t<\/div>\n\t\t\t\t<div class=\"elementor-column elementor-col-50 elementor-top-column elementor-element elementor-element-7335bfee\" data-id=\"7335bfee\" data-element_type=\"column\" data-e-type=\"column\" data-settings=\"{&quot;background_background&quot;:&quot;classic&quot;}\">\n\t\t\t<div class=\"elementor-widget-wrap elementor-element-populated\">\n\t\t\t\t\t\t<div class=\"elementor-element elementor-element-1add81c7 elementor-widget elementor-widget-spacer\" data-id=\"1add81c7\" data-element_type=\"widget\" data-e-type=\"widget\" data-widget_type=\"spacer.default\">\n\t\t\t\t\t\t\t<div class=\"elementor-spacer\">\n\t\t\t<div class=\"elementor-spacer-inner\"><\/div>\n\t\t<\/div>\n\t\t\t\t\t\t<\/div>\n\t\t\t\t\t<\/div>\n\t\t<\/div>\n\t\t\t\t\t<\/div>\n\t\t<\/section>\n\t\t\t\t<\/div>\n\t\t","protected":false},"excerpt":{"rendered":"<p>Restez dans la Boucle ! Abonnez-vous \u00e0 notre Infolettre Recevez des actualit\u00e9s exclusives, des mises \u00e0 jour et des offres<\/p>\n","protected":false},"author":1,"featured_media":0,"parent":13167,"menu_order":10,"comment_status":"closed","ping_status":"closed","template":"","meta":{"footnotes":""},"categories":[],"city":[],"province":[],"region":[],"board":[],"class_list":["post-13162","page","type-page","status-publish","hentry"],"aioseo_notices":[],"aioseo_head":"\n\t\t<!-- All in One SEO Pro 4.9.5.2 - aioseo.com -->\n\t<meta name=\"description\" content=\"Restez dans la Boucle ! Abonnez-vous \u00e0 notre Infolettre Recevez des actualit\u00e9s exclusives, des mises \u00e0 jour et des offres directement dans votre bo\u00eete de r\u00e9ception. Pr\u00e9nom Nom de famille E-mail Cat\u00e9gorie Terrasse Rev\u00eatement Cabanon Cl\u00f4ture S&#039;abonner maintenant 829 Bd Industriel, Bois-des-Filion, QC, J6Z 4T3, Canada Lundi-Vendredi 9:00 - 17:00\" \/>\n\t<meta name=\"robots\" content=\"max-image-preview:large\" \/>\n\t<meta name=\"google-site-verification\" content=\"wakbDbH7CGUhDKT81iv3l311nmyWlYfqhph7BR2JgHQ\" \/>\n\t<meta name=\"msvalidate.01\" content=\"F9D2A6256296D6AAC106F746E9C87936\" \/>\n\t<link rel=\"canonical\" href=\"https:\/\/www.fiberwood.ca\/fr\/abonnements\/bulletins\/\" \/>\n\t<meta name=\"generator\" content=\"All in One SEO Pro (AIOSEO) 4.9.5.2\" \/>\n\t\t<meta property=\"og:locale\" content=\"fr_CA\" \/>\n\t\t<meta property=\"og:site_name\" content=\"FiberWood | Bois composite\" \/>\n\t\t<meta property=\"og:type\" content=\"article\" \/>\n\t\t<meta property=\"og:title\" content=\"Bulletin | FiberWood\" \/>\n\t\t<meta property=\"og:description\" content=\"Restez dans la Boucle ! Abonnez-vous \u00e0 notre Infolettre Recevez des actualit\u00e9s exclusives, des mises \u00e0 jour et des offres directement dans votre bo\u00eete de r\u00e9ception. Pr\u00e9nom Nom de famille E-mail Cat\u00e9gorie Terrasse Rev\u00eatement Cabanon Cl\u00f4ture S&#039;abonner maintenant 829 Bd Industriel, Bois-des-Filion, QC, J6Z 4T3, Canada Lundi-Vendredi 9:00 - 17:00\" \/>\n\t\t<meta property=\"og:url\" content=\"https:\/\/www.fiberwood.ca\/fr\/abonnements\/bulletins\/\" \/>\n\t\t<meta property=\"article:published_time\" content=\"2023-06-15T17:01:29+00:00\" \/>\n\t\t<meta property=\"article:modified_time\" content=\"2025-05-15T18:33:40+00:00\" \/>\n\t\t<meta property=\"article:publisher\" content=\"https:\/\/www.facebook.com\/FiberWood.Canada\/\" \/>\n\t\t<meta name=\"twitter:card\" content=\"summary\" \/>\n\t\t<meta name=\"twitter:title\" content=\"Bulletin | FiberWood\" \/>\n\t\t<meta name=\"twitter:description\" content=\"Restez dans la Boucle ! Abonnez-vous \u00e0 notre Infolettre Recevez des actualit\u00e9s exclusives, des mises \u00e0 jour et des offres directement dans votre bo\u00eete de r\u00e9ception. Pr\u00e9nom Nom de famille E-mail Cat\u00e9gorie Terrasse Rev\u00eatement Cabanon Cl\u00f4ture S&#039;abonner maintenant 829 Bd Industriel, Bois-des-Filion, QC, J6Z 4T3, Canada Lundi-Vendredi 9:00 - 17:00\" \/>\n\t\t<script type=\"application\/ld+json\" class=\"aioseo-schema\">\n\t\t\t{\"@context\":\"https:\\\/\\\/schema.org\",\"@graph\":[{\"@type\":\"BreadcrumbList\",\"@id\":\"https:\\\/\\\/www.fiberwood.ca\\\/fr\\\/abonnements\\\/bulletins\\\/#breadcrumblist\",\"itemListElement\":[{\"@type\":\"ListItem\",\"@id\":\"https:\\\/\\\/www.fiberwood.ca\\\/fr\\\/#listItem\",\"position\":2,\"name\":\"Home\",\"item\":\"https:\\\/\\\/www.fiberwood.ca\\\/fr\\\/\",\"nextItem\":{\"@type\":\"ListItem\",\"@id\":\"https:\\\/\\\/www.fiberwood.ca\\\/fr\\\/abonnements\\\/#listItem\",\"name\":\"Abonnement\"},\"previousItem\":{\"@type\":\"ListItem\",\"@id\":\"#listItem\",\"name\":\"You are here\"}},{\"@type\":\"ListItem\",\"@id\":\"https:\\\/\\\/www.fiberwood.ca\\\/fr\\\/abonnements\\\/#listItem\",\"position\":3,\"name\":\"Abonnement\",\"item\":\"https:\\\/\\\/www.fiberwood.ca\\\/fr\\\/abonnements\\\/\",\"nextItem\":{\"@type\":\"ListItem\",\"@id\":\"https:\\\/\\\/www.fiberwood.ca\\\/fr\\\/abonnements\\\/bulletins\\\/#listItem\",\"name\":\"Bulletin\"},\"previousItem\":{\"@type\":\"ListItem\",\"@id\":\"https:\\\/\\\/www.fiberwood.ca\\\/fr\\\/#listItem\",\"name\":\"Home\"}},{\"@type\":\"ListItem\",\"@id\":\"https:\\\/\\\/www.fiberwood.ca\\\/fr\\\/abonnements\\\/bulletins\\\/#listItem\",\"position\":4,\"name\":\"Bulletin\",\"previousItem\":{\"@type\":\"ListItem\",\"@id\":\"https:\\\/\\\/www.fiberwood.ca\\\/fr\\\/abonnements\\\/#listItem\",\"name\":\"Abonnement\"}}]},{\"@type\":\"Organization\",\"@id\":\"https:\\\/\\\/www.fiberwood.ca\\\/fr\\\/#organization\",\"name\":\"FiberWood\",\"description\":\"Bois composite\",\"url\":\"https:\\\/\\\/www.fiberwood.ca\\\/fr\\\/\",\"email\":\"info@fiberwood.ca\",\"telephone\":\"+18883601866\",\"sameAs\":[\"https:\\\/\\\/www.facebook.com\\\/FiberWood.Canada\\\/\",\"https:\\\/\\\/www.instagram.com\\\/fiberwood.canada\\\/\",\"https:\\\/\\\/www.tiktok.com\\\/@fiberwood\",\"https:\\\/\\\/ca.linkedin.com\\\/company\\\/fiberwood\",\"https:\\\/\\\/www.yelp.ca\\\/biz\\\/fiberwood-bois-des-filion\"],\"address\":{\"@id\":\"https:\\\/\\\/www.fiberwood.ca\\\/fr\\\/#postaladdress\",\"@type\":\"PostalAddress\",\"streetAddress\":\"829 Boulevard Industriel, #105\",\"postalCode\":\"J6Z 4T3\",\"addressLocality\":\"Bois-des-Filion\",\"addressRegion\":\"Quebec\",\"addressCountry\":\"CA\"}},{\"@type\":\"WebPage\",\"@id\":\"https:\\\/\\\/www.fiberwood.ca\\\/fr\\\/abonnements\\\/bulletins\\\/#webpage\",\"url\":\"https:\\\/\\\/www.fiberwood.ca\\\/fr\\\/abonnements\\\/bulletins\\\/\",\"name\":\"Bulletin | FiberWood\",\"description\":\"Restez dans la Boucle ! Abonnez-vous \\u00e0 notre Infolettre Recevez des actualit\\u00e9s exclusives, des mises \\u00e0 jour et des offres directement dans votre bo\\u00eete de r\\u00e9ception. Pr\\u00e9nom Nom de famille E-mail Cat\\u00e9gorie Terrasse Rev\\u00eatement Cabanon Cl\\u00f4ture S'abonner maintenant 829 Bd Industriel, Bois-des-Filion, QC, J6Z 4T3, Canada Lundi-Vendredi 9:00 - 17:00\",\"inLanguage\":\"fr-CA\",\"isPartOf\":{\"@id\":\"https:\\\/\\\/www.fiberwood.ca\\\/fr\\\/#website\"},\"breadcrumb\":{\"@id\":\"https:\\\/\\\/www.fiberwood.ca\\\/fr\\\/abonnements\\\/bulletins\\\/#breadcrumblist\"},\"datePublished\":\"2023-06-15T13:01:29-04:00\",\"dateModified\":\"2025-05-15T14:33:40-04:00\"},{\"@type\":\"WebSite\",\"@id\":\"https:\\\/\\\/www.fiberwood.ca\\\/fr\\\/#website\",\"url\":\"https:\\\/\\\/www.fiberwood.ca\\\/fr\\\/\",\"name\":\"FiberWood\",\"description\":\"Bois composite\",\"inLanguage\":\"fr-CA\",\"publisher\":{\"@id\":\"https:\\\/\\\/www.fiberwood.ca\\\/fr\\\/#organization\"}}]}\n\t\t<\/script>\n\t\t<script type=\"text\/javascript\">\n\t\t\t(function(c,l,a,r,i,t,y){\n\t\t\tc[a]=c[a]||function(){(c[a].q=c[a].q||[]).push(arguments)};t=l.createElement(r);t.async=1;\n\t\t\tt.src=\"https:\/\/www.clarity.ms\/tag\/\"+i+\"?ref=aioseo\";y=l.getElementsByTagName(r)[0];y.parentNode.insertBefore(t,y);\n\t\t})(window, document, \"clarity\", \"script\", \"bfabkyl83n\");\n\t\t<\/script>\n\t\t<!-- All in One SEO Pro -->\r\n\t\t<title>Bulletin | FiberWood<\/title>\n\n","aioseo_head_json":{"title":"Bulletin | FiberWood","description":"Restez dans la Boucle ! Abonnez-vous \u00e0 notre Infolettre Recevez des actualit\u00e9s exclusives, des mises \u00e0 jour et des offres directement dans votre bo\u00eete de r\u00e9ception. Pr\u00e9nom Nom de famille E-mail Cat\u00e9gorie Terrasse Rev\u00eatement Cabanon Cl\u00f4ture S'abonner maintenant 829 Bd Industriel, Bois-des-Filion, QC, J6Z 4T3, Canada Lundi-Vendredi 9:00 - 17:00","canonical_url":"https:\/\/www.fiberwood.ca\/fr\/abonnements\/bulletins\/","robots":"max-image-preview:large","keywords":"","webmasterTools":{"google-site-verification":"wakbDbH7CGUhDKT81iv3l311nmyWlYfqhph7BR2JgHQ","msvalidate.01":"F9D2A6256296D6AAC106F746E9C87936","miscellaneous":""},"schema":{"@context":"https:\/\/schema.org","@graph":[{"@type":"BreadcrumbList","@id":"https:\/\/www.fiberwood.ca\/fr\/abonnements\/bulletins\/#breadcrumblist","itemListElement":[{"@type":"ListItem","@id":"https:\/\/www.fiberwood.ca\/fr\/#listItem","position":2,"name":"Home","item":"https:\/\/www.fiberwood.ca\/fr\/","nextItem":{"@type":"ListItem","@id":"https:\/\/www.fiberwood.ca\/fr\/abonnements\/#listItem","name":"Abonnement"},"previousItem":{"@type":"ListItem","@id":"#listItem","name":"You are here"}},{"@type":"ListItem","@id":"https:\/\/www.fiberwood.ca\/fr\/abonnements\/#listItem","position":3,"name":"Abonnement","item":"https:\/\/www.fiberwood.ca\/fr\/abonnements\/","nextItem":{"@type":"ListItem","@id":"https:\/\/www.fiberwood.ca\/fr\/abonnements\/bulletins\/#listItem","name":"Bulletin"},"previousItem":{"@type":"ListItem","@id":"https:\/\/www.fiberwood.ca\/fr\/#listItem","name":"Home"}},{"@type":"ListItem","@id":"https:\/\/www.fiberwood.ca\/fr\/abonnements\/bulletins\/#listItem","position":4,"name":"Bulletin","previousItem":{"@type":"ListItem","@id":"https:\/\/www.fiberwood.ca\/fr\/abonnements\/#listItem","name":"Abonnement"}}]},{"@type":"Organization","@id":"https:\/\/www.fiberwood.ca\/fr\/#organization","name":"FiberWood","description":"Bois composite","url":"https:\/\/www.fiberwood.ca\/fr\/","email":"info@fiberwood.ca","telephone":"+18883601866","sameAs":["https:\/\/www.facebook.com\/FiberWood.Canada\/","https:\/\/www.instagram.com\/fiberwood.canada\/","https:\/\/www.tiktok.com\/@fiberwood","https:\/\/ca.linkedin.com\/company\/fiberwood","https:\/\/www.yelp.ca\/biz\/fiberwood-bois-des-filion"],"address":{"@id":"https:\/\/www.fiberwood.ca\/fr\/#postaladdress","@type":"PostalAddress","streetAddress":"829 Boulevard Industriel, #105","postalCode":"J6Z 4T3","addressLocality":"Bois-des-Filion","addressRegion":"Quebec","addressCountry":"CA"}},{"@type":"WebPage","@id":"https:\/\/www.fiberwood.ca\/fr\/abonnements\/bulletins\/#webpage","url":"https:\/\/www.fiberwood.ca\/fr\/abonnements\/bulletins\/","name":"Bulletin | FiberWood","description":"Restez dans la Boucle ! Abonnez-vous \u00e0 notre Infolettre Recevez des actualit\u00e9s exclusives, des mises \u00e0 jour et des offres directement dans votre bo\u00eete de r\u00e9ception. Pr\u00e9nom Nom de famille E-mail Cat\u00e9gorie Terrasse Rev\u00eatement Cabanon Cl\u00f4ture S'abonner maintenant 829 Bd Industriel, Bois-des-Filion, QC, J6Z 4T3, Canada Lundi-Vendredi 9:00 - 17:00","inLanguage":"fr-CA","isPartOf":{"@id":"https:\/\/www.fiberwood.ca\/fr\/#website"},"breadcrumb":{"@id":"https:\/\/www.fiberwood.ca\/fr\/abonnements\/bulletins\/#breadcrumblist"},"datePublished":"2023-06-15T13:01:29-04:00","dateModified":"2025-05-15T14:33:40-04:00"},{"@type":"WebSite","@id":"https:\/\/www.fiberwood.ca\/fr\/#website","url":"https:\/\/www.fiberwood.ca\/fr\/","name":"FiberWood","description":"Bois composite","inLanguage":"fr-CA","publisher":{"@id":"https:\/\/www.fiberwood.ca\/fr\/#organization"}}]},"og:locale":"fr_CA","og:site_name":"FiberWood | Bois composite","og:type":"article","og:title":"Bulletin | FiberWood","og:description":"Restez dans la Boucle ! Abonnez-vous \u00e0 notre Infolettre Recevez des actualit\u00e9s exclusives, des mises \u00e0 jour et des offres directement dans votre bo\u00eete de r\u00e9ception. Pr\u00e9nom Nom de famille E-mail Cat\u00e9gorie Terrasse Rev\u00eatement Cabanon Cl\u00f4ture S'abonner maintenant 829 Bd Industriel, Bois-des-Filion, QC, J6Z 4T3, Canada Lundi-Vendredi 9:00 - 17:00","og:url":"https:\/\/www.fiberwood.ca\/fr\/abonnements\/bulletins\/","article:published_time":"2023-06-15T17:01:29+00:00","article:modified_time":"2025-05-15T18:33:40+00:00","article:publisher":"https:\/\/www.facebook.com\/FiberWood.Canada\/","twitter:card":"summary","twitter:title":"Bulletin | FiberWood","twitter:description":"Restez dans la Boucle ! Abonnez-vous \u00e0 notre Infolettre Recevez des actualit\u00e9s exclusives, des mises \u00e0 jour et des offres directement dans votre bo\u00eete de r\u00e9ception. Pr\u00e9nom Nom de famille E-mail Cat\u00e9gorie Terrasse Rev\u00eatement Cabanon Cl\u00f4ture S'abonner maintenant 829 Bd Industriel, Bois-des-Filion, QC, J6Z 4T3, Canada Lundi-Vendredi 9:00 - 17:00"},"aioseo_meta_data":{"post_id":"13162","title":null,"description":null,"keywords":[],"keyphrases":{"focus":{"keyphrase":"","score":0,"analysis":{"keyphraseInTitle":{"score":0,"maxScore":9,"error":1}}},"additional":[]},"primary_term":null,"canonical_url":null,"og_title":null,"og_description":null,"og_object_type":"default","og_image_type":"default","og_image_url":null,"og_image_width":null,"og_image_height":null,"og_image_custom_url":null,"og_image_custom_fields":null,"og_video":"","og_custom_url":null,"og_article_section":null,"og_article_tags":[],"twitter_use_og":false,"twitter_card":"default","twitter_image_type":"default","twitter_image_url":null,"twitter_image_custom_url":null,"twitter_image_custom_fields":null,"twitter_title":null,"twitter_description":null,"schema":{"blockGraphs":[],"customGraphs":[],"default":{"data":{"Article":[],"Course":[],"Dataset":[],"FAQPage":[],"Movie":[],"Person":[],"Product":[],"ProductReview":[],"Car":[],"Recipe":[],"Service":[],"SoftwareApplication":[],"WebPage":[]},"graphName":"","isEnabled":true},"graphs":[]},"schema_type":"default","schema_type_options":null,"pillar_content":false,"robots_default":true,"robots_noindex":false,"robots_noarchive":false,"robots_nosnippet":false,"robots_nofollow":false,"robots_noimageindex":false,"robots_noodp":false,"robots_notranslate":false,"robots_max_snippet":"-1","robots_max_videopreview":"-1","robots_max_imagepreview":"large","priority":null,"frequency":"default","local_seo":null,"seo_analyzer_scan_date":"2025-08-19 17:15:45","breadcrumb_settings":null,"limit_modified_date":false,"reviewed_by":null,"open_ai":"{\"title\":{\"suggestions\":[],\"usage\":0},\"description\":{\"suggestions\":[],\"usage\":0}}","ai":null,"created":"2023-06-15 17:01:56","updated":"2025-08-19 17:15:45"},"aioseo_breadcrumb":"<div class=\"aioseo-breadcrumbs\"><span class=\"aioseo-breadcrumb\">\n\tYou are here\n<\/span><span class=\"aioseo-breadcrumb-separator\">\u00bb<\/span><span class=\"aioseo-breadcrumb\">\n\t<a href=\"https:\/\/www.fiberwood.ca\/fr\/\" title=\"Home\">Home<\/a>\n<\/span><span class=\"aioseo-breadcrumb-separator\">\u00bb<\/span><span class=\"aioseo-breadcrumb\">\n\t<a href=\"https:\/\/www.fiberwood.ca\/fr\/abonnements\/\" title=\"Abonnement\">Abonnement<\/a>\n<\/span><span class=\"aioseo-breadcrumb-separator\">\u00bb<\/span><span class=\"aioseo-breadcrumb\">\n\tBulletin\n<\/span><\/div>","aioseo_breadcrumb_json":[{"label":"You are here","link":""},{"label":"Home","link":"https:\/\/www.fiberwood.ca\/fr\/"},{"label":"Abonnement","link":"https:\/\/www.fiberwood.ca\/fr\/abonnements\/"},{"label":"Bulletin","link":"https:\/\/www.fiberwood.ca\/fr\/abonnements\/bulletins\/"}],"_links":{"self":[{"href":"https:\/\/www.fiberwood.ca\/fr\/wp-json\/wp\/v2\/pages\/13162","targetHints":{"allow":["GET"]}}],"collection":[{"href":"https:\/\/www.fiberwood.ca\/fr\/wp-json\/wp\/v2\/pages"}],"about":[{"href":"https:\/\/www.fiberwood.ca\/fr\/wp-json\/wp\/v2\/types\/page"}],"author":[{"embeddable":true,"href":"https:\/\/www.fiberwood.ca\/fr\/wp-json\/wp\/v2\/users\/1"}],"replies":[{"embeddable":true,"href":"https:\/\/www.fiberwood.ca\/fr\/wp-json\/wp\/v2\/comments?post=13162"}],"version-history":[{"count":35,"href":"https:\/\/www.fiberwood.ca\/fr\/wp-json\/wp\/v2\/pages\/13162\/revisions"}],"predecessor-version":[{"id":66244,"href":"https:\/\/www.fiberwood.ca\/fr\/wp-json\/wp\/v2\/pages\/13162\/revisions\/66244"}],"up":[{"embeddable":true,"href":"https:\/\/www.fiberwood.ca\/fr\/wp-json\/wp\/v2\/pages\/13167"}],"wp:attachment":[{"href":"https:\/\/www.fiberwood.ca\/fr\/wp-json\/wp\/v2\/media?parent=13162"}],"wp:term":[{"taxonomy":"category","embeddable":true,"href":"https:\/\/www.fiberwood.ca\/fr\/wp-json\/wp\/v2\/categories?post=13162"},{"taxonomy":"city","embeddable":true,"href":"https:\/\/www.fiberwood.ca\/fr\/wp-json\/wp\/v2\/city?post=13162"},{"taxonomy":"province","embeddable":true,"href":"https:\/\/www.fiberwood.ca\/fr\/wp-json\/wp\/v2\/province?post=13162"},{"taxonomy":"region","embeddable":true,"href":"https:\/\/www.fiberwood.ca\/fr\/wp-json\/wp\/v2\/region?post=13162"},{"taxonomy":"board","embeddable":true,"href":"https:\/\/www.fiberwood.ca\/fr\/wp-json\/wp\/v2\/board?post=13162"}],"curies":[{"name":"wp","href":"https:\/\/api.w.org\/{rel}","templated":true}]}}