{"id":65368,"date":"2025-04-25T07:32:59","date_gmt":"2025-04-25T11:32:59","guid":{"rendered":"https:\/\/www.fiberwood.ca\/request-estimate\/"},"modified":"2025-05-29T08:50:42","modified_gmt":"2025-05-29T12:50:42","slug":"demande-estimation","status":"publish","type":"page","link":"https:\/\/www.fiberwood.ca\/fr\/demande-estimation\/","title":{"rendered":"Demandez une estimation personnalis\u00e9e pour votre projet FiberWood"},"content":{"rendered":"\t\t<div data-elementor-type=\"wp-page\" data-elementor-id=\"65368\" class=\"elementor elementor-65368 elementor-65357\" data-elementor-post-type=\"page\">\n\t\t\t\t\t\t<section class=\"wd-negative-gap elementor-section elementor-top-section elementor-element elementor-element-0ef6d11 elementor-section-boxed elementor-section-height-default elementor-section-height-default\" data-id=\"0ef6d11\" data-element_type=\"section\" data-e-type=\"section\">\n\t\t\t\t\t\t<div class=\"elementor-container elementor-column-gap-default\">\n\t\t\t\t\t<div class=\"elementor-column elementor-col-100 elementor-top-column elementor-element elementor-element-5962b0b\" data-id=\"5962b0b\" data-element_type=\"column\" data-e-type=\"column\">\n\t\t\t<div class=\"elementor-widget-wrap elementor-element-populated\">\n\t\t\t\t\t\t<div class=\"elementor-element elementor-element-d1c37f7 elementor-widget elementor-widget-spacer\" data-id=\"d1c37f7\" data-element_type=\"widget\" data-e-type=\"widget\" data-widget_type=\"spacer.default\">\n\t\t\t\t\t\t\t<div class=\"elementor-spacer\">\n\t\t\t<div class=\"elementor-spacer-inner\"><\/div>\n\t\t<\/div>\n\t\t\t\t\t\t<\/div>\n\t\t\t\t\t<\/div>\n\t\t<\/div>\n\t\t\t\t\t<\/div>\n\t\t<\/section>\n\t\t\t\t<section class=\"wd-negative-gap elementor-section elementor-top-section elementor-element elementor-element-60a094c elementor-section-boxed elementor-section-height-default elementor-section-height-default\" data-id=\"60a094c\" data-element_type=\"section\" data-e-type=\"section\">\n\t\t\t\t\t\t<div class=\"elementor-container elementor-column-gap-default\">\n\t\t\t\t\t<div class=\"elementor-column elementor-col-50 elementor-top-column elementor-element elementor-element-51ecfd8\" data-id=\"51ecfd8\" data-element_type=\"column\" data-e-type=\"column\">\n\t\t\t<div class=\"elementor-widget-wrap elementor-element-populated\">\n\t\t\t\t\t\t<div class=\"elementor-element elementor-element-1bd0b05 elementor-widget elementor-widget-heading\" data-id=\"1bd0b05\" data-element_type=\"widget\" data-e-type=\"widget\" data-widget_type=\"heading.default\">\n\t\t\t\t\t<h4 class=\"elementor-heading-title elementor-size-default\">Bienvenue dans notre service d\u2019estimation de projet\u202f!<\/h4>\t\t\t\t<\/div>\n\t\t\t\t<div class=\"elementor-element elementor-element-34f556f text-center color-scheme-inherit elementor-widget elementor-widget-text-editor\" data-id=\"34f556f\" data-element_type=\"widget\" data-e-type=\"widget\" data-widget_type=\"text-editor.default\">\n\t\t\t\t\t\t\t\t\t<p>Nous sommes heureux de vous offrir un acc\u00e8s direct \u00e0 notre plateforme d\u2019estimation FiberWood, con\u00e7ue pour vous aider \u00e0 planifier votre projet avec pr\u00e9cision. En soumettant les d\u00e9tails de votre projet, vous recevrez une estimation personnalis\u00e9e des mat\u00e9riaux n\u00e9cessaires \u2014 que ce soit pour un rev\u00eatement mural, une terrasse ou une cl\u00f4ture. Il vous suffit de t\u00e9l\u00e9verser votre plan, et notre \u00e9quipe l\u2019analysera avec soin afin de vous fournir un calcul exact en fonction de vos besoins sp\u00e9cifiques.<br \/>Nous sommes l\u00e0 pour vous accompagner d\u00e8s le d\u00e9part, afin de vous assurer de choisir les bons produits FiberWood, en quantit\u00e9s ad\u00e9quates, pour une installation r\u00e9ussie.<\/p>\t\t\t\t\t\t\t\t<\/div>\n\t\t\t\t\t<\/div>\n\t\t<\/div>\n\t\t\t\t<div class=\"elementor-column elementor-col-50 elementor-top-column elementor-element elementor-element-fa3a29a\" data-id=\"fa3a29a\" data-element_type=\"column\" data-e-type=\"column\">\n\t\t\t<div class=\"elementor-widget-wrap elementor-element-populated\">\n\t\t\t\t\t\t<div class=\"elementor-element elementor-element-d3ab383 elementor-widget elementor-widget-image\" data-id=\"d3ab383\" data-element_type=\"widget\" data-e-type=\"widget\" data-widget_type=\"image.default\">\n\t\t\t\t\t\t\t\t\t\t\t\t\t\t\t<img loading=\"lazy\" decoding=\"async\" width=\"650\" height=\"400\" src=\"https:\/\/www.fiberwood.ca\/wp-content\/uploads\/2025\/04\/plan-1.jpg\" class=\"attachment-large size-large wp-image-65604\" alt=\"\" srcset=\"https:\/\/www.fiberwood.ca\/wp-content\/uploads\/2025\/04\/plan-1.jpg 650w, https:\/\/www.fiberwood.ca\/wp-content\/uploads\/2025\/04\/plan-1-300x185.jpg 300w, https:\/\/www.fiberwood.ca\/wp-content\/uploads\/2025\/04\/plan-1-600x369.jpg 600w, https:\/\/www.fiberwood.ca\/wp-content\/uploads\/2025\/04\/plan-1-150x92.jpg 150w\" sizes=\"auto, (max-width: 650px) 100vw, 650px\" title=\"planjpg | FiberWood\" \/>\t\t\t\t\t\t\t\t\t\t\t\t\t\t\t<\/div>\n\t\t\t\t\t<\/div>\n\t\t<\/div>\n\t\t\t\t\t<\/div>\n\t\t<\/section>\n\t\t\t\t<section class=\"wd-negative-gap elementor-section elementor-top-section elementor-element elementor-element-0f332d5 elementor-section-boxed elementor-section-height-default elementor-section-height-default\" data-id=\"0f332d5\" data-element_type=\"section\" data-e-type=\"section\">\n\t\t\t\t\t\t<div class=\"elementor-container elementor-column-gap-default\">\n\t\t\t\t\t<div class=\"elementor-column elementor-col-100 elementor-top-column elementor-element elementor-element-0703e18\" data-id=\"0703e18\" data-element_type=\"column\" data-e-type=\"column\">\n\t\t\t<div class=\"elementor-widget-wrap elementor-element-populated\">\n\t\t\t\t\t\t<div class=\"elementor-element elementor-element-d01415b elementor-widget-divider--view-line elementor-widget elementor-widget-divider\" data-id=\"d01415b\" data-element_type=\"widget\" data-e-type=\"widget\" data-widget_type=\"divider.default\">\n\t\t\t\t\t\t\t<div class=\"elementor-divider\">\n\t\t\t<span class=\"elementor-divider-separator\">\n\t\t\t\t\t\t<\/span>\n\t\t<\/div>\n\t\t\t\t\t\t<\/div>\n\t\t\t\t\t<\/div>\n\t\t<\/div>\n\t\t\t\t\t<\/div>\n\t\t<\/section>\n\t\t\t\t<section class=\"wd-negative-gap elementor-section elementor-top-section elementor-element elementor-element-a968b73 elementor-section-boxed elementor-section-height-default elementor-section-height-default\" data-id=\"a968b73\" data-element_type=\"section\" data-e-type=\"section\">\n\t\t\t\t\t\t<div class=\"elementor-container elementor-column-gap-default\">\n\t\t\t\t\t<div class=\"elementor-column elementor-col-100 elementor-top-column elementor-element elementor-element-fc4ffca\" data-id=\"fc4ffca\" data-element_type=\"column\" data-e-type=\"column\">\n\t\t\t<div class=\"elementor-widget-wrap elementor-element-populated\">\n\t\t\t\t\t\t<div class=\"elementor-element elementor-element-78162a5 elementor-widget elementor-widget-ppwp\" data-id=\"78162a5\" data-element_type=\"widget\" data-e-type=\"widget\" data-widget_type=\"ppwp.default\">\n\t\t\t\t<div class=\"elementor-widget-container\">\n\t\t\t\t\t\t\t\t<div class=\"elementor-shortcode\"><div class=\"ppw-restricted-content ppw-pcp-container\" id=\"65368993\">\n\t<form method=\"post\" autocomplete=\"off\" action=\"https:\/\/www.fiberwood.ca\/fr\/demande-estimation\/?action=postpass&r=62\" target=\"_top\" class=\"post-password-form ppw-form ppw-pcp-password-form\" data-submit=\"65368\">\n\t\t<div class=\"ppw-headline ppw-pcp-pf-headline\"><\/div>\n\t\t<div class=\"ppw-description ppw-pcp-pf-desc\"><p style=\"text-align: center\">L'acc\u00e8s \u00e0 cette section est s\u00e9curis\u00e9 par mot de passe. Si vous n'avez pas encore obtenu votre mot de passe, ou pour toute question, nous vous invitons \u00e0 prendre contact avec nous via notre <a title=\"Contact\" href=\"https:\/\/www.fiberwood.ca\/fr\/contactez-nous\/\">formulaire en ligne<\/a>. Notre \u00e9quipe est \u00e0 votre enti\u00e8re disposition pour vous accompagner. Si vous poss\u00e9dez d\u00e9j\u00e0 un mot de passe, veuillez le saisir ci-dessous pour consulter les ressources.<\/p><\/div>\n\t\t\n\t\t<p class=\"ppw-input\">\n\t\t\t<input type=\"hidden\" value=\"0\" name=\"area\" \/>\n\t\t\t<label class=\"ppw-pcp-password-label\">Mot de passe: <input placeholder=\"\" type=\"password\" tabindex=\"1\" name=\"65368\" class=\"ppw-password-input ppw-pcp-pf-password-input\" autocomplete=\"new-password\">\n\t\t\t<\/label>\n\t\t\t<input class=\"ppw-page\" type=\"hidden\" value=\"1\" \/>\n\t\t\t\n\t\t\t\t\t\t<input name=\"submit\" type=\"submit\" data-loading=\"Loading...\" class=\"ppw-submit ppw-pcp-pf-submit-btn\" value=\"Se connecter\"\/>\n\t\t<\/p>\n\t\t\n\t\t<div class=\"ppw-pcp-pf-desc-below-form\"><\/div>\n\t\t\n\t\t<div class=\"ppw-error ppw-pcp-pf-error-msg\" style=\"color: #dc3232\">\n\t\t\t\n\t\t<\/div>\n\t<\/form>\n<\/div>\n<\/div>\n\t\t\t\t\t\t\t<\/div>\n\t\t\t\t<\/div>\n\t\t\t\t\t<\/div>\n\t\t<\/div>\n\t\t\t\t\t<\/div>\n\t\t<\/section>\n\t\t\t\t<\/div>\n\t\t","protected":false},"excerpt":{"rendered":"<p>Bienvenue dans notre service d\u2019estimation de projet\u202f! Nous sommes heureux de vous offrir un acc\u00e8s direct \u00e0 notre plateforme d\u2019estimation<\/p>\n","protected":false},"author":13,"featured_media":0,"parent":0,"menu_order":0,"comment_status":"closed","ping_status":"closed","template":"","meta":{"footnotes":""},"categories":[],"city":[],"province":[],"region":[],"board":[],"class_list":["post-65368","page","type-page","status-publish","hentry"],"aioseo_notices":[],"aioseo_head":"\n\t\t<!-- All in One SEO Pro 4.9.5.2 - aioseo.com -->\n\t<meta name=\"description\" content=\"Soumettez votre plan et recevez une estimation sur mesure pour votre projet de rev\u00eatement mural, terrasse ou cl\u00f4ture en composite FiberWood. R\u00e9ponse rapide.\" \/>\n\t<meta name=\"robots\" content=\"max-image-preview:large\" \/>\n\t<meta name=\"google-site-verification\" content=\"wakbDbH7CGUhDKT81iv3l311nmyWlYfqhph7BR2JgHQ\" \/>\n\t<meta name=\"msvalidate.01\" content=\"F9D2A6256296D6AAC106F746E9C87936\" \/>\n\t<link rel=\"canonical\" href=\"https:\/\/www.fiberwood.ca\/fr\/demande-estimation\/\" \/>\n\t<meta name=\"generator\" content=\"All in One SEO Pro (AIOSEO) 4.9.5.2\" \/>\n\t\t<meta property=\"og:locale\" content=\"fr_CA\" \/>\n\t\t<meta property=\"og:site_name\" content=\"FiberWood | Bois composite\" \/>\n\t\t<meta property=\"og:type\" content=\"article\" \/>\n\t\t<meta property=\"og:title\" content=\"Estimation FiberWood | Rev\u00eatement, Terrasse et Cl\u00f4ture\" \/>\n\t\t<meta property=\"og:description\" content=\"Soumettez votre plan et recevez une estimation sur mesure pour votre projet de rev\u00eatement mural, terrasse ou cl\u00f4ture en composite FiberWood. R\u00e9ponse rapide.\" \/>\n\t\t<meta property=\"og:url\" content=\"https:\/\/www.fiberwood.ca\/fr\/demande-estimation\/\" \/>\n\t\t<meta property=\"article:published_time\" content=\"2025-04-25T11:32:59+00:00\" \/>\n\t\t<meta property=\"article:modified_time\" content=\"2025-05-29T12:50:42+00:00\" \/>\n\t\t<meta property=\"article:publisher\" content=\"https:\/\/www.facebook.com\/FiberWood.Canada\/\" \/>\n\t\t<meta name=\"twitter:card\" content=\"summary\" \/>\n\t\t<meta name=\"twitter:title\" content=\"Estimation FiberWood | Rev\u00eatement, Terrasse et Cl\u00f4ture\" \/>\n\t\t<meta name=\"twitter:description\" content=\"Soumettez votre plan et recevez une estimation sur mesure pour votre projet de rev\u00eatement mural, terrasse ou cl\u00f4ture en composite FiberWood. R\u00e9ponse rapide.\" \/>\n\t\t<script type=\"application\/ld+json\" class=\"aioseo-schema\">\n\t\t\t{\"@context\":\"https:\\\/\\\/schema.org\",\"@graph\":[{\"@type\":\"BreadcrumbList\",\"@id\":\"https:\\\/\\\/www.fiberwood.ca\\\/fr\\\/demande-estimation\\\/#breadcrumblist\",\"itemListElement\":[{\"@type\":\"ListItem\",\"@id\":\"https:\\\/\\\/www.fiberwood.ca\\\/fr\\\/#listItem\",\"position\":2,\"name\":\"Home\",\"item\":\"https:\\\/\\\/www.fiberwood.ca\\\/fr\\\/\",\"nextItem\":{\"@type\":\"ListItem\",\"@id\":\"https:\\\/\\\/www.fiberwood.ca\\\/fr\\\/demande-estimation\\\/#listItem\",\"name\":\"Demandez une estimation personnalis\\u00e9e pour votre projet FiberWood\"},\"previousItem\":{\"@type\":\"ListItem\",\"@id\":\"#listItem\",\"name\":\"You are here\"}},{\"@type\":\"ListItem\",\"@id\":\"https:\\\/\\\/www.fiberwood.ca\\\/fr\\\/demande-estimation\\\/#listItem\",\"position\":3,\"name\":\"Demandez une estimation personnalis\\u00e9e pour votre projet FiberWood\",\"previousItem\":{\"@type\":\"ListItem\",\"@id\":\"https:\\\/\\\/www.fiberwood.ca\\\/fr\\\/#listItem\",\"name\":\"Home\"}}]},{\"@type\":\"Organization\",\"@id\":\"https:\\\/\\\/www.fiberwood.ca\\\/fr\\\/#organization\",\"name\":\"FiberWood\",\"description\":\"Bois composite\",\"url\":\"https:\\\/\\\/www.fiberwood.ca\\\/fr\\\/\",\"email\":\"info@fiberwood.ca\",\"telephone\":\"+18883601866\",\"sameAs\":[\"https:\\\/\\\/www.facebook.com\\\/FiberWood.Canada\\\/\",\"https:\\\/\\\/www.instagram.com\\\/fiberwood.canada\\\/\",\"https:\\\/\\\/www.tiktok.com\\\/@fiberwood\",\"https:\\\/\\\/ca.linkedin.com\\\/company\\\/fiberwood\",\"https:\\\/\\\/www.yelp.ca\\\/biz\\\/fiberwood-bois-des-filion\"],\"address\":{\"@id\":\"https:\\\/\\\/www.fiberwood.ca\\\/fr\\\/#postaladdress\",\"@type\":\"PostalAddress\",\"streetAddress\":\"829 Boulevard Industriel, #105\",\"postalCode\":\"J6Z 4T3\",\"addressLocality\":\"Bois-des-Filion\",\"addressRegion\":\"Quebec\",\"addressCountry\":\"CA\"}},{\"@type\":\"WebPage\",\"@id\":\"https:\\\/\\\/www.fiberwood.ca\\\/fr\\\/demande-estimation\\\/#webpage\",\"url\":\"https:\\\/\\\/www.fiberwood.ca\\\/fr\\\/demande-estimation\\\/\",\"name\":\"Estimation FiberWood | Rev\\u00eatement, Terrasse et Cl\\u00f4ture\",\"description\":\"Soumettez votre plan et recevez une estimation sur mesure pour votre projet de rev\\u00eatement mural, terrasse ou cl\\u00f4ture en composite FiberWood. R\\u00e9ponse rapide.\",\"inLanguage\":\"fr-CA\",\"isPartOf\":{\"@id\":\"https:\\\/\\\/www.fiberwood.ca\\\/fr\\\/#website\"},\"breadcrumb\":{\"@id\":\"https:\\\/\\\/www.fiberwood.ca\\\/fr\\\/demande-estimation\\\/#breadcrumblist\"},\"datePublished\":\"2025-04-25T07:32:59-04:00\",\"dateModified\":\"2025-05-29T08:50:42-04:00\"},{\"@type\":\"WebSite\",\"@id\":\"https:\\\/\\\/www.fiberwood.ca\\\/fr\\\/#website\",\"url\":\"https:\\\/\\\/www.fiberwood.ca\\\/fr\\\/\",\"name\":\"FiberWood\",\"description\":\"Bois composite\",\"inLanguage\":\"fr-CA\",\"publisher\":{\"@id\":\"https:\\\/\\\/www.fiberwood.ca\\\/fr\\\/#organization\"}}]}\n\t\t<\/script>\n\t\t<script type=\"text\/javascript\">\n\t\t\t(function(c,l,a,r,i,t,y){\n\t\t\tc[a]=c[a]||function(){(c[a].q=c[a].q||[]).push(arguments)};t=l.createElement(r);t.async=1;\n\t\t\tt.src=\"https:\/\/www.clarity.ms\/tag\/\"+i+\"?ref=aioseo\";y=l.getElementsByTagName(r)[0];y.parentNode.insertBefore(t,y);\n\t\t})(window, document, \"clarity\", \"script\", \"bfabkyl83n\");\n\t\t<\/script>\n\t\t<!-- All in One SEO Pro -->\r\n\t\t<title>Estimation FiberWood | Rev\u00eatement, Terrasse et Cl\u00f4ture<\/title>\n\n","aioseo_head_json":{"title":"Estimation FiberWood | Rev\u00eatement, Terrasse et Cl\u00f4ture","description":"Soumettez votre plan et recevez une estimation sur mesure pour votre projet de rev\u00eatement mural, terrasse ou cl\u00f4ture en composite FiberWood. R\u00e9ponse rapide.","canonical_url":"https:\/\/www.fiberwood.ca\/fr\/demande-estimation\/","robots":"max-image-preview:large","keywords":"","webmasterTools":{"google-site-verification":"wakbDbH7CGUhDKT81iv3l311nmyWlYfqhph7BR2JgHQ","msvalidate.01":"F9D2A6256296D6AAC106F746E9C87936","miscellaneous":""},"schema":{"@context":"https:\/\/schema.org","@graph":[{"@type":"BreadcrumbList","@id":"https:\/\/www.fiberwood.ca\/fr\/demande-estimation\/#breadcrumblist","itemListElement":[{"@type":"ListItem","@id":"https:\/\/www.fiberwood.ca\/fr\/#listItem","position":2,"name":"Home","item":"https:\/\/www.fiberwood.ca\/fr\/","nextItem":{"@type":"ListItem","@id":"https:\/\/www.fiberwood.ca\/fr\/demande-estimation\/#listItem","name":"Demandez une estimation personnalis\u00e9e pour votre projet FiberWood"},"previousItem":{"@type":"ListItem","@id":"#listItem","name":"You are here"}},{"@type":"ListItem","@id":"https:\/\/www.fiberwood.ca\/fr\/demande-estimation\/#listItem","position":3,"name":"Demandez une estimation personnalis\u00e9e pour votre projet FiberWood","previousItem":{"@type":"ListItem","@id":"https:\/\/www.fiberwood.ca\/fr\/#listItem","name":"Home"}}]},{"@type":"Organization","@id":"https:\/\/www.fiberwood.ca\/fr\/#organization","name":"FiberWood","description":"Bois composite","url":"https:\/\/www.fiberwood.ca\/fr\/","email":"info@fiberwood.ca","telephone":"+18883601866","sameAs":["https:\/\/www.facebook.com\/FiberWood.Canada\/","https:\/\/www.instagram.com\/fiberwood.canada\/","https:\/\/www.tiktok.com\/@fiberwood","https:\/\/ca.linkedin.com\/company\/fiberwood","https:\/\/www.yelp.ca\/biz\/fiberwood-bois-des-filion"],"address":{"@id":"https:\/\/www.fiberwood.ca\/fr\/#postaladdress","@type":"PostalAddress","streetAddress":"829 Boulevard Industriel, #105","postalCode":"J6Z 4T3","addressLocality":"Bois-des-Filion","addressRegion":"Quebec","addressCountry":"CA"}},{"@type":"WebPage","@id":"https:\/\/www.fiberwood.ca\/fr\/demande-estimation\/#webpage","url":"https:\/\/www.fiberwood.ca\/fr\/demande-estimation\/","name":"Estimation FiberWood | Rev\u00eatement, Terrasse et Cl\u00f4ture","description":"Soumettez votre plan et recevez une estimation sur mesure pour votre projet de rev\u00eatement mural, terrasse ou cl\u00f4ture en composite FiberWood. R\u00e9ponse rapide.","inLanguage":"fr-CA","isPartOf":{"@id":"https:\/\/www.fiberwood.ca\/fr\/#website"},"breadcrumb":{"@id":"https:\/\/www.fiberwood.ca\/fr\/demande-estimation\/#breadcrumblist"},"datePublished":"2025-04-25T07:32:59-04:00","dateModified":"2025-05-29T08:50:42-04:00"},{"@type":"WebSite","@id":"https:\/\/www.fiberwood.ca\/fr\/#website","url":"https:\/\/www.fiberwood.ca\/fr\/","name":"FiberWood","description":"Bois composite","inLanguage":"fr-CA","publisher":{"@id":"https:\/\/www.fiberwood.ca\/fr\/#organization"}}]},"og:locale":"fr_CA","og:site_name":"FiberWood | Bois composite","og:type":"article","og:title":"Estimation FiberWood | Rev\u00eatement, Terrasse et Cl\u00f4ture","og:description":"Soumettez votre plan et recevez une estimation sur mesure pour votre projet de rev\u00eatement mural, terrasse ou cl\u00f4ture en composite FiberWood. R\u00e9ponse rapide.","og:url":"https:\/\/www.fiberwood.ca\/fr\/demande-estimation\/","article:published_time":"2025-04-25T11:32:59+00:00","article:modified_time":"2025-05-29T12:50:42+00:00","article:publisher":"https:\/\/www.facebook.com\/FiberWood.Canada\/","twitter:card":"summary","twitter:title":"Estimation FiberWood | Rev\u00eatement, Terrasse et Cl\u00f4ture","twitter:description":"Soumettez votre plan et recevez une estimation sur mesure pour votre projet de rev\u00eatement mural, terrasse ou cl\u00f4ture en composite FiberWood. R\u00e9ponse rapide."},"aioseo_meta_data":{"post_id":"65368","title":"Estimation FiberWood | Rev\u00eatement, Terrasse et Cl\u00f4ture","description":"Soumettez votre plan et recevez une estimation sur mesure pour votre projet de rev\u00eatement mural, terrasse ou cl\u00f4ture en composite FiberWood. R\u00e9ponse rapide.","keywords":null,"keyphrases":{"focus":{"keyphrase":"","score":0,"analysis":{"keyphraseInTitle":{"score":0,"maxScore":9,"error":1}}},"additional":[]},"primary_term":null,"canonical_url":null,"og_title":null,"og_description":null,"og_object_type":"default","og_image_type":"default","og_image_url":null,"og_image_width":null,"og_image_height":null,"og_image_custom_url":null,"og_image_custom_fields":null,"og_video":"","og_custom_url":null,"og_article_section":null,"og_article_tags":null,"twitter_use_og":false,"twitter_card":"default","twitter_image_type":"default","twitter_image_url":null,"twitter_image_custom_url":null,"twitter_image_custom_fields":null,"twitter_title":null,"twitter_description":null,"schema":{"blockGraphs":[],"customGraphs":[],"default":{"data":{"Article":[],"Course":[],"Dataset":[],"FAQPage":[],"Movie":[],"Person":[],"Product":[],"ProductReview":[],"Car":[],"Recipe":[],"Service":[],"SoftwareApplication":[],"WebPage":[]},"graphName":"WebPage","isEnabled":true},"graphs":[]},"schema_type":"default","schema_type_options":null,"pillar_content":false,"robots_default":true,"robots_noindex":false,"robots_noarchive":false,"robots_nosnippet":false,"robots_nofollow":false,"robots_noimageindex":false,"robots_noodp":false,"robots_notranslate":false,"robots_max_snippet":"-1","robots_max_videopreview":"-1","robots_max_imagepreview":"large","priority":null,"frequency":"default","local_seo":null,"seo_analyzer_scan_date":"2025-08-19 22:14:52","breadcrumb_settings":null,"limit_modified_date":false,"reviewed_by":null,"open_ai":"{\"title\":{\"suggestions\":[],\"usage\":0},\"description\":{\"suggestions\":[],\"usage\":0}}","ai":null,"created":"2025-04-25 12:13:51","updated":"2025-11-27 04:03:50"},"aioseo_breadcrumb":"<div class=\"aioseo-breadcrumbs\"><span class=\"aioseo-breadcrumb\">\n\tYou are here\n<\/span><span class=\"aioseo-breadcrumb-separator\">\u00bb<\/span><span class=\"aioseo-breadcrumb\">\n\t<a href=\"https:\/\/www.fiberwood.ca\/fr\/\" title=\"Home\">Home<\/a>\n<\/span><span class=\"aioseo-breadcrumb-separator\">\u00bb<\/span><span class=\"aioseo-breadcrumb\">\n\tDemandez une estimation personnalis\u00e9e pour votre projet FiberWood\n<\/span><\/div>","aioseo_breadcrumb_json":[{"label":"You are here","link":""},{"label":"Home","link":"https:\/\/www.fiberwood.ca\/fr\/"},{"label":"Demandez une estimation personnalis\u00e9e pour votre projet FiberWood","link":"https:\/\/www.fiberwood.ca\/fr\/demande-estimation\/"}],"_links":{"self":[{"href":"https:\/\/www.fiberwood.ca\/fr\/wp-json\/wp\/v2\/pages\/65368","targetHints":{"allow":["GET"]}}],"collection":[{"href":"https:\/\/www.fiberwood.ca\/fr\/wp-json\/wp\/v2\/pages"}],"about":[{"href":"https:\/\/www.fiberwood.ca\/fr\/wp-json\/wp\/v2\/types\/page"}],"author":[{"embeddable":true,"href":"https:\/\/www.fiberwood.ca\/fr\/wp-json\/wp\/v2\/users\/13"}],"replies":[{"embeddable":true,"href":"https:\/\/www.fiberwood.ca\/fr\/wp-json\/wp\/v2\/comments?post=65368"}],"version-history":[{"count":23,"href":"https:\/\/www.fiberwood.ca\/fr\/wp-json\/wp\/v2\/pages\/65368\/revisions"}],"predecessor-version":[{"id":76935,"href":"https:\/\/www.fiberwood.ca\/fr\/wp-json\/wp\/v2\/pages\/65368\/revisions\/76935"}],"wp:attachment":[{"href":"https:\/\/www.fiberwood.ca\/fr\/wp-json\/wp\/v2\/media?parent=65368"}],"wp:term":[{"taxonomy":"category","embeddable":true,"href":"https:\/\/www.fiberwood.ca\/fr\/wp-json\/wp\/v2\/categories?post=65368"},{"taxonomy":"city","embeddable":true,"href":"https:\/\/www.fiberwood.ca\/fr\/wp-json\/wp\/v2\/city?post=65368"},{"taxonomy":"province","embeddable":true,"href":"https:\/\/www.fiberwood.ca\/fr\/wp-json\/wp\/v2\/province?post=65368"},{"taxonomy":"region","embeddable":true,"href":"https:\/\/www.fiberwood.ca\/fr\/wp-json\/wp\/v2\/region?post=65368"},{"taxonomy":"board","embeddable":true,"href":"https:\/\/www.fiberwood.ca\/fr\/wp-json\/wp\/v2\/board?post=65368"}],"curies":[{"name":"wp","href":"https:\/\/api.w.org\/{rel}","templated":true}]}}