{"id":68392,"date":"2025-05-27T12:18:17","date_gmt":"2025-05-27T16:18:17","guid":{"rendered":"https:\/\/www.fiberwood.ca\/?page_id=68392"},"modified":"2025-06-05T16:16:01","modified_gmt":"2025-06-05T20:16:01","slug":"durable","status":"publish","type":"page","link":"https:\/\/www.fiberwood.ca\/fr\/kiosque\/durable\/","title":{"rendered":"Kiosque | Durable"},"content":{"rendered":"\t\t<div data-elementor-type=\"wp-page\" data-elementor-id=\"68392\" class=\"elementor elementor-68392 elementor-68393\" data-elementor-post-type=\"page\">\n\t\t\t\t\t\t<section class=\"wd-negative-gap elementor-section elementor-top-section elementor-element elementor-element-7a03c40d elementor-section-boxed elementor-section-height-default elementor-section-height-default\" data-id=\"7a03c40d\" data-element_type=\"section\" data-e-type=\"section\">\n\t\t\t\t\t\t<div class=\"elementor-container elementor-column-gap-default\">\n\t\t\t\t\t<div class=\"elementor-column elementor-col-100 elementor-top-column elementor-element elementor-element-1380c89d\" data-id=\"1380c89d\" data-element_type=\"column\" data-e-type=\"column\">\n\t\t\t<div class=\"elementor-widget-wrap elementor-element-populated\">\n\t\t\t\t\t\t<div class=\"elementor-element elementor-element-a01e934 color-scheme-inherit text-left elementor-widget elementor-widget-text-editor\" data-id=\"a01e934\" data-element_type=\"widget\" data-e-type=\"widget\" data-widget_type=\"text-editor.default\">\n\t\t\t\t\t\t\t\t\t<img loading=\"lazy\" decoding=\"async\" width=\"940\" height=\"788\" src=\"https:\/\/www.fiberwood.ca\/wp-content\/uploads\/2025\/02\/sustainability-gif-1.gif\" alt=\"\" \/>\t\t\t\t\t\t\t\t\t\t\t\t\t\t\t\n\t\t\t\t\t<h1>NOTRE ENGAGEMENT VIS-\u00c0-VIS NOS CLIENTS ET LA PLAN\u00c8TE <\/h1>\t\t\t\t\n\t\t<p><b>Durabilit\u00e9 haut de gamme. Con\u00e7u pour respecter la plan\u00e8te.<\/b>\u00a0<\/p><p>Notre composite de bois est un mat\u00e9riau de tr\u00e8s haute qualit\u00e9, fabriqu\u00e9 \u00e0 partir de plus de 90\u202f% de contenu recycl\u00e9, dont 60\u202f% de poudre de bois d\u2019eucalyptus, 30\u202f% de plastique recycl\u00e9 post-consommation, et 10\u202f% d\u2019additifs non toxiques et \u00e9cologiques.\u00a0<\/p><p>Nos planches ne contiennent aucun bois vierge, aucun produit chimique nocif, ni COV. Elles allient l\u2019esth\u00e9tique du bois \u00e0 la r\u00e9sistance exceptionnelle du plastique recycl\u00e9, pour cr\u00e9er un produit durable, performant, et parfaitement en accord avec l\u2019environnement.\u00a0<\/p><p>Produites selon un processus de fabrication en circuit ferm\u00e9 qui permet d\u2019\u00e9conomiser l\u2019eau et l\u2019\u00e9nergie, ces planches sont 100\u202f% recyclables, poss\u00e8dent une dur\u00e9e de vie remarquable, et sont couvertes par une garantie de trente (30) ans. Un choix responsable, durable\u2026 et sans compromis sur le style.\u00a0<\/p>\t\t\n\t\t\t\t\t<h4>POURQUOI LE COMPOSITE DE BOIS EST MEILLEUR QUE LE BOIS <\/h4>\t\t\t\t\n\t\t<p><b>L\u2019aspect chaleureux du bois. La force de l&rsquo;innovation. La protection de Proshield Premium.<\/b>\u00a0<\/p><p>Le composite de bois surpasse le bois traditionnel dans tous les domaines importants. Con\u00e7u pour une durabilit\u00e9 sup\u00e9rieure, il ne se d\u00e9forme pas, ne se fendille pas et ne pourrit pas avec le temps, m\u00eame apr\u00e8s des ann\u00e9es d&rsquo;exposition. Pas de teinture, pas de scellant, pas de stress.\u00a0<\/p><p>Con\u00e7u pour l&rsquo;ext\u00e9rieur, le composite de bois r\u00e9siste \u00e0 l&rsquo;humidit\u00e9, aux insectes et aux rayons UV, conservant sa beaut\u00e9 et son int\u00e9grit\u00e9 structurelle saison apr\u00e8s saison. Avec plus de 90 % de mati\u00e8res recycl\u00e9es, il s&rsquo;agit d&rsquo;une alternative \u00e9cologique qui pr\u00e9serve l&rsquo;aspect chaleureux du bois, sans contribuer \u00e0 la d\u00e9forestation ni exiger un entretien constant.\u00a0<\/p><p>Chez FiberWood, nous sommes all\u00e9s encore plus loin en prot\u00e9geant tous nos produits avec ProShield Premium\u00ae, notre couche protectrice avanc\u00e9e qui enveloppe chaque planche pour une durabilit\u00e9 maximale.\u00a0<\/p><p>Gr\u00e2ce \u00e0 ProShield Premium\u00ae, vos espaces ext\u00e9rieurs restent magnifiques, solides et ne n\u00e9cessitent peu d&rsquo;entretien, saison apr\u00e8s saison. Et pour une plus grande tranquillit\u00e9 d&rsquo;esprit, chaque planche est couverte par les meilleures garanties de l\u2019industrie : 30 ans sur les terrasses, les rev\u00eatements et les cl\u00f4tures, et 10 ans sur les cabanons.\u00a0<\/p>\t\t\n\t\t\t\t\t<h4>ENSEMBLE POUR UN AVENIR PLUS VERT <\/h4>\t\t\t\t\n\t\t\t\t\t\t\t\t<link rel=\"stylesheet\" id=\"wd-info-box-css\" href=\"https:\/\/www.fiberwood.ca\/wp-content\/themes\/woodmart\/css\/parts\/el-info-box.min.css?ver=8.2.0\" type=\"text\/css\" media=\"all\" \/> \t\t\t\t\t\n\t\t\t\t\t\t\t\t\t\t\t\t\t\t\t<img loading=\"lazy\" width=\"62\" height=\"75\" src=\"https:\/\/www.fiberwood.ca\/wp-content\/uploads\/2024\/05\/FSC-Logo-R_Green_RGB_FSC_Logo_R_RGB-transparent-background_2018-62x75.png\" alt=\"\" decoding=\"async\" srcset=\"https:\/\/www.fiberwood.ca\/wp-content\/uploads\/2024\/05\/FSC-Logo-R_Green_RGB_FSC_Logo_R_RGB-transparent-background_2018-62x75.png 62w, https:\/\/www.fiberwood.ca\/wp-content\/uploads\/2024\/05\/FSC-Logo-R_Green_RGB_FSC_Logo_R_RGB-transparent-background_2018-248x300.png 248w, https:\/\/www.fiberwood.ca\/wp-content\/uploads\/2024\/05\/FSC-Logo-R_Green_RGB_FSC_Logo_R_RGB-transparent-background_2018-600x727.png 600w, https:\/\/www.fiberwood.ca\/wp-content\/uploads\/2024\/05\/FSC-Logo-R_Green_RGB_FSC_Logo_R_RGB-transparent-background_2018-150x182.png 150w, https:\/\/www.fiberwood.ca\/wp-content\/uploads\/2024\/05\/FSC-Logo-R_Green_RGB_FSC_Logo_R_RGB-transparent-background_2018.png 664w\" sizes=\"auto, (max-width: 62px) 100vw, 62px\" \/>\t\t\t\t\t\t\t\t\t\t\t\t\t\n\t\t\t\t\t\t\t\t\t\t\t\t\t\t<link rel=\"stylesheet\" id=\"wd-el-subtitle-style-css\" href=\"https:\/\/www.fiberwood.ca\/wp-content\/themes\/woodmart\/css\/parts\/el-subtitle-style.min.css?ver=8.2.0\" type=\"text\/css\" media=\"all\" \/> \t\t\t\n\t\t\t\t\t\t\tDurable\t\t\t\t\t\t\n\t\t\t\t\t<\/p>\n<p style=\"margin-bottom: 0px; font-style: normal; font-variant-ligatures: normal; font-variant-caps: normal; font-weight: 400; font-family: Roboto, sans-serif; font-size: 16px;\">Solution \u00e9cologique compos\u00e9e \u00e0 90% de mat\u00e9riaux recycl\u00e9s.<\/p>\n<p><\/p>\n\t\t\t\t\t\t\t\t\t\t\t\t\t\t\t<img loading=\"lazy\" width=\"78\" height=\"75\" src=\"https:\/\/www.fiberwood.ca\/wp-content\/uploads\/2024\/05\/Recycling_sy2-78x75.png\" alt=\"\" decoding=\"async\" srcset=\"https:\/\/www.fiberwood.ca\/wp-content\/uploads\/2024\/05\/Recycling_sy2-78x75.png 78w, https:\/\/www.fiberwood.ca\/wp-content\/uploads\/2024\/05\/Recycling_sy2-300x289.png 300w, https:\/\/www.fiberwood.ca\/wp-content\/uploads\/2024\/05\/Recycling_sy2-768x740.png 768w, https:\/\/www.fiberwood.ca\/wp-content\/uploads\/2024\/05\/Recycling_sy2-600x578.png 600w, https:\/\/www.fiberwood.ca\/wp-content\/uploads\/2024\/05\/Recycling_sy2-150x144.png 150w, https:\/\/www.fiberwood.ca\/wp-content\/uploads\/2024\/05\/Recycling_sy2.png 785w\" sizes=\"auto, (max-width: 78px) 100vw, 78px\" \/>\t\t\t\t\t\t\t\t\t\t\t\t\t\n\t\t\t\t\t\t\tRecyclable\t\t\t\t\t\t\n\t\t\t\t\t<\/p>\n<p style=\"margin-bottom: 0px; font-style: normal; font-variant-ligatures: normal; font-variant-caps: normal; font-weight: 400; font-family: Roboto, sans-serif; font-size: 16px;\">100&nbsp;% recyclable, contribuant \u00e0 un syst\u00e8me en boucle ferm\u00e9e.<\/p>\n<p><\/p>\n\t\t\t\t\t\t\t\t\t\t\t\t\t\t\t<img loading=\"lazy\" width=\"62\" height=\"75\" src=\"https:\/\/www.fiberwood.ca\/wp-content\/uploads\/2024\/05\/shutterstock_1566629209-1-1-62x75.png\" alt=\"\" decoding=\"async\" srcset=\"https:\/\/www.fiberwood.ca\/wp-content\/uploads\/2024\/05\/shutterstock_1566629209-1-1-62x75.png 62w, https:\/\/www.fiberwood.ca\/wp-content\/uploads\/2024\/05\/shutterstock_1566629209-1-1-247x300.png 247w, https:\/\/www.fiberwood.ca\/wp-content\/uploads\/2024\/05\/shutterstock_1566629209-1-1-768x932.png 768w, https:\/\/www.fiberwood.ca\/wp-content\/uploads\/2024\/05\/shutterstock_1566629209-1-1-600x728.png 600w, https:\/\/www.fiberwood.ca\/wp-content\/uploads\/2024\/05\/shutterstock_1566629209-1-1-150x182.png 150w, https:\/\/www.fiberwood.ca\/wp-content\/uploads\/2024\/05\/shutterstock_1566629209-1-1.png 824w\" sizes=\"auto, (max-width: 62px) 100vw, 62px\" \/>\t\t\t\t\t\t\t\t\t\t\t\t\t\n\t\t\t\t\t\t\tSans toxines\t\t\t\t\t\t\n\t\t\t\t\t<\/p>\n<p style=\"margin-bottom: 0px; font-style: normal; font-variant-ligatures: normal; font-variant-caps: normal; font-weight: 400; font-family: Roboto, sans-serif; font-size: 16px;\">Sans COV pour une qualit\u00e9 et une s\u00e9curit\u00e9 optimales de l\u2019air int\u00e9rieur.<\/p>\n<p><\/p>\n\t\t\t\t\t\t\t\t\t\t\t\t\t\t\t<img loading=\"lazy\" width=\"75\" height=\"75\" src=\"https:\/\/www.fiberwood.ca\/wp-content\/uploads\/2024\/05\/produit-eco-re-EN-75x75.png\" alt=\"\" decoding=\"async\" srcset=\"https:\/\/www.fiberwood.ca\/wp-content\/uploads\/2024\/05\/produit-eco-re-EN-75x75.png 75w, https:\/\/www.fiberwood.ca\/wp-content\/uploads\/2024\/05\/produit-eco-re-EN-300x300.png 300w, https:\/\/www.fiberwood.ca\/wp-content\/uploads\/2024\/05\/produit-eco-re-EN-150x150.png 150w, https:\/\/www.fiberwood.ca\/wp-content\/uploads\/2024\/05\/produit-eco-re-EN-768x768.png 768w, https:\/\/www.fiberwood.ca\/wp-content\/uploads\/2024\/05\/produit-eco-re-EN-600x600.png 600w, https:\/\/www.fiberwood.ca\/wp-content\/uploads\/2024\/05\/produit-eco-re-EN.png 1000w\" sizes=\"auto, (max-width: 75px) 100vw, 75px\" \/>\t\t\t\t\t\t\t\t\t\t\t\t\t\n\t\t\t\t\t\t\tEngagement\t\t\t\t\t\t\n\t\t\t\t\t<\/p>\n<p style=\"margin-bottom: 0px; font-style: normal; font-variant-ligatures: normal; font-variant-caps: normal; font-weight: 400; font-family: Roboto, sans-serif; font-size: 16px;\">Rejoignez le mouvement mondial vers la durabilit\u00e9.<\/p>\n<p><\/p>\n\t\t\t\t\t\t\t\t\t\t\t\t\t\t\t<img loading=\"lazy\" decoding=\"async\" width=\"2000\" height=\"650\" src=\"https:\/\/www.fiberwood.ca\/wp-content\/uploads\/2025\/03\/Banniere-fin-de-page-sustainability-1.jpg\" alt=\"\" srcset=\"https:\/\/www.fiberwood.ca\/wp-content\/uploads\/2025\/03\/Banniere-fin-de-page-sustainability-1.jpg 2000w, https:\/\/www.fiberwood.ca\/wp-content\/uploads\/2025\/03\/Banniere-fin-de-page-sustainability-1-300x98.jpg 300w, https:\/\/www.fiberwood.ca\/wp-content\/uploads\/2025\/03\/Banniere-fin-de-page-sustainability-1-1024x333.jpg 1024w, https:\/\/www.fiberwood.ca\/wp-content\/uploads\/2025\/03\/Banniere-fin-de-page-sustainability-1-768x250.jpg 768w, https:\/\/www.fiberwood.ca\/wp-content\/uploads\/2025\/03\/Banniere-fin-de-page-sustainability-1-1536x499.jpg 1536w, https:\/\/www.fiberwood.ca\/wp-content\/uploads\/2025\/03\/Banniere-fin-de-page-sustainability-1-600x195.jpg 600w, https:\/\/www.fiberwood.ca\/wp-content\/uploads\/2025\/03\/Banniere-fin-de-page-sustainability-1-150x49.jpg 150w\" sizes=\"auto, (max-width: 2000px) 100vw, 2000px\" \/>\t\t\t\t\t\t\t\t<\/div>\n\t\t\t\t\t<\/div>\n\t\t<\/div>\n\t\t\t\t\t<\/div>\n\t\t<\/section>\n\t\t\t\t<\/div>\n\t\t","protected":false},"excerpt":{"rendered":"<p>NOTRE ENGAGEMENT VIS-\u00c0-VIS NOS CLIENTS ET LA PLAN\u00c8TE Durabilit\u00e9 haut de gamme. Con\u00e7u pour respecter la plan\u00e8te.\u00a0 Notre composite de<\/p>\n","protected":false},"author":1,"featured_media":0,"parent":67759,"menu_order":0,"comment_status":"closed","ping_status":"closed","template":"","meta":{"footnotes":""},"categories":[],"city":[],"province":[],"region":[],"board":[],"class_list":["post-68392","page","type-page","status-publish","hentry"],"aioseo_notices":[],"aioseo_head":"\n\t\t<!-- All in One SEO Pro 4.9.5.2 - aioseo.com -->\n\t<meta name=\"description\" content=\"NOTRE ENGAGEMENT VIS-\u00c0-VIS NOS CLIENTS ET LA PLAN\u00c8TE Durabilit\u00e9 haut de gamme. Con\u00e7u pour respecter la plan\u00e8te. Notre composite de bois est un mat\u00e9riau de tr\u00e8s haute qualit\u00e9, fabriqu\u00e9 \u00e0 partir de plus de 90 % de contenu recycl\u00e9, dont 60 % de poudre de bois d\u2019eucalyptus, 30 % de plastique recycl\u00e9 post-consommation, et 10 % d\u2019additifs non toxiques\" \/>\n\t<meta name=\"robots\" content=\"max-image-preview:large\" \/>\n\t<meta name=\"google-site-verification\" content=\"wakbDbH7CGUhDKT81iv3l311nmyWlYfqhph7BR2JgHQ\" \/>\n\t<meta name=\"msvalidate.01\" content=\"F9D2A6256296D6AAC106F746E9C87936\" \/>\n\t<link rel=\"canonical\" href=\"https:\/\/www.fiberwood.ca\/fr\/kiosque\/durable\/\" \/>\n\t<meta name=\"generator\" content=\"All in One SEO Pro (AIOSEO) 4.9.5.2\" \/>\n\t\t<meta property=\"og:locale\" content=\"fr_CA\" \/>\n\t\t<meta property=\"og:site_name\" content=\"FiberWood | Bois composite\" \/>\n\t\t<meta property=\"og:type\" content=\"article\" \/>\n\t\t<meta property=\"og:title\" content=\"Kiosque | Durable | FiberWood\" \/>\n\t\t<meta property=\"og:description\" content=\"NOTRE ENGAGEMENT VIS-\u00c0-VIS NOS CLIENTS ET LA PLAN\u00c8TE Durabilit\u00e9 haut de gamme. Con\u00e7u pour respecter la plan\u00e8te. Notre composite de bois est un mat\u00e9riau de tr\u00e8s haute qualit\u00e9, fabriqu\u00e9 \u00e0 partir de plus de 90 % de contenu recycl\u00e9, dont 60 % de poudre de bois d\u2019eucalyptus, 30 % de plastique recycl\u00e9 post-consommation, et 10 % d\u2019additifs non toxiques\" \/>\n\t\t<meta property=\"og:url\" content=\"https:\/\/www.fiberwood.ca\/fr\/kiosque\/durable\/\" \/>\n\t\t<meta property=\"article:published_time\" content=\"2025-05-27T16:18:17+00:00\" \/>\n\t\t<meta property=\"article:modified_time\" content=\"2025-06-05T20:16:01+00:00\" \/>\n\t\t<meta property=\"article:publisher\" content=\"https:\/\/www.facebook.com\/FiberWood.Canada\/\" \/>\n\t\t<meta name=\"twitter:card\" content=\"summary\" \/>\n\t\t<meta name=\"twitter:title\" content=\"Kiosque | Durable | FiberWood\" \/>\n\t\t<meta name=\"twitter:description\" content=\"NOTRE ENGAGEMENT VIS-\u00c0-VIS NOS CLIENTS ET LA PLAN\u00c8TE Durabilit\u00e9 haut de gamme. Con\u00e7u pour respecter la plan\u00e8te. Notre composite de bois est un mat\u00e9riau de tr\u00e8s haute qualit\u00e9, fabriqu\u00e9 \u00e0 partir de plus de 90 % de contenu recycl\u00e9, dont 60 % de poudre de bois d\u2019eucalyptus, 30 % de plastique recycl\u00e9 post-consommation, et 10 % d\u2019additifs non toxiques\" \/>\n\t\t<script type=\"application\/ld+json\" class=\"aioseo-schema\">\n\t\t\t{\"@context\":\"https:\\\/\\\/schema.org\",\"@graph\":[{\"@type\":\"BreadcrumbList\",\"@id\":\"https:\\\/\\\/www.fiberwood.ca\\\/fr\\\/kiosque\\\/durable\\\/#breadcrumblist\",\"itemListElement\":[{\"@type\":\"ListItem\",\"@id\":\"https:\\\/\\\/www.fiberwood.ca\\\/fr\\\/#listItem\",\"position\":2,\"name\":\"Home\",\"item\":\"https:\\\/\\\/www.fiberwood.ca\\\/fr\\\/\",\"nextItem\":{\"@type\":\"ListItem\",\"@id\":\"https:\\\/\\\/www.fiberwood.ca\\\/fr\\\/kiosque\\\/#listItem\",\"name\":\"Kiosque | Accueil\"},\"previousItem\":{\"@type\":\"ListItem\",\"@id\":\"#listItem\",\"name\":\"You are here\"}},{\"@type\":\"ListItem\",\"@id\":\"https:\\\/\\\/www.fiberwood.ca\\\/fr\\\/kiosque\\\/#listItem\",\"position\":3,\"name\":\"Kiosque | Accueil\",\"item\":\"https:\\\/\\\/www.fiberwood.ca\\\/fr\\\/kiosque\\\/\",\"nextItem\":{\"@type\":\"ListItem\",\"@id\":\"https:\\\/\\\/www.fiberwood.ca\\\/fr\\\/kiosque\\\/durable\\\/#listItem\",\"name\":\"Kiosque | Durable\"},\"previousItem\":{\"@type\":\"ListItem\",\"@id\":\"https:\\\/\\\/www.fiberwood.ca\\\/fr\\\/#listItem\",\"name\":\"Home\"}},{\"@type\":\"ListItem\",\"@id\":\"https:\\\/\\\/www.fiberwood.ca\\\/fr\\\/kiosque\\\/durable\\\/#listItem\",\"position\":4,\"name\":\"Kiosque | Durable\",\"previousItem\":{\"@type\":\"ListItem\",\"@id\":\"https:\\\/\\\/www.fiberwood.ca\\\/fr\\\/kiosque\\\/#listItem\",\"name\":\"Kiosque | Accueil\"}}]},{\"@type\":\"Organization\",\"@id\":\"https:\\\/\\\/www.fiberwood.ca\\\/fr\\\/#organization\",\"name\":\"FiberWood\",\"description\":\"Bois composite\",\"url\":\"https:\\\/\\\/www.fiberwood.ca\\\/fr\\\/\",\"email\":\"info@fiberwood.ca\",\"telephone\":\"+18883601866\",\"sameAs\":[\"https:\\\/\\\/www.facebook.com\\\/FiberWood.Canada\\\/\",\"https:\\\/\\\/www.instagram.com\\\/fiberwood.canada\\\/\",\"https:\\\/\\\/www.tiktok.com\\\/@fiberwood\",\"https:\\\/\\\/ca.linkedin.com\\\/company\\\/fiberwood\",\"https:\\\/\\\/www.yelp.ca\\\/biz\\\/fiberwood-bois-des-filion\"],\"address\":{\"@id\":\"https:\\\/\\\/www.fiberwood.ca\\\/fr\\\/#postaladdress\",\"@type\":\"PostalAddress\",\"streetAddress\":\"829 Boulevard Industriel, #105\",\"postalCode\":\"J6Z 4T3\",\"addressLocality\":\"Bois-des-Filion\",\"addressRegion\":\"Quebec\",\"addressCountry\":\"CA\"}},{\"@type\":\"WebPage\",\"@id\":\"https:\\\/\\\/www.fiberwood.ca\\\/fr\\\/kiosque\\\/durable\\\/#webpage\",\"url\":\"https:\\\/\\\/www.fiberwood.ca\\\/fr\\\/kiosque\\\/durable\\\/\",\"name\":\"Kiosque | Durable | FiberWood\",\"description\":\"NOTRE ENGAGEMENT VIS-\\u00c0-VIS NOS CLIENTS ET LA PLAN\\u00c8TE Durabilit\\u00e9 haut de gamme. Con\\u00e7u pour respecter la plan\\u00e8te. Notre composite de bois est un mat\\u00e9riau de tr\\u00e8s haute qualit\\u00e9, fabriqu\\u00e9 \\u00e0 partir de plus de 90 % de contenu recycl\\u00e9, dont 60 % de poudre de bois d\\u2019eucalyptus, 30 % de plastique recycl\\u00e9 post-consommation, et 10 % d\\u2019additifs non toxiques\",\"inLanguage\":\"fr-CA\",\"isPartOf\":{\"@id\":\"https:\\\/\\\/www.fiberwood.ca\\\/fr\\\/#website\"},\"breadcrumb\":{\"@id\":\"https:\\\/\\\/www.fiberwood.ca\\\/fr\\\/kiosque\\\/durable\\\/#breadcrumblist\"},\"datePublished\":\"2025-05-27T12:18:17-04:00\",\"dateModified\":\"2025-06-05T16:16:01-04:00\"},{\"@type\":\"WebSite\",\"@id\":\"https:\\\/\\\/www.fiberwood.ca\\\/fr\\\/#website\",\"url\":\"https:\\\/\\\/www.fiberwood.ca\\\/fr\\\/\",\"name\":\"FiberWood\",\"description\":\"Bois composite\",\"inLanguage\":\"fr-CA\",\"publisher\":{\"@id\":\"https:\\\/\\\/www.fiberwood.ca\\\/fr\\\/#organization\"}}]}\n\t\t<\/script>\n\t\t<script type=\"text\/javascript\">\n\t\t\t(function(c,l,a,r,i,t,y){\n\t\t\tc[a]=c[a]||function(){(c[a].q=c[a].q||[]).push(arguments)};t=l.createElement(r);t.async=1;\n\t\t\tt.src=\"https:\/\/www.clarity.ms\/tag\/\"+i+\"?ref=aioseo\";y=l.getElementsByTagName(r)[0];y.parentNode.insertBefore(t,y);\n\t\t})(window, document, \"clarity\", \"script\", \"bfabkyl83n\");\n\t\t<\/script>\n\t\t<!-- All in One SEO Pro -->\r\n\t\t<title>Kiosque | Durable | FiberWood<\/title>\n\n","aioseo_head_json":{"title":"Kiosque | Durable | FiberWood","description":"NOTRE ENGAGEMENT VIS-\u00c0-VIS NOS CLIENTS ET LA PLAN\u00c8TE Durabilit\u00e9 haut de gamme. Con\u00e7u pour respecter la plan\u00e8te. Notre composite de bois est un mat\u00e9riau de tr\u00e8s haute qualit\u00e9, fabriqu\u00e9 \u00e0 partir de plus de 90 % de contenu recycl\u00e9, dont 60 % de poudre de bois d\u2019eucalyptus, 30 % de plastique recycl\u00e9 post-consommation, et 10 % d\u2019additifs non toxiques","canonical_url":"https:\/\/www.fiberwood.ca\/fr\/kiosque\/durable\/","robots":"max-image-preview:large","keywords":"","webmasterTools":{"google-site-verification":"wakbDbH7CGUhDKT81iv3l311nmyWlYfqhph7BR2JgHQ","msvalidate.01":"F9D2A6256296D6AAC106F746E9C87936","miscellaneous":""},"schema":{"@context":"https:\/\/schema.org","@graph":[{"@type":"BreadcrumbList","@id":"https:\/\/www.fiberwood.ca\/fr\/kiosque\/durable\/#breadcrumblist","itemListElement":[{"@type":"ListItem","@id":"https:\/\/www.fiberwood.ca\/fr\/#listItem","position":2,"name":"Home","item":"https:\/\/www.fiberwood.ca\/fr\/","nextItem":{"@type":"ListItem","@id":"https:\/\/www.fiberwood.ca\/fr\/kiosque\/#listItem","name":"Kiosque | Accueil"},"previousItem":{"@type":"ListItem","@id":"#listItem","name":"You are here"}},{"@type":"ListItem","@id":"https:\/\/www.fiberwood.ca\/fr\/kiosque\/#listItem","position":3,"name":"Kiosque | Accueil","item":"https:\/\/www.fiberwood.ca\/fr\/kiosque\/","nextItem":{"@type":"ListItem","@id":"https:\/\/www.fiberwood.ca\/fr\/kiosque\/durable\/#listItem","name":"Kiosque | Durable"},"previousItem":{"@type":"ListItem","@id":"https:\/\/www.fiberwood.ca\/fr\/#listItem","name":"Home"}},{"@type":"ListItem","@id":"https:\/\/www.fiberwood.ca\/fr\/kiosque\/durable\/#listItem","position":4,"name":"Kiosque | Durable","previousItem":{"@type":"ListItem","@id":"https:\/\/www.fiberwood.ca\/fr\/kiosque\/#listItem","name":"Kiosque | Accueil"}}]},{"@type":"Organization","@id":"https:\/\/www.fiberwood.ca\/fr\/#organization","name":"FiberWood","description":"Bois composite","url":"https:\/\/www.fiberwood.ca\/fr\/","email":"info@fiberwood.ca","telephone":"+18883601866","sameAs":["https:\/\/www.facebook.com\/FiberWood.Canada\/","https:\/\/www.instagram.com\/fiberwood.canada\/","https:\/\/www.tiktok.com\/@fiberwood","https:\/\/ca.linkedin.com\/company\/fiberwood","https:\/\/www.yelp.ca\/biz\/fiberwood-bois-des-filion"],"address":{"@id":"https:\/\/www.fiberwood.ca\/fr\/#postaladdress","@type":"PostalAddress","streetAddress":"829 Boulevard Industriel, #105","postalCode":"J6Z 4T3","addressLocality":"Bois-des-Filion","addressRegion":"Quebec","addressCountry":"CA"}},{"@type":"WebPage","@id":"https:\/\/www.fiberwood.ca\/fr\/kiosque\/durable\/#webpage","url":"https:\/\/www.fiberwood.ca\/fr\/kiosque\/durable\/","name":"Kiosque | Durable | FiberWood","description":"NOTRE ENGAGEMENT VIS-\u00c0-VIS NOS CLIENTS ET LA PLAN\u00c8TE Durabilit\u00e9 haut de gamme. Con\u00e7u pour respecter la plan\u00e8te. Notre composite de bois est un mat\u00e9riau de tr\u00e8s haute qualit\u00e9, fabriqu\u00e9 \u00e0 partir de plus de 90 % de contenu recycl\u00e9, dont 60 % de poudre de bois d\u2019eucalyptus, 30 % de plastique recycl\u00e9 post-consommation, et 10 % d\u2019additifs non toxiques","inLanguage":"fr-CA","isPartOf":{"@id":"https:\/\/www.fiberwood.ca\/fr\/#website"},"breadcrumb":{"@id":"https:\/\/www.fiberwood.ca\/fr\/kiosque\/durable\/#breadcrumblist"},"datePublished":"2025-05-27T12:18:17-04:00","dateModified":"2025-06-05T16:16:01-04:00"},{"@type":"WebSite","@id":"https:\/\/www.fiberwood.ca\/fr\/#website","url":"https:\/\/www.fiberwood.ca\/fr\/","name":"FiberWood","description":"Bois composite","inLanguage":"fr-CA","publisher":{"@id":"https:\/\/www.fiberwood.ca\/fr\/#organization"}}]},"og:locale":"fr_CA","og:site_name":"FiberWood | Bois composite","og:type":"article","og:title":"Kiosque | Durable | FiberWood","og:description":"NOTRE ENGAGEMENT VIS-\u00c0-VIS NOS CLIENTS ET LA PLAN\u00c8TE Durabilit\u00e9 haut de gamme. Con\u00e7u pour respecter la plan\u00e8te. Notre composite de bois est un mat\u00e9riau de tr\u00e8s haute qualit\u00e9, fabriqu\u00e9 \u00e0 partir de plus de 90 % de contenu recycl\u00e9, dont 60 % de poudre de bois d\u2019eucalyptus, 30 % de plastique recycl\u00e9 post-consommation, et 10 % d\u2019additifs non toxiques","og:url":"https:\/\/www.fiberwood.ca\/fr\/kiosque\/durable\/","article:published_time":"2025-05-27T16:18:17+00:00","article:modified_time":"2025-06-05T20:16:01+00:00","article:publisher":"https:\/\/www.facebook.com\/FiberWood.Canada\/","twitter:card":"summary","twitter:title":"Kiosque | Durable | FiberWood","twitter:description":"NOTRE ENGAGEMENT VIS-\u00c0-VIS NOS CLIENTS ET LA PLAN\u00c8TE Durabilit\u00e9 haut de gamme. Con\u00e7u pour respecter la plan\u00e8te. Notre composite de bois est un mat\u00e9riau de tr\u00e8s haute qualit\u00e9, fabriqu\u00e9 \u00e0 partir de plus de 90 % de contenu recycl\u00e9, dont 60 % de poudre de bois d\u2019eucalyptus, 30 % de plastique recycl\u00e9 post-consommation, et 10 % d\u2019additifs non toxiques"},"aioseo_meta_data":{"post_id":"68392","title":null,"description":null,"keywords":null,"keyphrases":{"focus":{"keyphrase":"","score":0,"analysis":{"keyphraseInTitle":{"score":0,"maxScore":9,"error":1}}},"additional":[]},"primary_term":null,"canonical_url":null,"og_title":null,"og_description":null,"og_object_type":"default","og_image_type":"default","og_image_url":null,"og_image_width":null,"og_image_height":null,"og_image_custom_url":null,"og_image_custom_fields":null,"og_video":"","og_custom_url":null,"og_article_section":null,"og_article_tags":null,"twitter_use_og":false,"twitter_card":"default","twitter_image_type":"default","twitter_image_url":null,"twitter_image_custom_url":null,"twitter_image_custom_fields":null,"twitter_title":null,"twitter_description":null,"schema":{"blockGraphs":[],"customGraphs":[],"default":{"data":{"Article":[],"Course":[],"Dataset":[],"FAQPage":[],"Movie":[],"Person":[],"Product":[],"ProductReview":[],"Car":[],"Recipe":[],"Service":[],"SoftwareApplication":[],"WebPage":[]},"graphName":"WebPage","isEnabled":true},"graphs":[]},"schema_type":"default","schema_type_options":null,"pillar_content":false,"robots_default":true,"robots_noindex":false,"robots_noarchive":false,"robots_nosnippet":false,"robots_nofollow":false,"robots_noimageindex":false,"robots_noodp":false,"robots_notranslate":false,"robots_max_snippet":"-1","robots_max_videopreview":"-1","robots_max_imagepreview":"large","priority":null,"frequency":"default","local_seo":null,"seo_analyzer_scan_date":"2025-08-19 22:20:24","breadcrumb_settings":null,"limit_modified_date":false,"reviewed_by":null,"open_ai":"{\"title\":{\"suggestions\":[],\"usage\":0},\"description\":{\"suggestions\":[],\"usage\":0}}","ai":null,"created":"2025-05-27 16:18:13","updated":"2025-11-27 04:05:05"},"aioseo_breadcrumb":"<div class=\"aioseo-breadcrumbs\"><span class=\"aioseo-breadcrumb\">\n\tYou are here\n<\/span><span class=\"aioseo-breadcrumb-separator\">\u00bb<\/span><span class=\"aioseo-breadcrumb\">\n\t<a href=\"https:\/\/www.fiberwood.ca\/fr\/\" title=\"Home\">Home<\/a>\n<\/span><span class=\"aioseo-breadcrumb-separator\">\u00bb<\/span><span class=\"aioseo-breadcrumb\">\n\t<a href=\"https:\/\/www.fiberwood.ca\/fr\/kiosque\/\" title=\"Kiosque | Accueil\">Kiosque | Accueil<\/a>\n<\/span><span class=\"aioseo-breadcrumb-separator\">\u00bb<\/span><span class=\"aioseo-breadcrumb\">\n\tKiosque | Durable\n<\/span><\/div>","aioseo_breadcrumb_json":[{"label":"You are here","link":""},{"label":"Home","link":"https:\/\/www.fiberwood.ca\/fr\/"},{"label":"Kiosque | Accueil","link":"https:\/\/www.fiberwood.ca\/fr\/kiosque\/"},{"label":"Kiosque | Durable","link":"https:\/\/www.fiberwood.ca\/fr\/kiosque\/durable\/"}],"_links":{"self":[{"href":"https:\/\/www.fiberwood.ca\/fr\/wp-json\/wp\/v2\/pages\/68392","targetHints":{"allow":["GET"]}}],"collection":[{"href":"https:\/\/www.fiberwood.ca\/fr\/wp-json\/wp\/v2\/pages"}],"about":[{"href":"https:\/\/www.fiberwood.ca\/fr\/wp-json\/wp\/v2\/types\/page"}],"author":[{"embeddable":true,"href":"https:\/\/www.fiberwood.ca\/fr\/wp-json\/wp\/v2\/users\/1"}],"replies":[{"embeddable":true,"href":"https:\/\/www.fiberwood.ca\/fr\/wp-json\/wp\/v2\/comments?post=68392"}],"version-history":[{"count":15,"href":"https:\/\/www.fiberwood.ca\/fr\/wp-json\/wp\/v2\/pages\/68392\/revisions"}],"predecessor-version":[{"id":69923,"href":"https:\/\/www.fiberwood.ca\/fr\/wp-json\/wp\/v2\/pages\/68392\/revisions\/69923"}],"up":[{"embeddable":true,"href":"https:\/\/www.fiberwood.ca\/fr\/wp-json\/wp\/v2\/pages\/67759"}],"wp:attachment":[{"href":"https:\/\/www.fiberwood.ca\/fr\/wp-json\/wp\/v2\/media?parent=68392"}],"wp:term":[{"taxonomy":"category","embeddable":true,"href":"https:\/\/www.fiberwood.ca\/fr\/wp-json\/wp\/v2\/categories?post=68392"},{"taxonomy":"city","embeddable":true,"href":"https:\/\/www.fiberwood.ca\/fr\/wp-json\/wp\/v2\/city?post=68392"},{"taxonomy":"province","embeddable":true,"href":"https:\/\/www.fiberwood.ca\/fr\/wp-json\/wp\/v2\/province?post=68392"},{"taxonomy":"region","embeddable":true,"href":"https:\/\/www.fiberwood.ca\/fr\/wp-json\/wp\/v2\/region?post=68392"},{"taxonomy":"board","embeddable":true,"href":"https:\/\/www.fiberwood.ca\/fr\/wp-json\/wp\/v2\/board?post=68392"}],"curies":[{"name":"wp","href":"https:\/\/api.w.org\/{rel}","templated":true}]}}