{"id":18260,"date":"2023-12-04T08:10:20","date_gmt":"2023-12-04T13:10:20","guid":{"rendered":"https:\/\/www.fiberwood.ca\/product\/decking-board-avantage-sample-rich-maple-vintage-brown-6-inches\/"},"modified":"2025-06-03T09:15:44","modified_gmt":"2025-06-03T13:15:44","slug":"terrasse-planche-avantage-erable-echantillon-3-pouces","status":"publish","type":"product","link":"https:\/\/www.fiberwood.ca\/fr\/produit\/terrasse-planche-avantage-erable-echantillon-3-pouces\/","title":{"rendered":"Planche de terrasse en composite \u00c9dition Avantage, couleur \u00c9rable \u2013 \u00c9chantillon 3\u00a0\u00bb"},"content":{"rendered":"<p data-start=\"860\" data-end=\"967\"><strong data-start=\"860\" data-end=\"967\">Appr\u00e9ciez la chaleur naturelle de l\u2019\u00e9dition Avantage de FiberWood avec cet \u00e9chantillon de 3&Prime; en \u00e9rable.<\/strong><\/p>\n<p data-start=\"969\" data-end=\"1248\">Cette planche de terrasse en composite offre un ton bois r\u00e9aliste avec une finition bross\u00e9e qui accentue sa texture et son esth\u00e9tique. Con\u00e7ue \u00e0 partir de bois et plastique recycl\u00e9s, elle est fabriqu\u00e9e gr\u00e2ce \u00e0 une technologie de coextrusion alliant durabilit\u00e9 et faible entretien.<\/p>\n<p data-start=\"1250\" data-end=\"1371\">Adapt\u00e9e aux conditions climatiques du Canada, elle r\u00e9siste \u00e0 la d\u00e9coloration, \u00e0 l\u2019humidit\u00e9, \u00e0 la moisissure et aux chocs.<\/p>\n<p data-start=\"1373\" data-end=\"1510\">Cet \u00e9chantillon de 3&Prime; vous permet de tester la couleur, la texture et la qualit\u00e9 avant d\u2019entreprendre votre projet de patio en composite.<\/p>\n","protected":false},"excerpt":{"rendered":"<p data-start=\"387\" data-end=\"539\">\u00c9chantillon de planche de terrasse FiberWood, \u00e9dition Avantage, en \u00e9rable. Finition bross\u00e9e et ton chaleureux \u2014 parfait pour valider avant votre projet.<\/p>\n<p data-start=\"541\" data-end=\"563\"><strong data-start=\"541\" data-end=\"561\">Sp\u00e9cifications :<\/strong><\/p>\n<ul data-start=\"564\" data-end=\"817\">\n<li data-start=\"564\" data-end=\"590\">\n<p data-start=\"566\" data-end=\"590\"><strong data-start=\"566\" data-end=\"579\">\u00c9dition :<\/strong> Avantage<\/p>\n<\/li>\n<li data-start=\"591\" data-end=\"615\">\n<p data-start=\"593\" data-end=\"615\"><strong data-start=\"593\" data-end=\"606\">Couleur :<\/strong> \u00c9rable<\/p>\n<\/li>\n<li data-start=\"616\" data-end=\"657\">\n<p data-start=\"618\" data-end=\"657\"><strong data-start=\"618\" data-end=\"633\">Cat\u00e9gorie :<\/strong> Terrasse en composite<\/p>\n<\/li>\n<li data-start=\"658\" data-end=\"701\">\n<p data-start=\"660\" data-end=\"701\"><strong data-start=\"660\" data-end=\"690\">Largeur de l\u2019\u00e9chantillon :<\/strong> 3 pouces<\/p>\n<\/li>\n<li data-start=\"702\" data-end=\"749\">\n<p data-start=\"704\" data-end=\"749\"><strong data-start=\"704\" data-end=\"718\">Mat\u00e9riau :<\/strong> Composite de bois, coextrud\u00e9<\/p>\n<\/li>\n<li data-start=\"750\" data-end=\"817\">\n<p data-start=\"752\" data-end=\"817\"><strong data-start=\"752\" data-end=\"769\">Utilisation :<\/strong> Terrasse ext\u00e9rieure (r\u00e9sidentiel et commercial)<\/p>\n<\/li>\n<\/ul>\n","protected":false},"featured_media":69665,"template":"","meta":[],"product_brand":[],"product_cat":[1011],"product_tag":[],"collections":[],"brands":[1530],"edition":[1248],"manufacturing-process":[1531],"class_list":{"0":"post-18260","1":"product","2":"type-product","3":"status-publish","4":"has-post-thumbnail","6":"product_cat-terrasse","7":"product_shipping_class-classe-expedition-echantillons","8":"pa_decking-color-terrasse-erable","9":"brands-fiberwood","10":"edition-avantage","11":"manufacturing-process-composite-co-extrusion","13":"first","14":"instock","15":"taxable","16":"shipping-taxable","17":"purchasable","18":"product-type-simple"},"aioseo_notices":[],"aioseo_head":"\n\t\t<!-- All in One SEO Pro 4.9.5.2 - aioseo.com -->\n\t<meta name=\"description\" content=\"\u00c9chantillon 3&quot; FiberWood Avantage \u00e9rable. Terrasse composite durable, finition bross\u00e9e, parfait pour valider ton et texture avant le projet.\" \/>\n\t<meta name=\"robots\" content=\"max-image-preview:large\" \/>\n\t<meta name=\"google-site-verification\" content=\"wakbDbH7CGUhDKT81iv3l311nmyWlYfqhph7BR2JgHQ\" \/>\n\t<meta name=\"msvalidate.01\" content=\"F9D2A6256296D6AAC106F746E9C87936\" \/>\n\t<link rel=\"canonical\" href=\"https:\/\/www.fiberwood.ca\/fr\/produit\/terrasse-planche-avantage-erable-echantillon-3-pouces\/\" \/>\n\t<meta name=\"generator\" content=\"All in One SEO Pro (AIOSEO) 4.9.5.2\" \/>\n\t\t<meta property=\"og:locale\" content=\"fr_CA\" \/>\n\t\t<meta property=\"og:site_name\" content=\"FiberWood | Bois composite\" \/>\n\t\t<meta property=\"og:type\" content=\"article\" \/>\n\t\t<meta property=\"og:title\" content=\"FiberWood Terrasse Avantage \u2013 \u00c9rable \u2013 \u00c9chantillon 3&quot;\" \/>\n\t\t<meta property=\"og:description\" content=\"\u00c9chantillon 3&quot; FiberWood Avantage \u00e9rable. Terrasse composite durable, finition bross\u00e9e, parfait pour valider ton et texture avant le projet.\" \/>\n\t\t<meta property=\"og:url\" content=\"https:\/\/www.fiberwood.ca\/fr\/produit\/terrasse-planche-avantage-erable-echantillon-3-pouces\/\" \/>\n\t\t<meta property=\"og:image\" content=\"https:\/\/www.fiberwood.ca\/wp-content\/uploads\/2025\/05\/AVANTAGE-RICHMAPLE.png\" \/>\n\t\t<meta property=\"og:image:secure_url\" content=\"https:\/\/www.fiberwood.ca\/wp-content\/uploads\/2025\/05\/AVANTAGE-RICHMAPLE.png\" \/>\n\t\t<meta property=\"og:image:width\" content=\"800\" \/>\n\t\t<meta property=\"og:image:height\" content=\"800\" \/>\n\t\t<meta property=\"article:published_time\" content=\"2023-12-04T13:10:20+00:00\" \/>\n\t\t<meta property=\"article:modified_time\" content=\"2025-06-03T13:15:44+00:00\" \/>\n\t\t<meta property=\"article:publisher\" content=\"https:\/\/www.facebook.com\/FiberWood.Canada\/\" \/>\n\t\t<meta name=\"twitter:card\" content=\"summary\" \/>\n\t\t<meta name=\"twitter:title\" content=\"FiberWood Terrasse Avantage \u2013 \u00c9rable \u2013 \u00c9chantillon 3&quot;\" \/>\n\t\t<meta name=\"twitter:description\" content=\"\u00c9chantillon 3&quot; FiberWood Avantage \u00e9rable. Terrasse composite durable, finition bross\u00e9e, parfait pour valider ton et texture avant le projet.\" \/>\n\t\t<meta name=\"twitter:image\" content=\"https:\/\/www.fiberwood.ca\/wp-content\/uploads\/2025\/05\/AVANTAGE-RICHMAPLE.png\" \/>\n\t\t<script type=\"application\/ld+json\" class=\"aioseo-schema\">\n\t\t\t{\"@context\":\"https:\\\/\\\/schema.org\",\"@graph\":[{\"@type\":\"BreadcrumbList\",\"@id\":\"https:\\\/\\\/www.fiberwood.ca\\\/fr\\\/produit\\\/terrasse-planche-avantage-erable-echantillon-3-pouces\\\/#breadcrumblist\",\"itemListElement\":[{\"@type\":\"ListItem\",\"@id\":\"https:\\\/\\\/www.fiberwood.ca\\\/fr\\\/#listItem\",\"position\":2,\"name\":\"Home\",\"item\":\"https:\\\/\\\/www.fiberwood.ca\\\/fr\\\/\",\"nextItem\":{\"@type\":\"ListItem\",\"@id\":\"https:\\\/\\\/www.fiberwood.ca\\\/fr\\\/boutique\\\/#listItem\",\"name\":\"Boutique\"},\"previousItem\":{\"@type\":\"ListItem\",\"@id\":\"#listItem\",\"name\":\"You are here\"}},{\"@type\":\"ListItem\",\"@id\":\"https:\\\/\\\/www.fiberwood.ca\\\/fr\\\/boutique\\\/#listItem\",\"position\":3,\"name\":\"Boutique\",\"item\":\"https:\\\/\\\/www.fiberwood.ca\\\/fr\\\/boutique\\\/\",\"nextItem\":{\"@type\":\"ListItem\",\"@id\":\"https:\\\/\\\/www.fiberwood.ca\\\/fr\\\/categorie-produit\\\/terrasse\\\/#listItem\",\"name\":\"Terrasse\"},\"previousItem\":{\"@type\":\"ListItem\",\"@id\":\"https:\\\/\\\/www.fiberwood.ca\\\/fr\\\/#listItem\",\"name\":\"Home\"}},{\"@type\":\"ListItem\",\"@id\":\"https:\\\/\\\/www.fiberwood.ca\\\/fr\\\/categorie-produit\\\/terrasse\\\/#listItem\",\"position\":4,\"name\":\"Terrasse\",\"item\":\"https:\\\/\\\/www.fiberwood.ca\\\/fr\\\/categorie-produit\\\/terrasse\\\/\",\"nextItem\":{\"@type\":\"ListItem\",\"@id\":\"https:\\\/\\\/www.fiberwood.ca\\\/fr\\\/produit\\\/terrasse-planche-avantage-erable-echantillon-3-pouces\\\/#listItem\",\"name\":\"Planche de terrasse en composite \\u00c9dition Avantage, couleur \\u00c9rable \\u2013 \\u00c9chantillon 3\\u00a0\\u00bb\"},\"previousItem\":{\"@type\":\"ListItem\",\"@id\":\"https:\\\/\\\/www.fiberwood.ca\\\/fr\\\/boutique\\\/#listItem\",\"name\":\"Boutique\"}},{\"@type\":\"ListItem\",\"@id\":\"https:\\\/\\\/www.fiberwood.ca\\\/fr\\\/produit\\\/terrasse-planche-avantage-erable-echantillon-3-pouces\\\/#listItem\",\"position\":5,\"name\":\"Planche de terrasse en composite \\u00c9dition Avantage, couleur \\u00c9rable \\u2013 \\u00c9chantillon 3\\u00a0\\u00bb\",\"previousItem\":{\"@type\":\"ListItem\",\"@id\":\"https:\\\/\\\/www.fiberwood.ca\\\/fr\\\/categorie-produit\\\/terrasse\\\/#listItem\",\"name\":\"Terrasse\"}}]},{\"@type\":\"Organization\",\"@id\":\"https:\\\/\\\/www.fiberwood.ca\\\/fr\\\/#organization\",\"name\":\"FiberWood\",\"description\":\"Bois composite\",\"url\":\"https:\\\/\\\/www.fiberwood.ca\\\/fr\\\/\",\"email\":\"info@fiberwood.ca\",\"telephone\":\"+18883601866\",\"sameAs\":[\"https:\\\/\\\/www.facebook.com\\\/FiberWood.Canada\\\/\",\"https:\\\/\\\/www.instagram.com\\\/fiberwood.canada\\\/\",\"https:\\\/\\\/www.tiktok.com\\\/@fiberwood\",\"https:\\\/\\\/ca.linkedin.com\\\/company\\\/fiberwood\",\"https:\\\/\\\/www.yelp.ca\\\/biz\\\/fiberwood-bois-des-filion\"],\"address\":{\"@id\":\"https:\\\/\\\/www.fiberwood.ca\\\/fr\\\/#postaladdress\",\"@type\":\"PostalAddress\",\"streetAddress\":\"829 Boulevard Industriel, #105\",\"postalCode\":\"J6Z 4T3\",\"addressLocality\":\"Bois-des-Filion\",\"addressRegion\":\"Quebec\",\"addressCountry\":\"CA\"}},{\"@type\":\"Product\",\"@id\":\"https:\\\/\\\/www.fiberwood.ca\\\/fr\\\/produit\\\/terrasse-planche-avantage-erable-echantillon-3-pouces\\\/#wooCommerceProduct\",\"name\":\"Planche de terrasse en composite \\u00c9dition Avantage, couleur \\u00c9rable \\u2013 \\u00c9chantillon 3''\",\"description\":\"\\u00c9chantillon de planche de terrasse FiberWood, \\u00e9dition Avantage, en \\u00e9rable. Finition bross\\u00e9e et ton chaleureux \\u2014 parfait pour valider avant votre projet.\\r\\nSp\\u00e9cifications :\\r\\n\\r\\n\\r\\n \\t\\r\\n\\u00c9dition : Avantage\\r\\n\\r\\n \\t\\r\\nCouleur : \\u00c9rable\\r\\n\\r\\n \\t\\r\\nCat\\u00e9gorie : Terrasse en composite\\r\\n\\r\\n \\t\\r\\nLargeur de l\\u2019\\u00e9chantillon : 3 pouces\\r\\n\\r\\n \\t\\r\\nMat\\u00e9riau : Composite de bois, coextrud\\u00e9\\r\\n\\r\\n \\t\\r\\nUtilisation : Terrasse ext\\u00e9rieure (r\\u00e9sidentiel et commercial)\",\"url\":\"https:\\\/\\\/www.fiberwood.ca\\\/fr\\\/produit\\\/terrasse-planche-avantage-erable-echantillon-3-pouces\\\/\",\"sku\":\"FW-HS-DECK-RM-3\",\"image\":{\"@type\":\"ImageObject\",\"url\":\"https:\\\/\\\/www.fiberwood.ca\\\/wp-content\\\/uploads\\\/2025\\\/05\\\/AVANTAGE-RICHMAPLE.png\",\"@id\":\"https:\\\/\\\/www.fiberwood.ca\\\/fr\\\/produit\\\/terrasse-planche-avantage-erable-echantillon-3-pouces\\\/#productImage\",\"width\":800,\"height\":800,\"caption\":\"Rich Maple Advantage decking board with warm amber woodgrain finish and interlocking edge\"},\"offers\":{\"@type\":\"Offer\",\"url\":\"https:\\\/\\\/www.fiberwood.ca\\\/fr\\\/produit\\\/terrasse-planche-avantage-erable-echantillon-3-pouces\\\/#wooCommerceOffer\",\"price\":5,\"priceCurrency\":\"CAD\",\"category\":\"Terrasse\",\"availability\":\"https:\\\/\\\/schema.org\\\/InStock\",\"priceSpecification\":{\"@type\":\"PriceSpecification\",\"price\":5,\"priceCurrency\":\"CAD\",\"valueAddedTaxIncluded\":\"true\"},\"seller\":{\"@type\":\"Organization\",\"@id\":\"https:\\\/\\\/www.fiberwood.ca\\\/fr\\\/#organization\"}}},{\"@type\":\"WebPage\",\"@id\":\"https:\\\/\\\/www.fiberwood.ca\\\/fr\\\/produit\\\/terrasse-planche-avantage-erable-echantillon-3-pouces\\\/#webpage\",\"url\":\"https:\\\/\\\/www.fiberwood.ca\\\/fr\\\/produit\\\/terrasse-planche-avantage-erable-echantillon-3-pouces\\\/\",\"name\":\"FiberWood Terrasse Avantage \\u2013 \\u00c9rable \\u2013 \\u00c9chantillon 3\\\"\",\"description\":\"\\u00c9chantillon 3\\\" FiberWood Avantage \\u00e9rable. Terrasse composite durable, finition bross\\u00e9e, parfait pour valider ton et texture avant le projet.\",\"inLanguage\":\"fr-CA\",\"isPartOf\":{\"@id\":\"https:\\\/\\\/www.fiberwood.ca\\\/fr\\\/#website\"},\"breadcrumb\":{\"@id\":\"https:\\\/\\\/www.fiberwood.ca\\\/fr\\\/produit\\\/terrasse-planche-avantage-erable-echantillon-3-pouces\\\/#breadcrumblist\"},\"image\":{\"@type\":\"ImageObject\",\"url\":\"https:\\\/\\\/www.fiberwood.ca\\\/wp-content\\\/uploads\\\/2025\\\/05\\\/AVANTAGE-RICHMAPLE.png\",\"@id\":\"https:\\\/\\\/www.fiberwood.ca\\\/fr\\\/produit\\\/terrasse-planche-avantage-erable-echantillon-3-pouces\\\/#mainImage\",\"width\":800,\"height\":800,\"caption\":\"Rich Maple Advantage decking board with warm amber woodgrain finish and interlocking edge\"},\"primaryImageOfPage\":{\"@id\":\"https:\\\/\\\/www.fiberwood.ca\\\/fr\\\/produit\\\/terrasse-planche-avantage-erable-echantillon-3-pouces\\\/#mainImage\"},\"datePublished\":\"2023-12-04T08:10:20-05:00\",\"dateModified\":\"2025-06-03T09:15:44-04:00\"},{\"@type\":\"WebSite\",\"@id\":\"https:\\\/\\\/www.fiberwood.ca\\\/fr\\\/#website\",\"url\":\"https:\\\/\\\/www.fiberwood.ca\\\/fr\\\/\",\"name\":\"FiberWood\",\"description\":\"Bois composite\",\"inLanguage\":\"fr-CA\",\"publisher\":{\"@id\":\"https:\\\/\\\/www.fiberwood.ca\\\/fr\\\/#organization\"}}]}\n\t\t<\/script>\n\t\t<script type=\"text\/javascript\">\n\t\t\t(function(c,l,a,r,i,t,y){\n\t\t\tc[a]=c[a]||function(){(c[a].q=c[a].q||[]).push(arguments)};t=l.createElement(r);t.async=1;\n\t\t\tt.src=\"https:\/\/www.clarity.ms\/tag\/\"+i+\"?ref=aioseo\";y=l.getElementsByTagName(r)[0];y.parentNode.insertBefore(t,y);\n\t\t})(window, document, \"clarity\", \"script\", \"bfabkyl83n\");\n\t\t<\/script>\n\t\t<!-- All in One SEO Pro -->\r\n\t\t<title>FiberWood Terrasse Avantage \u2013 \u00c9rable \u2013 \u00c9chantillon 3&quot;<\/title>\n\n","aioseo_head_json":{"title":"FiberWood Terrasse Avantage \u2013 \u00c9rable \u2013 \u00c9chantillon 3\"","description":"\u00c9chantillon 3\" FiberWood Avantage \u00e9rable. Terrasse composite durable, finition bross\u00e9e, parfait pour valider ton et texture avant le projet.","canonical_url":"https:\/\/www.fiberwood.ca\/fr\/produit\/terrasse-planche-avantage-erable-echantillon-3-pouces\/","robots":"max-image-preview:large","keywords":"","webmasterTools":{"google-site-verification":"wakbDbH7CGUhDKT81iv3l311nmyWlYfqhph7BR2JgHQ","msvalidate.01":"F9D2A6256296D6AAC106F746E9C87936","miscellaneous":""},"schema":{"@context":"https:\/\/schema.org","@graph":[{"@type":"BreadcrumbList","@id":"https:\/\/www.fiberwood.ca\/fr\/produit\/terrasse-planche-avantage-erable-echantillon-3-pouces\/#breadcrumblist","itemListElement":[{"@type":"ListItem","@id":"https:\/\/www.fiberwood.ca\/fr\/#listItem","position":2,"name":"Home","item":"https:\/\/www.fiberwood.ca\/fr\/","nextItem":{"@type":"ListItem","@id":"https:\/\/www.fiberwood.ca\/fr\/boutique\/#listItem","name":"Boutique"},"previousItem":{"@type":"ListItem","@id":"#listItem","name":"You are here"}},{"@type":"ListItem","@id":"https:\/\/www.fiberwood.ca\/fr\/boutique\/#listItem","position":3,"name":"Boutique","item":"https:\/\/www.fiberwood.ca\/fr\/boutique\/","nextItem":{"@type":"ListItem","@id":"https:\/\/www.fiberwood.ca\/fr\/categorie-produit\/terrasse\/#listItem","name":"Terrasse"},"previousItem":{"@type":"ListItem","@id":"https:\/\/www.fiberwood.ca\/fr\/#listItem","name":"Home"}},{"@type":"ListItem","@id":"https:\/\/www.fiberwood.ca\/fr\/categorie-produit\/terrasse\/#listItem","position":4,"name":"Terrasse","item":"https:\/\/www.fiberwood.ca\/fr\/categorie-produit\/terrasse\/","nextItem":{"@type":"ListItem","@id":"https:\/\/www.fiberwood.ca\/fr\/produit\/terrasse-planche-avantage-erable-echantillon-3-pouces\/#listItem","name":"Planche de terrasse en composite \u00c9dition Avantage, couleur \u00c9rable \u2013 \u00c9chantillon 3\u00a0\u00bb"},"previousItem":{"@type":"ListItem","@id":"https:\/\/www.fiberwood.ca\/fr\/boutique\/#listItem","name":"Boutique"}},{"@type":"ListItem","@id":"https:\/\/www.fiberwood.ca\/fr\/produit\/terrasse-planche-avantage-erable-echantillon-3-pouces\/#listItem","position":5,"name":"Planche de terrasse en composite \u00c9dition Avantage, couleur \u00c9rable \u2013 \u00c9chantillon 3\u00a0\u00bb","previousItem":{"@type":"ListItem","@id":"https:\/\/www.fiberwood.ca\/fr\/categorie-produit\/terrasse\/#listItem","name":"Terrasse"}}]},{"@type":"Organization","@id":"https:\/\/www.fiberwood.ca\/fr\/#organization","name":"FiberWood","description":"Bois composite","url":"https:\/\/www.fiberwood.ca\/fr\/","email":"info@fiberwood.ca","telephone":"+18883601866","sameAs":["https:\/\/www.facebook.com\/FiberWood.Canada\/","https:\/\/www.instagram.com\/fiberwood.canada\/","https:\/\/www.tiktok.com\/@fiberwood","https:\/\/ca.linkedin.com\/company\/fiberwood","https:\/\/www.yelp.ca\/biz\/fiberwood-bois-des-filion"],"address":{"@id":"https:\/\/www.fiberwood.ca\/fr\/#postaladdress","@type":"PostalAddress","streetAddress":"829 Boulevard Industriel, #105","postalCode":"J6Z 4T3","addressLocality":"Bois-des-Filion","addressRegion":"Quebec","addressCountry":"CA"}},{"@type":"Product","@id":"https:\/\/www.fiberwood.ca\/fr\/produit\/terrasse-planche-avantage-erable-echantillon-3-pouces\/#wooCommerceProduct","name":"Planche de terrasse en composite \u00c9dition Avantage, couleur \u00c9rable \u2013 \u00c9chantillon 3''","description":"\u00c9chantillon de planche de terrasse FiberWood, \u00e9dition Avantage, en \u00e9rable. Finition bross\u00e9e et ton chaleureux \u2014 parfait pour valider avant votre projet.\r\nSp\u00e9cifications :\r\n\r\n\r\n \t\r\n\u00c9dition : Avantage\r\n\r\n \t\r\nCouleur : \u00c9rable\r\n\r\n \t\r\nCat\u00e9gorie : Terrasse en composite\r\n\r\n \t\r\nLargeur de l\u2019\u00e9chantillon : 3 pouces\r\n\r\n \t\r\nMat\u00e9riau : Composite de bois, coextrud\u00e9\r\n\r\n \t\r\nUtilisation : Terrasse ext\u00e9rieure (r\u00e9sidentiel et commercial)","url":"https:\/\/www.fiberwood.ca\/fr\/produit\/terrasse-planche-avantage-erable-echantillon-3-pouces\/","sku":"FW-HS-DECK-RM-3","image":{"@type":"ImageObject","url":"https:\/\/www.fiberwood.ca\/wp-content\/uploads\/2025\/05\/AVANTAGE-RICHMAPLE.png","@id":"https:\/\/www.fiberwood.ca\/fr\/produit\/terrasse-planche-avantage-erable-echantillon-3-pouces\/#productImage","width":800,"height":800,"caption":"Rich Maple Advantage decking board with warm amber woodgrain finish and interlocking edge"},"offers":{"@type":"Offer","url":"https:\/\/www.fiberwood.ca\/fr\/produit\/terrasse-planche-avantage-erable-echantillon-3-pouces\/#wooCommerceOffer","price":5,"priceCurrency":"CAD","category":"Terrasse","availability":"https:\/\/schema.org\/InStock","priceSpecification":{"@type":"PriceSpecification","price":5,"priceCurrency":"CAD","valueAddedTaxIncluded":"true"},"seller":{"@type":"Organization","@id":"https:\/\/www.fiberwood.ca\/fr\/#organization"}}},{"@type":"WebPage","@id":"https:\/\/www.fiberwood.ca\/fr\/produit\/terrasse-planche-avantage-erable-echantillon-3-pouces\/#webpage","url":"https:\/\/www.fiberwood.ca\/fr\/produit\/terrasse-planche-avantage-erable-echantillon-3-pouces\/","name":"FiberWood Terrasse Avantage \u2013 \u00c9rable \u2013 \u00c9chantillon 3\"","description":"\u00c9chantillon 3\" FiberWood Avantage \u00e9rable. Terrasse composite durable, finition bross\u00e9e, parfait pour valider ton et texture avant le projet.","inLanguage":"fr-CA","isPartOf":{"@id":"https:\/\/www.fiberwood.ca\/fr\/#website"},"breadcrumb":{"@id":"https:\/\/www.fiberwood.ca\/fr\/produit\/terrasse-planche-avantage-erable-echantillon-3-pouces\/#breadcrumblist"},"image":{"@type":"ImageObject","url":"https:\/\/www.fiberwood.ca\/wp-content\/uploads\/2025\/05\/AVANTAGE-RICHMAPLE.png","@id":"https:\/\/www.fiberwood.ca\/fr\/produit\/terrasse-planche-avantage-erable-echantillon-3-pouces\/#mainImage","width":800,"height":800,"caption":"Rich Maple Advantage decking board with warm amber woodgrain finish and interlocking edge"},"primaryImageOfPage":{"@id":"https:\/\/www.fiberwood.ca\/fr\/produit\/terrasse-planche-avantage-erable-echantillon-3-pouces\/#mainImage"},"datePublished":"2023-12-04T08:10:20-05:00","dateModified":"2025-06-03T09:15:44-04:00"},{"@type":"WebSite","@id":"https:\/\/www.fiberwood.ca\/fr\/#website","url":"https:\/\/www.fiberwood.ca\/fr\/","name":"FiberWood","description":"Bois composite","inLanguage":"fr-CA","publisher":{"@id":"https:\/\/www.fiberwood.ca\/fr\/#organization"}}]},"og:locale":"fr_CA","og:site_name":"FiberWood | Bois composite","og:type":"article","og:title":"FiberWood Terrasse Avantage \u2013 \u00c9rable \u2013 \u00c9chantillon 3&quot;","og:description":"\u00c9chantillon 3&quot; FiberWood Avantage \u00e9rable. Terrasse composite durable, finition bross\u00e9e, parfait pour valider ton et texture avant le projet.","og:url":"https:\/\/www.fiberwood.ca\/fr\/produit\/terrasse-planche-avantage-erable-echantillon-3-pouces\/","og:image":"https:\/\/www.fiberwood.ca\/wp-content\/uploads\/2025\/05\/AVANTAGE-RICHMAPLE.png","og:image:secure_url":"https:\/\/www.fiberwood.ca\/wp-content\/uploads\/2025\/05\/AVANTAGE-RICHMAPLE.png","og:image:width":800,"og:image:height":800,"article:published_time":"2023-12-04T13:10:20+00:00","article:modified_time":"2025-06-03T13:15:44+00:00","article:publisher":"https:\/\/www.facebook.com\/FiberWood.Canada\/","twitter:card":"summary","twitter:title":"FiberWood Terrasse Avantage \u2013 \u00c9rable \u2013 \u00c9chantillon 3&quot;","twitter:description":"\u00c9chantillon 3&quot; FiberWood Avantage \u00e9rable. Terrasse composite durable, finition bross\u00e9e, parfait pour valider ton et texture avant le projet.","twitter:image":"https:\/\/www.fiberwood.ca\/wp-content\/uploads\/2025\/05\/AVANTAGE-RICHMAPLE.png"},"aioseo_meta_data":{"post_id":"18260","title":"FiberWood Terrasse Avantage \u2013 \u00c9rable \u2013 \u00c9chantillon 3\"","description":"\u00c9chantillon 3\" FiberWood Avantage \u00e9rable. Terrasse composite durable, finition bross\u00e9e, parfait pour valider ton et texture avant le projet.","keywords":null,"keyphrases":{"focus":{"keyphrase":"","score":0,"analysis":{"keyphraseInTitle":{"score":0,"maxScore":9,"error":1}}},"additional":[]},"primary_term":null,"canonical_url":null,"og_title":null,"og_description":null,"og_object_type":"default","og_image_type":"default","og_image_url":null,"og_image_width":null,"og_image_height":null,"og_image_custom_url":null,"og_image_custom_fields":null,"og_video":"","og_custom_url":null,"og_article_section":null,"og_article_tags":null,"twitter_use_og":false,"twitter_card":"default","twitter_image_type":"default","twitter_image_url":null,"twitter_image_custom_url":null,"twitter_image_custom_fields":null,"twitter_title":null,"twitter_description":null,"schema":{"blockGraphs":[],"customGraphs":[],"default":{"data":{"Article":[],"Course":[],"Dataset":[],"FAQPage":[],"Movie":[],"Person":[],"Product":[],"ProductReview":[],"Car":[],"Recipe":[],"Service":[],"SoftwareApplication":[],"WebPage":[]},"graphName":"Product","isEnabled":true},"graphs":[]},"schema_type":"default","schema_type_options":null,"pillar_content":false,"robots_default":true,"robots_noindex":false,"robots_noarchive":false,"robots_nosnippet":false,"robots_nofollow":false,"robots_noimageindex":false,"robots_noodp":false,"robots_notranslate":false,"robots_max_snippet":"-1","robots_max_videopreview":"-1","robots_max_imagepreview":"large","priority":null,"frequency":"default","local_seo":null,"seo_analyzer_scan_date":"2025-11-05 01:10:54","breadcrumb_settings":null,"limit_modified_date":false,"reviewed_by":"0","open_ai":"{\"title\":{\"suggestions\":[],\"usage\":0},\"description\":{\"suggestions\":[],\"usage\":0}}","ai":null,"created":"2023-12-04 22:32:37","updated":"2025-11-05 01:10:54"},"aioseo_breadcrumb":"<div class=\"aioseo-breadcrumbs\"><span class=\"aioseo-breadcrumb\">\n\tYou are here\n<\/span><span class=\"aioseo-breadcrumb-separator\">\u00bb<\/span><span class=\"aioseo-breadcrumb\">\n\t<a href=\"https:\/\/www.fiberwood.ca\/fr\/\" title=\"Home\">Home<\/a>\n<\/span><span class=\"aioseo-breadcrumb-separator\">\u00bb<\/span><span class=\"aioseo-breadcrumb\">\n\t<a href=\"https:\/\/www.fiberwood.ca\/fr\/boutique\/\" title=\"Boutique\">Boutique<\/a>\n<\/span><span class=\"aioseo-breadcrumb-separator\">\u00bb<\/span><span class=\"aioseo-breadcrumb\">\n\t<a href=\"https:\/\/www.fiberwood.ca\/fr\/categorie-produit\/terrasse\/\" title=\"Terrasse\">Terrasse<\/a>\n<\/span><span class=\"aioseo-breadcrumb-separator\">\u00bb<\/span><span class=\"aioseo-breadcrumb\">\n\tPlanche de terrasse en composite \u00c9dition Avantage, couleur \u00c9rable \u2013 \u00c9chantillon 3 \u00bb\n<\/span><\/div>","aioseo_breadcrumb_json":[{"label":"You are here","link":""},{"label":"Home","link":"https:\/\/www.fiberwood.ca\/fr\/"},{"label":"Boutique","link":"https:\/\/www.fiberwood.ca\/fr\/boutique\/"},{"label":"Terrasse","link":"https:\/\/www.fiberwood.ca\/fr\/categorie-produit\/terrasse\/"},{"label":"Planche de terrasse en composite \u00c9dition Avantage, couleur \u00c9rable \u2013 \u00c9chantillon 3\u00a0\u00bb","link":"https:\/\/www.fiberwood.ca\/fr\/produit\/terrasse-planche-avantage-erable-echantillon-3-pouces\/"}],"_links":{"self":[{"href":"https:\/\/www.fiberwood.ca\/fr\/wp-json\/wp\/v2\/product\/18260","targetHints":{"allow":["GET"]}}],"collection":[{"href":"https:\/\/www.fiberwood.ca\/fr\/wp-json\/wp\/v2\/product"}],"about":[{"href":"https:\/\/www.fiberwood.ca\/fr\/wp-json\/wp\/v2\/types\/product"}],"version-history":[{"count":14,"href":"https:\/\/www.fiberwood.ca\/fr\/wp-json\/wp\/v2\/product\/18260\/revisions"}],"predecessor-version":[{"id":69492,"href":"https:\/\/www.fiberwood.ca\/fr\/wp-json\/wp\/v2\/product\/18260\/revisions\/69492"}],"wp:featuredmedia":[{"embeddable":true,"href":"https:\/\/www.fiberwood.ca\/fr\/wp-json\/wp\/v2\/media\/69665"}],"wp:attachment":[{"href":"https:\/\/www.fiberwood.ca\/fr\/wp-json\/wp\/v2\/media?parent=18260"}],"wp:term":[{"taxonomy":"product_brand","embeddable":true,"href":"https:\/\/www.fiberwood.ca\/fr\/wp-json\/wp\/v2\/product_brand?post=18260"},{"taxonomy":"product_cat","embeddable":true,"href":"https:\/\/www.fiberwood.ca\/fr\/wp-json\/wp\/v2\/product_cat?post=18260"},{"taxonomy":"product_tag","embeddable":true,"href":"https:\/\/www.fiberwood.ca\/fr\/wp-json\/wp\/v2\/product_tag?post=18260"},{"taxonomy":"collections","embeddable":true,"href":"https:\/\/www.fiberwood.ca\/fr\/wp-json\/wp\/v2\/collections?post=18260"},{"taxonomy":"brands","embeddable":true,"href":"https:\/\/www.fiberwood.ca\/fr\/wp-json\/wp\/v2\/brands?post=18260"},{"taxonomy":"edition","embeddable":true,"href":"https:\/\/www.fiberwood.ca\/fr\/wp-json\/wp\/v2\/edition?post=18260"},{"taxonomy":"manufacturing-process","embeddable":true,"href":"https:\/\/www.fiberwood.ca\/fr\/wp-json\/wp\/v2\/manufacturing-process?post=18260"}],"curies":[{"name":"wp","href":"https:\/\/api.w.org\/{rel}","templated":true}]}}