{"id":18272,"date":"2023-12-04T09:16:49","date_gmt":"2023-12-04T14:16:49","guid":{"rendered":"https:\/\/www.fiberwood.ca\/product\/cladding-board-classic-sample-teak-6-inches\/"},"modified":"2025-06-02T10:12:23","modified_gmt":"2025-06-02T14:12:23","slug":"revetement-planche-classique-echantillon-teck-3-pouces","status":"publish","type":"product","link":"https:\/\/www.fiberwood.ca\/fr\/produit\/revetement-planche-classique-echantillon-teck-3-pouces\/","title":{"rendered":"Rev\u00eatement mural en composite de bois \u00c9dition Classique, couleur Teck \u2013 \u00c9chantillon 3\u00a0\u00bb"},"content":{"rendered":"<p data-start=\"903\" data-end=\"1042\"><strong data-start=\"903\" data-end=\"1042\">D\u00e9couvrez la qualit\u00e9 FiberWood avec cet \u00e9chantillon de 3&Prime; de notre planche de rev\u00eatement en composite, \u00e9dition Classique, couleur Teck.<\/strong><\/p>\n<p data-start=\"1044\" data-end=\"1313\">Fabriqu\u00e9 gr\u00e2ce \u00e0 une technologie de coextrusion avanc\u00e9e, cet \u00e9chantillon met en valeur l\u2019esth\u00e9tique, la texture et la durabilit\u00e9 de notre rev\u00eatement haut de gamme. Con\u00e7u \u00e0 partir de bois recycl\u00e9 et de plastique, il offre l\u2019apparence naturelle du bois, sans l\u2019entretien.<\/p>\n<p data-start=\"1315\" data-end=\"1504\">Parfait pour les murs ext\u00e9rieurs et int\u00e9rieurs, notre rev\u00eatement r\u00e9siste \u00e0 la d\u00e9coloration, \u00e0 l\u2019humidit\u00e9, \u00e0 la moisissure et aux impacts \u2014 id\u00e9al pour les conditions climatiques canadiennes.<\/p>\n<p data-start=\"1506\" data-end=\"1690\">Que vous soyez propri\u00e9taire, architecte ou entrepreneur, cet \u00e9chantillon vous permet de toucher le mat\u00e9riau et de visualiser le rendu final avant de proc\u00e9der \u00e0 l\u2019installation compl\u00e8te.<\/p>\n","protected":false},"excerpt":{"rendered":"<p data-start=\"403\" data-end=\"576\">Planche de rev\u00eatement en composite de bois coextrud\u00e9 FiberWood, \u00e9dition Classique, couleur Teck. Id\u00e9ale pour tester la finition, la texture et la couleur avant votre projet.<\/p>\n<p data-start=\"578\" data-end=\"600\"><strong data-start=\"578\" data-end=\"598\">Sp\u00e9cifications :<\/strong><\/p>\n<ul data-start=\"601\" data-end=\"860\">\n<li data-start=\"601\" data-end=\"628\">\n<p data-start=\"603\" data-end=\"628\"><strong data-start=\"603\" data-end=\"616\">\u00c9dition :<\/strong> Classique<\/p>\n<\/li>\n<li data-start=\"629\" data-end=\"651\">\n<p data-start=\"631\" data-end=\"651\"><strong data-start=\"631\" data-end=\"644\">Couleur :<\/strong> Teck<\/p>\n<\/li>\n<li data-start=\"652\" data-end=\"703\">\n<p data-start=\"654\" data-end=\"703\"><strong data-start=\"654\" data-end=\"669\">Cat\u00e9gorie :<\/strong> Rev\u00eatement en composite de bois<\/p>\n<\/li>\n<li data-start=\"704\" data-end=\"747\">\n<p data-start=\"706\" data-end=\"747\"><strong data-start=\"706\" data-end=\"736\">Largeur de l\u2019\u00e9chantillon :<\/strong> 3 pouces<\/p>\n<\/li>\n<li data-start=\"748\" data-end=\"795\">\n<p data-start=\"750\" data-end=\"795\"><strong data-start=\"750\" data-end=\"764\">Mat\u00e9riau :<\/strong> Composite de bois, coextrud\u00e9<\/p>\n<\/li>\n<li data-start=\"796\" data-end=\"860\">\n<p data-start=\"798\" data-end=\"860\"><strong data-start=\"798\" data-end=\"815\">Utilisation :<\/strong> Rev\u00eatement mural (r\u00e9sidentiel et commercial)<\/p>\n<\/li>\n<\/ul>\n","protected":false},"featured_media":18883,"template":"","meta":[],"product_brand":[],"product_cat":[1012],"product_tag":[],"collections":[],"brands":[1530],"edition":[1527],"manufacturing-process":[1531],"class_list":{"0":"post-18272","1":"product","2":"type-product","3":"status-publish","4":"has-post-thumbnail","6":"product_cat-revetement","7":"product_shipping_class-classe-expedition-echantillons","8":"pa_cladding-color-revetement-teck","9":"brands-fiberwood","10":"edition-classique","11":"manufacturing-process-composite-co-extrusion","13":"first","14":"instock","15":"taxable","16":"shipping-taxable","17":"purchasable","18":"product-type-simple"},"aioseo_notices":[],"aioseo_head":"\n\t\t<!-- All in One SEO Pro 4.9.5.2 - aioseo.com -->\n\t<meta name=\"description\" content=\"\u00c9chantillon 3&quot; du rev\u00eatement FiberWood Classique Teck. Id\u00e9al pour tester texture et couleur avant votre projet.\" \/>\n\t<meta name=\"robots\" content=\"max-image-preview:large\" \/>\n\t<meta name=\"google-site-verification\" content=\"wakbDbH7CGUhDKT81iv3l311nmyWlYfqhph7BR2JgHQ\" \/>\n\t<meta name=\"msvalidate.01\" content=\"F9D2A6256296D6AAC106F746E9C87936\" \/>\n\t<link rel=\"canonical\" href=\"https:\/\/www.fiberwood.ca\/fr\/produit\/revetement-planche-classique-echantillon-teck-3-pouces\/\" \/>\n\t<meta name=\"generator\" content=\"All in One SEO Pro (AIOSEO) 4.9.5.2\" \/>\n\t\t<meta property=\"og:locale\" content=\"fr_CA\" \/>\n\t\t<meta property=\"og:site_name\" content=\"FiberWood | Bois composite\" \/>\n\t\t<meta property=\"og:type\" content=\"article\" \/>\n\t\t<meta property=\"og:title\" content=\"FiberWood Rev\u00eatement Classique \u2013 Teck \u2013 \u00c9chantillon 3&quot;\" \/>\n\t\t<meta property=\"og:description\" content=\"\u00c9chantillon 3&quot; du rev\u00eatement FiberWood Classique Teck. Id\u00e9al pour tester texture et couleur avant votre projet.\" \/>\n\t\t<meta property=\"og:url\" content=\"https:\/\/www.fiberwood.ca\/fr\/produit\/revetement-planche-classique-echantillon-teck-3-pouces\/\" \/>\n\t\t<meta property=\"og:image\" content=\"https:\/\/www.fiberwood.ca\/wp-content\/uploads\/2023\/12\/WC-C-TEAK-6P-006.png\" \/>\n\t\t<meta property=\"og:image:secure_url\" content=\"https:\/\/www.fiberwood.ca\/wp-content\/uploads\/2023\/12\/WC-C-TEAK-6P-006.png\" \/>\n\t\t<meta property=\"og:image:width\" content=\"1000\" \/>\n\t\t<meta property=\"og:image:height\" content=\"1000\" \/>\n\t\t<meta property=\"article:published_time\" content=\"2023-12-04T14:16:49+00:00\" \/>\n\t\t<meta property=\"article:modified_time\" content=\"2025-06-02T14:12:23+00:00\" \/>\n\t\t<meta property=\"article:publisher\" content=\"https:\/\/www.facebook.com\/FiberWood.Canada\/\" \/>\n\t\t<meta name=\"twitter:card\" content=\"summary\" \/>\n\t\t<meta name=\"twitter:title\" content=\"FiberWood Rev\u00eatement Classique \u2013 Teck \u2013 \u00c9chantillon 3&quot;\" \/>\n\t\t<meta name=\"twitter:description\" content=\"\u00c9chantillon 3&quot; du rev\u00eatement FiberWood Classique Teck. Id\u00e9al pour tester texture et couleur avant votre projet.\" \/>\n\t\t<meta name=\"twitter:image\" content=\"https:\/\/www.fiberwood.ca\/wp-content\/uploads\/2023\/12\/WC-C-TEAK-6P-006.png\" \/>\n\t\t<script type=\"application\/ld+json\" class=\"aioseo-schema\">\n\t\t\t{\"@context\":\"https:\\\/\\\/schema.org\",\"@graph\":[{\"@type\":\"BreadcrumbList\",\"@id\":\"https:\\\/\\\/www.fiberwood.ca\\\/fr\\\/produit\\\/revetement-planche-classique-echantillon-teck-3-pouces\\\/#breadcrumblist\",\"itemListElement\":[{\"@type\":\"ListItem\",\"@id\":\"https:\\\/\\\/www.fiberwood.ca\\\/fr\\\/#listItem\",\"position\":2,\"name\":\"Home\",\"item\":\"https:\\\/\\\/www.fiberwood.ca\\\/fr\\\/\",\"nextItem\":{\"@type\":\"ListItem\",\"@id\":\"https:\\\/\\\/www.fiberwood.ca\\\/fr\\\/boutique\\\/#listItem\",\"name\":\"Boutique\"},\"previousItem\":{\"@type\":\"ListItem\",\"@id\":\"#listItem\",\"name\":\"You are here\"}},{\"@type\":\"ListItem\",\"@id\":\"https:\\\/\\\/www.fiberwood.ca\\\/fr\\\/boutique\\\/#listItem\",\"position\":3,\"name\":\"Boutique\",\"item\":\"https:\\\/\\\/www.fiberwood.ca\\\/fr\\\/boutique\\\/\",\"nextItem\":{\"@type\":\"ListItem\",\"@id\":\"https:\\\/\\\/www.fiberwood.ca\\\/fr\\\/categorie-produit\\\/revetement\\\/#listItem\",\"name\":\"Rev\\u00eatement\"},\"previousItem\":{\"@type\":\"ListItem\",\"@id\":\"https:\\\/\\\/www.fiberwood.ca\\\/fr\\\/#listItem\",\"name\":\"Home\"}},{\"@type\":\"ListItem\",\"@id\":\"https:\\\/\\\/www.fiberwood.ca\\\/fr\\\/categorie-produit\\\/revetement\\\/#listItem\",\"position\":4,\"name\":\"Rev\\u00eatement\",\"item\":\"https:\\\/\\\/www.fiberwood.ca\\\/fr\\\/categorie-produit\\\/revetement\\\/\",\"nextItem\":{\"@type\":\"ListItem\",\"@id\":\"https:\\\/\\\/www.fiberwood.ca\\\/fr\\\/produit\\\/revetement-planche-classique-echantillon-teck-3-pouces\\\/#listItem\",\"name\":\"Rev\\u00eatement mural en composite de bois \\u00c9dition Classique, couleur Teck \\u2013 \\u00c9chantillon 3\\u00a0\\u00bb\"},\"previousItem\":{\"@type\":\"ListItem\",\"@id\":\"https:\\\/\\\/www.fiberwood.ca\\\/fr\\\/boutique\\\/#listItem\",\"name\":\"Boutique\"}},{\"@type\":\"ListItem\",\"@id\":\"https:\\\/\\\/www.fiberwood.ca\\\/fr\\\/produit\\\/revetement-planche-classique-echantillon-teck-3-pouces\\\/#listItem\",\"position\":5,\"name\":\"Rev\\u00eatement mural en composite de bois \\u00c9dition Classique, couleur Teck \\u2013 \\u00c9chantillon 3\\u00a0\\u00bb\",\"previousItem\":{\"@type\":\"ListItem\",\"@id\":\"https:\\\/\\\/www.fiberwood.ca\\\/fr\\\/categorie-produit\\\/revetement\\\/#listItem\",\"name\":\"Rev\\u00eatement\"}}]},{\"@type\":\"Organization\",\"@id\":\"https:\\\/\\\/www.fiberwood.ca\\\/fr\\\/#organization\",\"name\":\"FiberWood\",\"description\":\"Bois composite\",\"url\":\"https:\\\/\\\/www.fiberwood.ca\\\/fr\\\/\",\"email\":\"info@fiberwood.ca\",\"telephone\":\"+18883601866\",\"sameAs\":[\"https:\\\/\\\/www.facebook.com\\\/FiberWood.Canada\\\/\",\"https:\\\/\\\/www.instagram.com\\\/fiberwood.canada\\\/\",\"https:\\\/\\\/www.tiktok.com\\\/@fiberwood\",\"https:\\\/\\\/ca.linkedin.com\\\/company\\\/fiberwood\",\"https:\\\/\\\/www.yelp.ca\\\/biz\\\/fiberwood-bois-des-filion\"],\"address\":{\"@id\":\"https:\\\/\\\/www.fiberwood.ca\\\/fr\\\/#postaladdress\",\"@type\":\"PostalAddress\",\"streetAddress\":\"829 Boulevard Industriel, #105\",\"postalCode\":\"J6Z 4T3\",\"addressLocality\":\"Bois-des-Filion\",\"addressRegion\":\"Quebec\",\"addressCountry\":\"CA\"}},{\"@type\":\"Product\",\"@id\":\"https:\\\/\\\/www.fiberwood.ca\\\/fr\\\/produit\\\/revetement-planche-classique-echantillon-teck-3-pouces\\\/#wooCommerceProduct\",\"name\":\"Rev\\u00eatement mural en composite de bois \\u00c9dition Classique, couleur Teck \\u2013 \\u00c9chantillon 3''\",\"description\":\"Planche de rev\\u00eatement en composite de bois coextrud\\u00e9 FiberWood, \\u00e9dition Classique, couleur Teck. Id\\u00e9ale pour tester la finition, la texture et la couleur avant votre projet.\\r\\nSp\\u00e9cifications :\\r\\n\\r\\n\\r\\n \\t\\r\\n\\u00c9dition : Classique\\r\\n\\r\\n \\t\\r\\nCouleur : Teck\\r\\n\\r\\n \\t\\r\\nCat\\u00e9gorie : Rev\\u00eatement en composite de bois\\r\\n\\r\\n \\t\\r\\nLargeur de l\\u2019\\u00e9chantillon : 3 pouces\\r\\n\\r\\n \\t\\r\\nMat\\u00e9riau : Composite de bois, coextrud\\u00e9\\r\\n\\r\\n \\t\\r\\nUtilisation : Rev\\u00eatement mural (r\\u00e9sidentiel et commercial)\",\"url\":\"https:\\\/\\\/www.fiberwood.ca\\\/fr\\\/produit\\\/revetement-planche-classique-echantillon-teck-3-pouces\\\/\",\"sku\":\"FW-WC-C-TEAK-3\",\"image\":{\"@type\":\"ImageObject\",\"url\":\"https:\\\/\\\/www.fiberwood.ca\\\/wp-content\\\/uploads\\\/2023\\\/12\\\/WC-C-TEAK-6P-006.png\",\"@id\":\"https:\\\/\\\/www.fiberwood.ca\\\/fr\\\/produit\\\/revetement-planche-classique-echantillon-teck-3-pouces\\\/#productImage\",\"width\":1000,\"height\":1000},\"offers\":{\"@type\":\"Offer\",\"url\":\"https:\\\/\\\/www.fiberwood.ca\\\/fr\\\/produit\\\/revetement-planche-classique-echantillon-teck-3-pouces\\\/#wooCommerceOffer\",\"price\":5,\"priceCurrency\":\"CAD\",\"category\":\"Rev\\u00eatement\",\"availability\":\"https:\\\/\\\/schema.org\\\/InStock\",\"priceSpecification\":{\"@type\":\"PriceSpecification\",\"price\":5,\"priceCurrency\":\"CAD\",\"valueAddedTaxIncluded\":\"true\"},\"seller\":{\"@type\":\"Organization\",\"@id\":\"https:\\\/\\\/www.fiberwood.ca\\\/fr\\\/#organization\"}}},{\"@type\":\"WebPage\",\"@id\":\"https:\\\/\\\/www.fiberwood.ca\\\/fr\\\/produit\\\/revetement-planche-classique-echantillon-teck-3-pouces\\\/#webpage\",\"url\":\"https:\\\/\\\/www.fiberwood.ca\\\/fr\\\/produit\\\/revetement-planche-classique-echantillon-teck-3-pouces\\\/\",\"name\":\"FiberWood Rev\\u00eatement Classique \\u2013 Teck \\u2013 \\u00c9chantillon 3\\\"\",\"description\":\"\\u00c9chantillon 3\\\" du rev\\u00eatement FiberWood Classique Teck. Id\\u00e9al pour tester texture et couleur avant votre projet.\",\"inLanguage\":\"fr-CA\",\"isPartOf\":{\"@id\":\"https:\\\/\\\/www.fiberwood.ca\\\/fr\\\/#website\"},\"breadcrumb\":{\"@id\":\"https:\\\/\\\/www.fiberwood.ca\\\/fr\\\/produit\\\/revetement-planche-classique-echantillon-teck-3-pouces\\\/#breadcrumblist\"},\"image\":{\"@type\":\"ImageObject\",\"url\":\"https:\\\/\\\/www.fiberwood.ca\\\/wp-content\\\/uploads\\\/2023\\\/12\\\/WC-C-TEAK-6P-006.png\",\"@id\":\"https:\\\/\\\/www.fiberwood.ca\\\/fr\\\/produit\\\/revetement-planche-classique-echantillon-teck-3-pouces\\\/#mainImage\",\"width\":1000,\"height\":1000},\"primaryImageOfPage\":{\"@id\":\"https:\\\/\\\/www.fiberwood.ca\\\/fr\\\/produit\\\/revetement-planche-classique-echantillon-teck-3-pouces\\\/#mainImage\"},\"datePublished\":\"2023-12-04T09:16:49-05:00\",\"dateModified\":\"2025-06-02T10:12:23-04:00\"},{\"@type\":\"WebSite\",\"@id\":\"https:\\\/\\\/www.fiberwood.ca\\\/fr\\\/#website\",\"url\":\"https:\\\/\\\/www.fiberwood.ca\\\/fr\\\/\",\"name\":\"FiberWood\",\"description\":\"Bois composite\",\"inLanguage\":\"fr-CA\",\"publisher\":{\"@id\":\"https:\\\/\\\/www.fiberwood.ca\\\/fr\\\/#organization\"}}]}\n\t\t<\/script>\n\t\t<script type=\"text\/javascript\">\n\t\t\t(function(c,l,a,r,i,t,y){\n\t\t\tc[a]=c[a]||function(){(c[a].q=c[a].q||[]).push(arguments)};t=l.createElement(r);t.async=1;\n\t\t\tt.src=\"https:\/\/www.clarity.ms\/tag\/\"+i+\"?ref=aioseo\";y=l.getElementsByTagName(r)[0];y.parentNode.insertBefore(t,y);\n\t\t})(window, document, \"clarity\", \"script\", \"bfabkyl83n\");\n\t\t<\/script>\n\t\t<!-- All in One SEO Pro -->\r\n\t\t<title>FiberWood Rev\u00eatement Classique \u2013 Teck \u2013 \u00c9chantillon 3&quot;<\/title>\n\n","aioseo_head_json":{"title":"FiberWood Rev\u00eatement Classique \u2013 Teck \u2013 \u00c9chantillon 3\"","description":"\u00c9chantillon 3\" du rev\u00eatement FiberWood Classique Teck. Id\u00e9al pour tester texture et couleur avant votre projet.","canonical_url":"https:\/\/www.fiberwood.ca\/fr\/produit\/revetement-planche-classique-echantillon-teck-3-pouces\/","robots":"max-image-preview:large","keywords":"","webmasterTools":{"google-site-verification":"wakbDbH7CGUhDKT81iv3l311nmyWlYfqhph7BR2JgHQ","msvalidate.01":"F9D2A6256296D6AAC106F746E9C87936","miscellaneous":""},"schema":{"@context":"https:\/\/schema.org","@graph":[{"@type":"BreadcrumbList","@id":"https:\/\/www.fiberwood.ca\/fr\/produit\/revetement-planche-classique-echantillon-teck-3-pouces\/#breadcrumblist","itemListElement":[{"@type":"ListItem","@id":"https:\/\/www.fiberwood.ca\/fr\/#listItem","position":2,"name":"Home","item":"https:\/\/www.fiberwood.ca\/fr\/","nextItem":{"@type":"ListItem","@id":"https:\/\/www.fiberwood.ca\/fr\/boutique\/#listItem","name":"Boutique"},"previousItem":{"@type":"ListItem","@id":"#listItem","name":"You are here"}},{"@type":"ListItem","@id":"https:\/\/www.fiberwood.ca\/fr\/boutique\/#listItem","position":3,"name":"Boutique","item":"https:\/\/www.fiberwood.ca\/fr\/boutique\/","nextItem":{"@type":"ListItem","@id":"https:\/\/www.fiberwood.ca\/fr\/categorie-produit\/revetement\/#listItem","name":"Rev\u00eatement"},"previousItem":{"@type":"ListItem","@id":"https:\/\/www.fiberwood.ca\/fr\/#listItem","name":"Home"}},{"@type":"ListItem","@id":"https:\/\/www.fiberwood.ca\/fr\/categorie-produit\/revetement\/#listItem","position":4,"name":"Rev\u00eatement","item":"https:\/\/www.fiberwood.ca\/fr\/categorie-produit\/revetement\/","nextItem":{"@type":"ListItem","@id":"https:\/\/www.fiberwood.ca\/fr\/produit\/revetement-planche-classique-echantillon-teck-3-pouces\/#listItem","name":"Rev\u00eatement mural en composite de bois \u00c9dition Classique, couleur Teck \u2013 \u00c9chantillon 3\u00a0\u00bb"},"previousItem":{"@type":"ListItem","@id":"https:\/\/www.fiberwood.ca\/fr\/boutique\/#listItem","name":"Boutique"}},{"@type":"ListItem","@id":"https:\/\/www.fiberwood.ca\/fr\/produit\/revetement-planche-classique-echantillon-teck-3-pouces\/#listItem","position":5,"name":"Rev\u00eatement mural en composite de bois \u00c9dition Classique, couleur Teck \u2013 \u00c9chantillon 3\u00a0\u00bb","previousItem":{"@type":"ListItem","@id":"https:\/\/www.fiberwood.ca\/fr\/categorie-produit\/revetement\/#listItem","name":"Rev\u00eatement"}}]},{"@type":"Organization","@id":"https:\/\/www.fiberwood.ca\/fr\/#organization","name":"FiberWood","description":"Bois composite","url":"https:\/\/www.fiberwood.ca\/fr\/","email":"info@fiberwood.ca","telephone":"+18883601866","sameAs":["https:\/\/www.facebook.com\/FiberWood.Canada\/","https:\/\/www.instagram.com\/fiberwood.canada\/","https:\/\/www.tiktok.com\/@fiberwood","https:\/\/ca.linkedin.com\/company\/fiberwood","https:\/\/www.yelp.ca\/biz\/fiberwood-bois-des-filion"],"address":{"@id":"https:\/\/www.fiberwood.ca\/fr\/#postaladdress","@type":"PostalAddress","streetAddress":"829 Boulevard Industriel, #105","postalCode":"J6Z 4T3","addressLocality":"Bois-des-Filion","addressRegion":"Quebec","addressCountry":"CA"}},{"@type":"Product","@id":"https:\/\/www.fiberwood.ca\/fr\/produit\/revetement-planche-classique-echantillon-teck-3-pouces\/#wooCommerceProduct","name":"Rev\u00eatement mural en composite de bois \u00c9dition Classique, couleur Teck \u2013 \u00c9chantillon 3''","description":"Planche de rev\u00eatement en composite de bois coextrud\u00e9 FiberWood, \u00e9dition Classique, couleur Teck. Id\u00e9ale pour tester la finition, la texture et la couleur avant votre projet.\r\nSp\u00e9cifications :\r\n\r\n\r\n \t\r\n\u00c9dition : Classique\r\n\r\n \t\r\nCouleur : Teck\r\n\r\n \t\r\nCat\u00e9gorie : Rev\u00eatement en composite de bois\r\n\r\n \t\r\nLargeur de l\u2019\u00e9chantillon : 3 pouces\r\n\r\n \t\r\nMat\u00e9riau : Composite de bois, coextrud\u00e9\r\n\r\n \t\r\nUtilisation : Rev\u00eatement mural (r\u00e9sidentiel et commercial)","url":"https:\/\/www.fiberwood.ca\/fr\/produit\/revetement-planche-classique-echantillon-teck-3-pouces\/","sku":"FW-WC-C-TEAK-3","image":{"@type":"ImageObject","url":"https:\/\/www.fiberwood.ca\/wp-content\/uploads\/2023\/12\/WC-C-TEAK-6P-006.png","@id":"https:\/\/www.fiberwood.ca\/fr\/produit\/revetement-planche-classique-echantillon-teck-3-pouces\/#productImage","width":1000,"height":1000},"offers":{"@type":"Offer","url":"https:\/\/www.fiberwood.ca\/fr\/produit\/revetement-planche-classique-echantillon-teck-3-pouces\/#wooCommerceOffer","price":5,"priceCurrency":"CAD","category":"Rev\u00eatement","availability":"https:\/\/schema.org\/InStock","priceSpecification":{"@type":"PriceSpecification","price":5,"priceCurrency":"CAD","valueAddedTaxIncluded":"true"},"seller":{"@type":"Organization","@id":"https:\/\/www.fiberwood.ca\/fr\/#organization"}}},{"@type":"WebPage","@id":"https:\/\/www.fiberwood.ca\/fr\/produit\/revetement-planche-classique-echantillon-teck-3-pouces\/#webpage","url":"https:\/\/www.fiberwood.ca\/fr\/produit\/revetement-planche-classique-echantillon-teck-3-pouces\/","name":"FiberWood Rev\u00eatement Classique \u2013 Teck \u2013 \u00c9chantillon 3\"","description":"\u00c9chantillon 3\" du rev\u00eatement FiberWood Classique Teck. Id\u00e9al pour tester texture et couleur avant votre projet.","inLanguage":"fr-CA","isPartOf":{"@id":"https:\/\/www.fiberwood.ca\/fr\/#website"},"breadcrumb":{"@id":"https:\/\/www.fiberwood.ca\/fr\/produit\/revetement-planche-classique-echantillon-teck-3-pouces\/#breadcrumblist"},"image":{"@type":"ImageObject","url":"https:\/\/www.fiberwood.ca\/wp-content\/uploads\/2023\/12\/WC-C-TEAK-6P-006.png","@id":"https:\/\/www.fiberwood.ca\/fr\/produit\/revetement-planche-classique-echantillon-teck-3-pouces\/#mainImage","width":1000,"height":1000},"primaryImageOfPage":{"@id":"https:\/\/www.fiberwood.ca\/fr\/produit\/revetement-planche-classique-echantillon-teck-3-pouces\/#mainImage"},"datePublished":"2023-12-04T09:16:49-05:00","dateModified":"2025-06-02T10:12:23-04:00"},{"@type":"WebSite","@id":"https:\/\/www.fiberwood.ca\/fr\/#website","url":"https:\/\/www.fiberwood.ca\/fr\/","name":"FiberWood","description":"Bois composite","inLanguage":"fr-CA","publisher":{"@id":"https:\/\/www.fiberwood.ca\/fr\/#organization"}}]},"og:locale":"fr_CA","og:site_name":"FiberWood | Bois composite","og:type":"article","og:title":"FiberWood Rev\u00eatement Classique \u2013 Teck \u2013 \u00c9chantillon 3&quot;","og:description":"\u00c9chantillon 3&quot; du rev\u00eatement FiberWood Classique Teck. Id\u00e9al pour tester texture et couleur avant votre projet.","og:url":"https:\/\/www.fiberwood.ca\/fr\/produit\/revetement-planche-classique-echantillon-teck-3-pouces\/","og:image":"https:\/\/www.fiberwood.ca\/wp-content\/uploads\/2023\/12\/WC-C-TEAK-6P-006.png","og:image:secure_url":"https:\/\/www.fiberwood.ca\/wp-content\/uploads\/2023\/12\/WC-C-TEAK-6P-006.png","og:image:width":1000,"og:image:height":1000,"article:published_time":"2023-12-04T14:16:49+00:00","article:modified_time":"2025-06-02T14:12:23+00:00","article:publisher":"https:\/\/www.facebook.com\/FiberWood.Canada\/","twitter:card":"summary","twitter:title":"FiberWood Rev\u00eatement Classique \u2013 Teck \u2013 \u00c9chantillon 3&quot;","twitter:description":"\u00c9chantillon 3&quot; du rev\u00eatement FiberWood Classique Teck. Id\u00e9al pour tester texture et couleur avant votre projet.","twitter:image":"https:\/\/www.fiberwood.ca\/wp-content\/uploads\/2023\/12\/WC-C-TEAK-6P-006.png"},"aioseo_meta_data":{"post_id":"18272","title":"FiberWood Rev\u00eatement Classique \u2013 Teck \u2013 \u00c9chantillon 3\"","description":"\u00c9chantillon 3\" du rev\u00eatement FiberWood Classique Teck. Id\u00e9al pour tester texture et couleur avant votre projet.","keywords":null,"keyphrases":{"focus":{"keyphrase":"","score":0,"analysis":{"keyphraseInTitle":{"score":0,"maxScore":9,"error":1}}},"additional":[]},"primary_term":null,"canonical_url":null,"og_title":null,"og_description":null,"og_object_type":"default","og_image_type":"default","og_image_url":null,"og_image_width":null,"og_image_height":null,"og_image_custom_url":null,"og_image_custom_fields":null,"og_video":"","og_custom_url":null,"og_article_section":null,"og_article_tags":null,"twitter_use_og":false,"twitter_card":"default","twitter_image_type":"default","twitter_image_url":null,"twitter_image_custom_url":null,"twitter_image_custom_fields":null,"twitter_title":null,"twitter_description":null,"schema":{"blockGraphs":[],"customGraphs":[],"default":{"data":{"Article":[],"Course":[],"Dataset":[],"FAQPage":[],"Movie":[],"Person":[],"Product":[],"ProductReview":[],"Car":[],"Recipe":[],"Service":[],"SoftwareApplication":[],"WebPage":[]},"graphName":"Product","isEnabled":true},"graphs":[]},"schema_type":"default","schema_type_options":null,"pillar_content":false,"robots_default":true,"robots_noindex":false,"robots_noarchive":false,"robots_nosnippet":false,"robots_nofollow":false,"robots_noimageindex":false,"robots_noodp":false,"robots_notranslate":false,"robots_max_snippet":"-1","robots_max_videopreview":"-1","robots_max_imagepreview":"large","priority":null,"frequency":"default","local_seo":null,"seo_analyzer_scan_date":"2025-11-05 01:22:57","breadcrumb_settings":null,"limit_modified_date":false,"reviewed_by":"0","open_ai":"{\"title\":{\"suggestions\":[],\"usage\":0},\"description\":{\"suggestions\":[],\"usage\":0}}","ai":null,"created":"2023-12-04 22:33:49","updated":"2025-11-05 01:22:57"},"aioseo_breadcrumb":"<div class=\"aioseo-breadcrumbs\"><span class=\"aioseo-breadcrumb\">\n\tYou are here\n<\/span><span class=\"aioseo-breadcrumb-separator\">\u00bb<\/span><span class=\"aioseo-breadcrumb\">\n\t<a href=\"https:\/\/www.fiberwood.ca\/fr\/\" title=\"Home\">Home<\/a>\n<\/span><span class=\"aioseo-breadcrumb-separator\">\u00bb<\/span><span class=\"aioseo-breadcrumb\">\n\t<a href=\"https:\/\/www.fiberwood.ca\/fr\/boutique\/\" title=\"Boutique\">Boutique<\/a>\n<\/span><span class=\"aioseo-breadcrumb-separator\">\u00bb<\/span><span class=\"aioseo-breadcrumb\">\n\t<a href=\"https:\/\/www.fiberwood.ca\/fr\/categorie-produit\/revetement\/\" title=\"Rev\u00eatement\">Rev\u00eatement<\/a>\n<\/span><span class=\"aioseo-breadcrumb-separator\">\u00bb<\/span><span class=\"aioseo-breadcrumb\">\n\tRev\u00eatement mural en composite de bois \u00c9dition Classique, couleur Teck \u2013 \u00c9chantillon 3 \u00bb\n<\/span><\/div>","aioseo_breadcrumb_json":[{"label":"You are here","link":""},{"label":"Home","link":"https:\/\/www.fiberwood.ca\/fr\/"},{"label":"Boutique","link":"https:\/\/www.fiberwood.ca\/fr\/boutique\/"},{"label":"Rev\u00eatement","link":"https:\/\/www.fiberwood.ca\/fr\/categorie-produit\/revetement\/"},{"label":"Rev\u00eatement mural en composite de bois \u00c9dition Classique, couleur Teck \u2013 \u00c9chantillon 3\u00a0\u00bb","link":"https:\/\/www.fiberwood.ca\/fr\/produit\/revetement-planche-classique-echantillon-teck-3-pouces\/"}],"_links":{"self":[{"href":"https:\/\/www.fiberwood.ca\/fr\/wp-json\/wp\/v2\/product\/18272","targetHints":{"allow":["GET"]}}],"collection":[{"href":"https:\/\/www.fiberwood.ca\/fr\/wp-json\/wp\/v2\/product"}],"about":[{"href":"https:\/\/www.fiberwood.ca\/fr\/wp-json\/wp\/v2\/types\/product"}],"version-history":[{"count":13,"href":"https:\/\/www.fiberwood.ca\/fr\/wp-json\/wp\/v2\/product\/18272\/revisions"}],"predecessor-version":[{"id":69411,"href":"https:\/\/www.fiberwood.ca\/fr\/wp-json\/wp\/v2\/product\/18272\/revisions\/69411"}],"wp:featuredmedia":[{"embeddable":true,"href":"https:\/\/www.fiberwood.ca\/fr\/wp-json\/wp\/v2\/media\/18883"}],"wp:attachment":[{"href":"https:\/\/www.fiberwood.ca\/fr\/wp-json\/wp\/v2\/media?parent=18272"}],"wp:term":[{"taxonomy":"product_brand","embeddable":true,"href":"https:\/\/www.fiberwood.ca\/fr\/wp-json\/wp\/v2\/product_brand?post=18272"},{"taxonomy":"product_cat","embeddable":true,"href":"https:\/\/www.fiberwood.ca\/fr\/wp-json\/wp\/v2\/product_cat?post=18272"},{"taxonomy":"product_tag","embeddable":true,"href":"https:\/\/www.fiberwood.ca\/fr\/wp-json\/wp\/v2\/product_tag?post=18272"},{"taxonomy":"collections","embeddable":true,"href":"https:\/\/www.fiberwood.ca\/fr\/wp-json\/wp\/v2\/collections?post=18272"},{"taxonomy":"brands","embeddable":true,"href":"https:\/\/www.fiberwood.ca\/fr\/wp-json\/wp\/v2\/brands?post=18272"},{"taxonomy":"edition","embeddable":true,"href":"https:\/\/www.fiberwood.ca\/fr\/wp-json\/wp\/v2\/edition?post=18272"},{"taxonomy":"manufacturing-process","embeddable":true,"href":"https:\/\/www.fiberwood.ca\/fr\/wp-json\/wp\/v2\/manufacturing-process?post=18272"}],"curies":[{"name":"wp","href":"https:\/\/api.w.org\/{rel}","templated":true}]}}