{"id":18280,"date":"2023-12-04T09:08:51","date_gmt":"2023-12-04T14:08:51","guid":{"rendered":"https:\/\/www.fiberwood.ca\/product\/cladding-board-royal-sample-vintage-brown-6-inches\/"},"modified":"2025-06-02T14:08:32","modified_gmt":"2025-06-02T18:08:32","slug":"revetement-planche-royale-echantillon-brun-classique-3-pouces","status":"publish","type":"product","link":"https:\/\/www.fiberwood.ca\/fr\/produit\/revetement-planche-royale-echantillon-brun-classique-3-pouces\/","title":{"rendered":"Rev\u00eatement mural en composite de bois \u00c9dition Royale, couleur Brun classique \u2013 \u00c9chantillon 3\u00a0\u00bb"},"content":{"rendered":"<p data-start=\"959\" data-end=\"1083\"><strong data-start=\"959\" data-end=\"1083\">D\u00e9couvrez le caract\u00e8re intemporel de l\u2019\u00e9dition Royale de FiberWood avec cet \u00e9chantillon de 3&Prime; en couleur Brun classique.<\/strong><\/p>\n<p data-start=\"1085\" data-end=\"1395\">Dot\u00e9 d\u2019un profil rainur\u00e9 vertical marqu\u00e9 et d\u2019une finition bross\u00e9e riche, ce rev\u00eatement \u00e9voque le charme du bois vieilli tout en offrant une performance moderne. Fabriqu\u00e9 \u00e0 partir de bois et de plastique recycl\u00e9s selon un proc\u00e9d\u00e9 de coextrusion, il assure une durabilit\u00e9 exceptionnelle et un entretien minimal.<\/p>\n<p data-start=\"1397\" data-end=\"1588\">Id\u00e9al pour les murs ext\u00e9rieurs ou int\u00e9rieurs, il est con\u00e7u pour r\u00e9sister \u00e0 la d\u00e9coloration, \u00e0 l\u2019humidit\u00e9, \u00e0 la moisissure et aux impacts \u2014 parfait pour les conditions climatiques canadiennes.<\/p>\n<p data-start=\"1590\" data-end=\"1738\">Cet \u00e9chantillon de 3&Prime; vous permet de valider la teinte, la finition et le style architectural unique de l\u2019\u00e9dition Royale avant votre projet complet.<\/p>\n","protected":false},"excerpt":{"rendered":"<p data-start=\"424\" data-end=\"625\">Rev\u00eatement en composite de bois FiberWood, \u00e9dition Royale, couleur Brun classique, avec finition bross\u00e9e et rainures profondes. Parfait pour tester la teinte, la texture et le style avant votre projet.<\/p>\n<p data-start=\"627\" data-end=\"649\"><strong data-start=\"627\" data-end=\"647\">Sp\u00e9cifications :<\/strong><\/p>\n<ul data-start=\"650\" data-end=\"916\">\n<li data-start=\"650\" data-end=\"674\">\n<p data-start=\"652\" data-end=\"674\"><strong data-start=\"652\" data-end=\"665\">\u00c9dition :<\/strong> Royale<\/p>\n<\/li>\n<li data-start=\"675\" data-end=\"707\">\n<p data-start=\"677\" data-end=\"707\"><strong data-start=\"677\" data-end=\"690\">Couleur :<\/strong> Brun classique<\/p>\n<\/li>\n<li data-start=\"708\" data-end=\"759\">\n<p data-start=\"710\" data-end=\"759\"><strong data-start=\"710\" data-end=\"725\">Cat\u00e9gorie :<\/strong> Rev\u00eatement en composite de bois<\/p>\n<\/li>\n<li data-start=\"760\" data-end=\"803\">\n<p data-start=\"762\" data-end=\"803\"><strong data-start=\"762\" data-end=\"792\">Largeur de l\u2019\u00e9chantillon :<\/strong> 3 pouces<\/p>\n<\/li>\n<li data-start=\"804\" data-end=\"851\">\n<p data-start=\"806\" data-end=\"851\"><strong data-start=\"806\" data-end=\"820\">Mat\u00e9riau :<\/strong> Composite de bois, coextrud\u00e9<\/p>\n<\/li>\n<li data-start=\"852\" data-end=\"916\">\n<p data-start=\"854\" data-end=\"916\"><strong data-start=\"854\" data-end=\"871\">Utilisation :<\/strong> Rev\u00eatement mural (r\u00e9sidentiel et commercial)<\/p>\n<\/li>\n<\/ul>\n","protected":false},"featured_media":18935,"template":"","meta":[],"product_brand":[],"product_cat":[1012],"product_tag":[],"collections":[],"brands":[1530],"edition":[1526],"manufacturing-process":[1531],"class_list":{"0":"post-18280","1":"product","2":"type-product","3":"status-publish","4":"has-post-thumbnail","6":"product_cat-revetement","7":"product_shipping_class-classe-expedition-echantillons","8":"pa_cladding-color-revetement-brun-classique","9":"brands-fiberwood","10":"edition-royale","11":"manufacturing-process-composite-co-extrusion","13":"first","14":"instock","15":"taxable","16":"shipping-taxable","17":"purchasable","18":"product-type-simple"},"aioseo_notices":[],"aioseo_head":"\n\t\t<!-- All in One SEO Pro 4.9.5.2 - aioseo.com -->\n\t<meta name=\"description\" content=\"\u00c9chantillon 3&quot; du rev\u00eatement FiberWood Royale brun classique. Finition bross\u00e9e et rainures profondes, parfait pour tester texture et couleur.\" \/>\n\t<meta name=\"robots\" content=\"max-image-preview:large\" \/>\n\t<meta name=\"google-site-verification\" content=\"wakbDbH7CGUhDKT81iv3l311nmyWlYfqhph7BR2JgHQ\" \/>\n\t<meta name=\"msvalidate.01\" content=\"F9D2A6256296D6AAC106F746E9C87936\" \/>\n\t<link rel=\"canonical\" href=\"https:\/\/www.fiberwood.ca\/fr\/produit\/revetement-planche-royale-echantillon-brun-classique-3-pouces\/\" \/>\n\t<meta name=\"generator\" content=\"All in One SEO Pro (AIOSEO) 4.9.5.2\" \/>\n\t\t<meta property=\"og:locale\" content=\"fr_CA\" \/>\n\t\t<meta property=\"og:site_name\" content=\"FiberWood | Bois composite\" \/>\n\t\t<meta property=\"og:type\" content=\"article\" \/>\n\t\t<meta property=\"og:title\" content=\"FiberWood Rev\u00eatement Royale \u2013 Brun classique \u2013 \u00c9chantillon 3&quot;\" \/>\n\t\t<meta property=\"og:description\" content=\"\u00c9chantillon 3&quot; du rev\u00eatement FiberWood Royale brun classique. Finition bross\u00e9e et rainures profondes, parfait pour tester texture et couleur.\" \/>\n\t\t<meta property=\"og:url\" content=\"https:\/\/www.fiberwood.ca\/fr\/produit\/revetement-planche-royale-echantillon-brun-classique-3-pouces\/\" \/>\n\t\t<meta property=\"og:image\" content=\"https:\/\/www.fiberwood.ca\/wp-content\/uploads\/2023\/12\/WC-R-VB-6P-006.png\" \/>\n\t\t<meta property=\"og:image:secure_url\" content=\"https:\/\/www.fiberwood.ca\/wp-content\/uploads\/2023\/12\/WC-R-VB-6P-006.png\" \/>\n\t\t<meta property=\"og:image:width\" content=\"1000\" \/>\n\t\t<meta property=\"og:image:height\" content=\"1000\" \/>\n\t\t<meta property=\"article:published_time\" content=\"2023-12-04T14:08:51+00:00\" \/>\n\t\t<meta property=\"article:modified_time\" content=\"2025-06-02T18:08:32+00:00\" \/>\n\t\t<meta property=\"article:publisher\" content=\"https:\/\/www.facebook.com\/FiberWood.Canada\/\" \/>\n\t\t<meta name=\"twitter:card\" content=\"summary\" \/>\n\t\t<meta name=\"twitter:title\" content=\"FiberWood Rev\u00eatement Royale \u2013 Brun classique \u2013 \u00c9chantillon 3&quot;\" \/>\n\t\t<meta name=\"twitter:description\" content=\"\u00c9chantillon 3&quot; du rev\u00eatement FiberWood Royale brun classique. Finition bross\u00e9e et rainures profondes, parfait pour tester texture et couleur.\" \/>\n\t\t<meta name=\"twitter:image\" content=\"https:\/\/www.fiberwood.ca\/wp-content\/uploads\/2023\/12\/WC-R-VB-6P-006.png\" \/>\n\t\t<script type=\"application\/ld+json\" class=\"aioseo-schema\">\n\t\t\t{\"@context\":\"https:\\\/\\\/schema.org\",\"@graph\":[{\"@type\":\"BreadcrumbList\",\"@id\":\"https:\\\/\\\/www.fiberwood.ca\\\/fr\\\/produit\\\/revetement-planche-royale-echantillon-brun-classique-3-pouces\\\/#breadcrumblist\",\"itemListElement\":[{\"@type\":\"ListItem\",\"@id\":\"https:\\\/\\\/www.fiberwood.ca\\\/fr\\\/#listItem\",\"position\":2,\"name\":\"Home\",\"item\":\"https:\\\/\\\/www.fiberwood.ca\\\/fr\\\/\",\"nextItem\":{\"@type\":\"ListItem\",\"@id\":\"https:\\\/\\\/www.fiberwood.ca\\\/fr\\\/boutique\\\/#listItem\",\"name\":\"Boutique\"},\"previousItem\":{\"@type\":\"ListItem\",\"@id\":\"#listItem\",\"name\":\"You are here\"}},{\"@type\":\"ListItem\",\"@id\":\"https:\\\/\\\/www.fiberwood.ca\\\/fr\\\/boutique\\\/#listItem\",\"position\":3,\"name\":\"Boutique\",\"item\":\"https:\\\/\\\/www.fiberwood.ca\\\/fr\\\/boutique\\\/\",\"nextItem\":{\"@type\":\"ListItem\",\"@id\":\"https:\\\/\\\/www.fiberwood.ca\\\/fr\\\/categorie-produit\\\/revetement\\\/#listItem\",\"name\":\"Rev\\u00eatement\"},\"previousItem\":{\"@type\":\"ListItem\",\"@id\":\"https:\\\/\\\/www.fiberwood.ca\\\/fr\\\/#listItem\",\"name\":\"Home\"}},{\"@type\":\"ListItem\",\"@id\":\"https:\\\/\\\/www.fiberwood.ca\\\/fr\\\/categorie-produit\\\/revetement\\\/#listItem\",\"position\":4,\"name\":\"Rev\\u00eatement\",\"item\":\"https:\\\/\\\/www.fiberwood.ca\\\/fr\\\/categorie-produit\\\/revetement\\\/\",\"nextItem\":{\"@type\":\"ListItem\",\"@id\":\"https:\\\/\\\/www.fiberwood.ca\\\/fr\\\/produit\\\/revetement-planche-royale-echantillon-brun-classique-3-pouces\\\/#listItem\",\"name\":\"Rev\\u00eatement mural en composite de bois \\u00c9dition Royale, couleur Brun classique \\u2013 \\u00c9chantillon 3\\u00a0\\u00bb\"},\"previousItem\":{\"@type\":\"ListItem\",\"@id\":\"https:\\\/\\\/www.fiberwood.ca\\\/fr\\\/boutique\\\/#listItem\",\"name\":\"Boutique\"}},{\"@type\":\"ListItem\",\"@id\":\"https:\\\/\\\/www.fiberwood.ca\\\/fr\\\/produit\\\/revetement-planche-royale-echantillon-brun-classique-3-pouces\\\/#listItem\",\"position\":5,\"name\":\"Rev\\u00eatement mural en composite de bois \\u00c9dition Royale, couleur Brun classique \\u2013 \\u00c9chantillon 3\\u00a0\\u00bb\",\"previousItem\":{\"@type\":\"ListItem\",\"@id\":\"https:\\\/\\\/www.fiberwood.ca\\\/fr\\\/categorie-produit\\\/revetement\\\/#listItem\",\"name\":\"Rev\\u00eatement\"}}]},{\"@type\":\"Organization\",\"@id\":\"https:\\\/\\\/www.fiberwood.ca\\\/fr\\\/#organization\",\"name\":\"FiberWood\",\"description\":\"Bois composite\",\"url\":\"https:\\\/\\\/www.fiberwood.ca\\\/fr\\\/\",\"email\":\"info@fiberwood.ca\",\"telephone\":\"+18883601866\",\"sameAs\":[\"https:\\\/\\\/www.facebook.com\\\/FiberWood.Canada\\\/\",\"https:\\\/\\\/www.instagram.com\\\/fiberwood.canada\\\/\",\"https:\\\/\\\/www.tiktok.com\\\/@fiberwood\",\"https:\\\/\\\/ca.linkedin.com\\\/company\\\/fiberwood\",\"https:\\\/\\\/www.yelp.ca\\\/biz\\\/fiberwood-bois-des-filion\"],\"address\":{\"@id\":\"https:\\\/\\\/www.fiberwood.ca\\\/fr\\\/#postaladdress\",\"@type\":\"PostalAddress\",\"streetAddress\":\"829 Boulevard Industriel, #105\",\"postalCode\":\"J6Z 4T3\",\"addressLocality\":\"Bois-des-Filion\",\"addressRegion\":\"Quebec\",\"addressCountry\":\"CA\"}},{\"@type\":\"Product\",\"@id\":\"https:\\\/\\\/www.fiberwood.ca\\\/fr\\\/produit\\\/revetement-planche-royale-echantillon-brun-classique-3-pouces\\\/#wooCommerceProduct\",\"name\":\"Rev\\u00eatement mural en composite de bois \\u00c9dition Royale, couleur Brun classique \\u2013 \\u00c9chantillon 3''\",\"description\":\"Rev\\u00eatement en composite de bois FiberWood, \\u00e9dition Royale, couleur Brun classique, avec finition bross\\u00e9e et rainures profondes. Parfait pour tester la teinte, la texture et le style avant votre projet.\\r\\nSp\\u00e9cifications :\\r\\n\\r\\n\\r\\n \\t\\r\\n\\u00c9dition : Royale\\r\\n\\r\\n \\t\\r\\nCouleur : Brun classique\\r\\n\\r\\n \\t\\r\\nCat\\u00e9gorie : Rev\\u00eatement en composite de bois\\r\\n\\r\\n \\t\\r\\nLargeur de l\\u2019\\u00e9chantillon : 3 pouces\\r\\n\\r\\n \\t\\r\\nMat\\u00e9riau : Composite de bois, coextrud\\u00e9\\r\\n\\r\\n \\t\\r\\nUtilisation : Rev\\u00eatement mural (r\\u00e9sidentiel et commercial)\",\"url\":\"https:\\\/\\\/www.fiberwood.ca\\\/fr\\\/produit\\\/revetement-planche-royale-echantillon-brun-classique-3-pouces\\\/\",\"sku\":\"FW-WC-R-VB-3\",\"image\":{\"@type\":\"ImageObject\",\"url\":\"https:\\\/\\\/www.fiberwood.ca\\\/wp-content\\\/uploads\\\/2023\\\/12\\\/WC-R-VB-6P-006.png\",\"@id\":\"https:\\\/\\\/www.fiberwood.ca\\\/fr\\\/produit\\\/revetement-planche-royale-echantillon-brun-classique-3-pouces\\\/#productImage\",\"width\":1000,\"height\":1000},\"offers\":{\"@type\":\"Offer\",\"url\":\"https:\\\/\\\/www.fiberwood.ca\\\/fr\\\/produit\\\/revetement-planche-royale-echantillon-brun-classique-3-pouces\\\/#wooCommerceOffer\",\"price\":5,\"priceCurrency\":\"CAD\",\"category\":\"Rev\\u00eatement\",\"availability\":\"https:\\\/\\\/schema.org\\\/InStock\",\"priceSpecification\":{\"@type\":\"PriceSpecification\",\"price\":5,\"priceCurrency\":\"CAD\",\"valueAddedTaxIncluded\":\"true\"},\"seller\":{\"@type\":\"Organization\",\"@id\":\"https:\\\/\\\/www.fiberwood.ca\\\/fr\\\/#organization\"}}},{\"@type\":\"WebPage\",\"@id\":\"https:\\\/\\\/www.fiberwood.ca\\\/fr\\\/produit\\\/revetement-planche-royale-echantillon-brun-classique-3-pouces\\\/#webpage\",\"url\":\"https:\\\/\\\/www.fiberwood.ca\\\/fr\\\/produit\\\/revetement-planche-royale-echantillon-brun-classique-3-pouces\\\/\",\"name\":\"FiberWood Rev\\u00eatement Royale \\u2013 Brun classique \\u2013 \\u00c9chantillon 3\\\"\",\"description\":\"\\u00c9chantillon 3\\\" du rev\\u00eatement FiberWood Royale brun classique. Finition bross\\u00e9e et rainures profondes, parfait pour tester texture et couleur.\",\"inLanguage\":\"fr-CA\",\"isPartOf\":{\"@id\":\"https:\\\/\\\/www.fiberwood.ca\\\/fr\\\/#website\"},\"breadcrumb\":{\"@id\":\"https:\\\/\\\/www.fiberwood.ca\\\/fr\\\/produit\\\/revetement-planche-royale-echantillon-brun-classique-3-pouces\\\/#breadcrumblist\"},\"image\":{\"@type\":\"ImageObject\",\"url\":\"https:\\\/\\\/www.fiberwood.ca\\\/wp-content\\\/uploads\\\/2023\\\/12\\\/WC-R-VB-6P-006.png\",\"@id\":\"https:\\\/\\\/www.fiberwood.ca\\\/fr\\\/produit\\\/revetement-planche-royale-echantillon-brun-classique-3-pouces\\\/#mainImage\",\"width\":1000,\"height\":1000},\"primaryImageOfPage\":{\"@id\":\"https:\\\/\\\/www.fiberwood.ca\\\/fr\\\/produit\\\/revetement-planche-royale-echantillon-brun-classique-3-pouces\\\/#mainImage\"},\"datePublished\":\"2023-12-04T09:08:51-05:00\",\"dateModified\":\"2025-06-02T14:08:32-04:00\"},{\"@type\":\"WebSite\",\"@id\":\"https:\\\/\\\/www.fiberwood.ca\\\/fr\\\/#website\",\"url\":\"https:\\\/\\\/www.fiberwood.ca\\\/fr\\\/\",\"name\":\"FiberWood\",\"description\":\"Bois composite\",\"inLanguage\":\"fr-CA\",\"publisher\":{\"@id\":\"https:\\\/\\\/www.fiberwood.ca\\\/fr\\\/#organization\"}}]}\n\t\t<\/script>\n\t\t<script type=\"text\/javascript\">\n\t\t\t(function(c,l,a,r,i,t,y){\n\t\t\tc[a]=c[a]||function(){(c[a].q=c[a].q||[]).push(arguments)};t=l.createElement(r);t.async=1;\n\t\t\tt.src=\"https:\/\/www.clarity.ms\/tag\/\"+i+\"?ref=aioseo\";y=l.getElementsByTagName(r)[0];y.parentNode.insertBefore(t,y);\n\t\t})(window, document, \"clarity\", \"script\", \"bfabkyl83n\");\n\t\t<\/script>\n\t\t<!-- All in One SEO Pro -->\r\n\t\t<title>FiberWood Rev\u00eatement Royale \u2013 Brun classique \u2013 \u00c9chantillon 3&quot;<\/title>\n\n","aioseo_head_json":{"title":"FiberWood Rev\u00eatement Royale \u2013 Brun classique \u2013 \u00c9chantillon 3\"","description":"\u00c9chantillon 3\" du rev\u00eatement FiberWood Royale brun classique. Finition bross\u00e9e et rainures profondes, parfait pour tester texture et couleur.","canonical_url":"https:\/\/www.fiberwood.ca\/fr\/produit\/revetement-planche-royale-echantillon-brun-classique-3-pouces\/","robots":"max-image-preview:large","keywords":"","webmasterTools":{"google-site-verification":"wakbDbH7CGUhDKT81iv3l311nmyWlYfqhph7BR2JgHQ","msvalidate.01":"F9D2A6256296D6AAC106F746E9C87936","miscellaneous":""},"schema":{"@context":"https:\/\/schema.org","@graph":[{"@type":"BreadcrumbList","@id":"https:\/\/www.fiberwood.ca\/fr\/produit\/revetement-planche-royale-echantillon-brun-classique-3-pouces\/#breadcrumblist","itemListElement":[{"@type":"ListItem","@id":"https:\/\/www.fiberwood.ca\/fr\/#listItem","position":2,"name":"Home","item":"https:\/\/www.fiberwood.ca\/fr\/","nextItem":{"@type":"ListItem","@id":"https:\/\/www.fiberwood.ca\/fr\/boutique\/#listItem","name":"Boutique"},"previousItem":{"@type":"ListItem","@id":"#listItem","name":"You are here"}},{"@type":"ListItem","@id":"https:\/\/www.fiberwood.ca\/fr\/boutique\/#listItem","position":3,"name":"Boutique","item":"https:\/\/www.fiberwood.ca\/fr\/boutique\/","nextItem":{"@type":"ListItem","@id":"https:\/\/www.fiberwood.ca\/fr\/categorie-produit\/revetement\/#listItem","name":"Rev\u00eatement"},"previousItem":{"@type":"ListItem","@id":"https:\/\/www.fiberwood.ca\/fr\/#listItem","name":"Home"}},{"@type":"ListItem","@id":"https:\/\/www.fiberwood.ca\/fr\/categorie-produit\/revetement\/#listItem","position":4,"name":"Rev\u00eatement","item":"https:\/\/www.fiberwood.ca\/fr\/categorie-produit\/revetement\/","nextItem":{"@type":"ListItem","@id":"https:\/\/www.fiberwood.ca\/fr\/produit\/revetement-planche-royale-echantillon-brun-classique-3-pouces\/#listItem","name":"Rev\u00eatement mural en composite de bois \u00c9dition Royale, couleur Brun classique \u2013 \u00c9chantillon 3\u00a0\u00bb"},"previousItem":{"@type":"ListItem","@id":"https:\/\/www.fiberwood.ca\/fr\/boutique\/#listItem","name":"Boutique"}},{"@type":"ListItem","@id":"https:\/\/www.fiberwood.ca\/fr\/produit\/revetement-planche-royale-echantillon-brun-classique-3-pouces\/#listItem","position":5,"name":"Rev\u00eatement mural en composite de bois \u00c9dition Royale, couleur Brun classique \u2013 \u00c9chantillon 3\u00a0\u00bb","previousItem":{"@type":"ListItem","@id":"https:\/\/www.fiberwood.ca\/fr\/categorie-produit\/revetement\/#listItem","name":"Rev\u00eatement"}}]},{"@type":"Organization","@id":"https:\/\/www.fiberwood.ca\/fr\/#organization","name":"FiberWood","description":"Bois composite","url":"https:\/\/www.fiberwood.ca\/fr\/","email":"info@fiberwood.ca","telephone":"+18883601866","sameAs":["https:\/\/www.facebook.com\/FiberWood.Canada\/","https:\/\/www.instagram.com\/fiberwood.canada\/","https:\/\/www.tiktok.com\/@fiberwood","https:\/\/ca.linkedin.com\/company\/fiberwood","https:\/\/www.yelp.ca\/biz\/fiberwood-bois-des-filion"],"address":{"@id":"https:\/\/www.fiberwood.ca\/fr\/#postaladdress","@type":"PostalAddress","streetAddress":"829 Boulevard Industriel, #105","postalCode":"J6Z 4T3","addressLocality":"Bois-des-Filion","addressRegion":"Quebec","addressCountry":"CA"}},{"@type":"Product","@id":"https:\/\/www.fiberwood.ca\/fr\/produit\/revetement-planche-royale-echantillon-brun-classique-3-pouces\/#wooCommerceProduct","name":"Rev\u00eatement mural en composite de bois \u00c9dition Royale, couleur Brun classique \u2013 \u00c9chantillon 3''","description":"Rev\u00eatement en composite de bois FiberWood, \u00e9dition Royale, couleur Brun classique, avec finition bross\u00e9e et rainures profondes. Parfait pour tester la teinte, la texture et le style avant votre projet.\r\nSp\u00e9cifications :\r\n\r\n\r\n \t\r\n\u00c9dition : Royale\r\n\r\n \t\r\nCouleur : Brun classique\r\n\r\n \t\r\nCat\u00e9gorie : Rev\u00eatement en composite de bois\r\n\r\n \t\r\nLargeur de l\u2019\u00e9chantillon : 3 pouces\r\n\r\n \t\r\nMat\u00e9riau : Composite de bois, coextrud\u00e9\r\n\r\n \t\r\nUtilisation : Rev\u00eatement mural (r\u00e9sidentiel et commercial)","url":"https:\/\/www.fiberwood.ca\/fr\/produit\/revetement-planche-royale-echantillon-brun-classique-3-pouces\/","sku":"FW-WC-R-VB-3","image":{"@type":"ImageObject","url":"https:\/\/www.fiberwood.ca\/wp-content\/uploads\/2023\/12\/WC-R-VB-6P-006.png","@id":"https:\/\/www.fiberwood.ca\/fr\/produit\/revetement-planche-royale-echantillon-brun-classique-3-pouces\/#productImage","width":1000,"height":1000},"offers":{"@type":"Offer","url":"https:\/\/www.fiberwood.ca\/fr\/produit\/revetement-planche-royale-echantillon-brun-classique-3-pouces\/#wooCommerceOffer","price":5,"priceCurrency":"CAD","category":"Rev\u00eatement","availability":"https:\/\/schema.org\/InStock","priceSpecification":{"@type":"PriceSpecification","price":5,"priceCurrency":"CAD","valueAddedTaxIncluded":"true"},"seller":{"@type":"Organization","@id":"https:\/\/www.fiberwood.ca\/fr\/#organization"}}},{"@type":"WebPage","@id":"https:\/\/www.fiberwood.ca\/fr\/produit\/revetement-planche-royale-echantillon-brun-classique-3-pouces\/#webpage","url":"https:\/\/www.fiberwood.ca\/fr\/produit\/revetement-planche-royale-echantillon-brun-classique-3-pouces\/","name":"FiberWood Rev\u00eatement Royale \u2013 Brun classique \u2013 \u00c9chantillon 3\"","description":"\u00c9chantillon 3\" du rev\u00eatement FiberWood Royale brun classique. Finition bross\u00e9e et rainures profondes, parfait pour tester texture et couleur.","inLanguage":"fr-CA","isPartOf":{"@id":"https:\/\/www.fiberwood.ca\/fr\/#website"},"breadcrumb":{"@id":"https:\/\/www.fiberwood.ca\/fr\/produit\/revetement-planche-royale-echantillon-brun-classique-3-pouces\/#breadcrumblist"},"image":{"@type":"ImageObject","url":"https:\/\/www.fiberwood.ca\/wp-content\/uploads\/2023\/12\/WC-R-VB-6P-006.png","@id":"https:\/\/www.fiberwood.ca\/fr\/produit\/revetement-planche-royale-echantillon-brun-classique-3-pouces\/#mainImage","width":1000,"height":1000},"primaryImageOfPage":{"@id":"https:\/\/www.fiberwood.ca\/fr\/produit\/revetement-planche-royale-echantillon-brun-classique-3-pouces\/#mainImage"},"datePublished":"2023-12-04T09:08:51-05:00","dateModified":"2025-06-02T14:08:32-04:00"},{"@type":"WebSite","@id":"https:\/\/www.fiberwood.ca\/fr\/#website","url":"https:\/\/www.fiberwood.ca\/fr\/","name":"FiberWood","description":"Bois composite","inLanguage":"fr-CA","publisher":{"@id":"https:\/\/www.fiberwood.ca\/fr\/#organization"}}]},"og:locale":"fr_CA","og:site_name":"FiberWood | Bois composite","og:type":"article","og:title":"FiberWood Rev\u00eatement Royale \u2013 Brun classique \u2013 \u00c9chantillon 3&quot;","og:description":"\u00c9chantillon 3&quot; du rev\u00eatement FiberWood Royale brun classique. Finition bross\u00e9e et rainures profondes, parfait pour tester texture et couleur.","og:url":"https:\/\/www.fiberwood.ca\/fr\/produit\/revetement-planche-royale-echantillon-brun-classique-3-pouces\/","og:image":"https:\/\/www.fiberwood.ca\/wp-content\/uploads\/2023\/12\/WC-R-VB-6P-006.png","og:image:secure_url":"https:\/\/www.fiberwood.ca\/wp-content\/uploads\/2023\/12\/WC-R-VB-6P-006.png","og:image:width":1000,"og:image:height":1000,"article:published_time":"2023-12-04T14:08:51+00:00","article:modified_time":"2025-06-02T18:08:32+00:00","article:publisher":"https:\/\/www.facebook.com\/FiberWood.Canada\/","twitter:card":"summary","twitter:title":"FiberWood Rev\u00eatement Royale \u2013 Brun classique \u2013 \u00c9chantillon 3&quot;","twitter:description":"\u00c9chantillon 3&quot; du rev\u00eatement FiberWood Royale brun classique. Finition bross\u00e9e et rainures profondes, parfait pour tester texture et couleur.","twitter:image":"https:\/\/www.fiberwood.ca\/wp-content\/uploads\/2023\/12\/WC-R-VB-6P-006.png"},"aioseo_meta_data":{"post_id":"18280","title":"FiberWood Rev\u00eatement Royale \u2013 Brun classique \u2013 \u00c9chantillon 3\"","description":"\u00c9chantillon 3\" du rev\u00eatement FiberWood Royale brun classique. Finition bross\u00e9e et rainures profondes, parfait pour tester texture et couleur.","keywords":null,"keyphrases":{"focus":{"keyphrase":"","score":0,"analysis":{"keyphraseInTitle":{"score":0,"maxScore":9,"error":1}}},"additional":[]},"primary_term":null,"canonical_url":null,"og_title":null,"og_description":null,"og_object_type":"default","og_image_type":"default","og_image_url":null,"og_image_width":null,"og_image_height":null,"og_image_custom_url":null,"og_image_custom_fields":null,"og_video":"","og_custom_url":null,"og_article_section":null,"og_article_tags":null,"twitter_use_og":false,"twitter_card":"default","twitter_image_type":"default","twitter_image_url":null,"twitter_image_custom_url":null,"twitter_image_custom_fields":null,"twitter_title":null,"twitter_description":null,"schema":{"blockGraphs":[],"customGraphs":[],"default":{"data":{"Article":[],"Course":[],"Dataset":[],"FAQPage":[],"Movie":[],"Person":[],"Product":[],"ProductReview":[],"Car":[],"Recipe":[],"Service":[],"SoftwareApplication":[],"WebPage":[]},"graphName":"Product","isEnabled":true},"graphs":[]},"schema_type":"default","schema_type_options":null,"pillar_content":false,"robots_default":true,"robots_noindex":false,"robots_noarchive":false,"robots_nosnippet":false,"robots_nofollow":false,"robots_noimageindex":false,"robots_noodp":false,"robots_notranslate":false,"robots_max_snippet":"-1","robots_max_videopreview":"-1","robots_max_imagepreview":"large","priority":null,"frequency":"default","local_seo":null,"seo_analyzer_scan_date":"2025-11-05 01:16:58","breadcrumb_settings":null,"limit_modified_date":false,"reviewed_by":"0","open_ai":"{\"title\":{\"suggestions\":[],\"usage\":0},\"description\":{\"suggestions\":[],\"usage\":0}}","ai":null,"created":"2023-12-04 22:33:54","updated":"2025-11-05 01:16:58"},"aioseo_breadcrumb":"<div class=\"aioseo-breadcrumbs\"><span class=\"aioseo-breadcrumb\">\n\tYou are here\n<\/span><span class=\"aioseo-breadcrumb-separator\">\u00bb<\/span><span class=\"aioseo-breadcrumb\">\n\t<a href=\"https:\/\/www.fiberwood.ca\/fr\/\" title=\"Home\">Home<\/a>\n<\/span><span class=\"aioseo-breadcrumb-separator\">\u00bb<\/span><span class=\"aioseo-breadcrumb\">\n\t<a href=\"https:\/\/www.fiberwood.ca\/fr\/boutique\/\" title=\"Boutique\">Boutique<\/a>\n<\/span><span class=\"aioseo-breadcrumb-separator\">\u00bb<\/span><span class=\"aioseo-breadcrumb\">\n\t<a href=\"https:\/\/www.fiberwood.ca\/fr\/categorie-produit\/revetement\/\" title=\"Rev\u00eatement\">Rev\u00eatement<\/a>\n<\/span><span class=\"aioseo-breadcrumb-separator\">\u00bb<\/span><span class=\"aioseo-breadcrumb\">\n\tRev\u00eatement mural en composite de bois \u00c9dition Royale, couleur Brun classique \u2013 \u00c9chantillon 3 \u00bb\n<\/span><\/div>","aioseo_breadcrumb_json":[{"label":"You are here","link":""},{"label":"Home","link":"https:\/\/www.fiberwood.ca\/fr\/"},{"label":"Boutique","link":"https:\/\/www.fiberwood.ca\/fr\/boutique\/"},{"label":"Rev\u00eatement","link":"https:\/\/www.fiberwood.ca\/fr\/categorie-produit\/revetement\/"},{"label":"Rev\u00eatement mural en composite de bois \u00c9dition Royale, couleur Brun classique \u2013 \u00c9chantillon 3\u00a0\u00bb","link":"https:\/\/www.fiberwood.ca\/fr\/produit\/revetement-planche-royale-echantillon-brun-classique-3-pouces\/"}],"_links":{"self":[{"href":"https:\/\/www.fiberwood.ca\/fr\/wp-json\/wp\/v2\/product\/18280","targetHints":{"allow":["GET"]}}],"collection":[{"href":"https:\/\/www.fiberwood.ca\/fr\/wp-json\/wp\/v2\/product"}],"about":[{"href":"https:\/\/www.fiberwood.ca\/fr\/wp-json\/wp\/v2\/types\/product"}],"version-history":[{"count":12,"href":"https:\/\/www.fiberwood.ca\/fr\/wp-json\/wp\/v2\/product\/18280\/revisions"}],"predecessor-version":[{"id":69456,"href":"https:\/\/www.fiberwood.ca\/fr\/wp-json\/wp\/v2\/product\/18280\/revisions\/69456"}],"wp:featuredmedia":[{"embeddable":true,"href":"https:\/\/www.fiberwood.ca\/fr\/wp-json\/wp\/v2\/media\/18935"}],"wp:attachment":[{"href":"https:\/\/www.fiberwood.ca\/fr\/wp-json\/wp\/v2\/media?parent=18280"}],"wp:term":[{"taxonomy":"product_brand","embeddable":true,"href":"https:\/\/www.fiberwood.ca\/fr\/wp-json\/wp\/v2\/product_brand?post=18280"},{"taxonomy":"product_cat","embeddable":true,"href":"https:\/\/www.fiberwood.ca\/fr\/wp-json\/wp\/v2\/product_cat?post=18280"},{"taxonomy":"product_tag","embeddable":true,"href":"https:\/\/www.fiberwood.ca\/fr\/wp-json\/wp\/v2\/product_tag?post=18280"},{"taxonomy":"collections","embeddable":true,"href":"https:\/\/www.fiberwood.ca\/fr\/wp-json\/wp\/v2\/collections?post=18280"},{"taxonomy":"brands","embeddable":true,"href":"https:\/\/www.fiberwood.ca\/fr\/wp-json\/wp\/v2\/brands?post=18280"},{"taxonomy":"edition","embeddable":true,"href":"https:\/\/www.fiberwood.ca\/fr\/wp-json\/wp\/v2\/edition?post=18280"},{"taxonomy":"manufacturing-process","embeddable":true,"href":"https:\/\/www.fiberwood.ca\/fr\/wp-json\/wp\/v2\/manufacturing-process?post=18280"}],"curies":[{"name":"wp","href":"https:\/\/api.w.org\/{rel}","templated":true}]}}