{"id":30127,"date":"2024-06-28T15:31:29","date_gmt":"2024-06-28T19:31:29","guid":{"rendered":"https:\/\/www.fiberwood.ca\/?post_type=product&#038;p=30127"},"modified":"2025-06-03T15:07:21","modified_gmt":"2025-06-03T19:07:21","slug":"cloture-planche-royale-noir-echantillon-3-pouces","status":"publish","type":"product","link":"https:\/\/www.fiberwood.ca\/fr\/produit\/cloture-planche-royale-noir-echantillon-3-pouces\/","title":{"rendered":"Planche de cl\u00f4ture en composite \u00c9dition Royale, couleur Noir \u2013 \u00c9chantillon 3\u00a0\u00bb"},"content":{"rendered":"<p data-start=\"2121\" data-end=\"2244\"><strong data-start=\"2121\" data-end=\"2244\">Obtenez un aper\u00e7u du raffinement de la couleur noire avec cet \u00e9chantillon de 3&Prime; de la cl\u00f4ture FiberWood \u00c9dition Royale.<\/strong><\/p>\n<p data-start=\"2246\" data-end=\"2527\">Fabriqu\u00e9e \u00e0 partir de mat\u00e9riaux recycl\u00e9s, cette planche pr\u00e9sente un fini sabl\u00e9 avec un effet en relief subtil qui ajoute une dimension visuelle distinctive. R\u00e9sistante aux intemp\u00e9ries, \u00e0 la moisissure et \u00e0 la d\u00e9coloration, elle convient parfaitement aux conditions canadiennes.<\/p>\n<p data-start=\"2529\" data-end=\"2643\">Touchez, observez et validez chaque d\u00e9tail avant d\u2019aller de l\u2019avant avec votre projet de cl\u00f4ture en composite.<\/p>\n","protected":false},"excerpt":{"rendered":"<p data-start=\"1666\" data-end=\"1807\">\u00c9chantillon 3&Prime; FiberWood \u00c9dition Royale en noir. Fini sabl\u00e9 avec effet en relief subtil. Id\u00e9al pour valider texture et couleur avant l\u2019achat.<\/p>\n<p data-start=\"1809\" data-end=\"1831\"><strong data-start=\"1809\" data-end=\"1829\">Sp\u00e9cifications :<\/strong><\/p>\n<ul data-start=\"1832\" data-end=\"2079\">\n<li data-start=\"1832\" data-end=\"1856\">\n<p data-start=\"1834\" data-end=\"1856\"><strong data-start=\"1834\" data-end=\"1847\">\u00c9dition :<\/strong> Royale<\/p>\n<\/li>\n<li data-start=\"1857\" data-end=\"1879\">\n<p data-start=\"1859\" data-end=\"1879\"><strong data-start=\"1859\" data-end=\"1872\">Couleur :<\/strong> Noir<\/p>\n<\/li>\n<li data-start=\"1880\" data-end=\"1920\">\n<p data-start=\"1882\" data-end=\"1920\"><strong data-start=\"1882\" data-end=\"1897\">Cat\u00e9gorie :<\/strong> Cl\u00f4ture en composite<\/p>\n<\/li>\n<li data-start=\"1921\" data-end=\"1964\">\n<p data-start=\"1923\" data-end=\"1964\"><strong data-start=\"1923\" data-end=\"1953\">Largeur de l\u2019\u00e9chantillon :<\/strong> 3 pouces<\/p>\n<\/li>\n<li data-start=\"1965\" data-end=\"2012\">\n<p data-start=\"1967\" data-end=\"2012\"><strong data-start=\"1967\" data-end=\"1981\">Mat\u00e9riau :<\/strong> Composite de bois, coextrud\u00e9<\/p>\n<\/li>\n<li data-start=\"2013\" data-end=\"2079\">\n<p data-start=\"2015\" data-end=\"2079\"><strong data-start=\"2015\" data-end=\"2032\">Utilisation :<\/strong> Cl\u00f4ture ext\u00e9rieure (r\u00e9sidentiel et commercial)<\/p>\n<\/li>\n<\/ul>\n","protected":false},"featured_media":69692,"template":"","meta":[],"product_brand":[],"product_cat":[1016],"product_tag":[],"collections":[],"brands":[1530],"edition":[1526],"manufacturing-process":[1531],"class_list":{"0":"post-30127","1":"product","2":"type-product","3":"status-publish","4":"has-post-thumbnail","6":"product_cat-cloture","7":"product_shipping_class-classe-expedition-echantillons","8":"pa_fence-color-cloture-noir","9":"brands-fiberwood","10":"edition-royale","11":"manufacturing-process-composite-co-extrusion","13":"first","14":"instock","15":"taxable","16":"shipping-taxable","17":"purchasable","18":"product-type-simple"},"aioseo_notices":[],"aioseo_head":"\n\t\t<!-- All in One SEO Pro 4.9.5.2 - aioseo.com -->\n\t<meta name=\"description\" content=\"\u00c9chantillon 3&quot; cl\u00f4ture FiberWood Royale noir. Fini sabl\u00e9 avec relief subtil. Testez couleur et texture avant votre installation compl\u00e8te.\" \/>\n\t<meta name=\"robots\" content=\"max-image-preview:large\" \/>\n\t<meta name=\"google-site-verification\" content=\"wakbDbH7CGUhDKT81iv3l311nmyWlYfqhph7BR2JgHQ\" \/>\n\t<meta name=\"msvalidate.01\" content=\"F9D2A6256296D6AAC106F746E9C87936\" \/>\n\t<link rel=\"canonical\" href=\"https:\/\/www.fiberwood.ca\/fr\/produit\/cloture-planche-royale-noir-echantillon-3-pouces\/\" \/>\n\t<meta name=\"generator\" content=\"All in One SEO Pro (AIOSEO) 4.9.5.2\" \/>\n\t\t<meta property=\"og:locale\" content=\"fr_CA\" \/>\n\t\t<meta property=\"og:site_name\" content=\"FiberWood | Bois composite\" \/>\n\t\t<meta property=\"og:type\" content=\"article\" \/>\n\t\t<meta property=\"og:title\" content=\"FiberWood Cl\u00f4ture Royale \u2013 Noir \u2013 \u00c9chantillon 3&quot;\" \/>\n\t\t<meta property=\"og:description\" content=\"\u00c9chantillon 3&quot; cl\u00f4ture FiberWood Royale noir. Fini sabl\u00e9 avec relief subtil. Testez couleur et texture avant votre installation compl\u00e8te.\" \/>\n\t\t<meta property=\"og:url\" content=\"https:\/\/www.fiberwood.ca\/fr\/produit\/cloture-planche-royale-noir-echantillon-3-pouces\/\" \/>\n\t\t<meta property=\"og:image\" content=\"https:\/\/www.fiberwood.ca\/wp-content\/uploads\/2025\/05\/FENCE-ROYAL_BLACK-V2SITE.png\" \/>\n\t\t<meta property=\"og:image:secure_url\" content=\"https:\/\/www.fiberwood.ca\/wp-content\/uploads\/2025\/05\/FENCE-ROYAL_BLACK-V2SITE.png\" \/>\n\t\t<meta property=\"og:image:width\" content=\"2500\" \/>\n\t\t<meta property=\"og:image:height\" content=\"2500\" \/>\n\t\t<meta property=\"article:published_time\" content=\"2024-06-28T19:31:29+00:00\" \/>\n\t\t<meta property=\"article:modified_time\" content=\"2025-06-03T19:07:21+00:00\" \/>\n\t\t<meta property=\"article:publisher\" content=\"https:\/\/www.facebook.com\/FiberWood.Canada\/\" \/>\n\t\t<meta name=\"twitter:card\" content=\"summary\" \/>\n\t\t<meta name=\"twitter:title\" content=\"FiberWood Cl\u00f4ture Royale \u2013 Noir \u2013 \u00c9chantillon 3&quot;\" \/>\n\t\t<meta name=\"twitter:description\" content=\"\u00c9chantillon 3&quot; cl\u00f4ture FiberWood Royale noir. Fini sabl\u00e9 avec relief subtil. Testez couleur et texture avant votre installation compl\u00e8te.\" \/>\n\t\t<meta name=\"twitter:image\" content=\"https:\/\/www.fiberwood.ca\/wp-content\/uploads\/2025\/05\/FENCE-ROYAL_BLACK-V2SITE.png\" \/>\n\t\t<script type=\"application\/ld+json\" class=\"aioseo-schema\">\n\t\t\t{\"@context\":\"https:\\\/\\\/schema.org\",\"@graph\":[{\"@type\":\"BreadcrumbList\",\"@id\":\"https:\\\/\\\/www.fiberwood.ca\\\/fr\\\/produit\\\/cloture-planche-royale-noir-echantillon-3-pouces\\\/#breadcrumblist\",\"itemListElement\":[{\"@type\":\"ListItem\",\"@id\":\"https:\\\/\\\/www.fiberwood.ca\\\/fr\\\/#listItem\",\"position\":2,\"name\":\"Home\",\"item\":\"https:\\\/\\\/www.fiberwood.ca\\\/fr\\\/\",\"nextItem\":{\"@type\":\"ListItem\",\"@id\":\"https:\\\/\\\/www.fiberwood.ca\\\/fr\\\/boutique\\\/#listItem\",\"name\":\"Boutique\"},\"previousItem\":{\"@type\":\"ListItem\",\"@id\":\"#listItem\",\"name\":\"You are here\"}},{\"@type\":\"ListItem\",\"@id\":\"https:\\\/\\\/www.fiberwood.ca\\\/fr\\\/boutique\\\/#listItem\",\"position\":3,\"name\":\"Boutique\",\"item\":\"https:\\\/\\\/www.fiberwood.ca\\\/fr\\\/boutique\\\/\",\"nextItem\":{\"@type\":\"ListItem\",\"@id\":\"https:\\\/\\\/www.fiberwood.ca\\\/fr\\\/categorie-produit\\\/cloture\\\/#listItem\",\"name\":\"Cl\\u00f4ture\"},\"previousItem\":{\"@type\":\"ListItem\",\"@id\":\"https:\\\/\\\/www.fiberwood.ca\\\/fr\\\/#listItem\",\"name\":\"Home\"}},{\"@type\":\"ListItem\",\"@id\":\"https:\\\/\\\/www.fiberwood.ca\\\/fr\\\/categorie-produit\\\/cloture\\\/#listItem\",\"position\":4,\"name\":\"Cl\\u00f4ture\",\"item\":\"https:\\\/\\\/www.fiberwood.ca\\\/fr\\\/categorie-produit\\\/cloture\\\/\",\"nextItem\":{\"@type\":\"ListItem\",\"@id\":\"https:\\\/\\\/www.fiberwood.ca\\\/fr\\\/produit\\\/cloture-planche-royale-noir-echantillon-3-pouces\\\/#listItem\",\"name\":\"Planche de cl\\u00f4ture en composite \\u00c9dition Royale, couleur Noir \\u2013 \\u00c9chantillon 3\\u00a0\\u00bb\"},\"previousItem\":{\"@type\":\"ListItem\",\"@id\":\"https:\\\/\\\/www.fiberwood.ca\\\/fr\\\/boutique\\\/#listItem\",\"name\":\"Boutique\"}},{\"@type\":\"ListItem\",\"@id\":\"https:\\\/\\\/www.fiberwood.ca\\\/fr\\\/produit\\\/cloture-planche-royale-noir-echantillon-3-pouces\\\/#listItem\",\"position\":5,\"name\":\"Planche de cl\\u00f4ture en composite \\u00c9dition Royale, couleur Noir \\u2013 \\u00c9chantillon 3\\u00a0\\u00bb\",\"previousItem\":{\"@type\":\"ListItem\",\"@id\":\"https:\\\/\\\/www.fiberwood.ca\\\/fr\\\/categorie-produit\\\/cloture\\\/#listItem\",\"name\":\"Cl\\u00f4ture\"}}]},{\"@type\":\"Organization\",\"@id\":\"https:\\\/\\\/www.fiberwood.ca\\\/fr\\\/#organization\",\"name\":\"FiberWood\",\"description\":\"Bois composite\",\"url\":\"https:\\\/\\\/www.fiberwood.ca\\\/fr\\\/\",\"email\":\"info@fiberwood.ca\",\"telephone\":\"+18883601866\",\"sameAs\":[\"https:\\\/\\\/www.facebook.com\\\/FiberWood.Canada\\\/\",\"https:\\\/\\\/www.instagram.com\\\/fiberwood.canada\\\/\",\"https:\\\/\\\/www.tiktok.com\\\/@fiberwood\",\"https:\\\/\\\/ca.linkedin.com\\\/company\\\/fiberwood\",\"https:\\\/\\\/www.yelp.ca\\\/biz\\\/fiberwood-bois-des-filion\"],\"address\":{\"@id\":\"https:\\\/\\\/www.fiberwood.ca\\\/fr\\\/#postaladdress\",\"@type\":\"PostalAddress\",\"streetAddress\":\"829 Boulevard Industriel, #105\",\"postalCode\":\"J6Z 4T3\",\"addressLocality\":\"Bois-des-Filion\",\"addressRegion\":\"Quebec\",\"addressCountry\":\"CA\"}},{\"@type\":\"Product\",\"@id\":\"https:\\\/\\\/www.fiberwood.ca\\\/fr\\\/produit\\\/cloture-planche-royale-noir-echantillon-3-pouces\\\/#wooCommerceProduct\",\"name\":\"Planche de cl\\u00f4ture en composite \\u00c9dition Royale, couleur Noir \\u2013 \\u00c9chantillon 3''\",\"description\":\"\\u00c9chantillon 3\\\" FiberWood \\u00c9dition Royale en noir. Fini sabl\\u00e9 avec effet en relief subtil. Id\\u00e9al pour valider texture et couleur avant l\\u2019achat.\\r\\nSp\\u00e9cifications :\\r\\n\\r\\n\\r\\n \\t\\r\\n\\u00c9dition : Royale\\r\\n\\r\\n \\t\\r\\nCouleur : Noir\\r\\n\\r\\n \\t\\r\\nCat\\u00e9gorie : Cl\\u00f4ture en composite\\r\\n\\r\\n \\t\\r\\nLargeur de l\\u2019\\u00e9chantillon : 3 pouces\\r\\n\\r\\n \\t\\r\\nMat\\u00e9riau : Composite de bois, coextrud\\u00e9\\r\\n\\r\\n \\t\\r\\nUtilisation : Cl\\u00f4ture ext\\u00e9rieure (r\\u00e9sidentiel et commercial)\",\"url\":\"https:\\\/\\\/www.fiberwood.ca\\\/fr\\\/produit\\\/cloture-planche-royale-noir-echantillon-3-pouces\\\/\",\"sku\":\"FW-F-R-BLK-3\",\"image\":{\"@type\":\"ImageObject\",\"url\":\"https:\\\/\\\/www.fiberwood.ca\\\/wp-content\\\/uploads\\\/2025\\\/05\\\/FENCE-ROYAL_BLACK-V2SITE.png\",\"@id\":\"https:\\\/\\\/www.fiberwood.ca\\\/fr\\\/produit\\\/cloture-planche-royale-noir-echantillon-3-pouces\\\/#productImage\",\"width\":2500,\"height\":2500},\"offers\":{\"@type\":\"Offer\",\"url\":\"https:\\\/\\\/www.fiberwood.ca\\\/fr\\\/produit\\\/cloture-planche-royale-noir-echantillon-3-pouces\\\/#wooCommerceOffer\",\"price\":5,\"priceCurrency\":\"CAD\",\"category\":\"Cl\\u00f4ture\",\"availability\":\"https:\\\/\\\/schema.org\\\/InStock\",\"priceSpecification\":{\"@type\":\"PriceSpecification\",\"price\":5,\"priceCurrency\":\"CAD\",\"valueAddedTaxIncluded\":\"true\"},\"seller\":{\"@type\":\"Organization\",\"@id\":\"https:\\\/\\\/www.fiberwood.ca\\\/fr\\\/#organization\"}}},{\"@type\":\"WebPage\",\"@id\":\"https:\\\/\\\/www.fiberwood.ca\\\/fr\\\/produit\\\/cloture-planche-royale-noir-echantillon-3-pouces\\\/#webpage\",\"url\":\"https:\\\/\\\/www.fiberwood.ca\\\/fr\\\/produit\\\/cloture-planche-royale-noir-echantillon-3-pouces\\\/\",\"name\":\"FiberWood Cl\\u00f4ture Royale \\u2013 Noir \\u2013 \\u00c9chantillon 3\\\"\",\"description\":\"\\u00c9chantillon 3\\\" cl\\u00f4ture FiberWood Royale noir. Fini sabl\\u00e9 avec relief subtil. Testez couleur et texture avant votre installation compl\\u00e8te.\",\"inLanguage\":\"fr-CA\",\"isPartOf\":{\"@id\":\"https:\\\/\\\/www.fiberwood.ca\\\/fr\\\/#website\"},\"breadcrumb\":{\"@id\":\"https:\\\/\\\/www.fiberwood.ca\\\/fr\\\/produit\\\/cloture-planche-royale-noir-echantillon-3-pouces\\\/#breadcrumblist\"},\"image\":{\"@type\":\"ImageObject\",\"url\":\"https:\\\/\\\/www.fiberwood.ca\\\/wp-content\\\/uploads\\\/2025\\\/05\\\/FENCE-ROYAL_BLACK-V2SITE.png\",\"@id\":\"https:\\\/\\\/www.fiberwood.ca\\\/fr\\\/produit\\\/cloture-planche-royale-noir-echantillon-3-pouces\\\/#mainImage\",\"width\":2500,\"height\":2500},\"primaryImageOfPage\":{\"@id\":\"https:\\\/\\\/www.fiberwood.ca\\\/fr\\\/produit\\\/cloture-planche-royale-noir-echantillon-3-pouces\\\/#mainImage\"},\"datePublished\":\"2024-06-28T15:31:29-04:00\",\"dateModified\":\"2025-06-03T15:07:21-04:00\"},{\"@type\":\"WebSite\",\"@id\":\"https:\\\/\\\/www.fiberwood.ca\\\/fr\\\/#website\",\"url\":\"https:\\\/\\\/www.fiberwood.ca\\\/fr\\\/\",\"name\":\"FiberWood\",\"description\":\"Bois composite\",\"inLanguage\":\"fr-CA\",\"publisher\":{\"@id\":\"https:\\\/\\\/www.fiberwood.ca\\\/fr\\\/#organization\"}}]}\n\t\t<\/script>\n\t\t<script type=\"text\/javascript\">\n\t\t\t(function(c,l,a,r,i,t,y){\n\t\t\tc[a]=c[a]||function(){(c[a].q=c[a].q||[]).push(arguments)};t=l.createElement(r);t.async=1;\n\t\t\tt.src=\"https:\/\/www.clarity.ms\/tag\/\"+i+\"?ref=aioseo\";y=l.getElementsByTagName(r)[0];y.parentNode.insertBefore(t,y);\n\t\t})(window, document, \"clarity\", \"script\", \"bfabkyl83n\");\n\t\t<\/script>\n\t\t<!-- All in One SEO Pro -->\r\n\t\t<title>FiberWood Cl\u00f4ture Royale \u2013 Noir \u2013 \u00c9chantillon 3&quot;<\/title>\n\n","aioseo_head_json":{"title":"FiberWood Cl\u00f4ture Royale \u2013 Noir \u2013 \u00c9chantillon 3\"","description":"\u00c9chantillon 3\" cl\u00f4ture FiberWood Royale noir. Fini sabl\u00e9 avec relief subtil. Testez couleur et texture avant votre installation compl\u00e8te.","canonical_url":"https:\/\/www.fiberwood.ca\/fr\/produit\/cloture-planche-royale-noir-echantillon-3-pouces\/","robots":"max-image-preview:large","keywords":"","webmasterTools":{"google-site-verification":"wakbDbH7CGUhDKT81iv3l311nmyWlYfqhph7BR2JgHQ","msvalidate.01":"F9D2A6256296D6AAC106F746E9C87936","miscellaneous":""},"schema":{"@context":"https:\/\/schema.org","@graph":[{"@type":"BreadcrumbList","@id":"https:\/\/www.fiberwood.ca\/fr\/produit\/cloture-planche-royale-noir-echantillon-3-pouces\/#breadcrumblist","itemListElement":[{"@type":"ListItem","@id":"https:\/\/www.fiberwood.ca\/fr\/#listItem","position":2,"name":"Home","item":"https:\/\/www.fiberwood.ca\/fr\/","nextItem":{"@type":"ListItem","@id":"https:\/\/www.fiberwood.ca\/fr\/boutique\/#listItem","name":"Boutique"},"previousItem":{"@type":"ListItem","@id":"#listItem","name":"You are here"}},{"@type":"ListItem","@id":"https:\/\/www.fiberwood.ca\/fr\/boutique\/#listItem","position":3,"name":"Boutique","item":"https:\/\/www.fiberwood.ca\/fr\/boutique\/","nextItem":{"@type":"ListItem","@id":"https:\/\/www.fiberwood.ca\/fr\/categorie-produit\/cloture\/#listItem","name":"Cl\u00f4ture"},"previousItem":{"@type":"ListItem","@id":"https:\/\/www.fiberwood.ca\/fr\/#listItem","name":"Home"}},{"@type":"ListItem","@id":"https:\/\/www.fiberwood.ca\/fr\/categorie-produit\/cloture\/#listItem","position":4,"name":"Cl\u00f4ture","item":"https:\/\/www.fiberwood.ca\/fr\/categorie-produit\/cloture\/","nextItem":{"@type":"ListItem","@id":"https:\/\/www.fiberwood.ca\/fr\/produit\/cloture-planche-royale-noir-echantillon-3-pouces\/#listItem","name":"Planche de cl\u00f4ture en composite \u00c9dition Royale, couleur Noir \u2013 \u00c9chantillon 3\u00a0\u00bb"},"previousItem":{"@type":"ListItem","@id":"https:\/\/www.fiberwood.ca\/fr\/boutique\/#listItem","name":"Boutique"}},{"@type":"ListItem","@id":"https:\/\/www.fiberwood.ca\/fr\/produit\/cloture-planche-royale-noir-echantillon-3-pouces\/#listItem","position":5,"name":"Planche de cl\u00f4ture en composite \u00c9dition Royale, couleur Noir \u2013 \u00c9chantillon 3\u00a0\u00bb","previousItem":{"@type":"ListItem","@id":"https:\/\/www.fiberwood.ca\/fr\/categorie-produit\/cloture\/#listItem","name":"Cl\u00f4ture"}}]},{"@type":"Organization","@id":"https:\/\/www.fiberwood.ca\/fr\/#organization","name":"FiberWood","description":"Bois composite","url":"https:\/\/www.fiberwood.ca\/fr\/","email":"info@fiberwood.ca","telephone":"+18883601866","sameAs":["https:\/\/www.facebook.com\/FiberWood.Canada\/","https:\/\/www.instagram.com\/fiberwood.canada\/","https:\/\/www.tiktok.com\/@fiberwood","https:\/\/ca.linkedin.com\/company\/fiberwood","https:\/\/www.yelp.ca\/biz\/fiberwood-bois-des-filion"],"address":{"@id":"https:\/\/www.fiberwood.ca\/fr\/#postaladdress","@type":"PostalAddress","streetAddress":"829 Boulevard Industriel, #105","postalCode":"J6Z 4T3","addressLocality":"Bois-des-Filion","addressRegion":"Quebec","addressCountry":"CA"}},{"@type":"Product","@id":"https:\/\/www.fiberwood.ca\/fr\/produit\/cloture-planche-royale-noir-echantillon-3-pouces\/#wooCommerceProduct","name":"Planche de cl\u00f4ture en composite \u00c9dition Royale, couleur Noir \u2013 \u00c9chantillon 3''","description":"\u00c9chantillon 3\" FiberWood \u00c9dition Royale en noir. Fini sabl\u00e9 avec effet en relief subtil. Id\u00e9al pour valider texture et couleur avant l\u2019achat.\r\nSp\u00e9cifications :\r\n\r\n\r\n \t\r\n\u00c9dition : Royale\r\n\r\n \t\r\nCouleur : Noir\r\n\r\n \t\r\nCat\u00e9gorie : Cl\u00f4ture en composite\r\n\r\n \t\r\nLargeur de l\u2019\u00e9chantillon : 3 pouces\r\n\r\n \t\r\nMat\u00e9riau : Composite de bois, coextrud\u00e9\r\n\r\n \t\r\nUtilisation : Cl\u00f4ture ext\u00e9rieure (r\u00e9sidentiel et commercial)","url":"https:\/\/www.fiberwood.ca\/fr\/produit\/cloture-planche-royale-noir-echantillon-3-pouces\/","sku":"FW-F-R-BLK-3","image":{"@type":"ImageObject","url":"https:\/\/www.fiberwood.ca\/wp-content\/uploads\/2025\/05\/FENCE-ROYAL_BLACK-V2SITE.png","@id":"https:\/\/www.fiberwood.ca\/fr\/produit\/cloture-planche-royale-noir-echantillon-3-pouces\/#productImage","width":2500,"height":2500},"offers":{"@type":"Offer","url":"https:\/\/www.fiberwood.ca\/fr\/produit\/cloture-planche-royale-noir-echantillon-3-pouces\/#wooCommerceOffer","price":5,"priceCurrency":"CAD","category":"Cl\u00f4ture","availability":"https:\/\/schema.org\/InStock","priceSpecification":{"@type":"PriceSpecification","price":5,"priceCurrency":"CAD","valueAddedTaxIncluded":"true"},"seller":{"@type":"Organization","@id":"https:\/\/www.fiberwood.ca\/fr\/#organization"}}},{"@type":"WebPage","@id":"https:\/\/www.fiberwood.ca\/fr\/produit\/cloture-planche-royale-noir-echantillon-3-pouces\/#webpage","url":"https:\/\/www.fiberwood.ca\/fr\/produit\/cloture-planche-royale-noir-echantillon-3-pouces\/","name":"FiberWood Cl\u00f4ture Royale \u2013 Noir \u2013 \u00c9chantillon 3\"","description":"\u00c9chantillon 3\" cl\u00f4ture FiberWood Royale noir. Fini sabl\u00e9 avec relief subtil. Testez couleur et texture avant votre installation compl\u00e8te.","inLanguage":"fr-CA","isPartOf":{"@id":"https:\/\/www.fiberwood.ca\/fr\/#website"},"breadcrumb":{"@id":"https:\/\/www.fiberwood.ca\/fr\/produit\/cloture-planche-royale-noir-echantillon-3-pouces\/#breadcrumblist"},"image":{"@type":"ImageObject","url":"https:\/\/www.fiberwood.ca\/wp-content\/uploads\/2025\/05\/FENCE-ROYAL_BLACK-V2SITE.png","@id":"https:\/\/www.fiberwood.ca\/fr\/produit\/cloture-planche-royale-noir-echantillon-3-pouces\/#mainImage","width":2500,"height":2500},"primaryImageOfPage":{"@id":"https:\/\/www.fiberwood.ca\/fr\/produit\/cloture-planche-royale-noir-echantillon-3-pouces\/#mainImage"},"datePublished":"2024-06-28T15:31:29-04:00","dateModified":"2025-06-03T15:07:21-04:00"},{"@type":"WebSite","@id":"https:\/\/www.fiberwood.ca\/fr\/#website","url":"https:\/\/www.fiberwood.ca\/fr\/","name":"FiberWood","description":"Bois composite","inLanguage":"fr-CA","publisher":{"@id":"https:\/\/www.fiberwood.ca\/fr\/#organization"}}]},"og:locale":"fr_CA","og:site_name":"FiberWood | Bois composite","og:type":"article","og:title":"FiberWood Cl\u00f4ture Royale \u2013 Noir \u2013 \u00c9chantillon 3&quot;","og:description":"\u00c9chantillon 3&quot; cl\u00f4ture FiberWood Royale noir. Fini sabl\u00e9 avec relief subtil. Testez couleur et texture avant votre installation compl\u00e8te.","og:url":"https:\/\/www.fiberwood.ca\/fr\/produit\/cloture-planche-royale-noir-echantillon-3-pouces\/","og:image":"https:\/\/www.fiberwood.ca\/wp-content\/uploads\/2025\/05\/FENCE-ROYAL_BLACK-V2SITE.png","og:image:secure_url":"https:\/\/www.fiberwood.ca\/wp-content\/uploads\/2025\/05\/FENCE-ROYAL_BLACK-V2SITE.png","og:image:width":2500,"og:image:height":2500,"article:published_time":"2024-06-28T19:31:29+00:00","article:modified_time":"2025-06-03T19:07:21+00:00","article:publisher":"https:\/\/www.facebook.com\/FiberWood.Canada\/","twitter:card":"summary","twitter:title":"FiberWood Cl\u00f4ture Royale \u2013 Noir \u2013 \u00c9chantillon 3&quot;","twitter:description":"\u00c9chantillon 3&quot; cl\u00f4ture FiberWood Royale noir. Fini sabl\u00e9 avec relief subtil. Testez couleur et texture avant votre installation compl\u00e8te.","twitter:image":"https:\/\/www.fiberwood.ca\/wp-content\/uploads\/2025\/05\/FENCE-ROYAL_BLACK-V2SITE.png"},"aioseo_meta_data":{"post_id":"30127","title":"FiberWood Cl\u00f4ture Royale \u2013 Noir \u2013 \u00c9chantillon 3\"","description":"\u00c9chantillon 3\" cl\u00f4ture FiberWood Royale noir. Fini sabl\u00e9 avec relief subtil. Testez couleur et texture avant votre installation compl\u00e8te.","keywords":null,"keyphrases":{"focus":{"keyphrase":"","score":0,"analysis":{"keyphraseInTitle":{"score":0,"maxScore":9,"error":1}}},"additional":[]},"primary_term":null,"canonical_url":null,"og_title":null,"og_description":null,"og_object_type":"default","og_image_type":"default","og_image_url":null,"og_image_width":null,"og_image_height":null,"og_image_custom_url":null,"og_image_custom_fields":null,"og_video":"","og_custom_url":null,"og_article_section":null,"og_article_tags":null,"twitter_use_og":false,"twitter_card":"default","twitter_image_type":"default","twitter_image_url":null,"twitter_image_custom_url":null,"twitter_image_custom_fields":null,"twitter_title":null,"twitter_description":null,"schema":{"blockGraphs":[],"customGraphs":[],"default":{"data":{"Article":[],"Course":[],"Dataset":[],"FAQPage":[],"Movie":[],"Person":[],"Product":[],"ProductReview":[],"Car":[],"Recipe":[],"Service":[],"SoftwareApplication":[],"WebPage":[]},"graphName":"Product","isEnabled":true},"graphs":[]},"schema_type":"default","schema_type_options":null,"pillar_content":false,"robots_default":true,"robots_noindex":false,"robots_noarchive":false,"robots_nosnippet":false,"robots_nofollow":false,"robots_noimageindex":false,"robots_noodp":false,"robots_notranslate":false,"robots_max_snippet":"-1","robots_max_videopreview":"-1","robots_max_imagepreview":"large","priority":null,"frequency":"default","local_seo":null,"seo_analyzer_scan_date":"2025-11-05 01:27:24","breadcrumb_settings":null,"limit_modified_date":false,"reviewed_by":"0","open_ai":"{\"title\":{\"suggestions\":[],\"usage\":0},\"description\":{\"suggestions\":[],\"usage\":0}}","ai":null,"created":"2024-07-04 16:12:07","updated":"2025-11-05 01:27:24"},"aioseo_breadcrumb":"<div class=\"aioseo-breadcrumbs\"><span class=\"aioseo-breadcrumb\">\n\tYou are here\n<\/span><span class=\"aioseo-breadcrumb-separator\">\u00bb<\/span><span class=\"aioseo-breadcrumb\">\n\t<a href=\"https:\/\/www.fiberwood.ca\/fr\/\" title=\"Home\">Home<\/a>\n<\/span><span class=\"aioseo-breadcrumb-separator\">\u00bb<\/span><span class=\"aioseo-breadcrumb\">\n\t<a href=\"https:\/\/www.fiberwood.ca\/fr\/boutique\/\" title=\"Boutique\">Boutique<\/a>\n<\/span><span class=\"aioseo-breadcrumb-separator\">\u00bb<\/span><span class=\"aioseo-breadcrumb\">\n\t<a href=\"https:\/\/www.fiberwood.ca\/fr\/categorie-produit\/cloture\/\" title=\"Cl\u00f4ture\">Cl\u00f4ture<\/a>\n<\/span><span class=\"aioseo-breadcrumb-separator\">\u00bb<\/span><span class=\"aioseo-breadcrumb\">\n\tPlanche de cl\u00f4ture en composite \u00c9dition Royale, couleur Noir \u2013 \u00c9chantillon 3 \u00bb\n<\/span><\/div>","aioseo_breadcrumb_json":[{"label":"You are here","link":""},{"label":"Home","link":"https:\/\/www.fiberwood.ca\/fr\/"},{"label":"Boutique","link":"https:\/\/www.fiberwood.ca\/fr\/boutique\/"},{"label":"Cl\u00f4ture","link":"https:\/\/www.fiberwood.ca\/fr\/categorie-produit\/cloture\/"},{"label":"Planche de cl\u00f4ture en composite \u00c9dition Royale, couleur Noir \u2013 \u00c9chantillon 3\u00a0\u00bb","link":"https:\/\/www.fiberwood.ca\/fr\/produit\/cloture-planche-royale-noir-echantillon-3-pouces\/"}],"_links":{"self":[{"href":"https:\/\/www.fiberwood.ca\/fr\/wp-json\/wp\/v2\/product\/30127","targetHints":{"allow":["GET"]}}],"collection":[{"href":"https:\/\/www.fiberwood.ca\/fr\/wp-json\/wp\/v2\/product"}],"about":[{"href":"https:\/\/www.fiberwood.ca\/fr\/wp-json\/wp\/v2\/types\/product"}],"version-history":[{"count":10,"href":"https:\/\/www.fiberwood.ca\/fr\/wp-json\/wp\/v2\/product\/30127\/revisions"}],"predecessor-version":[{"id":69563,"href":"https:\/\/www.fiberwood.ca\/fr\/wp-json\/wp\/v2\/product\/30127\/revisions\/69563"}],"wp:featuredmedia":[{"embeddable":true,"href":"https:\/\/www.fiberwood.ca\/fr\/wp-json\/wp\/v2\/media\/69692"}],"wp:attachment":[{"href":"https:\/\/www.fiberwood.ca\/fr\/wp-json\/wp\/v2\/media?parent=30127"}],"wp:term":[{"taxonomy":"product_brand","embeddable":true,"href":"https:\/\/www.fiberwood.ca\/fr\/wp-json\/wp\/v2\/product_brand?post=30127"},{"taxonomy":"product_cat","embeddable":true,"href":"https:\/\/www.fiberwood.ca\/fr\/wp-json\/wp\/v2\/product_cat?post=30127"},{"taxonomy":"product_tag","embeddable":true,"href":"https:\/\/www.fiberwood.ca\/fr\/wp-json\/wp\/v2\/product_tag?post=30127"},{"taxonomy":"collections","embeddable":true,"href":"https:\/\/www.fiberwood.ca\/fr\/wp-json\/wp\/v2\/collections?post=30127"},{"taxonomy":"brands","embeddable":true,"href":"https:\/\/www.fiberwood.ca\/fr\/wp-json\/wp\/v2\/brands?post=30127"},{"taxonomy":"edition","embeddable":true,"href":"https:\/\/www.fiberwood.ca\/fr\/wp-json\/wp\/v2\/edition?post=30127"},{"taxonomy":"manufacturing-process","embeddable":true,"href":"https:\/\/www.fiberwood.ca\/fr\/wp-json\/wp\/v2\/manufacturing-process?post=30127"}],"curies":[{"name":"wp","href":"https:\/\/api.w.org\/{rel}","templated":true}]}}