{"id":30133,"date":"2024-06-28T15:31:30","date_gmt":"2024-06-28T19:31:30","guid":{"rendered":"https:\/\/www.fiberwood.ca\/?post_type=product&#038;p=30133"},"modified":"2025-06-03T15:10:37","modified_gmt":"2025-06-03T19:10:37","slug":"cloture-planche-royale-bois-naturel-echantillon-3-pouces","status":"publish","type":"product","link":"https:\/\/www.fiberwood.ca\/fr\/produit\/cloture-planche-royale-bois-naturel-echantillon-3-pouces\/","title":{"rendered":"Planche de cl\u00f4ture en composite \u00c9dition Royale, couleur Bois Naturel \u2013 \u00c9chantillon 3\u00a0\u00bb"},"content":{"rendered":"<p data-start=\"2204\" data-end=\"2309\"><strong data-start=\"2204\" data-end=\"2309\">Admirez la chaleur du bois naturel avec cet \u00e9chantillon de 3&Prime; de la cl\u00f4ture FiberWood \u00c9dition Royale.<\/strong><\/p>\n<p data-start=\"2311\" data-end=\"2573\">Cette planche, fabriqu\u00e9e avec des mat\u00e9riaux recycl\u00e9s, pr\u00e9sente un fini sabl\u00e9 avec un l\u00e9ger effet en relief pour un aspect plus riche et textur\u00e9. R\u00e9sistante \u00e0 l\u2019humidit\u00e9, \u00e0 la moisissure et \u00e0 la d\u00e9coloration, elle est parfaite pour les conditions canadiennes.<\/p>\n<p data-start=\"2575\" data-end=\"2672\">Touchez, observez et validez la texture avant de lancer votre projet de cl\u00f4ture en composite.<\/p>\n","protected":false},"excerpt":{"rendered":"<p data-start=\"1731\" data-end=\"1882\">\u00c9chantillon 3&Prime; FiberWood \u00c9dition Royale en bois naturel. Fini sabl\u00e9 avec effet en relief. Id\u00e9al pour valider teinte et texture avant le projet complet.<\/p>\n<p data-start=\"1884\" data-end=\"1906\"><strong data-start=\"1884\" data-end=\"1904\">Sp\u00e9cifications :<\/strong><\/p>\n<ul data-start=\"1907\" data-end=\"2162\">\n<li data-start=\"1907\" data-end=\"1931\">\n<p data-start=\"1909\" data-end=\"1931\"><strong data-start=\"1909\" data-end=\"1922\">\u00c9dition :<\/strong> Royale<\/p>\n<\/li>\n<li data-start=\"1932\" data-end=\"1962\">\n<p data-start=\"1934\" data-end=\"1962\"><strong data-start=\"1934\" data-end=\"1947\">Couleur :<\/strong> Bois Naturel<\/p>\n<\/li>\n<li data-start=\"1963\" data-end=\"2003\">\n<p data-start=\"1965\" data-end=\"2003\"><strong data-start=\"1965\" data-end=\"1980\">Cat\u00e9gorie :<\/strong> Cl\u00f4ture en composite<\/p>\n<\/li>\n<li data-start=\"2004\" data-end=\"2047\">\n<p data-start=\"2006\" data-end=\"2047\"><strong data-start=\"2006\" data-end=\"2036\">Largeur de l\u2019\u00e9chantillon :<\/strong> 3 pouces<\/p>\n<\/li>\n<li data-start=\"2048\" data-end=\"2095\">\n<p data-start=\"2050\" data-end=\"2095\"><strong data-start=\"2050\" data-end=\"2064\">Mat\u00e9riau :<\/strong> Composite de bois, coextrud\u00e9<\/p>\n<\/li>\n<li data-start=\"2096\" data-end=\"2162\">\n<p data-start=\"2098\" data-end=\"2162\"><strong data-start=\"2098\" data-end=\"2115\">Utilisation :<\/strong> Cl\u00f4ture ext\u00e9rieure (r\u00e9sidentiel et commercial)<\/p>\n<\/li>\n<\/ul>\n","protected":false},"featured_media":69706,"template":"","meta":[],"product_brand":[],"product_cat":[1016],"product_tag":[],"collections":[],"brands":[1530],"edition":[1526],"manufacturing-process":[1531],"class_list":{"0":"post-30133","1":"product","2":"type-product","3":"status-publish","4":"has-post-thumbnail","6":"product_cat-cloture","7":"product_shipping_class-classe-expedition-echantillons","8":"pa_fence-color-cloture-bois-naturel","9":"brands-fiberwood","10":"edition-royale","11":"manufacturing-process-composite-co-extrusion","13":"first","14":"instock","15":"taxable","16":"shipping-taxable","17":"purchasable","18":"product-type-simple"},"aioseo_notices":[],"aioseo_head":"\n\t\t<!-- All in One SEO Pro 4.9.5.2 - aioseo.com -->\n\t<meta name=\"description\" content=\"\u00c9chantillon 3&quot; cl\u00f4ture FiberWood Royale bois naturel. Fini sabl\u00e9 avec relief subtil. Parfait pour tester couleur et texture avant l\u2019installation.\" \/>\n\t<meta name=\"robots\" content=\"max-image-preview:large\" \/>\n\t<meta name=\"google-site-verification\" content=\"wakbDbH7CGUhDKT81iv3l311nmyWlYfqhph7BR2JgHQ\" \/>\n\t<meta name=\"msvalidate.01\" content=\"F9D2A6256296D6AAC106F746E9C87936\" \/>\n\t<link rel=\"canonical\" href=\"https:\/\/www.fiberwood.ca\/fr\/produit\/cloture-planche-royale-bois-naturel-echantillon-3-pouces\/\" \/>\n\t<meta name=\"generator\" content=\"All in One SEO Pro (AIOSEO) 4.9.5.2\" \/>\n\t\t<meta property=\"og:locale\" content=\"fr_CA\" \/>\n\t\t<meta property=\"og:site_name\" content=\"FiberWood | Bois composite\" \/>\n\t\t<meta property=\"og:type\" content=\"article\" \/>\n\t\t<meta property=\"og:title\" content=\"FiberWood Cl\u00f4ture Royale \u2013 Bois Naturel \u2013 \u00c9chantillon 3&quot;\" \/>\n\t\t<meta property=\"og:description\" content=\"\u00c9chantillon 3&quot; cl\u00f4ture FiberWood Royale bois naturel. Fini sabl\u00e9 avec relief subtil. Parfait pour tester couleur et texture avant l\u2019installation.\" \/>\n\t\t<meta property=\"og:url\" content=\"https:\/\/www.fiberwood.ca\/fr\/produit\/cloture-planche-royale-bois-naturel-echantillon-3-pouces\/\" \/>\n\t\t<meta property=\"og:image\" content=\"https:\/\/www.fiberwood.ca\/wp-content\/uploads\/2024\/06\/FENCE-ROYAL_NATURAL-WOOD_V3SITE2-1.png\" \/>\n\t\t<meta property=\"og:image:secure_url\" content=\"https:\/\/www.fiberwood.ca\/wp-content\/uploads\/2024\/06\/FENCE-ROYAL_NATURAL-WOOD_V3SITE2-1.png\" \/>\n\t\t<meta property=\"og:image:width\" content=\"2500\" \/>\n\t\t<meta property=\"og:image:height\" content=\"2500\" \/>\n\t\t<meta property=\"article:published_time\" content=\"2024-06-28T19:31:30+00:00\" \/>\n\t\t<meta property=\"article:modified_time\" content=\"2025-06-03T19:10:37+00:00\" \/>\n\t\t<meta property=\"article:publisher\" content=\"https:\/\/www.facebook.com\/FiberWood.Canada\/\" \/>\n\t\t<meta name=\"twitter:card\" content=\"summary\" \/>\n\t\t<meta name=\"twitter:title\" content=\"FiberWood Cl\u00f4ture Royale \u2013 Bois Naturel \u2013 \u00c9chantillon 3&quot;\" \/>\n\t\t<meta name=\"twitter:description\" content=\"\u00c9chantillon 3&quot; cl\u00f4ture FiberWood Royale bois naturel. Fini sabl\u00e9 avec relief subtil. Parfait pour tester couleur et texture avant l\u2019installation.\" \/>\n\t\t<meta name=\"twitter:image\" content=\"https:\/\/www.fiberwood.ca\/wp-content\/uploads\/2024\/06\/FENCE-ROYAL_NATURAL-WOOD_V3SITE2-1.png\" \/>\n\t\t<script type=\"application\/ld+json\" class=\"aioseo-schema\">\n\t\t\t{\"@context\":\"https:\\\/\\\/schema.org\",\"@graph\":[{\"@type\":\"BreadcrumbList\",\"@id\":\"https:\\\/\\\/www.fiberwood.ca\\\/fr\\\/produit\\\/cloture-planche-royale-bois-naturel-echantillon-3-pouces\\\/#breadcrumblist\",\"itemListElement\":[{\"@type\":\"ListItem\",\"@id\":\"https:\\\/\\\/www.fiberwood.ca\\\/fr\\\/#listItem\",\"position\":2,\"name\":\"Home\",\"item\":\"https:\\\/\\\/www.fiberwood.ca\\\/fr\\\/\",\"nextItem\":{\"@type\":\"ListItem\",\"@id\":\"https:\\\/\\\/www.fiberwood.ca\\\/fr\\\/boutique\\\/#listItem\",\"name\":\"Boutique\"},\"previousItem\":{\"@type\":\"ListItem\",\"@id\":\"#listItem\",\"name\":\"You are here\"}},{\"@type\":\"ListItem\",\"@id\":\"https:\\\/\\\/www.fiberwood.ca\\\/fr\\\/boutique\\\/#listItem\",\"position\":3,\"name\":\"Boutique\",\"item\":\"https:\\\/\\\/www.fiberwood.ca\\\/fr\\\/boutique\\\/\",\"nextItem\":{\"@type\":\"ListItem\",\"@id\":\"https:\\\/\\\/www.fiberwood.ca\\\/fr\\\/categorie-produit\\\/cloture\\\/#listItem\",\"name\":\"Cl\\u00f4ture\"},\"previousItem\":{\"@type\":\"ListItem\",\"@id\":\"https:\\\/\\\/www.fiberwood.ca\\\/fr\\\/#listItem\",\"name\":\"Home\"}},{\"@type\":\"ListItem\",\"@id\":\"https:\\\/\\\/www.fiberwood.ca\\\/fr\\\/categorie-produit\\\/cloture\\\/#listItem\",\"position\":4,\"name\":\"Cl\\u00f4ture\",\"item\":\"https:\\\/\\\/www.fiberwood.ca\\\/fr\\\/categorie-produit\\\/cloture\\\/\",\"nextItem\":{\"@type\":\"ListItem\",\"@id\":\"https:\\\/\\\/www.fiberwood.ca\\\/fr\\\/produit\\\/cloture-planche-royale-bois-naturel-echantillon-3-pouces\\\/#listItem\",\"name\":\"Planche de cl\\u00f4ture en composite \\u00c9dition Royale, couleur Bois Naturel \\u2013 \\u00c9chantillon 3\\u00a0\\u00bb\"},\"previousItem\":{\"@type\":\"ListItem\",\"@id\":\"https:\\\/\\\/www.fiberwood.ca\\\/fr\\\/boutique\\\/#listItem\",\"name\":\"Boutique\"}},{\"@type\":\"ListItem\",\"@id\":\"https:\\\/\\\/www.fiberwood.ca\\\/fr\\\/produit\\\/cloture-planche-royale-bois-naturel-echantillon-3-pouces\\\/#listItem\",\"position\":5,\"name\":\"Planche de cl\\u00f4ture en composite \\u00c9dition Royale, couleur Bois Naturel \\u2013 \\u00c9chantillon 3\\u00a0\\u00bb\",\"previousItem\":{\"@type\":\"ListItem\",\"@id\":\"https:\\\/\\\/www.fiberwood.ca\\\/fr\\\/categorie-produit\\\/cloture\\\/#listItem\",\"name\":\"Cl\\u00f4ture\"}}]},{\"@type\":\"Organization\",\"@id\":\"https:\\\/\\\/www.fiberwood.ca\\\/fr\\\/#organization\",\"name\":\"FiberWood\",\"description\":\"Bois composite\",\"url\":\"https:\\\/\\\/www.fiberwood.ca\\\/fr\\\/\",\"email\":\"info@fiberwood.ca\",\"telephone\":\"+18883601866\",\"sameAs\":[\"https:\\\/\\\/www.facebook.com\\\/FiberWood.Canada\\\/\",\"https:\\\/\\\/www.instagram.com\\\/fiberwood.canada\\\/\",\"https:\\\/\\\/www.tiktok.com\\\/@fiberwood\",\"https:\\\/\\\/ca.linkedin.com\\\/company\\\/fiberwood\",\"https:\\\/\\\/www.yelp.ca\\\/biz\\\/fiberwood-bois-des-filion\"],\"address\":{\"@id\":\"https:\\\/\\\/www.fiberwood.ca\\\/fr\\\/#postaladdress\",\"@type\":\"PostalAddress\",\"streetAddress\":\"829 Boulevard Industriel, #105\",\"postalCode\":\"J6Z 4T3\",\"addressLocality\":\"Bois-des-Filion\",\"addressRegion\":\"Quebec\",\"addressCountry\":\"CA\"}},{\"@type\":\"Product\",\"@id\":\"https:\\\/\\\/www.fiberwood.ca\\\/fr\\\/produit\\\/cloture-planche-royale-bois-naturel-echantillon-3-pouces\\\/#wooCommerceProduct\",\"name\":\"Planche de cl\\u00f4ture en composite \\u00c9dition Royale, couleur Bois Naturel \\u2013 \\u00c9chantillon 3''\",\"description\":\"\\u00c9chantillon 3\\\" FiberWood \\u00c9dition Royale en bois naturel. Fini sabl\\u00e9 avec effet en relief. Id\\u00e9al pour valider teinte et texture avant le projet complet.\\r\\nSp\\u00e9cifications :\\r\\n\\r\\n\\r\\n \\t\\r\\n\\u00c9dition : Royale\\r\\n\\r\\n \\t\\r\\nCouleur : Bois Naturel\\r\\n\\r\\n \\t\\r\\nCat\\u00e9gorie : Cl\\u00f4ture en composite\\r\\n\\r\\n \\t\\r\\nLargeur de l\\u2019\\u00e9chantillon : 3 pouces\\r\\n\\r\\n \\t\\r\\nMat\\u00e9riau : Composite de bois, coextrud\\u00e9\\r\\n\\r\\n \\t\\r\\nUtilisation : Cl\\u00f4ture ext\\u00e9rieure (r\\u00e9sidentiel et commercial)\",\"url\":\"https:\\\/\\\/www.fiberwood.ca\\\/fr\\\/produit\\\/cloture-planche-royale-bois-naturel-echantillon-3-pouces\\\/\",\"sku\":\"FW-F-R-NW-3\",\"image\":{\"@type\":\"ImageObject\",\"url\":\"https:\\\/\\\/www.fiberwood.ca\\\/wp-content\\\/uploads\\\/2024\\\/06\\\/FENCE-ROYAL_NATURAL-WOOD_V3SITE2-1.png\",\"@id\":\"https:\\\/\\\/www.fiberwood.ca\\\/fr\\\/produit\\\/cloture-planche-royale-bois-naturel-echantillon-3-pouces\\\/#productImage\",\"width\":2500,\"height\":2500},\"offers\":{\"@type\":\"Offer\",\"url\":\"https:\\\/\\\/www.fiberwood.ca\\\/fr\\\/produit\\\/cloture-planche-royale-bois-naturel-echantillon-3-pouces\\\/#wooCommerceOffer\",\"price\":5,\"priceCurrency\":\"CAD\",\"category\":\"Cl\\u00f4ture\",\"availability\":\"https:\\\/\\\/schema.org\\\/InStock\",\"priceSpecification\":{\"@type\":\"PriceSpecification\",\"price\":5,\"priceCurrency\":\"CAD\",\"valueAddedTaxIncluded\":\"true\"},\"seller\":{\"@type\":\"Organization\",\"@id\":\"https:\\\/\\\/www.fiberwood.ca\\\/fr\\\/#organization\"}}},{\"@type\":\"WebPage\",\"@id\":\"https:\\\/\\\/www.fiberwood.ca\\\/fr\\\/produit\\\/cloture-planche-royale-bois-naturel-echantillon-3-pouces\\\/#webpage\",\"url\":\"https:\\\/\\\/www.fiberwood.ca\\\/fr\\\/produit\\\/cloture-planche-royale-bois-naturel-echantillon-3-pouces\\\/\",\"name\":\"FiberWood Cl\\u00f4ture Royale \\u2013 Bois Naturel \\u2013 \\u00c9chantillon 3\\\"\",\"description\":\"\\u00c9chantillon 3\\\" cl\\u00f4ture FiberWood Royale bois naturel. Fini sabl\\u00e9 avec relief subtil. Parfait pour tester couleur et texture avant l\\u2019installation.\",\"inLanguage\":\"fr-CA\",\"isPartOf\":{\"@id\":\"https:\\\/\\\/www.fiberwood.ca\\\/fr\\\/#website\"},\"breadcrumb\":{\"@id\":\"https:\\\/\\\/www.fiberwood.ca\\\/fr\\\/produit\\\/cloture-planche-royale-bois-naturel-echantillon-3-pouces\\\/#breadcrumblist\"},\"image\":{\"@type\":\"ImageObject\",\"url\":\"https:\\\/\\\/www.fiberwood.ca\\\/wp-content\\\/uploads\\\/2024\\\/06\\\/FENCE-ROYAL_NATURAL-WOOD_V3SITE2-1.png\",\"@id\":\"https:\\\/\\\/www.fiberwood.ca\\\/fr\\\/produit\\\/cloture-planche-royale-bois-naturel-echantillon-3-pouces\\\/#mainImage\",\"width\":2500,\"height\":2500},\"primaryImageOfPage\":{\"@id\":\"https:\\\/\\\/www.fiberwood.ca\\\/fr\\\/produit\\\/cloture-planche-royale-bois-naturel-echantillon-3-pouces\\\/#mainImage\"},\"datePublished\":\"2024-06-28T15:31:30-04:00\",\"dateModified\":\"2025-06-03T15:10:37-04:00\"},{\"@type\":\"WebSite\",\"@id\":\"https:\\\/\\\/www.fiberwood.ca\\\/fr\\\/#website\",\"url\":\"https:\\\/\\\/www.fiberwood.ca\\\/fr\\\/\",\"name\":\"FiberWood\",\"description\":\"Bois composite\",\"inLanguage\":\"fr-CA\",\"publisher\":{\"@id\":\"https:\\\/\\\/www.fiberwood.ca\\\/fr\\\/#organization\"}}]}\n\t\t<\/script>\n\t\t<script type=\"text\/javascript\">\n\t\t\t(function(c,l,a,r,i,t,y){\n\t\t\tc[a]=c[a]||function(){(c[a].q=c[a].q||[]).push(arguments)};t=l.createElement(r);t.async=1;\n\t\t\tt.src=\"https:\/\/www.clarity.ms\/tag\/\"+i+\"?ref=aioseo\";y=l.getElementsByTagName(r)[0];y.parentNode.insertBefore(t,y);\n\t\t})(window, document, \"clarity\", \"script\", \"bfabkyl83n\");\n\t\t<\/script>\n\t\t<!-- All in One SEO Pro -->\r\n\t\t<title>FiberWood Cl\u00f4ture Royale \u2013 Bois Naturel \u2013 \u00c9chantillon 3&quot;<\/title>\n\n","aioseo_head_json":{"title":"FiberWood Cl\u00f4ture Royale \u2013 Bois Naturel \u2013 \u00c9chantillon 3\"","description":"\u00c9chantillon 3\" cl\u00f4ture FiberWood Royale bois naturel. Fini sabl\u00e9 avec relief subtil. Parfait pour tester couleur et texture avant l\u2019installation.","canonical_url":"https:\/\/www.fiberwood.ca\/fr\/produit\/cloture-planche-royale-bois-naturel-echantillon-3-pouces\/","robots":"max-image-preview:large","keywords":"","webmasterTools":{"google-site-verification":"wakbDbH7CGUhDKT81iv3l311nmyWlYfqhph7BR2JgHQ","msvalidate.01":"F9D2A6256296D6AAC106F746E9C87936","miscellaneous":""},"schema":{"@context":"https:\/\/schema.org","@graph":[{"@type":"BreadcrumbList","@id":"https:\/\/www.fiberwood.ca\/fr\/produit\/cloture-planche-royale-bois-naturel-echantillon-3-pouces\/#breadcrumblist","itemListElement":[{"@type":"ListItem","@id":"https:\/\/www.fiberwood.ca\/fr\/#listItem","position":2,"name":"Home","item":"https:\/\/www.fiberwood.ca\/fr\/","nextItem":{"@type":"ListItem","@id":"https:\/\/www.fiberwood.ca\/fr\/boutique\/#listItem","name":"Boutique"},"previousItem":{"@type":"ListItem","@id":"#listItem","name":"You are here"}},{"@type":"ListItem","@id":"https:\/\/www.fiberwood.ca\/fr\/boutique\/#listItem","position":3,"name":"Boutique","item":"https:\/\/www.fiberwood.ca\/fr\/boutique\/","nextItem":{"@type":"ListItem","@id":"https:\/\/www.fiberwood.ca\/fr\/categorie-produit\/cloture\/#listItem","name":"Cl\u00f4ture"},"previousItem":{"@type":"ListItem","@id":"https:\/\/www.fiberwood.ca\/fr\/#listItem","name":"Home"}},{"@type":"ListItem","@id":"https:\/\/www.fiberwood.ca\/fr\/categorie-produit\/cloture\/#listItem","position":4,"name":"Cl\u00f4ture","item":"https:\/\/www.fiberwood.ca\/fr\/categorie-produit\/cloture\/","nextItem":{"@type":"ListItem","@id":"https:\/\/www.fiberwood.ca\/fr\/produit\/cloture-planche-royale-bois-naturel-echantillon-3-pouces\/#listItem","name":"Planche de cl\u00f4ture en composite \u00c9dition Royale, couleur Bois Naturel \u2013 \u00c9chantillon 3\u00a0\u00bb"},"previousItem":{"@type":"ListItem","@id":"https:\/\/www.fiberwood.ca\/fr\/boutique\/#listItem","name":"Boutique"}},{"@type":"ListItem","@id":"https:\/\/www.fiberwood.ca\/fr\/produit\/cloture-planche-royale-bois-naturel-echantillon-3-pouces\/#listItem","position":5,"name":"Planche de cl\u00f4ture en composite \u00c9dition Royale, couleur Bois Naturel \u2013 \u00c9chantillon 3\u00a0\u00bb","previousItem":{"@type":"ListItem","@id":"https:\/\/www.fiberwood.ca\/fr\/categorie-produit\/cloture\/#listItem","name":"Cl\u00f4ture"}}]},{"@type":"Organization","@id":"https:\/\/www.fiberwood.ca\/fr\/#organization","name":"FiberWood","description":"Bois composite","url":"https:\/\/www.fiberwood.ca\/fr\/","email":"info@fiberwood.ca","telephone":"+18883601866","sameAs":["https:\/\/www.facebook.com\/FiberWood.Canada\/","https:\/\/www.instagram.com\/fiberwood.canada\/","https:\/\/www.tiktok.com\/@fiberwood","https:\/\/ca.linkedin.com\/company\/fiberwood","https:\/\/www.yelp.ca\/biz\/fiberwood-bois-des-filion"],"address":{"@id":"https:\/\/www.fiberwood.ca\/fr\/#postaladdress","@type":"PostalAddress","streetAddress":"829 Boulevard Industriel, #105","postalCode":"J6Z 4T3","addressLocality":"Bois-des-Filion","addressRegion":"Quebec","addressCountry":"CA"}},{"@type":"Product","@id":"https:\/\/www.fiberwood.ca\/fr\/produit\/cloture-planche-royale-bois-naturel-echantillon-3-pouces\/#wooCommerceProduct","name":"Planche de cl\u00f4ture en composite \u00c9dition Royale, couleur Bois Naturel \u2013 \u00c9chantillon 3''","description":"\u00c9chantillon 3\" FiberWood \u00c9dition Royale en bois naturel. Fini sabl\u00e9 avec effet en relief. Id\u00e9al pour valider teinte et texture avant le projet complet.\r\nSp\u00e9cifications :\r\n\r\n\r\n \t\r\n\u00c9dition : Royale\r\n\r\n \t\r\nCouleur : Bois Naturel\r\n\r\n \t\r\nCat\u00e9gorie : Cl\u00f4ture en composite\r\n\r\n \t\r\nLargeur de l\u2019\u00e9chantillon : 3 pouces\r\n\r\n \t\r\nMat\u00e9riau : Composite de bois, coextrud\u00e9\r\n\r\n \t\r\nUtilisation : Cl\u00f4ture ext\u00e9rieure (r\u00e9sidentiel et commercial)","url":"https:\/\/www.fiberwood.ca\/fr\/produit\/cloture-planche-royale-bois-naturel-echantillon-3-pouces\/","sku":"FW-F-R-NW-3","image":{"@type":"ImageObject","url":"https:\/\/www.fiberwood.ca\/wp-content\/uploads\/2024\/06\/FENCE-ROYAL_NATURAL-WOOD_V3SITE2-1.png","@id":"https:\/\/www.fiberwood.ca\/fr\/produit\/cloture-planche-royale-bois-naturel-echantillon-3-pouces\/#productImage","width":2500,"height":2500},"offers":{"@type":"Offer","url":"https:\/\/www.fiberwood.ca\/fr\/produit\/cloture-planche-royale-bois-naturel-echantillon-3-pouces\/#wooCommerceOffer","price":5,"priceCurrency":"CAD","category":"Cl\u00f4ture","availability":"https:\/\/schema.org\/InStock","priceSpecification":{"@type":"PriceSpecification","price":5,"priceCurrency":"CAD","valueAddedTaxIncluded":"true"},"seller":{"@type":"Organization","@id":"https:\/\/www.fiberwood.ca\/fr\/#organization"}}},{"@type":"WebPage","@id":"https:\/\/www.fiberwood.ca\/fr\/produit\/cloture-planche-royale-bois-naturel-echantillon-3-pouces\/#webpage","url":"https:\/\/www.fiberwood.ca\/fr\/produit\/cloture-planche-royale-bois-naturel-echantillon-3-pouces\/","name":"FiberWood Cl\u00f4ture Royale \u2013 Bois Naturel \u2013 \u00c9chantillon 3\"","description":"\u00c9chantillon 3\" cl\u00f4ture FiberWood Royale bois naturel. Fini sabl\u00e9 avec relief subtil. Parfait pour tester couleur et texture avant l\u2019installation.","inLanguage":"fr-CA","isPartOf":{"@id":"https:\/\/www.fiberwood.ca\/fr\/#website"},"breadcrumb":{"@id":"https:\/\/www.fiberwood.ca\/fr\/produit\/cloture-planche-royale-bois-naturel-echantillon-3-pouces\/#breadcrumblist"},"image":{"@type":"ImageObject","url":"https:\/\/www.fiberwood.ca\/wp-content\/uploads\/2024\/06\/FENCE-ROYAL_NATURAL-WOOD_V3SITE2-1.png","@id":"https:\/\/www.fiberwood.ca\/fr\/produit\/cloture-planche-royale-bois-naturel-echantillon-3-pouces\/#mainImage","width":2500,"height":2500},"primaryImageOfPage":{"@id":"https:\/\/www.fiberwood.ca\/fr\/produit\/cloture-planche-royale-bois-naturel-echantillon-3-pouces\/#mainImage"},"datePublished":"2024-06-28T15:31:30-04:00","dateModified":"2025-06-03T15:10:37-04:00"},{"@type":"WebSite","@id":"https:\/\/www.fiberwood.ca\/fr\/#website","url":"https:\/\/www.fiberwood.ca\/fr\/","name":"FiberWood","description":"Bois composite","inLanguage":"fr-CA","publisher":{"@id":"https:\/\/www.fiberwood.ca\/fr\/#organization"}}]},"og:locale":"fr_CA","og:site_name":"FiberWood | Bois composite","og:type":"article","og:title":"FiberWood Cl\u00f4ture Royale \u2013 Bois Naturel \u2013 \u00c9chantillon 3&quot;","og:description":"\u00c9chantillon 3&quot; cl\u00f4ture FiberWood Royale bois naturel. Fini sabl\u00e9 avec relief subtil. Parfait pour tester couleur et texture avant l\u2019installation.","og:url":"https:\/\/www.fiberwood.ca\/fr\/produit\/cloture-planche-royale-bois-naturel-echantillon-3-pouces\/","og:image":"https:\/\/www.fiberwood.ca\/wp-content\/uploads\/2024\/06\/FENCE-ROYAL_NATURAL-WOOD_V3SITE2-1.png","og:image:secure_url":"https:\/\/www.fiberwood.ca\/wp-content\/uploads\/2024\/06\/FENCE-ROYAL_NATURAL-WOOD_V3SITE2-1.png","og:image:width":2500,"og:image:height":2500,"article:published_time":"2024-06-28T19:31:30+00:00","article:modified_time":"2025-06-03T19:10:37+00:00","article:publisher":"https:\/\/www.facebook.com\/FiberWood.Canada\/","twitter:card":"summary","twitter:title":"FiberWood Cl\u00f4ture Royale \u2013 Bois Naturel \u2013 \u00c9chantillon 3&quot;","twitter:description":"\u00c9chantillon 3&quot; cl\u00f4ture FiberWood Royale bois naturel. Fini sabl\u00e9 avec relief subtil. Parfait pour tester couleur et texture avant l\u2019installation.","twitter:image":"https:\/\/www.fiberwood.ca\/wp-content\/uploads\/2024\/06\/FENCE-ROYAL_NATURAL-WOOD_V3SITE2-1.png"},"aioseo_meta_data":{"post_id":"30133","title":"FiberWood Cl\u00f4ture Royale \u2013 Bois Naturel \u2013 \u00c9chantillon 3\"","description":"\u00c9chantillon 3\" cl\u00f4ture FiberWood Royale bois naturel. Fini sabl\u00e9 avec relief subtil. Parfait pour tester couleur et texture avant l\u2019installation.","keywords":null,"keyphrases":{"focus":{"keyphrase":"","score":0,"analysis":{"keyphraseInTitle":{"score":0,"maxScore":9,"error":1}}},"additional":[]},"primary_term":null,"canonical_url":null,"og_title":null,"og_description":null,"og_object_type":"default","og_image_type":"default","og_image_url":null,"og_image_width":null,"og_image_height":null,"og_image_custom_url":null,"og_image_custom_fields":null,"og_video":"","og_custom_url":null,"og_article_section":null,"og_article_tags":null,"twitter_use_og":false,"twitter_card":"default","twitter_image_type":"default","twitter_image_url":null,"twitter_image_custom_url":null,"twitter_image_custom_fields":null,"twitter_title":null,"twitter_description":null,"schema":{"blockGraphs":[],"customGraphs":[],"default":{"data":{"Article":[],"Course":[],"Dataset":[],"FAQPage":[],"Movie":[],"Person":[],"Product":[],"ProductReview":[],"Car":[],"Recipe":[],"Service":[],"SoftwareApplication":[],"WebPage":[]},"graphName":"Product","isEnabled":true},"graphs":[]},"schema_type":"default","schema_type_options":null,"pillar_content":false,"robots_default":true,"robots_noindex":false,"robots_noarchive":false,"robots_nosnippet":false,"robots_nofollow":false,"robots_noimageindex":false,"robots_noodp":false,"robots_notranslate":false,"robots_max_snippet":"-1","robots_max_videopreview":"-1","robots_max_imagepreview":"large","priority":null,"frequency":"default","local_seo":null,"seo_analyzer_scan_date":"2025-11-05 01:28:31","breadcrumb_settings":null,"limit_modified_date":false,"reviewed_by":"0","open_ai":"{\"title\":{\"suggestions\":[],\"usage\":0},\"description\":{\"suggestions\":[],\"usage\":0}}","ai":null,"created":"2024-07-04 16:12:10","updated":"2025-11-05 01:28:31"},"aioseo_breadcrumb":"<div class=\"aioseo-breadcrumbs\"><span class=\"aioseo-breadcrumb\">\n\tYou are here\n<\/span><span class=\"aioseo-breadcrumb-separator\">\u00bb<\/span><span class=\"aioseo-breadcrumb\">\n\t<a href=\"https:\/\/www.fiberwood.ca\/fr\/\" title=\"Home\">Home<\/a>\n<\/span><span class=\"aioseo-breadcrumb-separator\">\u00bb<\/span><span class=\"aioseo-breadcrumb\">\n\t<a href=\"https:\/\/www.fiberwood.ca\/fr\/boutique\/\" title=\"Boutique\">Boutique<\/a>\n<\/span><span class=\"aioseo-breadcrumb-separator\">\u00bb<\/span><span class=\"aioseo-breadcrumb\">\n\t<a href=\"https:\/\/www.fiberwood.ca\/fr\/categorie-produit\/cloture\/\" title=\"Cl\u00f4ture\">Cl\u00f4ture<\/a>\n<\/span><span class=\"aioseo-breadcrumb-separator\">\u00bb<\/span><span class=\"aioseo-breadcrumb\">\n\tPlanche de cl\u00f4ture en composite \u00c9dition Royale, couleur Bois Naturel \u2013 \u00c9chantillon 3 \u00bb\n<\/span><\/div>","aioseo_breadcrumb_json":[{"label":"You are here","link":""},{"label":"Home","link":"https:\/\/www.fiberwood.ca\/fr\/"},{"label":"Boutique","link":"https:\/\/www.fiberwood.ca\/fr\/boutique\/"},{"label":"Cl\u00f4ture","link":"https:\/\/www.fiberwood.ca\/fr\/categorie-produit\/cloture\/"},{"label":"Planche de cl\u00f4ture en composite \u00c9dition Royale, couleur Bois Naturel \u2013 \u00c9chantillon 3\u00a0\u00bb","link":"https:\/\/www.fiberwood.ca\/fr\/produit\/cloture-planche-royale-bois-naturel-echantillon-3-pouces\/"}],"_links":{"self":[{"href":"https:\/\/www.fiberwood.ca\/fr\/wp-json\/wp\/v2\/product\/30133","targetHints":{"allow":["GET"]}}],"collection":[{"href":"https:\/\/www.fiberwood.ca\/fr\/wp-json\/wp\/v2\/product"}],"about":[{"href":"https:\/\/www.fiberwood.ca\/fr\/wp-json\/wp\/v2\/types\/product"}],"version-history":[{"count":11,"href":"https:\/\/www.fiberwood.ca\/fr\/wp-json\/wp\/v2\/product\/30133\/revisions"}],"predecessor-version":[{"id":69565,"href":"https:\/\/www.fiberwood.ca\/fr\/wp-json\/wp\/v2\/product\/30133\/revisions\/69565"}],"wp:featuredmedia":[{"embeddable":true,"href":"https:\/\/www.fiberwood.ca\/fr\/wp-json\/wp\/v2\/media\/69706"}],"wp:attachment":[{"href":"https:\/\/www.fiberwood.ca\/fr\/wp-json\/wp\/v2\/media?parent=30133"}],"wp:term":[{"taxonomy":"product_brand","embeddable":true,"href":"https:\/\/www.fiberwood.ca\/fr\/wp-json\/wp\/v2\/product_brand?post=30133"},{"taxonomy":"product_cat","embeddable":true,"href":"https:\/\/www.fiberwood.ca\/fr\/wp-json\/wp\/v2\/product_cat?post=30133"},{"taxonomy":"product_tag","embeddable":true,"href":"https:\/\/www.fiberwood.ca\/fr\/wp-json\/wp\/v2\/product_tag?post=30133"},{"taxonomy":"collections","embeddable":true,"href":"https:\/\/www.fiberwood.ca\/fr\/wp-json\/wp\/v2\/collections?post=30133"},{"taxonomy":"brands","embeddable":true,"href":"https:\/\/www.fiberwood.ca\/fr\/wp-json\/wp\/v2\/brands?post=30133"},{"taxonomy":"edition","embeddable":true,"href":"https:\/\/www.fiberwood.ca\/fr\/wp-json\/wp\/v2\/edition?post=30133"},{"taxonomy":"manufacturing-process","embeddable":true,"href":"https:\/\/www.fiberwood.ca\/fr\/wp-json\/wp\/v2\/manufacturing-process?post=30133"}],"curies":[{"name":"wp","href":"https:\/\/api.w.org\/{rel}","templated":true}]}}