{"id":30202,"date":"2024-07-02T09:49:02","date_gmt":"2024-07-02T13:49:02","guid":{"rendered":"https:\/\/www.fiberwood.ca\/?post_type=product&#038;p=30202"},"modified":"2025-06-03T13:29:39","modified_gmt":"2025-06-03T17:29:39","slug":"cloture-planche-classique-pierre-cendree-echantillon-3-pouces","status":"publish","type":"product","link":"https:\/\/www.fiberwood.ca\/fr\/produit\/cloture-planche-classique-pierre-cendree-echantillon-3-pouces\/","title":{"rendered":"Planche de cl\u00f4ture en composite \u00c9dition Classique, couleur Pierre Cendr\u00e9e \u2013 \u00c9chantillon 3\u00a0\u00bb"},"content":{"rendered":"<p data-start=\"2211\" data-end=\"2317\"><strong data-start=\"2211\" data-end=\"2317\">Appr\u00e9ciez la qualit\u00e9 FiberWood avec cet \u00e9chantillon de 3&Prime; de cl\u00f4ture Classique couleur pierre cendr\u00e9e.<\/strong><\/p>\n<p data-start=\"2319\" data-end=\"2563\">Fabriqu\u00e9 \u00e0 partir de mat\u00e9riaux recycl\u00e9s, ce panneau composite offre un fini sabl\u00e9 authentique qui imite le bois sans l\u2019entretien. R\u00e9sistant \u00e0 l\u2019humidit\u00e9, aux UV, \u00e0 la moisissure et aux chocs, il est con\u00e7u pour le climat rigoureux du Canada.<\/p>\n<p data-start=\"2565\" data-end=\"2694\">Cet \u00e9chantillon vous permet d\u2019\u00e9valuer la teinte, la texture et la qualit\u00e9 avant l\u2019installation de votre cl\u00f4ture en composite.<\/p>\n","protected":false},"excerpt":{"rendered":"<p data-start=\"1747\" data-end=\"1888\">\u00c9chantillon de cl\u00f4ture FiberWood pierre cendr\u00e9e, \u00e9dition Classique. Fini sabl\u00e9 raffin\u00e9 \u2014 id\u00e9al pour \u00e9valuer la texture et l\u2019apparence finale.<\/p>\n<p data-start=\"1890\" data-end=\"1912\"><strong data-start=\"1890\" data-end=\"1910\">Sp\u00e9cifications :<\/strong><\/p>\n<ul data-start=\"1913\" data-end=\"2173\">\n<li data-start=\"1913\" data-end=\"1940\">\n<p data-start=\"1915\" data-end=\"1940\"><strong data-start=\"1915\" data-end=\"1928\">\u00c9dition :<\/strong> Classique<\/p>\n<\/li>\n<li data-start=\"1941\" data-end=\"1973\">\n<p data-start=\"1943\" data-end=\"1973\"><strong data-start=\"1943\" data-end=\"1956\">Couleur :<\/strong> Pierre Cendr\u00e9e<\/p>\n<\/li>\n<li data-start=\"1974\" data-end=\"2014\">\n<p data-start=\"1976\" data-end=\"2014\"><strong data-start=\"1976\" data-end=\"1991\">Cat\u00e9gorie :<\/strong> Cl\u00f4ture en composite<\/p>\n<\/li>\n<li data-start=\"2015\" data-end=\"2058\">\n<p data-start=\"2017\" data-end=\"2058\"><strong data-start=\"2017\" data-end=\"2047\">Largeur de l\u2019\u00e9chantillon :<\/strong> 3 pouces<\/p>\n<\/li>\n<li data-start=\"2059\" data-end=\"2106\">\n<p data-start=\"2061\" data-end=\"2106\"><strong data-start=\"2061\" data-end=\"2075\">Mat\u00e9riau :<\/strong> Composite de bois, coextrud\u00e9<\/p>\n<\/li>\n<li data-start=\"2107\" data-end=\"2173\">\n<p data-start=\"2109\" data-end=\"2173\"><strong data-start=\"2109\" data-end=\"2126\">Utilisation :<\/strong> Cl\u00f4ture ext\u00e9rieure (r\u00e9sidentiel et commercial)<\/p>\n<\/li>\n<\/ul>\n","protected":false},"featured_media":30392,"template":"","meta":[],"product_brand":[],"product_cat":[1016],"product_tag":[],"collections":[],"brands":[1530],"edition":[1527],"manufacturing-process":[1531],"class_list":{"0":"post-30202","1":"product","2":"type-product","3":"status-publish","4":"has-post-thumbnail","6":"product_cat-cloture","7":"product_shipping_class-classe-expedition-echantillons","8":"pa_fence-color-cloture-pierre-cendree","9":"brands-fiberwood","10":"edition-classique","11":"manufacturing-process-composite-co-extrusion","13":"first","14":"instock","15":"taxable","16":"shipping-taxable","17":"purchasable","18":"product-type-simple"},"aioseo_notices":[],"aioseo_head":"\n\t\t<!-- All in One SEO Pro 4.9.6.2 - aioseo.com -->\n\t<meta name=\"description\" content=\"\u00c9chantillon 3&quot; FiberWood Classique pierre cendr\u00e9e. Cl\u00f4ture en composite r\u00e9sistante avec finition bross\u00e9e, id\u00e9ale pour tester avant l\u2019installation.\" \/>\n\t<meta name=\"robots\" content=\"max-image-preview:large\" \/>\n\t<meta name=\"google-site-verification\" content=\"wakbDbH7CGUhDKT81iv3l311nmyWlYfqhph7BR2JgHQ\" \/>\n\t<meta name=\"msvalidate.01\" content=\"F9D2A6256296D6AAC106F746E9C87936\" \/>\n\t<link rel=\"canonical\" href=\"https:\/\/www.fiberwood.ca\/fr\/produit\/cloture-planche-classique-pierre-cendree-echantillon-3-pouces\/\" \/>\n\t<meta name=\"generator\" content=\"All in One SEO Pro (AIOSEO) 4.9.6.2\" \/>\n\t\t<meta property=\"og:locale\" content=\"fr_CA\" \/>\n\t\t<meta property=\"og:site_name\" content=\"FiberWood | Bois composite\" \/>\n\t\t<meta property=\"og:type\" content=\"article\" \/>\n\t\t<meta property=\"og:title\" content=\"FiberWood Cl\u00f4ture Classique \u2013 Pierre Cendr\u00e9e \u2013 \u00c9chantillon 3&quot;\" \/>\n\t\t<meta property=\"og:description\" content=\"\u00c9chantillon 3&quot; FiberWood Classique pierre cendr\u00e9e. Cl\u00f4ture en composite r\u00e9sistante avec finition bross\u00e9e, id\u00e9ale pour tester avant l\u2019installation.\" \/>\n\t\t<meta property=\"og:url\" content=\"https:\/\/www.fiberwood.ca\/fr\/produit\/cloture-planche-classique-pierre-cendree-echantillon-3-pouces\/\" \/>\n\t\t<meta property=\"og:image\" content=\"https:\/\/www.fiberwood.ca\/wp-content\/uploads\/2024\/07\/Classic-Grey-Rock-FW-F-CSAND-GR-6.png\" \/>\n\t\t<meta property=\"og:image:secure_url\" content=\"https:\/\/www.fiberwood.ca\/wp-content\/uploads\/2024\/07\/Classic-Grey-Rock-FW-F-CSAND-GR-6.png\" \/>\n\t\t<meta property=\"og:image:width\" content=\"1000\" \/>\n\t\t<meta property=\"og:image:height\" content=\"1000\" \/>\n\t\t<meta property=\"article:published_time\" content=\"2024-07-02T13:49:02+00:00\" \/>\n\t\t<meta property=\"article:modified_time\" content=\"2025-06-03T17:29:39+00:00\" \/>\n\t\t<meta property=\"article:publisher\" content=\"https:\/\/www.facebook.com\/FiberWood.Canada\/\" \/>\n\t\t<meta name=\"twitter:card\" content=\"summary\" \/>\n\t\t<meta name=\"twitter:title\" content=\"FiberWood Cl\u00f4ture Classique \u2013 Pierre Cendr\u00e9e \u2013 \u00c9chantillon 3&quot;\" \/>\n\t\t<meta name=\"twitter:description\" content=\"\u00c9chantillon 3&quot; FiberWood Classique pierre cendr\u00e9e. Cl\u00f4ture en composite r\u00e9sistante avec finition bross\u00e9e, id\u00e9ale pour tester avant l\u2019installation.\" \/>\n\t\t<meta name=\"twitter:image\" content=\"https:\/\/www.fiberwood.ca\/wp-content\/uploads\/2024\/07\/Classic-Grey-Rock-FW-F-CSAND-GR-6.png\" \/>\n\t\t<script type=\"application\/ld+json\" class=\"aioseo-schema\">\n\t\t\t{\"@context\":\"https:\\\/\\\/schema.org\",\"@graph\":[{\"@type\":\"BreadcrumbList\",\"@id\":\"https:\\\/\\\/www.fiberwood.ca\\\/fr\\\/produit\\\/cloture-planche-classique-pierre-cendree-echantillon-3-pouces\\\/#breadcrumblist\",\"itemListElement\":[{\"@type\":\"ListItem\",\"@id\":\"https:\\\/\\\/www.fiberwood.ca\\\/fr\\\/#listItem\",\"position\":2,\"name\":\"Home\",\"item\":\"https:\\\/\\\/www.fiberwood.ca\\\/fr\\\/\",\"nextItem\":{\"@type\":\"ListItem\",\"@id\":\"https:\\\/\\\/www.fiberwood.ca\\\/fr\\\/boutique\\\/#listItem\",\"name\":\"Boutique\"},\"previousItem\":{\"@type\":\"ListItem\",\"@id\":\"#listItem\",\"name\":\"You are here\"}},{\"@type\":\"ListItem\",\"@id\":\"https:\\\/\\\/www.fiberwood.ca\\\/fr\\\/boutique\\\/#listItem\",\"position\":3,\"name\":\"Boutique\",\"item\":\"https:\\\/\\\/www.fiberwood.ca\\\/fr\\\/boutique\\\/\",\"nextItem\":{\"@type\":\"ListItem\",\"@id\":\"https:\\\/\\\/www.fiberwood.ca\\\/fr\\\/categorie-produit\\\/cloture\\\/#listItem\",\"name\":\"Cl\\u00f4ture\"},\"previousItem\":{\"@type\":\"ListItem\",\"@id\":\"https:\\\/\\\/www.fiberwood.ca\\\/fr\\\/#listItem\",\"name\":\"Home\"}},{\"@type\":\"ListItem\",\"@id\":\"https:\\\/\\\/www.fiberwood.ca\\\/fr\\\/categorie-produit\\\/cloture\\\/#listItem\",\"position\":4,\"name\":\"Cl\\u00f4ture\",\"item\":\"https:\\\/\\\/www.fiberwood.ca\\\/fr\\\/categorie-produit\\\/cloture\\\/\",\"nextItem\":{\"@type\":\"ListItem\",\"@id\":\"https:\\\/\\\/www.fiberwood.ca\\\/fr\\\/produit\\\/cloture-planche-classique-pierre-cendree-echantillon-3-pouces\\\/#listItem\",\"name\":\"Planche de cl\\u00f4ture en composite \\u00c9dition Classique, couleur Pierre Cendr\\u00e9e \\u2013 \\u00c9chantillon 3\\u00a0\\u00bb\"},\"previousItem\":{\"@type\":\"ListItem\",\"@id\":\"https:\\\/\\\/www.fiberwood.ca\\\/fr\\\/boutique\\\/#listItem\",\"name\":\"Boutique\"}},{\"@type\":\"ListItem\",\"@id\":\"https:\\\/\\\/www.fiberwood.ca\\\/fr\\\/produit\\\/cloture-planche-classique-pierre-cendree-echantillon-3-pouces\\\/#listItem\",\"position\":5,\"name\":\"Planche de cl\\u00f4ture en composite \\u00c9dition Classique, couleur Pierre Cendr\\u00e9e \\u2013 \\u00c9chantillon 3\\u00a0\\u00bb\",\"previousItem\":{\"@type\":\"ListItem\",\"@id\":\"https:\\\/\\\/www.fiberwood.ca\\\/fr\\\/categorie-produit\\\/cloture\\\/#listItem\",\"name\":\"Cl\\u00f4ture\"}}]},{\"@type\":\"Organization\",\"@id\":\"https:\\\/\\\/www.fiberwood.ca\\\/fr\\\/#organization\",\"name\":\"FiberWood\",\"description\":\"Bois composite\",\"url\":\"https:\\\/\\\/www.fiberwood.ca\\\/fr\\\/\",\"email\":\"info@fiberwood.ca\",\"telephone\":\"+18883601866\",\"sameAs\":[\"https:\\\/\\\/www.facebook.com\\\/FiberWood.Canada\\\/\",\"https:\\\/\\\/www.instagram.com\\\/fiberwood.canada\\\/\",\"https:\\\/\\\/www.tiktok.com\\\/@fiberwood\",\"https:\\\/\\\/ca.linkedin.com\\\/company\\\/fiberwood\",\"https:\\\/\\\/www.yelp.ca\\\/biz\\\/fiberwood-bois-des-filion\"],\"address\":{\"@id\":\"https:\\\/\\\/www.fiberwood.ca\\\/fr\\\/#postaladdress\",\"@type\":\"PostalAddress\",\"streetAddress\":\"829 Boulevard Industriel, #105\",\"postalCode\":\"J6Z 4T3\",\"addressLocality\":\"Bois-des-Filion\",\"addressRegion\":\"Quebec\",\"addressCountry\":\"CA\"}},{\"@type\":\"Product\",\"@id\":\"https:\\\/\\\/www.fiberwood.ca\\\/fr\\\/produit\\\/cloture-planche-classique-pierre-cendree-echantillon-3-pouces\\\/#wooCommerceProduct\",\"name\":\"Planche de cl\\u00f4ture en composite \\u00c9dition Classique, couleur Pierre Cendr\\u00e9e \\u2013 \\u00c9chantillon 3''\",\"description\":\"\\u00c9chantillon de cl\\u00f4ture FiberWood pierre cendr\\u00e9e, \\u00e9dition Classique. Fini sabl\\u00e9 raffin\\u00e9 \\u2014 id\\u00e9al pour \\u00e9valuer la texture et l\\u2019apparence finale.\\r\\nSp\\u00e9cifications :\\r\\n\\r\\n\\r\\n \\t\\r\\n\\u00c9dition : Classique\\r\\n\\r\\n \\t\\r\\nCouleur : Pierre Cendr\\u00e9e\\r\\n\\r\\n \\t\\r\\nCat\\u00e9gorie : Cl\\u00f4ture en composite\\r\\n\\r\\n \\t\\r\\nLargeur de l\\u2019\\u00e9chantillon : 3 pouces\\r\\n\\r\\n \\t\\r\\nMat\\u00e9riau : Composite de bois, coextrud\\u00e9\\r\\n\\r\\n \\t\\r\\nUtilisation : Cl\\u00f4ture ext\\u00e9rieure (r\\u00e9sidentiel et commercial)\",\"url\":\"https:\\\/\\\/www.fiberwood.ca\\\/fr\\\/produit\\\/cloture-planche-classique-pierre-cendree-echantillon-3-pouces\\\/\",\"sku\":\"FW-F-CSAND-GR-3\",\"image\":{\"@type\":\"ImageObject\",\"url\":\"https:\\\/\\\/www.fiberwood.ca\\\/wp-content\\\/uploads\\\/2024\\\/07\\\/Classic-Grey-Rock-FW-F-CSAND-GR-6.png\",\"@id\":\"https:\\\/\\\/www.fiberwood.ca\\\/fr\\\/produit\\\/cloture-planche-classique-pierre-cendree-echantillon-3-pouces\\\/#productImage\",\"width\":1000,\"height\":1000},\"offers\":{\"@type\":\"Offer\",\"url\":\"https:\\\/\\\/www.fiberwood.ca\\\/fr\\\/produit\\\/cloture-planche-classique-pierre-cendree-echantillon-3-pouces\\\/#wooCommerceOffer\",\"price\":5,\"priceCurrency\":\"CAD\",\"category\":\"Cl\\u00f4ture\",\"availability\":\"https:\\\/\\\/schema.org\\\/InStock\",\"priceSpecification\":{\"@type\":\"PriceSpecification\",\"price\":5,\"priceCurrency\":\"CAD\",\"valueAddedTaxIncluded\":\"true\"},\"seller\":{\"@type\":\"Organization\",\"@id\":\"https:\\\/\\\/www.fiberwood.ca\\\/fr\\\/#organization\"}}},{\"@type\":\"WebPage\",\"@id\":\"https:\\\/\\\/www.fiberwood.ca\\\/fr\\\/produit\\\/cloture-planche-classique-pierre-cendree-echantillon-3-pouces\\\/#webpage\",\"url\":\"https:\\\/\\\/www.fiberwood.ca\\\/fr\\\/produit\\\/cloture-planche-classique-pierre-cendree-echantillon-3-pouces\\\/\",\"name\":\"FiberWood Cl\\u00f4ture Classique \\u2013 Pierre Cendr\\u00e9e \\u2013 \\u00c9chantillon 3\\\"\",\"description\":\"\\u00c9chantillon 3\\\" FiberWood Classique pierre cendr\\u00e9e. Cl\\u00f4ture en composite r\\u00e9sistante avec finition bross\\u00e9e, id\\u00e9ale pour tester avant l\\u2019installation.\",\"inLanguage\":\"fr-CA\",\"isPartOf\":{\"@id\":\"https:\\\/\\\/www.fiberwood.ca\\\/fr\\\/#website\"},\"breadcrumb\":{\"@id\":\"https:\\\/\\\/www.fiberwood.ca\\\/fr\\\/produit\\\/cloture-planche-classique-pierre-cendree-echantillon-3-pouces\\\/#breadcrumblist\"},\"image\":{\"@type\":\"ImageObject\",\"url\":\"https:\\\/\\\/www.fiberwood.ca\\\/wp-content\\\/uploads\\\/2024\\\/07\\\/Classic-Grey-Rock-FW-F-CSAND-GR-6.png\",\"@id\":\"https:\\\/\\\/www.fiberwood.ca\\\/fr\\\/produit\\\/cloture-planche-classique-pierre-cendree-echantillon-3-pouces\\\/#mainImage\",\"width\":1000,\"height\":1000},\"primaryImageOfPage\":{\"@id\":\"https:\\\/\\\/www.fiberwood.ca\\\/fr\\\/produit\\\/cloture-planche-classique-pierre-cendree-echantillon-3-pouces\\\/#mainImage\"},\"datePublished\":\"2024-07-02T09:49:02-04:00\",\"dateModified\":\"2025-06-03T13:29:39-04:00\"},{\"@type\":\"WebSite\",\"@id\":\"https:\\\/\\\/www.fiberwood.ca\\\/fr\\\/#website\",\"url\":\"https:\\\/\\\/www.fiberwood.ca\\\/fr\\\/\",\"name\":\"FiberWood\",\"description\":\"Bois composite\",\"inLanguage\":\"fr-CA\",\"publisher\":{\"@id\":\"https:\\\/\\\/www.fiberwood.ca\\\/fr\\\/#organization\"}}]}\n\t\t<\/script>\n\t\t<script type=\"text\/javascript\">\n\t\t\t(function(c,l,a,r,i,t,y){\n\t\t\tc[a]=c[a]||function(){(c[a].q=c[a].q||[]).push(arguments)};t=l.createElement(r);t.async=1;\n\t\t\tt.src=\"https:\/\/www.clarity.ms\/tag\/\"+i+\"?ref=aioseo\";y=l.getElementsByTagName(r)[0];y.parentNode.insertBefore(t,y);\n\t\t})(window, document, \"clarity\", \"script\", \"bfabkyl83n\");\n\t\t<\/script>\n\t\t<!-- All in One SEO Pro -->\r\n\t\t<title>FiberWood Cl\u00f4ture Classique \u2013 Pierre Cendr\u00e9e \u2013 \u00c9chantillon 3&quot;<\/title>\n\n","aioseo_head_json":{"title":"FiberWood Cl\u00f4ture Classique \u2013 Pierre Cendr\u00e9e \u2013 \u00c9chantillon 3\"","description":"\u00c9chantillon 3\" FiberWood Classique pierre cendr\u00e9e. Cl\u00f4ture en composite r\u00e9sistante avec finition bross\u00e9e, id\u00e9ale pour tester avant l\u2019installation.","canonical_url":"https:\/\/www.fiberwood.ca\/fr\/produit\/cloture-planche-classique-pierre-cendree-echantillon-3-pouces\/","robots":"max-image-preview:large","keywords":"","webmasterTools":{"google-site-verification":"wakbDbH7CGUhDKT81iv3l311nmyWlYfqhph7BR2JgHQ","msvalidate.01":"F9D2A6256296D6AAC106F746E9C87936","miscellaneous":""},"schema":{"@context":"https:\/\/schema.org","@graph":[{"@type":"BreadcrumbList","@id":"https:\/\/www.fiberwood.ca\/fr\/produit\/cloture-planche-classique-pierre-cendree-echantillon-3-pouces\/#breadcrumblist","itemListElement":[{"@type":"ListItem","@id":"https:\/\/www.fiberwood.ca\/fr\/#listItem","position":2,"name":"Home","item":"https:\/\/www.fiberwood.ca\/fr\/","nextItem":{"@type":"ListItem","@id":"https:\/\/www.fiberwood.ca\/fr\/boutique\/#listItem","name":"Boutique"},"previousItem":{"@type":"ListItem","@id":"#listItem","name":"You are here"}},{"@type":"ListItem","@id":"https:\/\/www.fiberwood.ca\/fr\/boutique\/#listItem","position":3,"name":"Boutique","item":"https:\/\/www.fiberwood.ca\/fr\/boutique\/","nextItem":{"@type":"ListItem","@id":"https:\/\/www.fiberwood.ca\/fr\/categorie-produit\/cloture\/#listItem","name":"Cl\u00f4ture"},"previousItem":{"@type":"ListItem","@id":"https:\/\/www.fiberwood.ca\/fr\/#listItem","name":"Home"}},{"@type":"ListItem","@id":"https:\/\/www.fiberwood.ca\/fr\/categorie-produit\/cloture\/#listItem","position":4,"name":"Cl\u00f4ture","item":"https:\/\/www.fiberwood.ca\/fr\/categorie-produit\/cloture\/","nextItem":{"@type":"ListItem","@id":"https:\/\/www.fiberwood.ca\/fr\/produit\/cloture-planche-classique-pierre-cendree-echantillon-3-pouces\/#listItem","name":"Planche de cl\u00f4ture en composite \u00c9dition Classique, couleur Pierre Cendr\u00e9e \u2013 \u00c9chantillon 3\u00a0\u00bb"},"previousItem":{"@type":"ListItem","@id":"https:\/\/www.fiberwood.ca\/fr\/boutique\/#listItem","name":"Boutique"}},{"@type":"ListItem","@id":"https:\/\/www.fiberwood.ca\/fr\/produit\/cloture-planche-classique-pierre-cendree-echantillon-3-pouces\/#listItem","position":5,"name":"Planche de cl\u00f4ture en composite \u00c9dition Classique, couleur Pierre Cendr\u00e9e \u2013 \u00c9chantillon 3\u00a0\u00bb","previousItem":{"@type":"ListItem","@id":"https:\/\/www.fiberwood.ca\/fr\/categorie-produit\/cloture\/#listItem","name":"Cl\u00f4ture"}}]},{"@type":"Organization","@id":"https:\/\/www.fiberwood.ca\/fr\/#organization","name":"FiberWood","description":"Bois composite","url":"https:\/\/www.fiberwood.ca\/fr\/","email":"info@fiberwood.ca","telephone":"+18883601866","sameAs":["https:\/\/www.facebook.com\/FiberWood.Canada\/","https:\/\/www.instagram.com\/fiberwood.canada\/","https:\/\/www.tiktok.com\/@fiberwood","https:\/\/ca.linkedin.com\/company\/fiberwood","https:\/\/www.yelp.ca\/biz\/fiberwood-bois-des-filion"],"address":{"@id":"https:\/\/www.fiberwood.ca\/fr\/#postaladdress","@type":"PostalAddress","streetAddress":"829 Boulevard Industriel, #105","postalCode":"J6Z 4T3","addressLocality":"Bois-des-Filion","addressRegion":"Quebec","addressCountry":"CA"}},{"@type":"Product","@id":"https:\/\/www.fiberwood.ca\/fr\/produit\/cloture-planche-classique-pierre-cendree-echantillon-3-pouces\/#wooCommerceProduct","name":"Planche de cl\u00f4ture en composite \u00c9dition Classique, couleur Pierre Cendr\u00e9e \u2013 \u00c9chantillon 3''","description":"\u00c9chantillon de cl\u00f4ture FiberWood pierre cendr\u00e9e, \u00e9dition Classique. Fini sabl\u00e9 raffin\u00e9 \u2014 id\u00e9al pour \u00e9valuer la texture et l\u2019apparence finale.\r\nSp\u00e9cifications :\r\n\r\n\r\n \t\r\n\u00c9dition : Classique\r\n\r\n \t\r\nCouleur : Pierre Cendr\u00e9e\r\n\r\n \t\r\nCat\u00e9gorie : Cl\u00f4ture en composite\r\n\r\n \t\r\nLargeur de l\u2019\u00e9chantillon : 3 pouces\r\n\r\n \t\r\nMat\u00e9riau : Composite de bois, coextrud\u00e9\r\n\r\n \t\r\nUtilisation : Cl\u00f4ture ext\u00e9rieure (r\u00e9sidentiel et commercial)","url":"https:\/\/www.fiberwood.ca\/fr\/produit\/cloture-planche-classique-pierre-cendree-echantillon-3-pouces\/","sku":"FW-F-CSAND-GR-3","image":{"@type":"ImageObject","url":"https:\/\/www.fiberwood.ca\/wp-content\/uploads\/2024\/07\/Classic-Grey-Rock-FW-F-CSAND-GR-6.png","@id":"https:\/\/www.fiberwood.ca\/fr\/produit\/cloture-planche-classique-pierre-cendree-echantillon-3-pouces\/#productImage","width":1000,"height":1000},"offers":{"@type":"Offer","url":"https:\/\/www.fiberwood.ca\/fr\/produit\/cloture-planche-classique-pierre-cendree-echantillon-3-pouces\/#wooCommerceOffer","price":5,"priceCurrency":"CAD","category":"Cl\u00f4ture","availability":"https:\/\/schema.org\/InStock","priceSpecification":{"@type":"PriceSpecification","price":5,"priceCurrency":"CAD","valueAddedTaxIncluded":"true"},"seller":{"@type":"Organization","@id":"https:\/\/www.fiberwood.ca\/fr\/#organization"}}},{"@type":"WebPage","@id":"https:\/\/www.fiberwood.ca\/fr\/produit\/cloture-planche-classique-pierre-cendree-echantillon-3-pouces\/#webpage","url":"https:\/\/www.fiberwood.ca\/fr\/produit\/cloture-planche-classique-pierre-cendree-echantillon-3-pouces\/","name":"FiberWood Cl\u00f4ture Classique \u2013 Pierre Cendr\u00e9e \u2013 \u00c9chantillon 3\"","description":"\u00c9chantillon 3\" FiberWood Classique pierre cendr\u00e9e. Cl\u00f4ture en composite r\u00e9sistante avec finition bross\u00e9e, id\u00e9ale pour tester avant l\u2019installation.","inLanguage":"fr-CA","isPartOf":{"@id":"https:\/\/www.fiberwood.ca\/fr\/#website"},"breadcrumb":{"@id":"https:\/\/www.fiberwood.ca\/fr\/produit\/cloture-planche-classique-pierre-cendree-echantillon-3-pouces\/#breadcrumblist"},"image":{"@type":"ImageObject","url":"https:\/\/www.fiberwood.ca\/wp-content\/uploads\/2024\/07\/Classic-Grey-Rock-FW-F-CSAND-GR-6.png","@id":"https:\/\/www.fiberwood.ca\/fr\/produit\/cloture-planche-classique-pierre-cendree-echantillon-3-pouces\/#mainImage","width":1000,"height":1000},"primaryImageOfPage":{"@id":"https:\/\/www.fiberwood.ca\/fr\/produit\/cloture-planche-classique-pierre-cendree-echantillon-3-pouces\/#mainImage"},"datePublished":"2024-07-02T09:49:02-04:00","dateModified":"2025-06-03T13:29:39-04:00"},{"@type":"WebSite","@id":"https:\/\/www.fiberwood.ca\/fr\/#website","url":"https:\/\/www.fiberwood.ca\/fr\/","name":"FiberWood","description":"Bois composite","inLanguage":"fr-CA","publisher":{"@id":"https:\/\/www.fiberwood.ca\/fr\/#organization"}}]},"og:locale":"fr_CA","og:site_name":"FiberWood | Bois composite","og:type":"article","og:title":"FiberWood Cl\u00f4ture Classique \u2013 Pierre Cendr\u00e9e \u2013 \u00c9chantillon 3&quot;","og:description":"\u00c9chantillon 3&quot; FiberWood Classique pierre cendr\u00e9e. Cl\u00f4ture en composite r\u00e9sistante avec finition bross\u00e9e, id\u00e9ale pour tester avant l\u2019installation.","og:url":"https:\/\/www.fiberwood.ca\/fr\/produit\/cloture-planche-classique-pierre-cendree-echantillon-3-pouces\/","og:image":"https:\/\/www.fiberwood.ca\/wp-content\/uploads\/2024\/07\/Classic-Grey-Rock-FW-F-CSAND-GR-6.png","og:image:secure_url":"https:\/\/www.fiberwood.ca\/wp-content\/uploads\/2024\/07\/Classic-Grey-Rock-FW-F-CSAND-GR-6.png","og:image:width":1000,"og:image:height":1000,"article:published_time":"2024-07-02T13:49:02+00:00","article:modified_time":"2025-06-03T17:29:39+00:00","article:publisher":"https:\/\/www.facebook.com\/FiberWood.Canada\/","twitter:card":"summary","twitter:title":"FiberWood Cl\u00f4ture Classique \u2013 Pierre Cendr\u00e9e \u2013 \u00c9chantillon 3&quot;","twitter:description":"\u00c9chantillon 3&quot; FiberWood Classique pierre cendr\u00e9e. Cl\u00f4ture en composite r\u00e9sistante avec finition bross\u00e9e, id\u00e9ale pour tester avant l\u2019installation.","twitter:image":"https:\/\/www.fiberwood.ca\/wp-content\/uploads\/2024\/07\/Classic-Grey-Rock-FW-F-CSAND-GR-6.png"},"aioseo_meta_data":{"post_id":"30202","title":"FiberWood Cl\u00f4ture Classique \u2013 Pierre Cendr\u00e9e \u2013 \u00c9chantillon 3\"","description":"\u00c9chantillon 3\" FiberWood Classique pierre cendr\u00e9e. Cl\u00f4ture en composite r\u00e9sistante avec finition bross\u00e9e, id\u00e9ale pour tester avant l\u2019installation.","keywords":null,"keyphrases":{"focus":{"keyphrase":"","score":0,"analysis":{"keyphraseInTitle":{"score":0,"maxScore":9,"error":1}}},"additional":[]},"primary_term":null,"canonical_url":null,"og_title":null,"og_description":null,"og_object_type":"default","og_image_type":"default","og_image_url":null,"og_image_width":null,"og_image_height":null,"og_image_custom_url":null,"og_image_custom_fields":null,"og_video":"","og_custom_url":null,"og_article_section":null,"og_article_tags":null,"twitter_use_og":false,"twitter_card":"default","twitter_image_type":"default","twitter_image_url":null,"twitter_image_custom_url":null,"twitter_image_custom_fields":null,"twitter_title":null,"twitter_description":null,"schema":{"blockGraphs":[],"customGraphs":[],"default":{"data":{"Article":[],"Course":[],"Dataset":[],"FAQPage":[],"Movie":[],"Person":[],"Product":[],"ProductReview":[],"Car":[],"Recipe":[],"Service":[],"SoftwareApplication":[],"WebPage":[]},"graphName":"Product","isEnabled":true},"graphs":[]},"schema_type":"default","schema_type_options":null,"pillar_content":false,"robots_default":true,"robots_noindex":false,"robots_noarchive":false,"robots_nosnippet":false,"robots_nofollow":false,"robots_noimageindex":false,"robots_noodp":false,"robots_notranslate":false,"robots_max_snippet":"-1","robots_max_videopreview":"-1","robots_max_imagepreview":"large","priority":null,"frequency":"default","local_seo":null,"seo_analyzer_scan_date":"2025-11-05 01:30:39","breadcrumb_settings":null,"limit_modified_date":false,"reviewed_by":"0","open_ai":"{\"title\":{\"suggestions\":[],\"usage\":0},\"description\":{\"suggestions\":[],\"usage\":0}}","ai":null,"created":"2024-07-04 15:13:54","updated":"2025-11-05 01:30:39"},"aioseo_breadcrumb":"<div class=\"aioseo-breadcrumbs\"><span class=\"aioseo-breadcrumb\">\n\tYou are here\n<\/span><span class=\"aioseo-breadcrumb-separator\">\u00bb<\/span><span class=\"aioseo-breadcrumb\">\n\t<a href=\"https:\/\/www.fiberwood.ca\/fr\/\" title=\"Home\">Home<\/a>\n<\/span><span class=\"aioseo-breadcrumb-separator\">\u00bb<\/span><span class=\"aioseo-breadcrumb\">\n\t<a href=\"https:\/\/www.fiberwood.ca\/fr\/boutique\/\" title=\"Boutique\">Boutique<\/a>\n<\/span><span class=\"aioseo-breadcrumb-separator\">\u00bb<\/span><span class=\"aioseo-breadcrumb\">\n\t<a href=\"https:\/\/www.fiberwood.ca\/fr\/categorie-produit\/cloture\/\" title=\"Cl\u00f4ture\">Cl\u00f4ture<\/a>\n<\/span><span class=\"aioseo-breadcrumb-separator\">\u00bb<\/span><span class=\"aioseo-breadcrumb\">\n\tPlanche de cl\u00f4ture en composite \u00c9dition Classique, couleur Pierre Cendr\u00e9e \u2013 \u00c9chantillon 3 \u00bb\n<\/span><\/div>","aioseo_breadcrumb_json":[{"label":"You are here","link":""},{"label":"Home","link":"https:\/\/www.fiberwood.ca\/fr\/"},{"label":"Boutique","link":"https:\/\/www.fiberwood.ca\/fr\/boutique\/"},{"label":"Cl\u00f4ture","link":"https:\/\/www.fiberwood.ca\/fr\/categorie-produit\/cloture\/"},{"label":"Planche de cl\u00f4ture en composite \u00c9dition Classique, couleur Pierre Cendr\u00e9e \u2013 \u00c9chantillon 3\u00a0\u00bb","link":"https:\/\/www.fiberwood.ca\/fr\/produit\/cloture-planche-classique-pierre-cendree-echantillon-3-pouces\/"}],"_links":{"self":[{"href":"https:\/\/www.fiberwood.ca\/fr\/wp-json\/wp\/v2\/product\/30202","targetHints":{"allow":["GET"]}}],"collection":[{"href":"https:\/\/www.fiberwood.ca\/fr\/wp-json\/wp\/v2\/product"}],"about":[{"href":"https:\/\/www.fiberwood.ca\/fr\/wp-json\/wp\/v2\/types\/product"}],"version-history":[{"count":10,"href":"https:\/\/www.fiberwood.ca\/fr\/wp-json\/wp\/v2\/product\/30202\/revisions"}],"predecessor-version":[{"id":69538,"href":"https:\/\/www.fiberwood.ca\/fr\/wp-json\/wp\/v2\/product\/30202\/revisions\/69538"}],"wp:featuredmedia":[{"embeddable":true,"href":"https:\/\/www.fiberwood.ca\/fr\/wp-json\/wp\/v2\/media\/30392"}],"wp:attachment":[{"href":"https:\/\/www.fiberwood.ca\/fr\/wp-json\/wp\/v2\/media?parent=30202"}],"wp:term":[{"taxonomy":"product_brand","embeddable":true,"href":"https:\/\/www.fiberwood.ca\/fr\/wp-json\/wp\/v2\/product_brand?post=30202"},{"taxonomy":"product_cat","embeddable":true,"href":"https:\/\/www.fiberwood.ca\/fr\/wp-json\/wp\/v2\/product_cat?post=30202"},{"taxonomy":"product_tag","embeddable":true,"href":"https:\/\/www.fiberwood.ca\/fr\/wp-json\/wp\/v2\/product_tag?post=30202"},{"taxonomy":"collections","embeddable":true,"href":"https:\/\/www.fiberwood.ca\/fr\/wp-json\/wp\/v2\/collections?post=30202"},{"taxonomy":"brands","embeddable":true,"href":"https:\/\/www.fiberwood.ca\/fr\/wp-json\/wp\/v2\/brands?post=30202"},{"taxonomy":"edition","embeddable":true,"href":"https:\/\/www.fiberwood.ca\/fr\/wp-json\/wp\/v2\/edition?post=30202"},{"taxonomy":"manufacturing-process","embeddable":true,"href":"https:\/\/www.fiberwood.ca\/fr\/wp-json\/wp\/v2\/manufacturing-process?post=30202"}],"curies":[{"name":"wp","href":"https:\/\/api.w.org\/{rel}","templated":true}]}}