{"id":59763,"date":"2025-02-26T14:59:52","date_gmt":"2025-02-26T19:59:52","guid":{"rendered":"https:\/\/www.fiberwood.ca\/?post_type=product&#038;p=59763"},"modified":"2025-06-02T14:53:20","modified_gmt":"2025-06-02T18:53:20","slug":"revetement-planche-imperiale-noir-echantillon-3-pouces","status":"publish","type":"product","link":"https:\/\/www.fiberwood.ca\/fr\/produit\/revetement-planche-imperiale-noir-echantillon-3-pouces\/","title":{"rendered":"Rev\u00eatement mural en composite de bois \u00c9dition Imp\u00e9riale, couleur Noir \u2013 \u00c9chantillon 3\u00a0\u00bb"},"content":{"rendered":"<p data-start=\"933\" data-end=\"1036\"><strong data-start=\"933\" data-end=\"1036\">Explorez l\u2019\u00e9l\u00e9gance moderne de l\u2019\u00e9dition Imp\u00e9riale de FiberWood avec cet \u00e9chantillon de 3&Prime; en noir.<\/strong><\/p>\n<p data-start=\"1038\" data-end=\"1357\">Sa finition bross\u00e9e et son motif de rainures plus resserr\u00e9 que celui de l\u2019\u00e9dition Royale offrent un look architectural et contemporain, id\u00e9al autant pour les murs ext\u00e9rieurs que les accents int\u00e9rieurs. Con\u00e7u \u00e0 partir de mat\u00e9riaux recycl\u00e9s par coextrusion, ce rev\u00eatement allie durabilit\u00e9, esth\u00e9tique et faible entretien.<\/p>\n<p data-start=\"1359\" data-end=\"1494\">Parfaitement adapt\u00e9 aux conditions climatiques canadiennes, il r\u00e9siste \u00e0 la d\u00e9coloration, \u00e0 l\u2019humidit\u00e9, \u00e0 la moisissure et aux impacts.<\/p>\n<p data-start=\"1496\" data-end=\"1619\">Cet \u00e9chantillon vous permet d\u2019\u00e9valuer la finition, la texture et la profondeur du rev\u00eatement avant l\u2019installation compl\u00e8te.<\/p>\n","protected":false},"excerpt":{"rendered":"<p data-start=\"403\" data-end=\"606\">Rev\u00eatement en composite de bois FiberWood, \u00e9dition Imp\u00e9riale, couleur Noir, avec finition bross\u00e9e et rainures modernes. Id\u00e9al pour tester la teinte, la texture et la structure avant votre projet complet.<\/p>\n<p data-start=\"608\" data-end=\"630\"><strong data-start=\"608\" data-end=\"628\">Sp\u00e9cifications :<\/strong><\/p>\n<ul data-start=\"631\" data-end=\"890\">\n<li data-start=\"631\" data-end=\"658\">\n<p data-start=\"633\" data-end=\"658\"><strong data-start=\"633\" data-end=\"646\">\u00c9dition :<\/strong> Imp\u00e9riale<\/p>\n<\/li>\n<li data-start=\"659\" data-end=\"681\">\n<p data-start=\"661\" data-end=\"681\"><strong data-start=\"661\" data-end=\"674\">Couleur :<\/strong> Noir<\/p>\n<\/li>\n<li data-start=\"682\" data-end=\"733\">\n<p data-start=\"684\" data-end=\"733\"><strong data-start=\"684\" data-end=\"699\">Cat\u00e9gorie :<\/strong> Rev\u00eatement en composite de bois<\/p>\n<\/li>\n<li data-start=\"734\" data-end=\"777\">\n<p data-start=\"736\" data-end=\"777\"><strong data-start=\"736\" data-end=\"766\">Largeur de l\u2019\u00e9chantillon :<\/strong> 3 pouces<\/p>\n<\/li>\n<li data-start=\"778\" data-end=\"825\">\n<p data-start=\"780\" data-end=\"825\"><strong data-start=\"780\" data-end=\"794\">Mat\u00e9riau :<\/strong> Composite de bois, coextrud\u00e9<\/p>\n<\/li>\n<li data-start=\"826\" data-end=\"890\">\n<p data-start=\"828\" data-end=\"890\"><strong data-start=\"828\" data-end=\"845\">Utilisation :<\/strong> Rev\u00eatement mural (r\u00e9sidentiel et commercial)<\/p>\n<\/li>\n<\/ul>\n","protected":false},"featured_media":65549,"template":"","meta":[],"product_brand":[],"product_cat":[1012],"product_tag":[],"collections":[],"brands":[1530],"edition":[3583],"manufacturing-process":[1531],"class_list":{"0":"post-59763","1":"product","2":"type-product","3":"status-publish","4":"has-post-thumbnail","6":"product_cat-revetement","7":"product_shipping_class-classe-expedition-echantillons","8":"pa_cladding-color-revetement-noir","9":"brands-fiberwood","10":"edition-imperiale","11":"manufacturing-process-composite-co-extrusion","13":"first","14":"instock","15":"taxable","16":"shipping-taxable","17":"purchasable","18":"product-type-simple"},"aioseo_notices":[],"aioseo_head":"\n\t\t<!-- All in One SEO Pro 4.9.5.2 - aioseo.com -->\n\t<meta name=\"description\" content=\"\u00c9chantillon 3&quot; du rev\u00eatement FiberWood Imp\u00e9riale noir. Finition bross\u00e9e et rainures modernes, id\u00e9al pour tester texture, teinte et durabilit\u00e9.\" \/>\n\t<meta name=\"robots\" content=\"max-image-preview:large\" \/>\n\t<meta name=\"google-site-verification\" content=\"wakbDbH7CGUhDKT81iv3l311nmyWlYfqhph7BR2JgHQ\" \/>\n\t<meta name=\"msvalidate.01\" content=\"F9D2A6256296D6AAC106F746E9C87936\" \/>\n\t<link rel=\"canonical\" href=\"https:\/\/www.fiberwood.ca\/fr\/produit\/revetement-planche-imperiale-noir-echantillon-3-pouces\/\" \/>\n\t<meta name=\"generator\" content=\"All in One SEO Pro (AIOSEO) 4.9.5.2\" \/>\n\t\t<meta property=\"og:locale\" content=\"fr_CA\" \/>\n\t\t<meta property=\"og:site_name\" content=\"FiberWood | Bois composite\" \/>\n\t\t<meta property=\"og:type\" content=\"article\" \/>\n\t\t<meta property=\"og:title\" content=\"FiberWood Rev\u00eatement Imp\u00e9riale \u2013 Noir \u2013 \u00c9chantillon 3&quot;\" \/>\n\t\t<meta property=\"og:description\" content=\"\u00c9chantillon 3&quot; du rev\u00eatement FiberWood Imp\u00e9riale noir. Finition bross\u00e9e et rainures modernes, id\u00e9al pour tester texture, teinte et durabilit\u00e9.\" \/>\n\t\t<meta property=\"og:url\" content=\"https:\/\/www.fiberwood.ca\/fr\/produit\/revetement-planche-imperiale-noir-echantillon-3-pouces\/\" \/>\n\t\t<meta property=\"og:image\" content=\"https:\/\/www.fiberwood.ca\/wp-content\/uploads\/2025\/04\/IMPERIAL-CLADDING-BLACK.png\" \/>\n\t\t<meta property=\"og:image:secure_url\" content=\"https:\/\/www.fiberwood.ca\/wp-content\/uploads\/2025\/04\/IMPERIAL-CLADDING-BLACK.png\" \/>\n\t\t<meta property=\"og:image:width\" content=\"768\" \/>\n\t\t<meta property=\"og:image:height\" content=\"768\" \/>\n\t\t<meta property=\"article:published_time\" content=\"2025-02-26T19:59:52+00:00\" \/>\n\t\t<meta property=\"article:modified_time\" content=\"2025-06-02T18:53:20+00:00\" \/>\n\t\t<meta property=\"article:publisher\" content=\"https:\/\/www.facebook.com\/FiberWood.Canada\/\" \/>\n\t\t<meta name=\"twitter:card\" content=\"summary\" \/>\n\t\t<meta name=\"twitter:title\" content=\"FiberWood Rev\u00eatement Imp\u00e9riale \u2013 Noir \u2013 \u00c9chantillon 3&quot;\" \/>\n\t\t<meta name=\"twitter:description\" content=\"\u00c9chantillon 3&quot; du rev\u00eatement FiberWood Imp\u00e9riale noir. Finition bross\u00e9e et rainures modernes, id\u00e9al pour tester texture, teinte et durabilit\u00e9.\" \/>\n\t\t<meta name=\"twitter:image\" content=\"https:\/\/www.fiberwood.ca\/wp-content\/uploads\/2025\/04\/IMPERIAL-CLADDING-BLACK.png\" \/>\n\t\t<script type=\"application\/ld+json\" class=\"aioseo-schema\">\n\t\t\t{\"@context\":\"https:\\\/\\\/schema.org\",\"@graph\":[{\"@type\":\"BreadcrumbList\",\"@id\":\"https:\\\/\\\/www.fiberwood.ca\\\/fr\\\/produit\\\/revetement-planche-imperiale-noir-echantillon-3-pouces\\\/#breadcrumblist\",\"itemListElement\":[{\"@type\":\"ListItem\",\"@id\":\"https:\\\/\\\/www.fiberwood.ca\\\/fr\\\/#listItem\",\"position\":2,\"name\":\"Home\",\"item\":\"https:\\\/\\\/www.fiberwood.ca\\\/fr\\\/\",\"nextItem\":{\"@type\":\"ListItem\",\"@id\":\"https:\\\/\\\/www.fiberwood.ca\\\/fr\\\/boutique\\\/#listItem\",\"name\":\"Boutique\"},\"previousItem\":{\"@type\":\"ListItem\",\"@id\":\"#listItem\",\"name\":\"You are here\"}},{\"@type\":\"ListItem\",\"@id\":\"https:\\\/\\\/www.fiberwood.ca\\\/fr\\\/boutique\\\/#listItem\",\"position\":3,\"name\":\"Boutique\",\"item\":\"https:\\\/\\\/www.fiberwood.ca\\\/fr\\\/boutique\\\/\",\"nextItem\":{\"@type\":\"ListItem\",\"@id\":\"https:\\\/\\\/www.fiberwood.ca\\\/fr\\\/categorie-produit\\\/revetement\\\/#listItem\",\"name\":\"Rev\\u00eatement\"},\"previousItem\":{\"@type\":\"ListItem\",\"@id\":\"https:\\\/\\\/www.fiberwood.ca\\\/fr\\\/#listItem\",\"name\":\"Home\"}},{\"@type\":\"ListItem\",\"@id\":\"https:\\\/\\\/www.fiberwood.ca\\\/fr\\\/categorie-produit\\\/revetement\\\/#listItem\",\"position\":4,\"name\":\"Rev\\u00eatement\",\"item\":\"https:\\\/\\\/www.fiberwood.ca\\\/fr\\\/categorie-produit\\\/revetement\\\/\",\"nextItem\":{\"@type\":\"ListItem\",\"@id\":\"https:\\\/\\\/www.fiberwood.ca\\\/fr\\\/produit\\\/revetement-planche-imperiale-noir-echantillon-3-pouces\\\/#listItem\",\"name\":\"Rev\\u00eatement mural en composite de bois \\u00c9dition Imp\\u00e9riale, couleur Noir \\u2013 \\u00c9chantillon 3\\u00a0\\u00bb\"},\"previousItem\":{\"@type\":\"ListItem\",\"@id\":\"https:\\\/\\\/www.fiberwood.ca\\\/fr\\\/boutique\\\/#listItem\",\"name\":\"Boutique\"}},{\"@type\":\"ListItem\",\"@id\":\"https:\\\/\\\/www.fiberwood.ca\\\/fr\\\/produit\\\/revetement-planche-imperiale-noir-echantillon-3-pouces\\\/#listItem\",\"position\":5,\"name\":\"Rev\\u00eatement mural en composite de bois \\u00c9dition Imp\\u00e9riale, couleur Noir \\u2013 \\u00c9chantillon 3\\u00a0\\u00bb\",\"previousItem\":{\"@type\":\"ListItem\",\"@id\":\"https:\\\/\\\/www.fiberwood.ca\\\/fr\\\/categorie-produit\\\/revetement\\\/#listItem\",\"name\":\"Rev\\u00eatement\"}}]},{\"@type\":\"Organization\",\"@id\":\"https:\\\/\\\/www.fiberwood.ca\\\/fr\\\/#organization\",\"name\":\"FiberWood\",\"description\":\"Bois composite\",\"url\":\"https:\\\/\\\/www.fiberwood.ca\\\/fr\\\/\",\"email\":\"info@fiberwood.ca\",\"telephone\":\"+18883601866\",\"sameAs\":[\"https:\\\/\\\/www.facebook.com\\\/FiberWood.Canada\\\/\",\"https:\\\/\\\/www.instagram.com\\\/fiberwood.canada\\\/\",\"https:\\\/\\\/www.tiktok.com\\\/@fiberwood\",\"https:\\\/\\\/ca.linkedin.com\\\/company\\\/fiberwood\",\"https:\\\/\\\/www.yelp.ca\\\/biz\\\/fiberwood-bois-des-filion\"],\"address\":{\"@id\":\"https:\\\/\\\/www.fiberwood.ca\\\/fr\\\/#postaladdress\",\"@type\":\"PostalAddress\",\"streetAddress\":\"829 Boulevard Industriel, #105\",\"postalCode\":\"J6Z 4T3\",\"addressLocality\":\"Bois-des-Filion\",\"addressRegion\":\"Quebec\",\"addressCountry\":\"CA\"}},{\"@type\":\"Product\",\"@id\":\"https:\\\/\\\/www.fiberwood.ca\\\/fr\\\/produit\\\/revetement-planche-imperiale-noir-echantillon-3-pouces\\\/#wooCommerceProduct\",\"name\":\"Rev\\u00eatement mural en composite de bois \\u00c9dition Imp\\u00e9riale, couleur Noir \\u2013 \\u00c9chantillon 3''\",\"description\":\"Rev\\u00eatement en composite de bois FiberWood, \\u00e9dition Imp\\u00e9riale, couleur Noir, avec finition bross\\u00e9e et rainures modernes. Id\\u00e9al pour tester la teinte, la texture et la structure avant votre projet complet.\\r\\nSp\\u00e9cifications :\\r\\n\\r\\n\\r\\n \\t\\r\\n\\u00c9dition : Imp\\u00e9riale\\r\\n\\r\\n \\t\\r\\nCouleur : Noir\\r\\n\\r\\n \\t\\r\\nCat\\u00e9gorie : Rev\\u00eatement en composite de bois\\r\\n\\r\\n \\t\\r\\nLargeur de l\\u2019\\u00e9chantillon : 3 pouces\\r\\n\\r\\n \\t\\r\\nMat\\u00e9riau : Composite de bois, coextrud\\u00e9\\r\\n\\r\\n \\t\\r\\nUtilisation : Rev\\u00eatement mural (r\\u00e9sidentiel et commercial)\",\"url\":\"https:\\\/\\\/www.fiberwood.ca\\\/fr\\\/produit\\\/revetement-planche-imperiale-noir-echantillon-3-pouces\\\/\",\"sku\":\"FW-WC-IMP-BLK-3\",\"image\":{\"@type\":\"ImageObject\",\"url\":\"https:\\\/\\\/www.fiberwood.ca\\\/wp-content\\\/uploads\\\/2025\\\/04\\\/IMPERIAL-CLADDING-BLACK.png\",\"@id\":\"https:\\\/\\\/www.fiberwood.ca\\\/fr\\\/produit\\\/revetement-planche-imperiale-noir-echantillon-3-pouces\\\/#productImage\",\"width\":768,\"height\":768,\"caption\":\"Panneau de rev\\u00eatement noir FiberWood Imperial au design nervur\\u00e9 audacieux\"},\"offers\":{\"@type\":\"Offer\",\"url\":\"https:\\\/\\\/www.fiberwood.ca\\\/fr\\\/produit\\\/revetement-planche-imperiale-noir-echantillon-3-pouces\\\/#wooCommerceOffer\",\"price\":5,\"priceCurrency\":\"CAD\",\"category\":\"Rev\\u00eatement\",\"availability\":\"https:\\\/\\\/schema.org\\\/InStock\",\"priceSpecification\":{\"@type\":\"PriceSpecification\",\"price\":5,\"priceCurrency\":\"CAD\",\"valueAddedTaxIncluded\":\"true\"},\"seller\":{\"@type\":\"Organization\",\"@id\":\"https:\\\/\\\/www.fiberwood.ca\\\/fr\\\/#organization\"}}},{\"@type\":\"WebPage\",\"@id\":\"https:\\\/\\\/www.fiberwood.ca\\\/fr\\\/produit\\\/revetement-planche-imperiale-noir-echantillon-3-pouces\\\/#webpage\",\"url\":\"https:\\\/\\\/www.fiberwood.ca\\\/fr\\\/produit\\\/revetement-planche-imperiale-noir-echantillon-3-pouces\\\/\",\"name\":\"FiberWood Rev\\u00eatement Imp\\u00e9riale \\u2013 Noir \\u2013 \\u00c9chantillon 3\\\"\",\"description\":\"\\u00c9chantillon 3\\\" du rev\\u00eatement FiberWood Imp\\u00e9riale noir. Finition bross\\u00e9e et rainures modernes, id\\u00e9al pour tester texture, teinte et durabilit\\u00e9.\",\"inLanguage\":\"fr-CA\",\"isPartOf\":{\"@id\":\"https:\\\/\\\/www.fiberwood.ca\\\/fr\\\/#website\"},\"breadcrumb\":{\"@id\":\"https:\\\/\\\/www.fiberwood.ca\\\/fr\\\/produit\\\/revetement-planche-imperiale-noir-echantillon-3-pouces\\\/#breadcrumblist\"},\"image\":{\"@type\":\"ImageObject\",\"url\":\"https:\\\/\\\/www.fiberwood.ca\\\/wp-content\\\/uploads\\\/2025\\\/04\\\/IMPERIAL-CLADDING-BLACK.png\",\"@id\":\"https:\\\/\\\/www.fiberwood.ca\\\/fr\\\/produit\\\/revetement-planche-imperiale-noir-echantillon-3-pouces\\\/#mainImage\",\"width\":768,\"height\":768,\"caption\":\"Panneau de rev\\u00eatement noir FiberWood Imperial au design nervur\\u00e9 audacieux\"},\"primaryImageOfPage\":{\"@id\":\"https:\\\/\\\/www.fiberwood.ca\\\/fr\\\/produit\\\/revetement-planche-imperiale-noir-echantillon-3-pouces\\\/#mainImage\"},\"datePublished\":\"2025-02-26T14:59:52-05:00\",\"dateModified\":\"2025-06-02T14:53:20-04:00\"},{\"@type\":\"WebSite\",\"@id\":\"https:\\\/\\\/www.fiberwood.ca\\\/fr\\\/#website\",\"url\":\"https:\\\/\\\/www.fiberwood.ca\\\/fr\\\/\",\"name\":\"FiberWood\",\"description\":\"Bois composite\",\"inLanguage\":\"fr-CA\",\"publisher\":{\"@id\":\"https:\\\/\\\/www.fiberwood.ca\\\/fr\\\/#organization\"}}]}\n\t\t<\/script>\n\t\t<script type=\"text\/javascript\">\n\t\t\t(function(c,l,a,r,i,t,y){\n\t\t\tc[a]=c[a]||function(){(c[a].q=c[a].q||[]).push(arguments)};t=l.createElement(r);t.async=1;\n\t\t\tt.src=\"https:\/\/www.clarity.ms\/tag\/\"+i+\"?ref=aioseo\";y=l.getElementsByTagName(r)[0];y.parentNode.insertBefore(t,y);\n\t\t})(window, document, \"clarity\", \"script\", \"bfabkyl83n\");\n\t\t<\/script>\n\t\t<!-- All in One SEO Pro -->\r\n\t\t<title>FiberWood Rev\u00eatement Imp\u00e9riale \u2013 Noir \u2013 \u00c9chantillon 3&quot;<\/title>\n\n","aioseo_head_json":{"title":"FiberWood Rev\u00eatement Imp\u00e9riale \u2013 Noir \u2013 \u00c9chantillon 3\"","description":"\u00c9chantillon 3\" du rev\u00eatement FiberWood Imp\u00e9riale noir. Finition bross\u00e9e et rainures modernes, id\u00e9al pour tester texture, teinte et durabilit\u00e9.","canonical_url":"https:\/\/www.fiberwood.ca\/fr\/produit\/revetement-planche-imperiale-noir-echantillon-3-pouces\/","robots":"max-image-preview:large","keywords":"","webmasterTools":{"google-site-verification":"wakbDbH7CGUhDKT81iv3l311nmyWlYfqhph7BR2JgHQ","msvalidate.01":"F9D2A6256296D6AAC106F746E9C87936","miscellaneous":""},"schema":{"@context":"https:\/\/schema.org","@graph":[{"@type":"BreadcrumbList","@id":"https:\/\/www.fiberwood.ca\/fr\/produit\/revetement-planche-imperiale-noir-echantillon-3-pouces\/#breadcrumblist","itemListElement":[{"@type":"ListItem","@id":"https:\/\/www.fiberwood.ca\/fr\/#listItem","position":2,"name":"Home","item":"https:\/\/www.fiberwood.ca\/fr\/","nextItem":{"@type":"ListItem","@id":"https:\/\/www.fiberwood.ca\/fr\/boutique\/#listItem","name":"Boutique"},"previousItem":{"@type":"ListItem","@id":"#listItem","name":"You are here"}},{"@type":"ListItem","@id":"https:\/\/www.fiberwood.ca\/fr\/boutique\/#listItem","position":3,"name":"Boutique","item":"https:\/\/www.fiberwood.ca\/fr\/boutique\/","nextItem":{"@type":"ListItem","@id":"https:\/\/www.fiberwood.ca\/fr\/categorie-produit\/revetement\/#listItem","name":"Rev\u00eatement"},"previousItem":{"@type":"ListItem","@id":"https:\/\/www.fiberwood.ca\/fr\/#listItem","name":"Home"}},{"@type":"ListItem","@id":"https:\/\/www.fiberwood.ca\/fr\/categorie-produit\/revetement\/#listItem","position":4,"name":"Rev\u00eatement","item":"https:\/\/www.fiberwood.ca\/fr\/categorie-produit\/revetement\/","nextItem":{"@type":"ListItem","@id":"https:\/\/www.fiberwood.ca\/fr\/produit\/revetement-planche-imperiale-noir-echantillon-3-pouces\/#listItem","name":"Rev\u00eatement mural en composite de bois \u00c9dition Imp\u00e9riale, couleur Noir \u2013 \u00c9chantillon 3\u00a0\u00bb"},"previousItem":{"@type":"ListItem","@id":"https:\/\/www.fiberwood.ca\/fr\/boutique\/#listItem","name":"Boutique"}},{"@type":"ListItem","@id":"https:\/\/www.fiberwood.ca\/fr\/produit\/revetement-planche-imperiale-noir-echantillon-3-pouces\/#listItem","position":5,"name":"Rev\u00eatement mural en composite de bois \u00c9dition Imp\u00e9riale, couleur Noir \u2013 \u00c9chantillon 3\u00a0\u00bb","previousItem":{"@type":"ListItem","@id":"https:\/\/www.fiberwood.ca\/fr\/categorie-produit\/revetement\/#listItem","name":"Rev\u00eatement"}}]},{"@type":"Organization","@id":"https:\/\/www.fiberwood.ca\/fr\/#organization","name":"FiberWood","description":"Bois composite","url":"https:\/\/www.fiberwood.ca\/fr\/","email":"info@fiberwood.ca","telephone":"+18883601866","sameAs":["https:\/\/www.facebook.com\/FiberWood.Canada\/","https:\/\/www.instagram.com\/fiberwood.canada\/","https:\/\/www.tiktok.com\/@fiberwood","https:\/\/ca.linkedin.com\/company\/fiberwood","https:\/\/www.yelp.ca\/biz\/fiberwood-bois-des-filion"],"address":{"@id":"https:\/\/www.fiberwood.ca\/fr\/#postaladdress","@type":"PostalAddress","streetAddress":"829 Boulevard Industriel, #105","postalCode":"J6Z 4T3","addressLocality":"Bois-des-Filion","addressRegion":"Quebec","addressCountry":"CA"}},{"@type":"Product","@id":"https:\/\/www.fiberwood.ca\/fr\/produit\/revetement-planche-imperiale-noir-echantillon-3-pouces\/#wooCommerceProduct","name":"Rev\u00eatement mural en composite de bois \u00c9dition Imp\u00e9riale, couleur Noir \u2013 \u00c9chantillon 3''","description":"Rev\u00eatement en composite de bois FiberWood, \u00e9dition Imp\u00e9riale, couleur Noir, avec finition bross\u00e9e et rainures modernes. Id\u00e9al pour tester la teinte, la texture et la structure avant votre projet complet.\r\nSp\u00e9cifications :\r\n\r\n\r\n \t\r\n\u00c9dition : Imp\u00e9riale\r\n\r\n \t\r\nCouleur : Noir\r\n\r\n \t\r\nCat\u00e9gorie : Rev\u00eatement en composite de bois\r\n\r\n \t\r\nLargeur de l\u2019\u00e9chantillon : 3 pouces\r\n\r\n \t\r\nMat\u00e9riau : Composite de bois, coextrud\u00e9\r\n\r\n \t\r\nUtilisation : Rev\u00eatement mural (r\u00e9sidentiel et commercial)","url":"https:\/\/www.fiberwood.ca\/fr\/produit\/revetement-planche-imperiale-noir-echantillon-3-pouces\/","sku":"FW-WC-IMP-BLK-3","image":{"@type":"ImageObject","url":"https:\/\/www.fiberwood.ca\/wp-content\/uploads\/2025\/04\/IMPERIAL-CLADDING-BLACK.png","@id":"https:\/\/www.fiberwood.ca\/fr\/produit\/revetement-planche-imperiale-noir-echantillon-3-pouces\/#productImage","width":768,"height":768,"caption":"Panneau de rev\u00eatement noir FiberWood Imperial au design nervur\u00e9 audacieux"},"offers":{"@type":"Offer","url":"https:\/\/www.fiberwood.ca\/fr\/produit\/revetement-planche-imperiale-noir-echantillon-3-pouces\/#wooCommerceOffer","price":5,"priceCurrency":"CAD","category":"Rev\u00eatement","availability":"https:\/\/schema.org\/InStock","priceSpecification":{"@type":"PriceSpecification","price":5,"priceCurrency":"CAD","valueAddedTaxIncluded":"true"},"seller":{"@type":"Organization","@id":"https:\/\/www.fiberwood.ca\/fr\/#organization"}}},{"@type":"WebPage","@id":"https:\/\/www.fiberwood.ca\/fr\/produit\/revetement-planche-imperiale-noir-echantillon-3-pouces\/#webpage","url":"https:\/\/www.fiberwood.ca\/fr\/produit\/revetement-planche-imperiale-noir-echantillon-3-pouces\/","name":"FiberWood Rev\u00eatement Imp\u00e9riale \u2013 Noir \u2013 \u00c9chantillon 3\"","description":"\u00c9chantillon 3\" du rev\u00eatement FiberWood Imp\u00e9riale noir. Finition bross\u00e9e et rainures modernes, id\u00e9al pour tester texture, teinte et durabilit\u00e9.","inLanguage":"fr-CA","isPartOf":{"@id":"https:\/\/www.fiberwood.ca\/fr\/#website"},"breadcrumb":{"@id":"https:\/\/www.fiberwood.ca\/fr\/produit\/revetement-planche-imperiale-noir-echantillon-3-pouces\/#breadcrumblist"},"image":{"@type":"ImageObject","url":"https:\/\/www.fiberwood.ca\/wp-content\/uploads\/2025\/04\/IMPERIAL-CLADDING-BLACK.png","@id":"https:\/\/www.fiberwood.ca\/fr\/produit\/revetement-planche-imperiale-noir-echantillon-3-pouces\/#mainImage","width":768,"height":768,"caption":"Panneau de rev\u00eatement noir FiberWood Imperial au design nervur\u00e9 audacieux"},"primaryImageOfPage":{"@id":"https:\/\/www.fiberwood.ca\/fr\/produit\/revetement-planche-imperiale-noir-echantillon-3-pouces\/#mainImage"},"datePublished":"2025-02-26T14:59:52-05:00","dateModified":"2025-06-02T14:53:20-04:00"},{"@type":"WebSite","@id":"https:\/\/www.fiberwood.ca\/fr\/#website","url":"https:\/\/www.fiberwood.ca\/fr\/","name":"FiberWood","description":"Bois composite","inLanguage":"fr-CA","publisher":{"@id":"https:\/\/www.fiberwood.ca\/fr\/#organization"}}]},"og:locale":"fr_CA","og:site_name":"FiberWood | Bois composite","og:type":"article","og:title":"FiberWood Rev\u00eatement Imp\u00e9riale \u2013 Noir \u2013 \u00c9chantillon 3&quot;","og:description":"\u00c9chantillon 3&quot; du rev\u00eatement FiberWood Imp\u00e9riale noir. Finition bross\u00e9e et rainures modernes, id\u00e9al pour tester texture, teinte et durabilit\u00e9.","og:url":"https:\/\/www.fiberwood.ca\/fr\/produit\/revetement-planche-imperiale-noir-echantillon-3-pouces\/","og:image":"https:\/\/www.fiberwood.ca\/wp-content\/uploads\/2025\/04\/IMPERIAL-CLADDING-BLACK.png","og:image:secure_url":"https:\/\/www.fiberwood.ca\/wp-content\/uploads\/2025\/04\/IMPERIAL-CLADDING-BLACK.png","og:image:width":768,"og:image:height":768,"article:published_time":"2025-02-26T19:59:52+00:00","article:modified_time":"2025-06-02T18:53:20+00:00","article:publisher":"https:\/\/www.facebook.com\/FiberWood.Canada\/","twitter:card":"summary","twitter:title":"FiberWood Rev\u00eatement Imp\u00e9riale \u2013 Noir \u2013 \u00c9chantillon 3&quot;","twitter:description":"\u00c9chantillon 3&quot; du rev\u00eatement FiberWood Imp\u00e9riale noir. Finition bross\u00e9e et rainures modernes, id\u00e9al pour tester texture, teinte et durabilit\u00e9.","twitter:image":"https:\/\/www.fiberwood.ca\/wp-content\/uploads\/2025\/04\/IMPERIAL-CLADDING-BLACK.png"},"aioseo_meta_data":{"post_id":"59763","title":"FiberWood Rev\u00eatement Imp\u00e9riale \u2013 Noir \u2013 \u00c9chantillon 3\"","description":"\u00c9chantillon 3\" du rev\u00eatement FiberWood Imp\u00e9riale noir. Finition bross\u00e9e et rainures modernes, id\u00e9al pour tester texture, teinte et durabilit\u00e9.","keywords":null,"keyphrases":{"focus":{"keyphrase":"","score":0,"analysis":{"keyphraseInTitle":{"score":0,"maxScore":9,"error":1}}},"additional":[]},"primary_term":null,"canonical_url":null,"og_title":null,"og_description":null,"og_object_type":"default","og_image_type":"default","og_image_url":null,"og_image_width":null,"og_image_height":null,"og_image_custom_url":null,"og_image_custom_fields":null,"og_video":"","og_custom_url":null,"og_article_section":null,"og_article_tags":null,"twitter_use_og":false,"twitter_card":"default","twitter_image_type":"default","twitter_image_url":null,"twitter_image_custom_url":null,"twitter_image_custom_fields":null,"twitter_title":null,"twitter_description":null,"schema":{"blockGraphs":[],"customGraphs":[],"default":{"data":{"Article":[],"Course":[],"Dataset":[],"FAQPage":[],"Movie":[],"Person":[],"Product":[],"ProductReview":[],"Car":[],"Recipe":[],"Service":[],"SoftwareApplication":[],"WebPage":[]},"graphName":"Product","isEnabled":true},"graphs":[]},"schema_type":"default","schema_type_options":null,"pillar_content":false,"robots_default":true,"robots_noindex":false,"robots_noarchive":false,"robots_nosnippet":false,"robots_nofollow":false,"robots_noimageindex":false,"robots_noodp":false,"robots_notranslate":false,"robots_max_snippet":"-1","robots_max_videopreview":"-1","robots_max_imagepreview":"large","priority":null,"frequency":"default","local_seo":null,"seo_analyzer_scan_date":"2025-11-05 01:43:36","breadcrumb_settings":null,"limit_modified_date":false,"reviewed_by":"0","open_ai":"{\"title\":{\"suggestions\":[],\"usage\":0},\"description\":{\"suggestions\":[],\"usage\":0}}","ai":null,"created":"2025-02-26 19:59:53","updated":"2025-11-05 01:43:36"},"aioseo_breadcrumb":"<div class=\"aioseo-breadcrumbs\"><span class=\"aioseo-breadcrumb\">\n\tYou are here\n<\/span><span class=\"aioseo-breadcrumb-separator\">\u00bb<\/span><span class=\"aioseo-breadcrumb\">\n\t<a href=\"https:\/\/www.fiberwood.ca\/fr\/\" title=\"Home\">Home<\/a>\n<\/span><span class=\"aioseo-breadcrumb-separator\">\u00bb<\/span><span class=\"aioseo-breadcrumb\">\n\t<a href=\"https:\/\/www.fiberwood.ca\/fr\/boutique\/\" title=\"Boutique\">Boutique<\/a>\n<\/span><span class=\"aioseo-breadcrumb-separator\">\u00bb<\/span><span class=\"aioseo-breadcrumb\">\n\t<a href=\"https:\/\/www.fiberwood.ca\/fr\/categorie-produit\/revetement\/\" title=\"Rev\u00eatement\">Rev\u00eatement<\/a>\n<\/span><span class=\"aioseo-breadcrumb-separator\">\u00bb<\/span><span class=\"aioseo-breadcrumb\">\n\tRev\u00eatement mural en composite de bois \u00c9dition Imp\u00e9riale, couleur Noir \u2013 \u00c9chantillon 3 \u00bb\n<\/span><\/div>","aioseo_breadcrumb_json":[{"label":"You are here","link":""},{"label":"Home","link":"https:\/\/www.fiberwood.ca\/fr\/"},{"label":"Boutique","link":"https:\/\/www.fiberwood.ca\/fr\/boutique\/"},{"label":"Rev\u00eatement","link":"https:\/\/www.fiberwood.ca\/fr\/categorie-produit\/revetement\/"},{"label":"Rev\u00eatement mural en composite de bois \u00c9dition Imp\u00e9riale, couleur Noir \u2013 \u00c9chantillon 3\u00a0\u00bb","link":"https:\/\/www.fiberwood.ca\/fr\/produit\/revetement-planche-imperiale-noir-echantillon-3-pouces\/"}],"_links":{"self":[{"href":"https:\/\/www.fiberwood.ca\/fr\/wp-json\/wp\/v2\/product\/59763","targetHints":{"allow":["GET"]}}],"collection":[{"href":"https:\/\/www.fiberwood.ca\/fr\/wp-json\/wp\/v2\/product"}],"about":[{"href":"https:\/\/www.fiberwood.ca\/fr\/wp-json\/wp\/v2\/types\/product"}],"version-history":[{"count":5,"href":"https:\/\/www.fiberwood.ca\/fr\/wp-json\/wp\/v2\/product\/59763\/revisions"}],"predecessor-version":[{"id":69479,"href":"https:\/\/www.fiberwood.ca\/fr\/wp-json\/wp\/v2\/product\/59763\/revisions\/69479"}],"wp:featuredmedia":[{"embeddable":true,"href":"https:\/\/www.fiberwood.ca\/fr\/wp-json\/wp\/v2\/media\/65549"}],"wp:attachment":[{"href":"https:\/\/www.fiberwood.ca\/fr\/wp-json\/wp\/v2\/media?parent=59763"}],"wp:term":[{"taxonomy":"product_brand","embeddable":true,"href":"https:\/\/www.fiberwood.ca\/fr\/wp-json\/wp\/v2\/product_brand?post=59763"},{"taxonomy":"product_cat","embeddable":true,"href":"https:\/\/www.fiberwood.ca\/fr\/wp-json\/wp\/v2\/product_cat?post=59763"},{"taxonomy":"product_tag","embeddable":true,"href":"https:\/\/www.fiberwood.ca\/fr\/wp-json\/wp\/v2\/product_tag?post=59763"},{"taxonomy":"collections","embeddable":true,"href":"https:\/\/www.fiberwood.ca\/fr\/wp-json\/wp\/v2\/collections?post=59763"},{"taxonomy":"brands","embeddable":true,"href":"https:\/\/www.fiberwood.ca\/fr\/wp-json\/wp\/v2\/brands?post=59763"},{"taxonomy":"edition","embeddable":true,"href":"https:\/\/www.fiberwood.ca\/fr\/wp-json\/wp\/v2\/edition?post=59763"},{"taxonomy":"manufacturing-process","embeddable":true,"href":"https:\/\/www.fiberwood.ca\/fr\/wp-json\/wp\/v2\/manufacturing-process?post=59763"}],"curies":[{"name":"wp","href":"https:\/\/api.w.org\/{rel}","templated":true}]}}