{"id":68182,"date":"2025-05-26T14:38:40","date_gmt":"2025-05-26T18:38:40","guid":{"rendered":"https:\/\/www.fiberwood.ca\/product\/fence-board-classic-pearl-grey-4-inches-sample\/"},"modified":"2025-06-03T14:08:10","modified_gmt":"2025-06-03T18:08:10","slug":"cloture-planche-classique-gris-perle-echantillon-4-pouces","status":"publish","type":"product","link":"https:\/\/www.fiberwood.ca\/fr\/produit\/cloture-planche-classique-gris-perle-echantillon-4-pouces\/","title":{"rendered":"Planche de cl\u00f4ture en composite \u00c9dition Classique, couleur Gris Perle \u2013 \u00c9chantillon 4\u00a0\u00bb"},"content":{"rendered":"<p data-start=\"2229\" data-end=\"2375\"><strong data-start=\"2229\" data-end=\"2375\">Sobre et contemporaine, cette planche de cl\u00f4ture FiberWood Classique 4&Prime; couleur gris perle met en valeur votre design ext\u00e9rieur avec \u00e9l\u00e9gance.<\/strong><\/p>\n<p data-start=\"2377\" data-end=\"2627\">Compos\u00e9e de fibres de bois recycl\u00e9 et de plastique, elle est coextrud\u00e9e pour une finition sabl\u00e9e uniforme et r\u00e9sistante. Cette planche est con\u00e7ue pour durer, avec une excellente protection contre l\u2019humidit\u00e9, les rayons UV, la moisissure et les chocs.<\/p>\n<p data-start=\"2629\" data-end=\"2727\">Un \u00e9chantillon id\u00e9al pour valider le style et la texture de votre future cl\u00f4ture en composite.<\/p>\n","protected":false},"excerpt":{"rendered":"<p data-start=\"1767\" data-end=\"1906\">\u00c9chantillon 4&Prime; FiberWood Classique couleur gris perle. Fini sabl\u00e9 durable \u2014 parfait pour \u00e9valuer l\u2019apparence avant l\u2019installation compl\u00e8te.<\/p>\n<p data-start=\"1908\" data-end=\"1930\"><strong data-start=\"1908\" data-end=\"1928\">Sp\u00e9cifications :<\/strong><\/p>\n<ul data-start=\"1931\" data-end=\"2187\">\n<li data-start=\"1931\" data-end=\"1958\">\n<p data-start=\"1933\" data-end=\"1958\"><strong data-start=\"1933\" data-end=\"1946\">\u00c9dition :<\/strong> Classique<\/p>\n<\/li>\n<li data-start=\"1959\" data-end=\"1987\">\n<p data-start=\"1961\" data-end=\"1987\"><strong data-start=\"1961\" data-end=\"1974\">Couleur :<\/strong> Gris perle<\/p>\n<\/li>\n<li data-start=\"1988\" data-end=\"2028\">\n<p data-start=\"1990\" data-end=\"2028\"><strong data-start=\"1990\" data-end=\"2005\">Cat\u00e9gorie :<\/strong> Cl\u00f4ture en composite<\/p>\n<\/li>\n<li data-start=\"2029\" data-end=\"2072\">\n<p data-start=\"2031\" data-end=\"2072\"><strong data-start=\"2031\" data-end=\"2061\">Largeur de l\u2019\u00e9chantillon :<\/strong> 4 pouces<\/p>\n<\/li>\n<li data-start=\"2073\" data-end=\"2120\">\n<p data-start=\"2075\" data-end=\"2120\"><strong data-start=\"2075\" data-end=\"2089\">Mat\u00e9riau :<\/strong> Composite de bois, coextrud\u00e9<\/p>\n<\/li>\n<li data-start=\"2121\" data-end=\"2187\">\n<p data-start=\"2123\" data-end=\"2187\"><strong data-start=\"2123\" data-end=\"2140\">Utilisation :<\/strong> Cl\u00f4ture ext\u00e9rieure (r\u00e9sidentiel et commercial)<\/p>\n<\/li>\n<\/ul>\n","protected":false},"featured_media":69661,"template":"","meta":[],"product_brand":[],"product_cat":[1016],"product_tag":[],"collections":[],"brands":[1530],"edition":[1527],"manufacturing-process":[1531],"class_list":{"0":"post-68182","1":"product","2":"type-product","3":"status-publish","4":"has-post-thumbnail","6":"product_cat-cloture","7":"product_shipping_class-classe-expedition-echantillons","8":"pa_fence-color-cloture-gris-perle","9":"brands-fiberwood","10":"edition-classique","11":"manufacturing-process-composite-co-extrusion","13":"first","14":"instock","15":"taxable","16":"shipping-taxable","17":"purchasable","18":"product-type-simple"},"aioseo_notices":[],"aioseo_head":"\n\t\t<!-- All in One SEO Pro 4.9.5.2 - aioseo.com -->\n\t<meta name=\"description\" content=\"\u00c9chantillon 4&quot; FiberWood Cl\u00f4ture Classique gris perle. Fini sabl\u00e9 durable, id\u00e9al pour tester couleur et texture avant votre projet de cl\u00f4ture.\" \/>\n\t<meta name=\"robots\" content=\"max-image-preview:large\" \/>\n\t<meta name=\"google-site-verification\" content=\"wakbDbH7CGUhDKT81iv3l311nmyWlYfqhph7BR2JgHQ\" \/>\n\t<meta name=\"msvalidate.01\" content=\"F9D2A6256296D6AAC106F746E9C87936\" \/>\n\t<link rel=\"canonical\" href=\"https:\/\/www.fiberwood.ca\/fr\/produit\/cloture-planche-classique-gris-perle-echantillon-4-pouces\/\" \/>\n\t<meta name=\"generator\" content=\"All in One SEO Pro (AIOSEO) 4.9.5.2\" \/>\n\t\t<meta property=\"og:locale\" content=\"fr_CA\" \/>\n\t\t<meta property=\"og:site_name\" content=\"FiberWood | Bois composite\" \/>\n\t\t<meta property=\"og:type\" content=\"article\" \/>\n\t\t<meta property=\"og:title\" content=\"FiberWood Cl\u00f4ture Classique \u2013 Gris Perle \u2013 \u00c9chantillon 4&quot;\" \/>\n\t\t<meta property=\"og:description\" content=\"\u00c9chantillon 4&quot; FiberWood Cl\u00f4ture Classique gris perle. Fini sabl\u00e9 durable, id\u00e9al pour tester couleur et texture avant votre projet de cl\u00f4ture.\" \/>\n\t\t<meta property=\"og:url\" content=\"https:\/\/www.fiberwood.ca\/fr\/produit\/cloture-planche-classique-gris-perle-echantillon-4-pouces\/\" \/>\n\t\t<meta property=\"og:image\" content=\"https:\/\/www.fiberwood.ca\/wp-content\/uploads\/2025\/05\/Fence-classic-PEARL-GREY-V2.png\" \/>\n\t\t<meta property=\"og:image:secure_url\" content=\"https:\/\/www.fiberwood.ca\/wp-content\/uploads\/2025\/05\/Fence-classic-PEARL-GREY-V2.png\" \/>\n\t\t<meta property=\"og:image:width\" content=\"800\" \/>\n\t\t<meta property=\"og:image:height\" content=\"800\" \/>\n\t\t<meta property=\"article:published_time\" content=\"2025-05-26T18:38:40+00:00\" \/>\n\t\t<meta property=\"article:modified_time\" content=\"2025-06-03T18:08:10+00:00\" \/>\n\t\t<meta property=\"article:publisher\" content=\"https:\/\/www.facebook.com\/FiberWood.Canada\/\" \/>\n\t\t<meta name=\"twitter:card\" content=\"summary\" \/>\n\t\t<meta name=\"twitter:title\" content=\"FiberWood Cl\u00f4ture Classique \u2013 Gris Perle \u2013 \u00c9chantillon 4&quot;\" \/>\n\t\t<meta name=\"twitter:description\" content=\"\u00c9chantillon 4&quot; FiberWood Cl\u00f4ture Classique gris perle. Fini sabl\u00e9 durable, id\u00e9al pour tester couleur et texture avant votre projet de cl\u00f4ture.\" \/>\n\t\t<meta name=\"twitter:image\" content=\"https:\/\/www.fiberwood.ca\/wp-content\/uploads\/2025\/05\/Fence-classic-PEARL-GREY-V2.png\" \/>\n\t\t<script type=\"application\/ld+json\" class=\"aioseo-schema\">\n\t\t\t{\"@context\":\"https:\\\/\\\/schema.org\",\"@graph\":[{\"@type\":\"BreadcrumbList\",\"@id\":\"https:\\\/\\\/www.fiberwood.ca\\\/fr\\\/produit\\\/cloture-planche-classique-gris-perle-echantillon-4-pouces\\\/#breadcrumblist\",\"itemListElement\":[{\"@type\":\"ListItem\",\"@id\":\"https:\\\/\\\/www.fiberwood.ca\\\/fr\\\/#listItem\",\"position\":2,\"name\":\"Home\",\"item\":\"https:\\\/\\\/www.fiberwood.ca\\\/fr\\\/\",\"nextItem\":{\"@type\":\"ListItem\",\"@id\":\"https:\\\/\\\/www.fiberwood.ca\\\/fr\\\/boutique\\\/#listItem\",\"name\":\"Boutique\"},\"previousItem\":{\"@type\":\"ListItem\",\"@id\":\"#listItem\",\"name\":\"You are here\"}},{\"@type\":\"ListItem\",\"@id\":\"https:\\\/\\\/www.fiberwood.ca\\\/fr\\\/boutique\\\/#listItem\",\"position\":3,\"name\":\"Boutique\",\"item\":\"https:\\\/\\\/www.fiberwood.ca\\\/fr\\\/boutique\\\/\",\"nextItem\":{\"@type\":\"ListItem\",\"@id\":\"https:\\\/\\\/www.fiberwood.ca\\\/fr\\\/categorie-produit\\\/cloture\\\/#listItem\",\"name\":\"Cl\\u00f4ture\"},\"previousItem\":{\"@type\":\"ListItem\",\"@id\":\"https:\\\/\\\/www.fiberwood.ca\\\/fr\\\/#listItem\",\"name\":\"Home\"}},{\"@type\":\"ListItem\",\"@id\":\"https:\\\/\\\/www.fiberwood.ca\\\/fr\\\/categorie-produit\\\/cloture\\\/#listItem\",\"position\":4,\"name\":\"Cl\\u00f4ture\",\"item\":\"https:\\\/\\\/www.fiberwood.ca\\\/fr\\\/categorie-produit\\\/cloture\\\/\",\"nextItem\":{\"@type\":\"ListItem\",\"@id\":\"https:\\\/\\\/www.fiberwood.ca\\\/fr\\\/produit\\\/cloture-planche-classique-gris-perle-echantillon-4-pouces\\\/#listItem\",\"name\":\"Planche de cl\\u00f4ture en composite \\u00c9dition Classique, couleur Gris Perle \\u2013 \\u00c9chantillon 4\\u00a0\\u00bb\"},\"previousItem\":{\"@type\":\"ListItem\",\"@id\":\"https:\\\/\\\/www.fiberwood.ca\\\/fr\\\/boutique\\\/#listItem\",\"name\":\"Boutique\"}},{\"@type\":\"ListItem\",\"@id\":\"https:\\\/\\\/www.fiberwood.ca\\\/fr\\\/produit\\\/cloture-planche-classique-gris-perle-echantillon-4-pouces\\\/#listItem\",\"position\":5,\"name\":\"Planche de cl\\u00f4ture en composite \\u00c9dition Classique, couleur Gris Perle \\u2013 \\u00c9chantillon 4\\u00a0\\u00bb\",\"previousItem\":{\"@type\":\"ListItem\",\"@id\":\"https:\\\/\\\/www.fiberwood.ca\\\/fr\\\/categorie-produit\\\/cloture\\\/#listItem\",\"name\":\"Cl\\u00f4ture\"}}]},{\"@type\":\"Organization\",\"@id\":\"https:\\\/\\\/www.fiberwood.ca\\\/fr\\\/#organization\",\"name\":\"FiberWood\",\"description\":\"Bois composite\",\"url\":\"https:\\\/\\\/www.fiberwood.ca\\\/fr\\\/\",\"email\":\"info@fiberwood.ca\",\"telephone\":\"+18883601866\",\"sameAs\":[\"https:\\\/\\\/www.facebook.com\\\/FiberWood.Canada\\\/\",\"https:\\\/\\\/www.instagram.com\\\/fiberwood.canada\\\/\",\"https:\\\/\\\/www.tiktok.com\\\/@fiberwood\",\"https:\\\/\\\/ca.linkedin.com\\\/company\\\/fiberwood\",\"https:\\\/\\\/www.yelp.ca\\\/biz\\\/fiberwood-bois-des-filion\"],\"address\":{\"@id\":\"https:\\\/\\\/www.fiberwood.ca\\\/fr\\\/#postaladdress\",\"@type\":\"PostalAddress\",\"streetAddress\":\"829 Boulevard Industriel, #105\",\"postalCode\":\"J6Z 4T3\",\"addressLocality\":\"Bois-des-Filion\",\"addressRegion\":\"Quebec\",\"addressCountry\":\"CA\"}},{\"@type\":\"Product\",\"@id\":\"https:\\\/\\\/www.fiberwood.ca\\\/fr\\\/produit\\\/cloture-planche-classique-gris-perle-echantillon-4-pouces\\\/#wooCommerceProduct\",\"name\":\"Planche de cl\\u00f4ture en composite \\u00c9dition Classique, couleur Gris Perle \\u2013 \\u00c9chantillon 4''\",\"description\":\"\\u00c9chantillon 4\\\" FiberWood Classique couleur gris perle. Fini sabl\\u00e9 durable \\u2014 parfait pour \\u00e9valuer l\\u2019apparence avant l\\u2019installation compl\\u00e8te.\\r\\nSp\\u00e9cifications :\\r\\n\\r\\n\\r\\n \\t\\r\\n\\u00c9dition : Classique\\r\\n\\r\\n \\t\\r\\nCouleur : Gris perle\\r\\n\\r\\n \\t\\r\\nCat\\u00e9gorie : Cl\\u00f4ture en composite\\r\\n\\r\\n \\t\\r\\nLargeur de l\\u2019\\u00e9chantillon : 4 pouces\\r\\n\\r\\n \\t\\r\\nMat\\u00e9riau : Composite de bois, coextrud\\u00e9\\r\\n\\r\\n \\t\\r\\nUtilisation : Cl\\u00f4ture ext\\u00e9rieure (r\\u00e9sidentiel et commercial)\",\"url\":\"https:\\\/\\\/www.fiberwood.ca\\\/fr\\\/produit\\\/cloture-planche-classique-gris-perle-echantillon-4-pouces\\\/\",\"sku\":\"FW-F-CSAND-PG-4\",\"image\":{\"@type\":\"ImageObject\",\"url\":\"https:\\\/\\\/www.fiberwood.ca\\\/wp-content\\\/uploads\\\/2025\\\/05\\\/Fence-classic-PEARL-GREY-V2.png\",\"@id\":\"https:\\\/\\\/www.fiberwood.ca\\\/fr\\\/produit\\\/cloture-planche-classique-gris-perle-echantillon-4-pouces\\\/#productImage\",\"width\":800,\"height\":800},\"offers\":{\"@type\":\"Offer\",\"url\":\"https:\\\/\\\/www.fiberwood.ca\\\/fr\\\/produit\\\/cloture-planche-classique-gris-perle-echantillon-4-pouces\\\/#wooCommerceOffer\",\"price\":5,\"priceCurrency\":\"CAD\",\"category\":\"Cl\\u00f4ture\",\"availability\":\"https:\\\/\\\/schema.org\\\/InStock\",\"priceSpecification\":{\"@type\":\"PriceSpecification\",\"price\":5,\"priceCurrency\":\"CAD\",\"valueAddedTaxIncluded\":\"true\"},\"seller\":{\"@type\":\"Organization\",\"@id\":\"https:\\\/\\\/www.fiberwood.ca\\\/fr\\\/#organization\"}}},{\"@type\":\"WebPage\",\"@id\":\"https:\\\/\\\/www.fiberwood.ca\\\/fr\\\/produit\\\/cloture-planche-classique-gris-perle-echantillon-4-pouces\\\/#webpage\",\"url\":\"https:\\\/\\\/www.fiberwood.ca\\\/fr\\\/produit\\\/cloture-planche-classique-gris-perle-echantillon-4-pouces\\\/\",\"name\":\"FiberWood Cl\\u00f4ture Classique \\u2013 Gris Perle \\u2013 \\u00c9chantillon 4\\\"\",\"description\":\"\\u00c9chantillon 4\\\" FiberWood Cl\\u00f4ture Classique gris perle. Fini sabl\\u00e9 durable, id\\u00e9al pour tester couleur et texture avant votre projet de cl\\u00f4ture.\",\"inLanguage\":\"fr-CA\",\"isPartOf\":{\"@id\":\"https:\\\/\\\/www.fiberwood.ca\\\/fr\\\/#website\"},\"breadcrumb\":{\"@id\":\"https:\\\/\\\/www.fiberwood.ca\\\/fr\\\/produit\\\/cloture-planche-classique-gris-perle-echantillon-4-pouces\\\/#breadcrumblist\"},\"image\":{\"@type\":\"ImageObject\",\"url\":\"https:\\\/\\\/www.fiberwood.ca\\\/wp-content\\\/uploads\\\/2025\\\/05\\\/Fence-classic-PEARL-GREY-V2.png\",\"@id\":\"https:\\\/\\\/www.fiberwood.ca\\\/fr\\\/produit\\\/cloture-planche-classique-gris-perle-echantillon-4-pouces\\\/#mainImage\",\"width\":800,\"height\":800},\"primaryImageOfPage\":{\"@id\":\"https:\\\/\\\/www.fiberwood.ca\\\/fr\\\/produit\\\/cloture-planche-classique-gris-perle-echantillon-4-pouces\\\/#mainImage\"},\"datePublished\":\"2025-05-26T14:38:40-04:00\",\"dateModified\":\"2025-06-03T14:08:10-04:00\"},{\"@type\":\"WebSite\",\"@id\":\"https:\\\/\\\/www.fiberwood.ca\\\/fr\\\/#website\",\"url\":\"https:\\\/\\\/www.fiberwood.ca\\\/fr\\\/\",\"name\":\"FiberWood\",\"description\":\"Bois composite\",\"inLanguage\":\"fr-CA\",\"publisher\":{\"@id\":\"https:\\\/\\\/www.fiberwood.ca\\\/fr\\\/#organization\"}}]}\n\t\t<\/script>\n\t\t<script type=\"text\/javascript\">\n\t\t\t(function(c,l,a,r,i,t,y){\n\t\t\tc[a]=c[a]||function(){(c[a].q=c[a].q||[]).push(arguments)};t=l.createElement(r);t.async=1;\n\t\t\tt.src=\"https:\/\/www.clarity.ms\/tag\/\"+i+\"?ref=aioseo\";y=l.getElementsByTagName(r)[0];y.parentNode.insertBefore(t,y);\n\t\t})(window, document, \"clarity\", \"script\", \"bfabkyl83n\");\n\t\t<\/script>\n\t\t<!-- All in One SEO Pro -->\r\n\t\t<title>FiberWood Cl\u00f4ture Classique \u2013 Gris Perle \u2013 \u00c9chantillon 4&quot;<\/title>\n\n","aioseo_head_json":{"title":"FiberWood Cl\u00f4ture Classique \u2013 Gris Perle \u2013 \u00c9chantillon 4\"","description":"\u00c9chantillon 4\" FiberWood Cl\u00f4ture Classique gris perle. Fini sabl\u00e9 durable, id\u00e9al pour tester couleur et texture avant votre projet de cl\u00f4ture.","canonical_url":"https:\/\/www.fiberwood.ca\/fr\/produit\/cloture-planche-classique-gris-perle-echantillon-4-pouces\/","robots":"max-image-preview:large","keywords":"","webmasterTools":{"google-site-verification":"wakbDbH7CGUhDKT81iv3l311nmyWlYfqhph7BR2JgHQ","msvalidate.01":"F9D2A6256296D6AAC106F746E9C87936","miscellaneous":""},"schema":{"@context":"https:\/\/schema.org","@graph":[{"@type":"BreadcrumbList","@id":"https:\/\/www.fiberwood.ca\/fr\/produit\/cloture-planche-classique-gris-perle-echantillon-4-pouces\/#breadcrumblist","itemListElement":[{"@type":"ListItem","@id":"https:\/\/www.fiberwood.ca\/fr\/#listItem","position":2,"name":"Home","item":"https:\/\/www.fiberwood.ca\/fr\/","nextItem":{"@type":"ListItem","@id":"https:\/\/www.fiberwood.ca\/fr\/boutique\/#listItem","name":"Boutique"},"previousItem":{"@type":"ListItem","@id":"#listItem","name":"You are here"}},{"@type":"ListItem","@id":"https:\/\/www.fiberwood.ca\/fr\/boutique\/#listItem","position":3,"name":"Boutique","item":"https:\/\/www.fiberwood.ca\/fr\/boutique\/","nextItem":{"@type":"ListItem","@id":"https:\/\/www.fiberwood.ca\/fr\/categorie-produit\/cloture\/#listItem","name":"Cl\u00f4ture"},"previousItem":{"@type":"ListItem","@id":"https:\/\/www.fiberwood.ca\/fr\/#listItem","name":"Home"}},{"@type":"ListItem","@id":"https:\/\/www.fiberwood.ca\/fr\/categorie-produit\/cloture\/#listItem","position":4,"name":"Cl\u00f4ture","item":"https:\/\/www.fiberwood.ca\/fr\/categorie-produit\/cloture\/","nextItem":{"@type":"ListItem","@id":"https:\/\/www.fiberwood.ca\/fr\/produit\/cloture-planche-classique-gris-perle-echantillon-4-pouces\/#listItem","name":"Planche de cl\u00f4ture en composite \u00c9dition Classique, couleur Gris Perle \u2013 \u00c9chantillon 4\u00a0\u00bb"},"previousItem":{"@type":"ListItem","@id":"https:\/\/www.fiberwood.ca\/fr\/boutique\/#listItem","name":"Boutique"}},{"@type":"ListItem","@id":"https:\/\/www.fiberwood.ca\/fr\/produit\/cloture-planche-classique-gris-perle-echantillon-4-pouces\/#listItem","position":5,"name":"Planche de cl\u00f4ture en composite \u00c9dition Classique, couleur Gris Perle \u2013 \u00c9chantillon 4\u00a0\u00bb","previousItem":{"@type":"ListItem","@id":"https:\/\/www.fiberwood.ca\/fr\/categorie-produit\/cloture\/#listItem","name":"Cl\u00f4ture"}}]},{"@type":"Organization","@id":"https:\/\/www.fiberwood.ca\/fr\/#organization","name":"FiberWood","description":"Bois composite","url":"https:\/\/www.fiberwood.ca\/fr\/","email":"info@fiberwood.ca","telephone":"+18883601866","sameAs":["https:\/\/www.facebook.com\/FiberWood.Canada\/","https:\/\/www.instagram.com\/fiberwood.canada\/","https:\/\/www.tiktok.com\/@fiberwood","https:\/\/ca.linkedin.com\/company\/fiberwood","https:\/\/www.yelp.ca\/biz\/fiberwood-bois-des-filion"],"address":{"@id":"https:\/\/www.fiberwood.ca\/fr\/#postaladdress","@type":"PostalAddress","streetAddress":"829 Boulevard Industriel, #105","postalCode":"J6Z 4T3","addressLocality":"Bois-des-Filion","addressRegion":"Quebec","addressCountry":"CA"}},{"@type":"Product","@id":"https:\/\/www.fiberwood.ca\/fr\/produit\/cloture-planche-classique-gris-perle-echantillon-4-pouces\/#wooCommerceProduct","name":"Planche de cl\u00f4ture en composite \u00c9dition Classique, couleur Gris Perle \u2013 \u00c9chantillon 4''","description":"\u00c9chantillon 4\" FiberWood Classique couleur gris perle. Fini sabl\u00e9 durable \u2014 parfait pour \u00e9valuer l\u2019apparence avant l\u2019installation compl\u00e8te.\r\nSp\u00e9cifications :\r\n\r\n\r\n \t\r\n\u00c9dition : Classique\r\n\r\n \t\r\nCouleur : Gris perle\r\n\r\n \t\r\nCat\u00e9gorie : Cl\u00f4ture en composite\r\n\r\n \t\r\nLargeur de l\u2019\u00e9chantillon : 4 pouces\r\n\r\n \t\r\nMat\u00e9riau : Composite de bois, coextrud\u00e9\r\n\r\n \t\r\nUtilisation : Cl\u00f4ture ext\u00e9rieure (r\u00e9sidentiel et commercial)","url":"https:\/\/www.fiberwood.ca\/fr\/produit\/cloture-planche-classique-gris-perle-echantillon-4-pouces\/","sku":"FW-F-CSAND-PG-4","image":{"@type":"ImageObject","url":"https:\/\/www.fiberwood.ca\/wp-content\/uploads\/2025\/05\/Fence-classic-PEARL-GREY-V2.png","@id":"https:\/\/www.fiberwood.ca\/fr\/produit\/cloture-planche-classique-gris-perle-echantillon-4-pouces\/#productImage","width":800,"height":800},"offers":{"@type":"Offer","url":"https:\/\/www.fiberwood.ca\/fr\/produit\/cloture-planche-classique-gris-perle-echantillon-4-pouces\/#wooCommerceOffer","price":5,"priceCurrency":"CAD","category":"Cl\u00f4ture","availability":"https:\/\/schema.org\/InStock","priceSpecification":{"@type":"PriceSpecification","price":5,"priceCurrency":"CAD","valueAddedTaxIncluded":"true"},"seller":{"@type":"Organization","@id":"https:\/\/www.fiberwood.ca\/fr\/#organization"}}},{"@type":"WebPage","@id":"https:\/\/www.fiberwood.ca\/fr\/produit\/cloture-planche-classique-gris-perle-echantillon-4-pouces\/#webpage","url":"https:\/\/www.fiberwood.ca\/fr\/produit\/cloture-planche-classique-gris-perle-echantillon-4-pouces\/","name":"FiberWood Cl\u00f4ture Classique \u2013 Gris Perle \u2013 \u00c9chantillon 4\"","description":"\u00c9chantillon 4\" FiberWood Cl\u00f4ture Classique gris perle. Fini sabl\u00e9 durable, id\u00e9al pour tester couleur et texture avant votre projet de cl\u00f4ture.","inLanguage":"fr-CA","isPartOf":{"@id":"https:\/\/www.fiberwood.ca\/fr\/#website"},"breadcrumb":{"@id":"https:\/\/www.fiberwood.ca\/fr\/produit\/cloture-planche-classique-gris-perle-echantillon-4-pouces\/#breadcrumblist"},"image":{"@type":"ImageObject","url":"https:\/\/www.fiberwood.ca\/wp-content\/uploads\/2025\/05\/Fence-classic-PEARL-GREY-V2.png","@id":"https:\/\/www.fiberwood.ca\/fr\/produit\/cloture-planche-classique-gris-perle-echantillon-4-pouces\/#mainImage","width":800,"height":800},"primaryImageOfPage":{"@id":"https:\/\/www.fiberwood.ca\/fr\/produit\/cloture-planche-classique-gris-perle-echantillon-4-pouces\/#mainImage"},"datePublished":"2025-05-26T14:38:40-04:00","dateModified":"2025-06-03T14:08:10-04:00"},{"@type":"WebSite","@id":"https:\/\/www.fiberwood.ca\/fr\/#website","url":"https:\/\/www.fiberwood.ca\/fr\/","name":"FiberWood","description":"Bois composite","inLanguage":"fr-CA","publisher":{"@id":"https:\/\/www.fiberwood.ca\/fr\/#organization"}}]},"og:locale":"fr_CA","og:site_name":"FiberWood | Bois composite","og:type":"article","og:title":"FiberWood Cl\u00f4ture Classique \u2013 Gris Perle \u2013 \u00c9chantillon 4&quot;","og:description":"\u00c9chantillon 4&quot; FiberWood Cl\u00f4ture Classique gris perle. Fini sabl\u00e9 durable, id\u00e9al pour tester couleur et texture avant votre projet de cl\u00f4ture.","og:url":"https:\/\/www.fiberwood.ca\/fr\/produit\/cloture-planche-classique-gris-perle-echantillon-4-pouces\/","og:image":"https:\/\/www.fiberwood.ca\/wp-content\/uploads\/2025\/05\/Fence-classic-PEARL-GREY-V2.png","og:image:secure_url":"https:\/\/www.fiberwood.ca\/wp-content\/uploads\/2025\/05\/Fence-classic-PEARL-GREY-V2.png","og:image:width":800,"og:image:height":800,"article:published_time":"2025-05-26T18:38:40+00:00","article:modified_time":"2025-06-03T18:08:10+00:00","article:publisher":"https:\/\/www.facebook.com\/FiberWood.Canada\/","twitter:card":"summary","twitter:title":"FiberWood Cl\u00f4ture Classique \u2013 Gris Perle \u2013 \u00c9chantillon 4&quot;","twitter:description":"\u00c9chantillon 4&quot; FiberWood Cl\u00f4ture Classique gris perle. Fini sabl\u00e9 durable, id\u00e9al pour tester couleur et texture avant votre projet de cl\u00f4ture.","twitter:image":"https:\/\/www.fiberwood.ca\/wp-content\/uploads\/2025\/05\/Fence-classic-PEARL-GREY-V2.png"},"aioseo_meta_data":{"post_id":"68182","title":"FiberWood Cl\u00f4ture Classique \u2013 Gris Perle \u2013 \u00c9chantillon 4\"","description":"\u00c9chantillon 4\" FiberWood Cl\u00f4ture Classique gris perle. Fini sabl\u00e9 durable, id\u00e9al pour tester couleur et texture avant votre projet de cl\u00f4ture.","keywords":null,"keyphrases":{"focus":{"keyphrase":"","score":0,"analysis":{"keyphraseInTitle":{"score":0,"maxScore":9,"error":1}}},"additional":[]},"primary_term":null,"canonical_url":null,"og_title":null,"og_description":null,"og_object_type":"default","og_image_type":"default","og_image_url":null,"og_image_width":null,"og_image_height":null,"og_image_custom_url":null,"og_image_custom_fields":null,"og_video":"","og_custom_url":null,"og_article_section":null,"og_article_tags":null,"twitter_use_og":false,"twitter_card":"default","twitter_image_type":"default","twitter_image_url":null,"twitter_image_custom_url":null,"twitter_image_custom_fields":null,"twitter_title":null,"twitter_description":null,"schema":{"blockGraphs":[],"customGraphs":[],"default":{"data":{"Article":[],"Course":[],"Dataset":[],"FAQPage":[],"Movie":[],"Person":[],"Product":[],"ProductReview":[],"Car":[],"Recipe":[],"Service":[],"SoftwareApplication":[],"WebPage":[]},"graphName":"Product","isEnabled":true},"graphs":[]},"schema_type":"default","schema_type_options":null,"pillar_content":false,"robots_default":true,"robots_noindex":false,"robots_noarchive":false,"robots_nosnippet":false,"robots_nofollow":false,"robots_noimageindex":false,"robots_noodp":false,"robots_notranslate":false,"robots_max_snippet":"-1","robots_max_videopreview":"-1","robots_max_imagepreview":"large","priority":null,"frequency":"default","local_seo":null,"seo_analyzer_scan_date":"2025-11-05 01:50:26","breadcrumb_settings":null,"limit_modified_date":false,"reviewed_by":"0","open_ai":"{\"title\":{\"suggestions\":[],\"usage\":0},\"description\":{\"suggestions\":[],\"usage\":0}}","ai":null,"created":"2025-05-26 18:39:16","updated":"2025-11-05 01:50:26"},"aioseo_breadcrumb":"<div class=\"aioseo-breadcrumbs\"><span class=\"aioseo-breadcrumb\">\n\tYou are here\n<\/span><span class=\"aioseo-breadcrumb-separator\">\u00bb<\/span><span class=\"aioseo-breadcrumb\">\n\t<a href=\"https:\/\/www.fiberwood.ca\/fr\/\" title=\"Home\">Home<\/a>\n<\/span><span class=\"aioseo-breadcrumb-separator\">\u00bb<\/span><span class=\"aioseo-breadcrumb\">\n\t<a href=\"https:\/\/www.fiberwood.ca\/fr\/boutique\/\" title=\"Boutique\">Boutique<\/a>\n<\/span><span class=\"aioseo-breadcrumb-separator\">\u00bb<\/span><span class=\"aioseo-breadcrumb\">\n\t<a href=\"https:\/\/www.fiberwood.ca\/fr\/categorie-produit\/cloture\/\" title=\"Cl\u00f4ture\">Cl\u00f4ture<\/a>\n<\/span><span class=\"aioseo-breadcrumb-separator\">\u00bb<\/span><span class=\"aioseo-breadcrumb\">\n\tPlanche de cl\u00f4ture en composite \u00c9dition Classique, couleur Gris Perle \u2013 \u00c9chantillon 4 \u00bb\n<\/span><\/div>","aioseo_breadcrumb_json":[{"label":"You are here","link":""},{"label":"Home","link":"https:\/\/www.fiberwood.ca\/fr\/"},{"label":"Boutique","link":"https:\/\/www.fiberwood.ca\/fr\/boutique\/"},{"label":"Cl\u00f4ture","link":"https:\/\/www.fiberwood.ca\/fr\/categorie-produit\/cloture\/"},{"label":"Planche de cl\u00f4ture en composite \u00c9dition Classique, couleur Gris Perle \u2013 \u00c9chantillon 4\u00a0\u00bb","link":"https:\/\/www.fiberwood.ca\/fr\/produit\/cloture-planche-classique-gris-perle-echantillon-4-pouces\/"}],"_links":{"self":[{"href":"https:\/\/www.fiberwood.ca\/fr\/wp-json\/wp\/v2\/product\/68182","targetHints":{"allow":["GET"]}}],"collection":[{"href":"https:\/\/www.fiberwood.ca\/fr\/wp-json\/wp\/v2\/product"}],"about":[{"href":"https:\/\/www.fiberwood.ca\/fr\/wp-json\/wp\/v2\/types\/product"}],"version-history":[{"count":3,"href":"https:\/\/www.fiberwood.ca\/fr\/wp-json\/wp\/v2\/product\/68182\/revisions"}],"predecessor-version":[{"id":69550,"href":"https:\/\/www.fiberwood.ca\/fr\/wp-json\/wp\/v2\/product\/68182\/revisions\/69550"}],"wp:featuredmedia":[{"embeddable":true,"href":"https:\/\/www.fiberwood.ca\/fr\/wp-json\/wp\/v2\/media\/69661"}],"wp:attachment":[{"href":"https:\/\/www.fiberwood.ca\/fr\/wp-json\/wp\/v2\/media?parent=68182"}],"wp:term":[{"taxonomy":"product_brand","embeddable":true,"href":"https:\/\/www.fiberwood.ca\/fr\/wp-json\/wp\/v2\/product_brand?post=68182"},{"taxonomy":"product_cat","embeddable":true,"href":"https:\/\/www.fiberwood.ca\/fr\/wp-json\/wp\/v2\/product_cat?post=68182"},{"taxonomy":"product_tag","embeddable":true,"href":"https:\/\/www.fiberwood.ca\/fr\/wp-json\/wp\/v2\/product_tag?post=68182"},{"taxonomy":"collections","embeddable":true,"href":"https:\/\/www.fiberwood.ca\/fr\/wp-json\/wp\/v2\/collections?post=68182"},{"taxonomy":"brands","embeddable":true,"href":"https:\/\/www.fiberwood.ca\/fr\/wp-json\/wp\/v2\/brands?post=68182"},{"taxonomy":"edition","embeddable":true,"href":"https:\/\/www.fiberwood.ca\/fr\/wp-json\/wp\/v2\/edition?post=68182"},{"taxonomy":"manufacturing-process","embeddable":true,"href":"https:\/\/www.fiberwood.ca\/fr\/wp-json\/wp\/v2\/manufacturing-process?post=68182"}],"curies":[{"name":"wp","href":"https:\/\/api.w.org\/{rel}","templated":true}]}}