{"id":69369,"date":"2025-05-30T09:57:33","date_gmt":"2025-05-30T13:57:33","guid":{"rendered":"https:\/\/www.fiberwood.ca\/product\/cladding-board-royal-pearl-grey-4-inches-sample\/"},"modified":"2025-06-02T14:59:22","modified_gmt":"2025-06-02T18:59:22","slug":"revetement-planche-royale-gris-perle-4-pouces-echantillons","status":"publish","type":"product","link":"https:\/\/www.fiberwood.ca\/fr\/produit\/revetement-planche-royale-gris-perle-4-pouces-echantillons\/","title":{"rendered":"Rev\u00eatement mural en composite de bois \u00c9dition Royale, couleur Gris perle \u2013 \u00c9chantillon 4\u00a0\u00bb"},"content":{"rendered":"<p data-start=\"942\" data-end=\"1047\"><strong data-start=\"942\" data-end=\"1047\">Appr\u00e9ciez l\u2019\u00e9l\u00e9gance douce de l\u2019\u00e9dition Royale de FiberWood avec cet \u00e9chantillon de 4&Prime; en gris perle.<\/strong><\/p>\n<p data-start=\"1049\" data-end=\"1357\">Dot\u00e9 d\u2019une finition bross\u00e9e et de rainures discr\u00e8tes, ce rev\u00eatement offre un style \u00e9quilibr\u00e9 et moderne, parfait pour les murs ext\u00e9rieurs et les accents int\u00e9rieurs. Fabriqu\u00e9 \u00e0 partir de mat\u00e9riaux recycl\u00e9s selon une technologie de coextrusion de pointe, il combine durabilit\u00e9, esth\u00e9tisme et entretien minimal.<\/p>\n<p data-start=\"1359\" data-end=\"1485\">Adapt\u00e9 aux conditions climatiques du Canada, il est r\u00e9sistant \u00e0 la d\u00e9coloration, \u00e0 l\u2019humidit\u00e9, \u00e0 la moisissure et aux impacts.<\/p>\n<p data-start=\"1487\" data-end=\"1644\">Cet \u00e9chantillon de 4&Prime; vous permet d\u2019\u00e9valuer la couleur, la texture et l\u2019apparence architecturale du produit avant d\u2019entreprendre votre installation compl\u00e8te.<\/p>\n","protected":false},"excerpt":{"rendered":"<p data-start=\"412\" data-end=\"612\">Rev\u00eatement en composite de bois FiberWood, \u00e9dition Royale, en gris perle, avec finition bross\u00e9e et rainures subtiles. Id\u00e9al pour tester la texture, la teinte et la finition avant votre projet complet.<\/p>\n<p data-start=\"614\" data-end=\"636\"><strong data-start=\"614\" data-end=\"634\">Sp\u00e9cifications :<\/strong><\/p>\n<ul data-start=\"637\" data-end=\"899\">\n<li data-start=\"637\" data-end=\"661\">\n<p data-start=\"639\" data-end=\"661\"><strong data-start=\"639\" data-end=\"652\">\u00c9dition :<\/strong> Royale<\/p>\n<\/li>\n<li data-start=\"662\" data-end=\"690\">\n<p data-start=\"664\" data-end=\"690\"><strong data-start=\"664\" data-end=\"677\">Couleur :<\/strong> Gris perle<\/p>\n<\/li>\n<li data-start=\"691\" data-end=\"742\">\n<p data-start=\"693\" data-end=\"742\"><strong data-start=\"693\" data-end=\"708\">Cat\u00e9gorie :<\/strong> Rev\u00eatement en composite de bois<\/p>\n<\/li>\n<li data-start=\"743\" data-end=\"786\">\n<p data-start=\"745\" data-end=\"786\"><strong data-start=\"745\" data-end=\"775\">Largeur de l\u2019\u00e9chantillon :<\/strong> 4 pouces<\/p>\n<\/li>\n<li data-start=\"787\" data-end=\"834\">\n<p data-start=\"789\" data-end=\"834\"><strong data-start=\"789\" data-end=\"803\">Mat\u00e9riau :<\/strong> Composite de bois, coextrud\u00e9<\/p>\n<\/li>\n<li data-start=\"835\" data-end=\"899\">\n<p data-start=\"837\" data-end=\"899\"><strong data-start=\"837\" data-end=\"854\">Utilisation :<\/strong> Rev\u00eatement mural (r\u00e9sidentiel et commercial)<\/p>\n<\/li>\n<\/ul>\n","protected":false},"featured_media":60231,"template":"","meta":[],"product_brand":[],"product_cat":[1012],"product_tag":[],"collections":[],"brands":[1530],"edition":[1526],"manufacturing-process":[1531],"class_list":{"0":"post-69369","1":"product","2":"type-product","3":"status-publish","4":"has-post-thumbnail","6":"product_cat-revetement","7":"product_shipping_class-classe-expedition-echantillons","8":"pa_cladding-color-revetement-gris-perle","9":"brands-fiberwood","10":"edition-royale","11":"manufacturing-process-composite-co-extrusion","13":"first","14":"outofstock","15":"taxable","16":"shipping-taxable","17":"purchasable","18":"product-type-simple"},"aioseo_notices":[],"aioseo_head":"\n\t\t<!-- All in One SEO Pro 4.9.5.2 - aioseo.com -->\n\t<meta name=\"description\" content=\"\u00c9chantillon 4&quot; du rev\u00eatement FiberWood Royale gris perle. Finition bross\u00e9e et teinte moderne\u2014id\u00e9al pour tester l\u2019apparence avant votre projet.\" \/>\n\t<meta name=\"robots\" content=\"max-image-preview:large\" \/>\n\t<meta name=\"google-site-verification\" content=\"wakbDbH7CGUhDKT81iv3l311nmyWlYfqhph7BR2JgHQ\" \/>\n\t<meta name=\"msvalidate.01\" content=\"F9D2A6256296D6AAC106F746E9C87936\" \/>\n\t<link rel=\"canonical\" href=\"https:\/\/www.fiberwood.ca\/fr\/produit\/revetement-planche-royale-gris-perle-4-pouces-echantillons\/\" \/>\n\t<meta name=\"generator\" content=\"All in One SEO Pro (AIOSEO) 4.9.5.2\" \/>\n\t\t<meta property=\"og:locale\" content=\"fr_CA\" \/>\n\t\t<meta property=\"og:site_name\" content=\"FiberWood | Bois composite\" \/>\n\t\t<meta property=\"og:type\" content=\"article\" \/>\n\t\t<meta property=\"og:title\" content=\"FiberWood Rev\u00eatement Royale \u2013 Gris perle \u2013 \u00c9chantillon 4&quot;\" \/>\n\t\t<meta property=\"og:description\" content=\"\u00c9chantillon 4&quot; du rev\u00eatement FiberWood Royale gris perle. Finition bross\u00e9e et teinte moderne\u2014id\u00e9al pour tester l\u2019apparence avant votre projet.\" \/>\n\t\t<meta property=\"og:url\" content=\"https:\/\/www.fiberwood.ca\/fr\/produit\/revetement-planche-royale-gris-perle-4-pouces-echantillons\/\" \/>\n\t\t<meta property=\"og:image\" content=\"https:\/\/www.fiberwood.ca\/wp-content\/uploads\/2025\/02\/Royal-Gris-perle-S.png\" \/>\n\t\t<meta property=\"og:image:secure_url\" content=\"https:\/\/www.fiberwood.ca\/wp-content\/uploads\/2025\/02\/Royal-Gris-perle-S.png\" \/>\n\t\t<meta property=\"og:image:width\" content=\"1000\" \/>\n\t\t<meta property=\"og:image:height\" content=\"1000\" \/>\n\t\t<meta property=\"article:published_time\" content=\"2025-05-30T13:57:33+00:00\" \/>\n\t\t<meta property=\"article:modified_time\" content=\"2025-06-02T18:59:22+00:00\" \/>\n\t\t<meta property=\"article:publisher\" content=\"https:\/\/www.facebook.com\/FiberWood.Canada\/\" \/>\n\t\t<meta name=\"twitter:card\" content=\"summary\" \/>\n\t\t<meta name=\"twitter:title\" content=\"FiberWood Rev\u00eatement Royale \u2013 Gris perle \u2013 \u00c9chantillon 4&quot;\" \/>\n\t\t<meta name=\"twitter:description\" content=\"\u00c9chantillon 4&quot; du rev\u00eatement FiberWood Royale gris perle. Finition bross\u00e9e et teinte moderne\u2014id\u00e9al pour tester l\u2019apparence avant votre projet.\" \/>\n\t\t<meta name=\"twitter:image\" content=\"https:\/\/www.fiberwood.ca\/wp-content\/uploads\/2025\/02\/Royal-Gris-perle-S.png\" \/>\n\t\t<script type=\"application\/ld+json\" class=\"aioseo-schema\">\n\t\t\t{\"@context\":\"https:\\\/\\\/schema.org\",\"@graph\":[{\"@type\":\"BreadcrumbList\",\"@id\":\"https:\\\/\\\/www.fiberwood.ca\\\/fr\\\/produit\\\/revetement-planche-royale-gris-perle-4-pouces-echantillons\\\/#breadcrumblist\",\"itemListElement\":[{\"@type\":\"ListItem\",\"@id\":\"https:\\\/\\\/www.fiberwood.ca\\\/fr\\\/#listItem\",\"position\":2,\"name\":\"Home\",\"item\":\"https:\\\/\\\/www.fiberwood.ca\\\/fr\\\/\",\"nextItem\":{\"@type\":\"ListItem\",\"@id\":\"https:\\\/\\\/www.fiberwood.ca\\\/fr\\\/boutique\\\/#listItem\",\"name\":\"Boutique\"},\"previousItem\":{\"@type\":\"ListItem\",\"@id\":\"#listItem\",\"name\":\"You are here\"}},{\"@type\":\"ListItem\",\"@id\":\"https:\\\/\\\/www.fiberwood.ca\\\/fr\\\/boutique\\\/#listItem\",\"position\":3,\"name\":\"Boutique\",\"item\":\"https:\\\/\\\/www.fiberwood.ca\\\/fr\\\/boutique\\\/\",\"nextItem\":{\"@type\":\"ListItem\",\"@id\":\"https:\\\/\\\/www.fiberwood.ca\\\/fr\\\/categorie-produit\\\/revetement\\\/#listItem\",\"name\":\"Rev\\u00eatement\"},\"previousItem\":{\"@type\":\"ListItem\",\"@id\":\"https:\\\/\\\/www.fiberwood.ca\\\/fr\\\/#listItem\",\"name\":\"Home\"}},{\"@type\":\"ListItem\",\"@id\":\"https:\\\/\\\/www.fiberwood.ca\\\/fr\\\/categorie-produit\\\/revetement\\\/#listItem\",\"position\":4,\"name\":\"Rev\\u00eatement\",\"item\":\"https:\\\/\\\/www.fiberwood.ca\\\/fr\\\/categorie-produit\\\/revetement\\\/\",\"nextItem\":{\"@type\":\"ListItem\",\"@id\":\"https:\\\/\\\/www.fiberwood.ca\\\/fr\\\/produit\\\/revetement-planche-royale-gris-perle-4-pouces-echantillons\\\/#listItem\",\"name\":\"Rev\\u00eatement mural en composite de bois \\u00c9dition Royale, couleur Gris perle \\u2013 \\u00c9chantillon 4\\u00a0\\u00bb\"},\"previousItem\":{\"@type\":\"ListItem\",\"@id\":\"https:\\\/\\\/www.fiberwood.ca\\\/fr\\\/boutique\\\/#listItem\",\"name\":\"Boutique\"}},{\"@type\":\"ListItem\",\"@id\":\"https:\\\/\\\/www.fiberwood.ca\\\/fr\\\/produit\\\/revetement-planche-royale-gris-perle-4-pouces-echantillons\\\/#listItem\",\"position\":5,\"name\":\"Rev\\u00eatement mural en composite de bois \\u00c9dition Royale, couleur Gris perle \\u2013 \\u00c9chantillon 4\\u00a0\\u00bb\",\"previousItem\":{\"@type\":\"ListItem\",\"@id\":\"https:\\\/\\\/www.fiberwood.ca\\\/fr\\\/categorie-produit\\\/revetement\\\/#listItem\",\"name\":\"Rev\\u00eatement\"}}]},{\"@type\":\"Organization\",\"@id\":\"https:\\\/\\\/www.fiberwood.ca\\\/fr\\\/#organization\",\"name\":\"FiberWood\",\"description\":\"Bois composite\",\"url\":\"https:\\\/\\\/www.fiberwood.ca\\\/fr\\\/\",\"email\":\"info@fiberwood.ca\",\"telephone\":\"+18883601866\",\"sameAs\":[\"https:\\\/\\\/www.facebook.com\\\/FiberWood.Canada\\\/\",\"https:\\\/\\\/www.instagram.com\\\/fiberwood.canada\\\/\",\"https:\\\/\\\/www.tiktok.com\\\/@fiberwood\",\"https:\\\/\\\/ca.linkedin.com\\\/company\\\/fiberwood\",\"https:\\\/\\\/www.yelp.ca\\\/biz\\\/fiberwood-bois-des-filion\"],\"address\":{\"@id\":\"https:\\\/\\\/www.fiberwood.ca\\\/fr\\\/#postaladdress\",\"@type\":\"PostalAddress\",\"streetAddress\":\"829 Boulevard Industriel, #105\",\"postalCode\":\"J6Z 4T3\",\"addressLocality\":\"Bois-des-Filion\",\"addressRegion\":\"Quebec\",\"addressCountry\":\"CA\"}},{\"@type\":\"Product\",\"@id\":\"https:\\\/\\\/www.fiberwood.ca\\\/fr\\\/produit\\\/revetement-planche-royale-gris-perle-4-pouces-echantillons\\\/#wooCommerceProduct\",\"name\":\"Rev\\u00eatement mural en composite de bois \\u00c9dition Royale, couleur Gris perle \\u2013 \\u00c9chantillon 4''\",\"description\":\"Rev\\u00eatement en composite de bois FiberWood, \\u00e9dition Royale, en gris perle, avec finition bross\\u00e9e et rainures subtiles. Id\\u00e9al pour tester la texture, la teinte et la finition avant votre projet complet.\\r\\nSp\\u00e9cifications :\\r\\n\\r\\n\\r\\n \\t\\r\\n\\u00c9dition : Royale\\r\\n\\r\\n \\t\\r\\nCouleur : Gris perle\\r\\n\\r\\n \\t\\r\\nCat\\u00e9gorie : Rev\\u00eatement en composite de bois\\r\\n\\r\\n \\t\\r\\nLargeur de l\\u2019\\u00e9chantillon : 4 pouces\\r\\n\\r\\n \\t\\r\\nMat\\u00e9riau : Composite de bois, coextrud\\u00e9\\r\\n\\r\\n \\t\\r\\nUtilisation : Rev\\u00eatement mural (r\\u00e9sidentiel et commercial)\",\"url\":\"https:\\\/\\\/www.fiberwood.ca\\\/fr\\\/produit\\\/revetement-planche-royale-gris-perle-4-pouces-echantillons\\\/\",\"sku\":\"25FW-WC-R-PG-4\",\"image\":{\"@type\":\"ImageObject\",\"url\":\"https:\\\/\\\/www.fiberwood.ca\\\/wp-content\\\/uploads\\\/2025\\\/02\\\/Royal-Gris-perle-S.png\",\"@id\":\"https:\\\/\\\/www.fiberwood.ca\\\/fr\\\/produit\\\/revetement-planche-royale-gris-perle-4-pouces-echantillons\\\/#productImage\",\"width\":1000,\"height\":1000},\"offers\":{\"@type\":\"Offer\",\"url\":\"https:\\\/\\\/www.fiberwood.ca\\\/fr\\\/produit\\\/revetement-planche-royale-gris-perle-4-pouces-echantillons\\\/#wooCommerceOffer\",\"price\":5,\"priceCurrency\":\"CAD\",\"category\":\"Rev\\u00eatement\",\"availability\":\"https:\\\/\\\/schema.org\\\/OutOfStock\",\"priceSpecification\":{\"@type\":\"PriceSpecification\",\"price\":5,\"priceCurrency\":\"CAD\",\"valueAddedTaxIncluded\":\"true\"},\"seller\":{\"@type\":\"Organization\",\"@id\":\"https:\\\/\\\/www.fiberwood.ca\\\/fr\\\/#organization\"}}},{\"@type\":\"WebPage\",\"@id\":\"https:\\\/\\\/www.fiberwood.ca\\\/fr\\\/produit\\\/revetement-planche-royale-gris-perle-4-pouces-echantillons\\\/#webpage\",\"url\":\"https:\\\/\\\/www.fiberwood.ca\\\/fr\\\/produit\\\/revetement-planche-royale-gris-perle-4-pouces-echantillons\\\/\",\"name\":\"FiberWood Rev\\u00eatement Royale \\u2013 Gris perle \\u2013 \\u00c9chantillon 4\\\"\",\"description\":\"\\u00c9chantillon 4\\\" du rev\\u00eatement FiberWood Royale gris perle. Finition bross\\u00e9e et teinte moderne\\u2014id\\u00e9al pour tester l\\u2019apparence avant votre projet.\",\"inLanguage\":\"fr-CA\",\"isPartOf\":{\"@id\":\"https:\\\/\\\/www.fiberwood.ca\\\/fr\\\/#website\"},\"breadcrumb\":{\"@id\":\"https:\\\/\\\/www.fiberwood.ca\\\/fr\\\/produit\\\/revetement-planche-royale-gris-perle-4-pouces-echantillons\\\/#breadcrumblist\"},\"image\":{\"@type\":\"ImageObject\",\"url\":\"https:\\\/\\\/www.fiberwood.ca\\\/wp-content\\\/uploads\\\/2025\\\/02\\\/Royal-Gris-perle-S.png\",\"@id\":\"https:\\\/\\\/www.fiberwood.ca\\\/fr\\\/produit\\\/revetement-planche-royale-gris-perle-4-pouces-echantillons\\\/#mainImage\",\"width\":1000,\"height\":1000},\"primaryImageOfPage\":{\"@id\":\"https:\\\/\\\/www.fiberwood.ca\\\/fr\\\/produit\\\/revetement-planche-royale-gris-perle-4-pouces-echantillons\\\/#mainImage\"},\"datePublished\":\"2025-05-30T09:57:33-04:00\",\"dateModified\":\"2025-06-02T14:59:22-04:00\"},{\"@type\":\"WebSite\",\"@id\":\"https:\\\/\\\/www.fiberwood.ca\\\/fr\\\/#website\",\"url\":\"https:\\\/\\\/www.fiberwood.ca\\\/fr\\\/\",\"name\":\"FiberWood\",\"description\":\"Bois composite\",\"inLanguage\":\"fr-CA\",\"publisher\":{\"@id\":\"https:\\\/\\\/www.fiberwood.ca\\\/fr\\\/#organization\"}}]}\n\t\t<\/script>\n\t\t<script type=\"text\/javascript\">\n\t\t\t(function(c,l,a,r,i,t,y){\n\t\t\tc[a]=c[a]||function(){(c[a].q=c[a].q||[]).push(arguments)};t=l.createElement(r);t.async=1;\n\t\t\tt.src=\"https:\/\/www.clarity.ms\/tag\/\"+i+\"?ref=aioseo\";y=l.getElementsByTagName(r)[0];y.parentNode.insertBefore(t,y);\n\t\t})(window, document, \"clarity\", \"script\", \"bfabkyl83n\");\n\t\t<\/script>\n\t\t<!-- All in One SEO Pro -->\r\n\t\t<title>FiberWood Rev\u00eatement Royale \u2013 Gris perle \u2013 \u00c9chantillon 4&quot;<\/title>\n\n","aioseo_head_json":{"title":"FiberWood Rev\u00eatement Royale \u2013 Gris perle \u2013 \u00c9chantillon 4\"","description":"\u00c9chantillon 4\" du rev\u00eatement FiberWood Royale gris perle. Finition bross\u00e9e et teinte moderne\u2014id\u00e9al pour tester l\u2019apparence avant votre projet.","canonical_url":"https:\/\/www.fiberwood.ca\/fr\/produit\/revetement-planche-royale-gris-perle-4-pouces-echantillons\/","robots":"max-image-preview:large","keywords":"","webmasterTools":{"google-site-verification":"wakbDbH7CGUhDKT81iv3l311nmyWlYfqhph7BR2JgHQ","msvalidate.01":"F9D2A6256296D6AAC106F746E9C87936","miscellaneous":""},"schema":{"@context":"https:\/\/schema.org","@graph":[{"@type":"BreadcrumbList","@id":"https:\/\/www.fiberwood.ca\/fr\/produit\/revetement-planche-royale-gris-perle-4-pouces-echantillons\/#breadcrumblist","itemListElement":[{"@type":"ListItem","@id":"https:\/\/www.fiberwood.ca\/fr\/#listItem","position":2,"name":"Home","item":"https:\/\/www.fiberwood.ca\/fr\/","nextItem":{"@type":"ListItem","@id":"https:\/\/www.fiberwood.ca\/fr\/boutique\/#listItem","name":"Boutique"},"previousItem":{"@type":"ListItem","@id":"#listItem","name":"You are here"}},{"@type":"ListItem","@id":"https:\/\/www.fiberwood.ca\/fr\/boutique\/#listItem","position":3,"name":"Boutique","item":"https:\/\/www.fiberwood.ca\/fr\/boutique\/","nextItem":{"@type":"ListItem","@id":"https:\/\/www.fiberwood.ca\/fr\/categorie-produit\/revetement\/#listItem","name":"Rev\u00eatement"},"previousItem":{"@type":"ListItem","@id":"https:\/\/www.fiberwood.ca\/fr\/#listItem","name":"Home"}},{"@type":"ListItem","@id":"https:\/\/www.fiberwood.ca\/fr\/categorie-produit\/revetement\/#listItem","position":4,"name":"Rev\u00eatement","item":"https:\/\/www.fiberwood.ca\/fr\/categorie-produit\/revetement\/","nextItem":{"@type":"ListItem","@id":"https:\/\/www.fiberwood.ca\/fr\/produit\/revetement-planche-royale-gris-perle-4-pouces-echantillons\/#listItem","name":"Rev\u00eatement mural en composite de bois \u00c9dition Royale, couleur Gris perle \u2013 \u00c9chantillon 4\u00a0\u00bb"},"previousItem":{"@type":"ListItem","@id":"https:\/\/www.fiberwood.ca\/fr\/boutique\/#listItem","name":"Boutique"}},{"@type":"ListItem","@id":"https:\/\/www.fiberwood.ca\/fr\/produit\/revetement-planche-royale-gris-perle-4-pouces-echantillons\/#listItem","position":5,"name":"Rev\u00eatement mural en composite de bois \u00c9dition Royale, couleur Gris perle \u2013 \u00c9chantillon 4\u00a0\u00bb","previousItem":{"@type":"ListItem","@id":"https:\/\/www.fiberwood.ca\/fr\/categorie-produit\/revetement\/#listItem","name":"Rev\u00eatement"}}]},{"@type":"Organization","@id":"https:\/\/www.fiberwood.ca\/fr\/#organization","name":"FiberWood","description":"Bois composite","url":"https:\/\/www.fiberwood.ca\/fr\/","email":"info@fiberwood.ca","telephone":"+18883601866","sameAs":["https:\/\/www.facebook.com\/FiberWood.Canada\/","https:\/\/www.instagram.com\/fiberwood.canada\/","https:\/\/www.tiktok.com\/@fiberwood","https:\/\/ca.linkedin.com\/company\/fiberwood","https:\/\/www.yelp.ca\/biz\/fiberwood-bois-des-filion"],"address":{"@id":"https:\/\/www.fiberwood.ca\/fr\/#postaladdress","@type":"PostalAddress","streetAddress":"829 Boulevard Industriel, #105","postalCode":"J6Z 4T3","addressLocality":"Bois-des-Filion","addressRegion":"Quebec","addressCountry":"CA"}},{"@type":"Product","@id":"https:\/\/www.fiberwood.ca\/fr\/produit\/revetement-planche-royale-gris-perle-4-pouces-echantillons\/#wooCommerceProduct","name":"Rev\u00eatement mural en composite de bois \u00c9dition Royale, couleur Gris perle \u2013 \u00c9chantillon 4''","description":"Rev\u00eatement en composite de bois FiberWood, \u00e9dition Royale, en gris perle, avec finition bross\u00e9e et rainures subtiles. Id\u00e9al pour tester la texture, la teinte et la finition avant votre projet complet.\r\nSp\u00e9cifications :\r\n\r\n\r\n \t\r\n\u00c9dition : Royale\r\n\r\n \t\r\nCouleur : Gris perle\r\n\r\n \t\r\nCat\u00e9gorie : Rev\u00eatement en composite de bois\r\n\r\n \t\r\nLargeur de l\u2019\u00e9chantillon : 4 pouces\r\n\r\n \t\r\nMat\u00e9riau : Composite de bois, coextrud\u00e9\r\n\r\n \t\r\nUtilisation : Rev\u00eatement mural (r\u00e9sidentiel et commercial)","url":"https:\/\/www.fiberwood.ca\/fr\/produit\/revetement-planche-royale-gris-perle-4-pouces-echantillons\/","sku":"25FW-WC-R-PG-4","image":{"@type":"ImageObject","url":"https:\/\/www.fiberwood.ca\/wp-content\/uploads\/2025\/02\/Royal-Gris-perle-S.png","@id":"https:\/\/www.fiberwood.ca\/fr\/produit\/revetement-planche-royale-gris-perle-4-pouces-echantillons\/#productImage","width":1000,"height":1000},"offers":{"@type":"Offer","url":"https:\/\/www.fiberwood.ca\/fr\/produit\/revetement-planche-royale-gris-perle-4-pouces-echantillons\/#wooCommerceOffer","price":5,"priceCurrency":"CAD","category":"Rev\u00eatement","availability":"https:\/\/schema.org\/OutOfStock","priceSpecification":{"@type":"PriceSpecification","price":5,"priceCurrency":"CAD","valueAddedTaxIncluded":"true"},"seller":{"@type":"Organization","@id":"https:\/\/www.fiberwood.ca\/fr\/#organization"}}},{"@type":"WebPage","@id":"https:\/\/www.fiberwood.ca\/fr\/produit\/revetement-planche-royale-gris-perle-4-pouces-echantillons\/#webpage","url":"https:\/\/www.fiberwood.ca\/fr\/produit\/revetement-planche-royale-gris-perle-4-pouces-echantillons\/","name":"FiberWood Rev\u00eatement Royale \u2013 Gris perle \u2013 \u00c9chantillon 4\"","description":"\u00c9chantillon 4\" du rev\u00eatement FiberWood Royale gris perle. Finition bross\u00e9e et teinte moderne\u2014id\u00e9al pour tester l\u2019apparence avant votre projet.","inLanguage":"fr-CA","isPartOf":{"@id":"https:\/\/www.fiberwood.ca\/fr\/#website"},"breadcrumb":{"@id":"https:\/\/www.fiberwood.ca\/fr\/produit\/revetement-planche-royale-gris-perle-4-pouces-echantillons\/#breadcrumblist"},"image":{"@type":"ImageObject","url":"https:\/\/www.fiberwood.ca\/wp-content\/uploads\/2025\/02\/Royal-Gris-perle-S.png","@id":"https:\/\/www.fiberwood.ca\/fr\/produit\/revetement-planche-royale-gris-perle-4-pouces-echantillons\/#mainImage","width":1000,"height":1000},"primaryImageOfPage":{"@id":"https:\/\/www.fiberwood.ca\/fr\/produit\/revetement-planche-royale-gris-perle-4-pouces-echantillons\/#mainImage"},"datePublished":"2025-05-30T09:57:33-04:00","dateModified":"2025-06-02T14:59:22-04:00"},{"@type":"WebSite","@id":"https:\/\/www.fiberwood.ca\/fr\/#website","url":"https:\/\/www.fiberwood.ca\/fr\/","name":"FiberWood","description":"Bois composite","inLanguage":"fr-CA","publisher":{"@id":"https:\/\/www.fiberwood.ca\/fr\/#organization"}}]},"og:locale":"fr_CA","og:site_name":"FiberWood | Bois composite","og:type":"article","og:title":"FiberWood Rev\u00eatement Royale \u2013 Gris perle \u2013 \u00c9chantillon 4&quot;","og:description":"\u00c9chantillon 4&quot; du rev\u00eatement FiberWood Royale gris perle. Finition bross\u00e9e et teinte moderne\u2014id\u00e9al pour tester l\u2019apparence avant votre projet.","og:url":"https:\/\/www.fiberwood.ca\/fr\/produit\/revetement-planche-royale-gris-perle-4-pouces-echantillons\/","og:image":"https:\/\/www.fiberwood.ca\/wp-content\/uploads\/2025\/02\/Royal-Gris-perle-S.png","og:image:secure_url":"https:\/\/www.fiberwood.ca\/wp-content\/uploads\/2025\/02\/Royal-Gris-perle-S.png","og:image:width":1000,"og:image:height":1000,"article:published_time":"2025-05-30T13:57:33+00:00","article:modified_time":"2025-06-02T18:59:22+00:00","article:publisher":"https:\/\/www.facebook.com\/FiberWood.Canada\/","twitter:card":"summary","twitter:title":"FiberWood Rev\u00eatement Royale \u2013 Gris perle \u2013 \u00c9chantillon 4&quot;","twitter:description":"\u00c9chantillon 4&quot; du rev\u00eatement FiberWood Royale gris perle. Finition bross\u00e9e et teinte moderne\u2014id\u00e9al pour tester l\u2019apparence avant votre projet.","twitter:image":"https:\/\/www.fiberwood.ca\/wp-content\/uploads\/2025\/02\/Royal-Gris-perle-S.png"},"aioseo_meta_data":{"post_id":"69369","title":"FiberWood Rev\u00eatement Royale \u2013 Gris perle \u2013 \u00c9chantillon 4\"","description":"\u00c9chantillon 4\" du rev\u00eatement FiberWood Royale gris perle. Finition bross\u00e9e et teinte moderne\u2014id\u00e9al pour tester l\u2019apparence avant votre projet.","keywords":null,"keyphrases":{"focus":{"keyphrase":"","score":0,"analysis":{"keyphraseInTitle":{"score":0,"maxScore":9,"error":1}}},"additional":[]},"primary_term":null,"canonical_url":null,"og_title":null,"og_description":null,"og_object_type":"default","og_image_type":"default","og_image_url":null,"og_image_width":null,"og_image_height":null,"og_image_custom_url":null,"og_image_custom_fields":null,"og_video":"","og_custom_url":null,"og_article_section":null,"og_article_tags":null,"twitter_use_og":false,"twitter_card":"default","twitter_image_type":"default","twitter_image_url":null,"twitter_image_custom_url":null,"twitter_image_custom_fields":null,"twitter_title":null,"twitter_description":null,"schema":{"blockGraphs":[],"customGraphs":[],"default":{"data":{"Article":[],"Course":[],"Dataset":[],"FAQPage":[],"Movie":[],"Person":[],"Product":[],"ProductReview":[],"Car":[],"Recipe":[],"Service":[],"SoftwareApplication":[],"WebPage":[]},"graphName":"Product","isEnabled":true},"graphs":[]},"schema_type":"default","schema_type_options":null,"pillar_content":false,"robots_default":true,"robots_noindex":false,"robots_noarchive":false,"robots_nosnippet":false,"robots_nofollow":false,"robots_noimageindex":false,"robots_noodp":false,"robots_notranslate":false,"robots_max_snippet":"-1","robots_max_videopreview":"-1","robots_max_imagepreview":"large","priority":null,"frequency":"default","local_seo":null,"seo_analyzer_scan_date":"2025-11-05 01:59:31","breadcrumb_settings":null,"limit_modified_date":false,"reviewed_by":"0","open_ai":"{\"title\":{\"suggestions\":[],\"usage\":0},\"description\":{\"suggestions\":[],\"usage\":0}}","ai":null,"created":"2025-05-30 13:59:34","updated":"2025-11-05 01:59:31"},"aioseo_breadcrumb":"<div class=\"aioseo-breadcrumbs\"><span class=\"aioseo-breadcrumb\">\n\tYou are here\n<\/span><span class=\"aioseo-breadcrumb-separator\">\u00bb<\/span><span class=\"aioseo-breadcrumb\">\n\t<a href=\"https:\/\/www.fiberwood.ca\/fr\/\" title=\"Home\">Home<\/a>\n<\/span><span class=\"aioseo-breadcrumb-separator\">\u00bb<\/span><span class=\"aioseo-breadcrumb\">\n\t<a href=\"https:\/\/www.fiberwood.ca\/fr\/boutique\/\" title=\"Boutique\">Boutique<\/a>\n<\/span><span class=\"aioseo-breadcrumb-separator\">\u00bb<\/span><span class=\"aioseo-breadcrumb\">\n\t<a href=\"https:\/\/www.fiberwood.ca\/fr\/categorie-produit\/revetement\/\" title=\"Rev\u00eatement\">Rev\u00eatement<\/a>\n<\/span><span class=\"aioseo-breadcrumb-separator\">\u00bb<\/span><span class=\"aioseo-breadcrumb\">\n\tRev\u00eatement mural en composite de bois \u00c9dition Royale, couleur Gris perle \u2013 \u00c9chantillon 4 \u00bb\n<\/span><\/div>","aioseo_breadcrumb_json":[{"label":"You are here","link":""},{"label":"Home","link":"https:\/\/www.fiberwood.ca\/fr\/"},{"label":"Boutique","link":"https:\/\/www.fiberwood.ca\/fr\/boutique\/"},{"label":"Rev\u00eatement","link":"https:\/\/www.fiberwood.ca\/fr\/categorie-produit\/revetement\/"},{"label":"Rev\u00eatement mural en composite de bois \u00c9dition Royale, couleur Gris perle \u2013 \u00c9chantillon 4\u00a0\u00bb","link":"https:\/\/www.fiberwood.ca\/fr\/produit\/revetement-planche-royale-gris-perle-4-pouces-echantillons\/"}],"_links":{"self":[{"href":"https:\/\/www.fiberwood.ca\/fr\/wp-json\/wp\/v2\/product\/69369","targetHints":{"allow":["GET"]}}],"collection":[{"href":"https:\/\/www.fiberwood.ca\/fr\/wp-json\/wp\/v2\/product"}],"about":[{"href":"https:\/\/www.fiberwood.ca\/fr\/wp-json\/wp\/v2\/types\/product"}],"version-history":[{"count":2,"href":"https:\/\/www.fiberwood.ca\/fr\/wp-json\/wp\/v2\/product\/69369\/revisions"}],"predecessor-version":[{"id":69483,"href":"https:\/\/www.fiberwood.ca\/fr\/wp-json\/wp\/v2\/product\/69369\/revisions\/69483"}],"wp:featuredmedia":[{"embeddable":true,"href":"https:\/\/www.fiberwood.ca\/fr\/wp-json\/wp\/v2\/media\/60231"}],"wp:attachment":[{"href":"https:\/\/www.fiberwood.ca\/fr\/wp-json\/wp\/v2\/media?parent=69369"}],"wp:term":[{"taxonomy":"product_brand","embeddable":true,"href":"https:\/\/www.fiberwood.ca\/fr\/wp-json\/wp\/v2\/product_brand?post=69369"},{"taxonomy":"product_cat","embeddable":true,"href":"https:\/\/www.fiberwood.ca\/fr\/wp-json\/wp\/v2\/product_cat?post=69369"},{"taxonomy":"product_tag","embeddable":true,"href":"https:\/\/www.fiberwood.ca\/fr\/wp-json\/wp\/v2\/product_tag?post=69369"},{"taxonomy":"collections","embeddable":true,"href":"https:\/\/www.fiberwood.ca\/fr\/wp-json\/wp\/v2\/collections?post=69369"},{"taxonomy":"brands","embeddable":true,"href":"https:\/\/www.fiberwood.ca\/fr\/wp-json\/wp\/v2\/brands?post=69369"},{"taxonomy":"edition","embeddable":true,"href":"https:\/\/www.fiberwood.ca\/fr\/wp-json\/wp\/v2\/edition?post=69369"},{"taxonomy":"manufacturing-process","embeddable":true,"href":"https:\/\/www.fiberwood.ca\/fr\/wp-json\/wp\/v2\/manufacturing-process?post=69369"}],"curies":[{"name":"wp","href":"https:\/\/api.w.org\/{rel}","templated":true}]}}